{"id":14462,"date":"2022-01-26T18:13:52","date_gmt":"2022-01-26T18:13:52","guid":{"rendered":"https:\/\/bilasmidurinn.is\/?post_type=product&#038;p=14462"},"modified":"2025-12-09T16:40:51","modified_gmt":"2025-12-09T16:40:51","slug":"led-varudarljos-impact-ultra-slim-r65-gult","status":"publish","type":"product","link":"https:\/\/bilasmidurinn.is\/en\/vefverslun\/ljos\/varudarljos\/led-varudarljos-impact-ultra-slim-r65-gult\/","title":{"rendered":"LED warning light Impact Ultra Slim R65 Yellow"},"content":{"rendered":"<p>LED Impact Ultra Slim R65 R10 Class1 warning light built-in flasher for 27 different flash flashes together with night mode, cruise and synchronization options.<\/p>\n<p>10-30v DC 5 year warranty see pdf.<\/p>\n<p>Size 92 x 30 x 10mm<\/p>","protected":false},"excerpt":{"rendered":"<p>LED Impact Ultra Slim yellow 12w<\/p>","protected":false},"featured_media":14463,"template":"","meta":[],"product_brand":[7981],"product_cat":[8007],"product_tag":[],"class_list":{"0":"post-14462","1":"product","2":"type-product","3":"status-publish","4":"has-post-thumbnail","6":"product_brand-haztec","7":"product_cat-varudarljos","9":"first","10":"instock","11":"shipping-taxable","12":"product-type-simple"},"yoast_head":"<!-- This site is optimized with the Yoast SEO plugin v27.4 - https:\/\/yoast.com\/product\/yoast-seo-wordpress\/ -->\n<title>LED var\u00fa\u00f0arlj\u00f3s Impact Ultra Slim R65 Gult - B&iacute;lasmi&eth;urinn<\/title>\n<meta name=\"robots\" content=\"index, follow, max-snippet:-1, max-image-preview:large, max-video-preview:-1\" \/>\n<link rel=\"canonical\" href=\"https:\/\/bilasmidurinn.is\/en\/vefverslun\/ljos\/varudarljos\/led-varudarljos-impact-ultra-slim-r65-gult\/\" \/>\n<meta property=\"og:locale\" content=\"en_GB\" \/>\n<meta property=\"og:type\" content=\"article\" \/>\n<meta property=\"og:title\" content=\"LED var\u00fa\u00f0arlj\u00f3s Impact Ultra Slim R65 Gult - B&iacute;lasmi&eth;urinn\" \/>\n<meta property=\"og:description\" content=\"LED Impact Ultra Slim gult 12w\" \/>\n<meta property=\"og:url\" content=\"https:\/\/bilasmidurinn.is\/en\/vefverslun\/ljos\/varudarljos\/led-varudarljos-impact-ultra-slim-r65-gult\/\" \/>\n<meta property=\"og:site_name\" content=\"B&iacute;lasmi&eth;urinn\" \/>\n<meta property=\"article:modified_time\" content=\"2025-12-09T16:40:51+00:00\" \/>\n<meta property=\"og:image\" content=\"https:\/\/bilasmidurinn.is\/wp-content\/uploads\/2022\/01\/4-10014-A.png\" \/>\n\t<meta property=\"og:image:width\" content=\"385\" \/>\n\t<meta property=\"og:image:height\" content=\"385\" \/>\n\t<meta property=\"og:image:type\" content=\"image\/png\" \/>\n<meta name=\"twitter:card\" content=\"summary_large_image\" \/>\n<meta name=\"twitter:label1\" content=\"Estimated reading time\" \/>\n\t<meta name=\"twitter:data1\" content=\"1 minute\" \/>\n<script type=\"application\/ld+json\" class=\"yoast-schema-graph\">{\"@context\":\"https:\\\/\\\/schema.org\",\"@graph\":[{\"@type\":\"WebPage\",\"@id\":\"https:\\\/\\\/bilasmidurinn.is\\\/vefverslun\\\/ljos\\\/varudarljos\\\/led-varudarljos-impact-ultra-slim-r65-gult\\\/\",\"url\":\"https:\\\/\\\/bilasmidurinn.is\\\/vefverslun\\\/ljos\\\/varudarljos\\\/led-varudarljos-impact-ultra-slim-r65-gult\\\/\",\"name\":\"LED var\u00fa\u00f0arlj\u00f3s Impact Ultra Slim R65 Gult - B&iacute;lasmi&eth;urinn\",\"isPartOf\":{\"@id\":\"https:\\\/\\\/bilasmidurinn.is\\\/#website\"},\"primaryImageOfPage\":{\"@id\":\"https:\\\/\\\/bilasmidurinn.is\\\/vefverslun\\\/ljos\\\/varudarljos\\\/led-varudarljos-impact-ultra-slim-r65-gult\\\/#primaryimage\"},\"image\":{\"@id\":\"https:\\\/\\\/bilasmidurinn.is\\\/vefverslun\\\/ljos\\\/varudarljos\\\/led-varudarljos-impact-ultra-slim-r65-gult\\\/#primaryimage\"},\"thumbnailUrl\":\"https:\\\/\\\/bilasmidurinn.is\\\/wp-content\\\/uploads\\\/2022\\\/01\\\/4-10014-A.png\",\"datePublished\":\"2022-01-26T18:13:52+00:00\",\"dateModified\":\"2025-12-09T16:40:51+00:00\",\"breadcrumb\":{\"@id\":\"https:\\\/\\\/bilasmidurinn.is\\\/vefverslun\\\/ljos\\\/varudarljos\\\/led-varudarljos-impact-ultra-slim-r65-gult\\\/#breadcrumb\"},\"inLanguage\":\"en-GB\",\"potentialAction\":[{\"@type\":\"ReadAction\",\"target\":[\"https:\\\/\\\/bilasmidurinn.is\\\/vefverslun\\\/ljos\\\/varudarljos\\\/led-varudarljos-impact-ultra-slim-r65-gult\\\/\"]}]},{\"@type\":\"ImageObject\",\"inLanguage\":\"en-GB\",\"@id\":\"https:\\\/\\\/bilasmidurinn.is\\\/vefverslun\\\/ljos\\\/varudarljos\\\/led-varudarljos-impact-ultra-slim-r65-gult\\\/#primaryimage\",\"url\":\"https:\\\/\\\/bilasmidurinn.is\\\/wp-content\\\/uploads\\\/2022\\\/01\\\/4-10014-A.png\",\"contentUrl\":\"https:\\\/\\\/bilasmidurinn.is\\\/wp-content\\\/uploads\\\/2022\\\/01\\\/4-10014-A.png\",\"width\":385,\"height\":385},{\"@type\":\"BreadcrumbList\",\"@id\":\"https:\\\/\\\/bilasmidurinn.is\\\/vefverslun\\\/ljos\\\/varudarljos\\\/led-varudarljos-impact-ultra-slim-r65-gult\\\/#breadcrumb\",\"itemListElement\":[{\"@type\":\"ListItem\",\"position\":1,\"name\":\"Home\",\"item\":\"https:\\\/\\\/bilasmidurinn.is\\\/\"},{\"@type\":\"ListItem\",\"position\":2,\"name\":\"V\u00f6rur \u00ed verslun\",\"item\":\"https:\\\/\\\/bilasmidurinn.is\\\/vefverslun\\\/\"},{\"@type\":\"ListItem\",\"position\":3,\"name\":\"LED var\u00fa\u00f0arlj\u00f3s Impact Ultra Slim R65 Gult\"}]},{\"@type\":\"WebSite\",\"@id\":\"https:\\\/\\\/bilasmidurinn.is\\\/#website\",\"url\":\"https:\\\/\\\/bilasmidurinn.is\\\/\",\"name\":\"B&iacute;lasmi&eth;urinn\",\"description\":\"All sem &thorn;&uacute; &thorn;arft &iacute; t&aelig;ki&eth;\",\"potentialAction\":[{\"@type\":\"SearchAction\",\"target\":{\"@type\":\"EntryPoint\",\"urlTemplate\":\"https:\\\/\\\/bilasmidurinn.is\\\/?s={search_term_string}\"},\"query-input\":{\"@type\":\"PropertyValueSpecification\",\"valueRequired\":true,\"valueName\":\"search_term_string\"}}],\"inLanguage\":\"en-GB\"}]}<\/script>\n<!-- \/ Yoast SEO plugin. -->","yoast_head_json":{"title":"LED var\u00fa\u00f0arlj\u00f3s Impact Ultra Slim R65 Gult - B&iacute;lasmi&eth;urinn","robots":{"index":"index","follow":"follow","max-snippet":"max-snippet:-1","max-image-preview":"max-image-preview:large","max-video-preview":"max-video-preview:-1"},"canonical":"https:\/\/bilasmidurinn.is\/en\/vefverslun\/ljos\/varudarljos\/led-varudarljos-impact-ultra-slim-r65-gult\/","og_locale":"en_GB","og_type":"article","og_title":"LED var\u00fa\u00f0arlj\u00f3s Impact Ultra Slim R65 Gult - B&iacute;lasmi&eth;urinn","og_description":"LED Impact Ultra Slim gult 12w","og_url":"https:\/\/bilasmidurinn.is\/en\/vefverslun\/ljos\/varudarljos\/led-varudarljos-impact-ultra-slim-r65-gult\/","og_site_name":"B&iacute;lasmi&eth;urinn","article_modified_time":"2025-12-09T16:40:51+00:00","og_image":[{"width":385,"height":385,"url":"https:\/\/bilasmidurinn.is\/wp-content\/uploads\/2022\/01\/4-10014-A.png","type":"image\/png"}],"twitter_card":"summary_large_image","twitter_misc":{"Estimated reading time":"1 minute"},"schema":{"@context":"https:\/\/schema.org","@graph":[{"@type":"WebPage","@id":"https:\/\/bilasmidurinn.is\/vefverslun\/ljos\/varudarljos\/led-varudarljos-impact-ultra-slim-r65-gult\/","url":"https:\/\/bilasmidurinn.is\/vefverslun\/ljos\/varudarljos\/led-varudarljos-impact-ultra-slim-r65-gult\/","name":"LED var\u00fa\u00f0arlj\u00f3s Impact Ultra Slim R65 Gult - B&iacute;lasmi&eth;urinn","isPartOf":{"@id":"https:\/\/bilasmidurinn.is\/#website"},"primaryImageOfPage":{"@id":"https:\/\/bilasmidurinn.is\/vefverslun\/ljos\/varudarljos\/led-varudarljos-impact-ultra-slim-r65-gult\/#primaryimage"},"image":{"@id":"https:\/\/bilasmidurinn.is\/vefverslun\/ljos\/varudarljos\/led-varudarljos-impact-ultra-slim-r65-gult\/#primaryimage"},"thumbnailUrl":"https:\/\/bilasmidurinn.is\/wp-content\/uploads\/2022\/01\/4-10014-A.png","datePublished":"2022-01-26T18:13:52+00:00","dateModified":"2025-12-09T16:40:51+00:00","breadcrumb":{"@id":"https:\/\/bilasmidurinn.is\/vefverslun\/ljos\/varudarljos\/led-varudarljos-impact-ultra-slim-r65-gult\/#breadcrumb"},"inLanguage":"en-GB","potentialAction":[{"@type":"ReadAction","target":["https:\/\/bilasmidurinn.is\/vefverslun\/ljos\/varudarljos\/led-varudarljos-impact-ultra-slim-r65-gult\/"]}]},{"@type":"ImageObject","inLanguage":"en-GB","@id":"https:\/\/bilasmidurinn.is\/vefverslun\/ljos\/varudarljos\/led-varudarljos-impact-ultra-slim-r65-gult\/#primaryimage","url":"https:\/\/bilasmidurinn.is\/wp-content\/uploads\/2022\/01\/4-10014-A.png","contentUrl":"https:\/\/bilasmidurinn.is\/wp-content\/uploads\/2022\/01\/4-10014-A.png","width":385,"height":385},{"@type":"BreadcrumbList","@id":"https:\/\/bilasmidurinn.is\/vefverslun\/ljos\/varudarljos\/led-varudarljos-impact-ultra-slim-r65-gult\/#breadcrumb","itemListElement":[{"@type":"ListItem","position":1,"name":"Home","item":"https:\/\/bilasmidurinn.is\/"},{"@type":"ListItem","position":2,"name":"V\u00f6rur \u00ed verslun","item":"https:\/\/bilasmidurinn.is\/vefverslun\/"},{"@type":"ListItem","position":3,"name":"LED var\u00fa\u00f0arlj\u00f3s Impact Ultra Slim R65 Gult"}]},{"@type":"WebSite","@id":"https:\/\/bilasmidurinn.is\/#website","url":"https:\/\/bilasmidurinn.is\/","name":"B&iacute;lasmi&eth;urinn","description":"All sem &thorn;&uacute; &thorn;arft &iacute; t&aelig;ki&eth;","potentialAction":[{"@type":"SearchAction","target":{"@type":"EntryPoint","urlTemplate":"https:\/\/bilasmidurinn.is\/?s={search_term_string}"},"query-input":{"@type":"PropertyValueSpecification","valueRequired":true,"valueName":"search_term_string"}}],"inLanguage":"en-GB"}]}},"_links":{"self":[{"href":"https:\/\/bilasmidurinn.is\/en\/wp-json\/wp\/v2\/product\/14462","targetHints":{"allow":["GET"]}}],"collection":[{"href":"https:\/\/bilasmidurinn.is\/en\/wp-json\/wp\/v2\/product"}],"about":[{"href":"https:\/\/bilasmidurinn.is\/en\/wp-json\/wp\/v2\/types\/product"}],"wp:featuredmedia":[{"embeddable":true,"href":"https:\/\/bilasmidurinn.is\/en\/wp-json\/wp\/v2\/media\/14463"}],"wp:attachment":[{"href":"https:\/\/bilasmidurinn.is\/en\/wp-json\/wp\/v2\/media?parent=14462"}],"wp:term":[{"taxonomy":"product_brand","embeddable":true,"href":"https:\/\/bilasmidurinn.is\/en\/wp-json\/wp\/v2\/product_brand?post=14462"},{"taxonomy":"product_cat","embeddable":true,"href":"https:\/\/bilasmidurinn.is\/en\/wp-json\/wp\/v2\/product_cat?post=14462"},{"taxonomy":"product_tag","embeddable":true,"href":"https:\/\/bilasmidurinn.is\/en\/wp-json\/wp\/v2\/product_tag?post=14462"}],"curies":[{"name":"wp","href":"https:\/\/api.w.org\/{rel}","templated":true}]}}