{"id":14301,"date":"2022-01-06T17:54:57","date_gmt":"2022-01-06T17:54:57","guid":{"rendered":"https:\/\/bilasmidurinn.is\/?post_type=product&#038;p=14301"},"modified":"2024-05-14T11:40:10","modified_gmt":"2024-05-14T11:40:10","slug":"isskapur-freeline-115l","status":"publish","type":"product","link":"https:\/\/bilasmidurinn.is\/en\/vefverslun\/isskapar\/isskapur-freeline-115l\/","title":{"rendered":"Refrigerator Freeline 115L"},"content":{"rendered":"<p>Freeline refrigerator 115L with the latest generation operating system. Extremely economical with a large 32l freezer compartment. Meets the latest standards set for caravans and cars. The door is silver with a recessed lock, slow opening but can be turned.<\/p>\n<p>Modern built-in control with automatic fault diagnosis.<\/p>\n<p>ECO Savings System.<\/p>\n<p>12\/24V DC average power consumption 11W or 0.9Ah per hour.<\/p>\n<p>Size (HxDxW) 797 x 495 x 525mm, door thickness 50mm, total depth with door 572mm.<\/p>\n<p>&nbsp;<\/p>","protected":false},"excerpt":{"rendered":"<p>F115L 12\/24v fridge with 32L freezer<\/p>\n<p>&nbsp;<\/p>","protected":false},"featured_media":14302,"template":"","meta":[],"product_brand":[7950,7925],"product_cat":[7962],"product_tag":[],"class_list":{"0":"post-14301","1":"product","2":"type-product","3":"status-publish","4":"has-post-thumbnail","6":"product_brand-indel-webasto-marine","7":"product_brand-webasto","8":"product_cat-isskapar","10":"first","11":"instock","12":"shipping-taxable","13":"product-type-simple"},"yoast_head":"<!-- This site is optimized with the Yoast SEO plugin v27.4 - https:\/\/yoast.com\/product\/yoast-seo-wordpress\/ -->\n<title>\u00cdssk\u00e1pur Freeline 115L - B&iacute;lasmi&eth;urinn<\/title>\n<meta name=\"robots\" content=\"index, follow, max-snippet:-1, max-image-preview:large, max-video-preview:-1\" \/>\n<link rel=\"canonical\" href=\"https:\/\/bilasmidurinn.is\/en\/vefverslun\/isskapar\/isskapur-freeline-115l\/\" \/>\n<meta property=\"og:locale\" content=\"en_GB\" \/>\n<meta property=\"og:type\" content=\"article\" \/>\n<meta property=\"og:title\" content=\"\u00cdssk\u00e1pur Freeline 115L - B&iacute;lasmi&eth;urinn\" \/>\n<meta property=\"og:description\" content=\"F115L 12\/24v \u00edssk\u00e1pur me\u00f0 32L frysti  &nbsp;\" \/>\n<meta property=\"og:url\" content=\"https:\/\/bilasmidurinn.is\/en\/vefverslun\/isskapar\/isskapur-freeline-115l\/\" \/>\n<meta property=\"og:site_name\" content=\"B&iacute;lasmi&eth;urinn\" \/>\n<meta property=\"article:modified_time\" content=\"2024-05-14T11:40:10+00:00\" \/>\n<meta property=\"og:image\" content=\"https:\/\/bilasmidurinn.is\/wp-content\/uploads\/2022\/01\/Freeline.png\" \/>\n\t<meta property=\"og:image:width\" content=\"344\" \/>\n\t<meta property=\"og:image:height\" content=\"285\" \/>\n\t<meta property=\"og:image:type\" content=\"image\/png\" \/>\n<meta name=\"twitter:card\" content=\"summary_large_image\" \/>\n<meta name=\"twitter:label1\" content=\"Estimated reading time\" \/>\n\t<meta name=\"twitter:data1\" content=\"1 minute\" \/>\n<script type=\"application\/ld+json\" class=\"yoast-schema-graph\">{\"@context\":\"https:\\\/\\\/schema.org\",\"@graph\":[{\"@type\":\"WebPage\",\"@id\":\"https:\\\/\\\/bilasmidurinn.is\\\/vefverslun\\\/isskapar\\\/isskapur-freeline-115l\\\/\",\"url\":\"https:\\\/\\\/bilasmidurinn.is\\\/vefverslun\\\/isskapar\\\/isskapur-freeline-115l\\\/\",\"name\":\"\u00cdssk\u00e1pur Freeline 115L - B&iacute;lasmi&eth;urinn\",\"isPartOf\":{\"@id\":\"https:\\\/\\\/bilasmidurinn.is\\\/#website\"},\"primaryImageOfPage\":{\"@id\":\"https:\\\/\\\/bilasmidurinn.is\\\/vefverslun\\\/isskapar\\\/isskapur-freeline-115l\\\/#primaryimage\"},\"image\":{\"@id\":\"https:\\\/\\\/bilasmidurinn.is\\\/vefverslun\\\/isskapar\\\/isskapur-freeline-115l\\\/#primaryimage\"},\"thumbnailUrl\":\"https:\\\/\\\/bilasmidurinn.is\\\/wp-content\\\/uploads\\\/2022\\\/01\\\/Freeline.png\",\"datePublished\":\"2022-01-06T17:54:57+00:00\",\"dateModified\":\"2024-05-14T11:40:10+00:00\",\"breadcrumb\":{\"@id\":\"https:\\\/\\\/bilasmidurinn.is\\\/vefverslun\\\/isskapar\\\/isskapur-freeline-115l\\\/#breadcrumb\"},\"inLanguage\":\"en-GB\",\"potentialAction\":[{\"@type\":\"ReadAction\",\"target\":[\"https:\\\/\\\/bilasmidurinn.is\\\/vefverslun\\\/isskapar\\\/isskapur-freeline-115l\\\/\"]}]},{\"@type\":\"ImageObject\",\"inLanguage\":\"en-GB\",\"@id\":\"https:\\\/\\\/bilasmidurinn.is\\\/vefverslun\\\/isskapar\\\/isskapur-freeline-115l\\\/#primaryimage\",\"url\":\"https:\\\/\\\/bilasmidurinn.is\\\/wp-content\\\/uploads\\\/2022\\\/01\\\/Freeline.png\",\"contentUrl\":\"https:\\\/\\\/bilasmidurinn.is\\\/wp-content\\\/uploads\\\/2022\\\/01\\\/Freeline.png\",\"width\":344,\"height\":285},{\"@type\":\"BreadcrumbList\",\"@id\":\"https:\\\/\\\/bilasmidurinn.is\\\/vefverslun\\\/isskapar\\\/isskapur-freeline-115l\\\/#breadcrumb\",\"itemListElement\":[{\"@type\":\"ListItem\",\"position\":1,\"name\":\"Home\",\"item\":\"https:\\\/\\\/bilasmidurinn.is\\\/\"},{\"@type\":\"ListItem\",\"position\":2,\"name\":\"V\u00f6rur \u00ed verslun\",\"item\":\"https:\\\/\\\/bilasmidurinn.is\\\/vefverslun\\\/\"},{\"@type\":\"ListItem\",\"position\":3,\"name\":\"\u00cdssk\u00e1pur Freeline 115L\"}]},{\"@type\":\"WebSite\",\"@id\":\"https:\\\/\\\/bilasmidurinn.is\\\/#website\",\"url\":\"https:\\\/\\\/bilasmidurinn.is\\\/\",\"name\":\"B&iacute;lasmi&eth;urinn\",\"description\":\"All sem &thorn;&uacute; &thorn;arft &iacute; t&aelig;ki&eth;\",\"potentialAction\":[{\"@type\":\"SearchAction\",\"target\":{\"@type\":\"EntryPoint\",\"urlTemplate\":\"https:\\\/\\\/bilasmidurinn.is\\\/?s={search_term_string}\"},\"query-input\":{\"@type\":\"PropertyValueSpecification\",\"valueRequired\":true,\"valueName\":\"search_term_string\"}}],\"inLanguage\":\"en-GB\"}]}<\/script>\n<!-- \/ Yoast SEO plugin. -->","yoast_head_json":{"title":"\u00cdssk\u00e1pur Freeline 115L - B&iacute;lasmi&eth;urinn","robots":{"index":"index","follow":"follow","max-snippet":"max-snippet:-1","max-image-preview":"max-image-preview:large","max-video-preview":"max-video-preview:-1"},"canonical":"https:\/\/bilasmidurinn.is\/en\/vefverslun\/isskapar\/isskapur-freeline-115l\/","og_locale":"en_GB","og_type":"article","og_title":"\u00cdssk\u00e1pur Freeline 115L - B&iacute;lasmi&eth;urinn","og_description":"F115L 12\/24v \u00edssk\u00e1pur me\u00f0 32L frysti  &nbsp;","og_url":"https:\/\/bilasmidurinn.is\/en\/vefverslun\/isskapar\/isskapur-freeline-115l\/","og_site_name":"B&iacute;lasmi&eth;urinn","article_modified_time":"2024-05-14T11:40:10+00:00","og_image":[{"width":344,"height":285,"url":"https:\/\/bilasmidurinn.is\/wp-content\/uploads\/2022\/01\/Freeline.png","type":"image\/png"}],"twitter_card":"summary_large_image","twitter_misc":{"Estimated reading time":"1 minute"},"schema":{"@context":"https:\/\/schema.org","@graph":[{"@type":"WebPage","@id":"https:\/\/bilasmidurinn.is\/vefverslun\/isskapar\/isskapur-freeline-115l\/","url":"https:\/\/bilasmidurinn.is\/vefverslun\/isskapar\/isskapur-freeline-115l\/","name":"\u00cdssk\u00e1pur Freeline 115L - B&iacute;lasmi&eth;urinn","isPartOf":{"@id":"https:\/\/bilasmidurinn.is\/#website"},"primaryImageOfPage":{"@id":"https:\/\/bilasmidurinn.is\/vefverslun\/isskapar\/isskapur-freeline-115l\/#primaryimage"},"image":{"@id":"https:\/\/bilasmidurinn.is\/vefverslun\/isskapar\/isskapur-freeline-115l\/#primaryimage"},"thumbnailUrl":"https:\/\/bilasmidurinn.is\/wp-content\/uploads\/2022\/01\/Freeline.png","datePublished":"2022-01-06T17:54:57+00:00","dateModified":"2024-05-14T11:40:10+00:00","breadcrumb":{"@id":"https:\/\/bilasmidurinn.is\/vefverslun\/isskapar\/isskapur-freeline-115l\/#breadcrumb"},"inLanguage":"en-GB","potentialAction":[{"@type":"ReadAction","target":["https:\/\/bilasmidurinn.is\/vefverslun\/isskapar\/isskapur-freeline-115l\/"]}]},{"@type":"ImageObject","inLanguage":"en-GB","@id":"https:\/\/bilasmidurinn.is\/vefverslun\/isskapar\/isskapur-freeline-115l\/#primaryimage","url":"https:\/\/bilasmidurinn.is\/wp-content\/uploads\/2022\/01\/Freeline.png","contentUrl":"https:\/\/bilasmidurinn.is\/wp-content\/uploads\/2022\/01\/Freeline.png","width":344,"height":285},{"@type":"BreadcrumbList","@id":"https:\/\/bilasmidurinn.is\/vefverslun\/isskapar\/isskapur-freeline-115l\/#breadcrumb","itemListElement":[{"@type":"ListItem","position":1,"name":"Home","item":"https:\/\/bilasmidurinn.is\/"},{"@type":"ListItem","position":2,"name":"V\u00f6rur \u00ed verslun","item":"https:\/\/bilasmidurinn.is\/vefverslun\/"},{"@type":"ListItem","position":3,"name":"\u00cdssk\u00e1pur Freeline 115L"}]},{"@type":"WebSite","@id":"https:\/\/bilasmidurinn.is\/#website","url":"https:\/\/bilasmidurinn.is\/","name":"B&iacute;lasmi&eth;urinn","description":"All sem &thorn;&uacute; &thorn;arft &iacute; t&aelig;ki&eth;","potentialAction":[{"@type":"SearchAction","target":{"@type":"EntryPoint","urlTemplate":"https:\/\/bilasmidurinn.is\/?s={search_term_string}"},"query-input":{"@type":"PropertyValueSpecification","valueRequired":true,"valueName":"search_term_string"}}],"inLanguage":"en-GB"}]}},"_links":{"self":[{"href":"https:\/\/bilasmidurinn.is\/en\/wp-json\/wp\/v2\/product\/14301","targetHints":{"allow":["GET"]}}],"collection":[{"href":"https:\/\/bilasmidurinn.is\/en\/wp-json\/wp\/v2\/product"}],"about":[{"href":"https:\/\/bilasmidurinn.is\/en\/wp-json\/wp\/v2\/types\/product"}],"wp:featuredmedia":[{"embeddable":true,"href":"https:\/\/bilasmidurinn.is\/en\/wp-json\/wp\/v2\/media\/14302"}],"wp:attachment":[{"href":"https:\/\/bilasmidurinn.is\/en\/wp-json\/wp\/v2\/media?parent=14301"}],"wp:term":[{"taxonomy":"product_brand","embeddable":true,"href":"https:\/\/bilasmidurinn.is\/en\/wp-json\/wp\/v2\/product_brand?post=14301"},{"taxonomy":"product_cat","embeddable":true,"href":"https:\/\/bilasmidurinn.is\/en\/wp-json\/wp\/v2\/product_cat?post=14301"},{"taxonomy":"product_tag","embeddable":true,"href":"https:\/\/bilasmidurinn.is\/en\/wp-json\/wp\/v2\/product_tag?post=14301"}],"curies":[{"name":"wp","href":"https:\/\/api.w.org\/{rel}","templated":true}]}}