{"id":14270,"date":"2022-01-04T19:27:55","date_gmt":"2022-01-04T19:27:55","guid":{"rendered":"https:\/\/bilasmidurinn.is\/?post_type=product&#038;p=14270"},"modified":"2022-01-10T14:28:59","modified_gmt":"2022-01-10T14:28:59","slug":"stafjarnsbolti-175mm","status":"publish","type":"product","link":"https:\/\/bilasmidurinn.is\/en\/vefverslun\/laesingar\/stafjarnsbolti-175mm\/","title":{"rendered":"Rod bolt 17.5mm"},"content":{"rendered":"<p>Stud bolt 17.5mm, fits 23.18610-01 and 23.18611-01 jaw locks<\/p>","protected":false},"excerpt":{"rendered":"<p>Stifj\u00e1nsbolti 17.5mm for jaws<\/p>","protected":false},"featured_media":14271,"template":"","meta":[],"product_brand":[7944],"product_cat":[7965],"product_tag":[],"class_list":{"0":"post-14270","1":"product","2":"type-product","3":"status-publish","4":"has-post-thumbnail","6":"product_brand-pommier","7":"product_cat-laesingar","9":"first","10":"instock","11":"shipping-taxable","12":"product-type-simple"},"yoast_head":"<!-- This site is optimized with the Yoast SEO plugin v27.3 - https:\/\/yoast.com\/product\/yoast-seo-wordpress\/ -->\n<title>Stafj\u00e1rnsbolti 17,5mm - B&iacute;lasmi&eth;urinn<\/title>\n<meta name=\"robots\" content=\"index, follow, max-snippet:-1, max-image-preview:large, max-video-preview:-1\" \/>\n<link rel=\"canonical\" href=\"https:\/\/bilasmidurinn.is\/en\/vefverslun\/laesingar\/stafjarnsbolti-175mm\/\" \/>\n<meta property=\"og:locale\" content=\"en_GB\" \/>\n<meta property=\"og:type\" content=\"article\" \/>\n<meta property=\"og:title\" content=\"Stafj\u00e1rnsbolti 17,5mm - B&iacute;lasmi&eth;urinn\" \/>\n<meta property=\"og:description\" content=\"Stafj\u00e1nsbolti 17,5mm fyrir kjaft\u00e6singar\" \/>\n<meta property=\"og:url\" content=\"https:\/\/bilasmidurinn.is\/en\/vefverslun\/laesingar\/stafjarnsbolti-175mm\/\" \/>\n<meta property=\"og:site_name\" content=\"B&iacute;lasmi&eth;urinn\" \/>\n<meta property=\"article:modified_time\" content=\"2022-01-10T14:28:59+00:00\" \/>\n<meta property=\"og:image\" content=\"https:\/\/bilasmidurinn.is\/wp-content\/uploads\/2022\/01\/23.11111-16.png\" \/>\n\t<meta property=\"og:image:width\" content=\"783\" \/>\n\t<meta property=\"og:image:height\" content=\"371\" \/>\n\t<meta property=\"og:image:type\" content=\"image\/png\" \/>\n<meta name=\"twitter:card\" content=\"summary_large_image\" \/>\n<script type=\"application\/ld+json\" class=\"yoast-schema-graph\">{\"@context\":\"https:\\\/\\\/schema.org\",\"@graph\":[{\"@type\":\"WebPage\",\"@id\":\"https:\\\/\\\/bilasmidurinn.is\\\/en\\\/vefverslun\\\/laesingar\\\/stafjarnsbolti-175mm\\\/\",\"url\":\"https:\\\/\\\/bilasmidurinn.is\\\/en\\\/vefverslun\\\/laesingar\\\/stafjarnsbolti-175mm\\\/\",\"name\":\"Stafj\u00e1rnsbolti 17,5mm - B&iacute;lasmi&eth;urinn\",\"isPartOf\":{\"@id\":\"https:\\\/\\\/bilasmidurinn.is\\\/#website\"},\"primaryImageOfPage\":{\"@id\":\"https:\\\/\\\/bilasmidurinn.is\\\/en\\\/vefverslun\\\/laesingar\\\/stafjarnsbolti-175mm\\\/#primaryimage\"},\"image\":{\"@id\":\"https:\\\/\\\/bilasmidurinn.is\\\/en\\\/vefverslun\\\/laesingar\\\/stafjarnsbolti-175mm\\\/#primaryimage\"},\"thumbnailUrl\":\"https:\\\/\\\/bilasmidurinn.is\\\/wp-content\\\/uploads\\\/2022\\\/01\\\/23.11111-16.png\",\"datePublished\":\"2022-01-04T19:27:55+00:00\",\"dateModified\":\"2022-01-10T14:28:59+00:00\",\"breadcrumb\":{\"@id\":\"https:\\\/\\\/bilasmidurinn.is\\\/en\\\/vefverslun\\\/laesingar\\\/stafjarnsbolti-175mm\\\/#breadcrumb\"},\"inLanguage\":\"en-GB\",\"potentialAction\":[{\"@type\":\"ReadAction\",\"target\":[\"https:\\\/\\\/bilasmidurinn.is\\\/en\\\/vefverslun\\\/laesingar\\\/stafjarnsbolti-175mm\\\/\"]}]},{\"@type\":\"ImageObject\",\"inLanguage\":\"en-GB\",\"@id\":\"https:\\\/\\\/bilasmidurinn.is\\\/en\\\/vefverslun\\\/laesingar\\\/stafjarnsbolti-175mm\\\/#primaryimage\",\"url\":\"https:\\\/\\\/bilasmidurinn.is\\\/wp-content\\\/uploads\\\/2022\\\/01\\\/23.11111-16.png\",\"contentUrl\":\"https:\\\/\\\/bilasmidurinn.is\\\/wp-content\\\/uploads\\\/2022\\\/01\\\/23.11111-16.png\",\"width\":783,\"height\":371},{\"@type\":\"BreadcrumbList\",\"@id\":\"https:\\\/\\\/bilasmidurinn.is\\\/en\\\/vefverslun\\\/laesingar\\\/stafjarnsbolti-175mm\\\/#breadcrumb\",\"itemListElement\":[{\"@type\":\"ListItem\",\"position\":1,\"name\":\"Home\",\"item\":\"https:\\\/\\\/bilasmidurinn.is\\\/\"},{\"@type\":\"ListItem\",\"position\":2,\"name\":\"V\u00f6rur \u00ed verslun\",\"item\":\"https:\\\/\\\/bilasmidurinn.is\\\/vefverslun\\\/\"},{\"@type\":\"ListItem\",\"position\":3,\"name\":\"Stafj\u00e1rnsbolti 17,5mm\"}]},{\"@type\":\"WebSite\",\"@id\":\"https:\\\/\\\/bilasmidurinn.is\\\/#website\",\"url\":\"https:\\\/\\\/bilasmidurinn.is\\\/\",\"name\":\"B&iacute;lasmi&eth;urinn\",\"description\":\"All sem &thorn;&uacute; &thorn;arft &iacute; t&aelig;ki&eth;\",\"potentialAction\":[{\"@type\":\"SearchAction\",\"target\":{\"@type\":\"EntryPoint\",\"urlTemplate\":\"https:\\\/\\\/bilasmidurinn.is\\\/?s={search_term_string}\"},\"query-input\":{\"@type\":\"PropertyValueSpecification\",\"valueRequired\":true,\"valueName\":\"search_term_string\"}}],\"inLanguage\":\"en-GB\"}]}<\/script>\n<!-- \/ Yoast SEO plugin. -->","yoast_head_json":{"title":"Stafj\u00e1rnsbolti 17,5mm - B&iacute;lasmi&eth;urinn","robots":{"index":"index","follow":"follow","max-snippet":"max-snippet:-1","max-image-preview":"max-image-preview:large","max-video-preview":"max-video-preview:-1"},"canonical":"https:\/\/bilasmidurinn.is\/en\/vefverslun\/laesingar\/stafjarnsbolti-175mm\/","og_locale":"en_GB","og_type":"article","og_title":"Stafj\u00e1rnsbolti 17,5mm - B&iacute;lasmi&eth;urinn","og_description":"Stafj\u00e1nsbolti 17,5mm fyrir kjaft\u00e6singar","og_url":"https:\/\/bilasmidurinn.is\/en\/vefverslun\/laesingar\/stafjarnsbolti-175mm\/","og_site_name":"B&iacute;lasmi&eth;urinn","article_modified_time":"2022-01-10T14:28:59+00:00","og_image":[{"width":783,"height":371,"url":"https:\/\/bilasmidurinn.is\/wp-content\/uploads\/2022\/01\/23.11111-16.png","type":"image\/png"}],"twitter_card":"summary_large_image","schema":{"@context":"https:\/\/schema.org","@graph":[{"@type":"WebPage","@id":"https:\/\/bilasmidurinn.is\/en\/vefverslun\/laesingar\/stafjarnsbolti-175mm\/","url":"https:\/\/bilasmidurinn.is\/en\/vefverslun\/laesingar\/stafjarnsbolti-175mm\/","name":"Stafj\u00e1rnsbolti 17,5mm - B&iacute;lasmi&eth;urinn","isPartOf":{"@id":"https:\/\/bilasmidurinn.is\/#website"},"primaryImageOfPage":{"@id":"https:\/\/bilasmidurinn.is\/en\/vefverslun\/laesingar\/stafjarnsbolti-175mm\/#primaryimage"},"image":{"@id":"https:\/\/bilasmidurinn.is\/en\/vefverslun\/laesingar\/stafjarnsbolti-175mm\/#primaryimage"},"thumbnailUrl":"https:\/\/bilasmidurinn.is\/wp-content\/uploads\/2022\/01\/23.11111-16.png","datePublished":"2022-01-04T19:27:55+00:00","dateModified":"2022-01-10T14:28:59+00:00","breadcrumb":{"@id":"https:\/\/bilasmidurinn.is\/en\/vefverslun\/laesingar\/stafjarnsbolti-175mm\/#breadcrumb"},"inLanguage":"en-GB","potentialAction":[{"@type":"ReadAction","target":["https:\/\/bilasmidurinn.is\/en\/vefverslun\/laesingar\/stafjarnsbolti-175mm\/"]}]},{"@type":"ImageObject","inLanguage":"en-GB","@id":"https:\/\/bilasmidurinn.is\/en\/vefverslun\/laesingar\/stafjarnsbolti-175mm\/#primaryimage","url":"https:\/\/bilasmidurinn.is\/wp-content\/uploads\/2022\/01\/23.11111-16.png","contentUrl":"https:\/\/bilasmidurinn.is\/wp-content\/uploads\/2022\/01\/23.11111-16.png","width":783,"height":371},{"@type":"BreadcrumbList","@id":"https:\/\/bilasmidurinn.is\/en\/vefverslun\/laesingar\/stafjarnsbolti-175mm\/#breadcrumb","itemListElement":[{"@type":"ListItem","position":1,"name":"Home","item":"https:\/\/bilasmidurinn.is\/"},{"@type":"ListItem","position":2,"name":"V\u00f6rur \u00ed verslun","item":"https:\/\/bilasmidurinn.is\/vefverslun\/"},{"@type":"ListItem","position":3,"name":"Stafj\u00e1rnsbolti 17,5mm"}]},{"@type":"WebSite","@id":"https:\/\/bilasmidurinn.is\/#website","url":"https:\/\/bilasmidurinn.is\/","name":"B&iacute;lasmi&eth;urinn","description":"All sem &thorn;&uacute; &thorn;arft &iacute; t&aelig;ki&eth;","potentialAction":[{"@type":"SearchAction","target":{"@type":"EntryPoint","urlTemplate":"https:\/\/bilasmidurinn.is\/?s={search_term_string}"},"query-input":{"@type":"PropertyValueSpecification","valueRequired":true,"valueName":"search_term_string"}}],"inLanguage":"en-GB"}]}},"_links":{"self":[{"href":"https:\/\/bilasmidurinn.is\/en\/wp-json\/wp\/v2\/product\/14270","targetHints":{"allow":["GET"]}}],"collection":[{"href":"https:\/\/bilasmidurinn.is\/en\/wp-json\/wp\/v2\/product"}],"about":[{"href":"https:\/\/bilasmidurinn.is\/en\/wp-json\/wp\/v2\/types\/product"}],"wp:featuredmedia":[{"embeddable":true,"href":"https:\/\/bilasmidurinn.is\/en\/wp-json\/wp\/v2\/media\/14271"}],"wp:attachment":[{"href":"https:\/\/bilasmidurinn.is\/en\/wp-json\/wp\/v2\/media?parent=14270"}],"wp:term":[{"taxonomy":"product_brand","embeddable":true,"href":"https:\/\/bilasmidurinn.is\/en\/wp-json\/wp\/v2\/product_brand?post=14270"},{"taxonomy":"product_cat","embeddable":true,"href":"https:\/\/bilasmidurinn.is\/en\/wp-json\/wp\/v2\/product_cat?post=14270"},{"taxonomy":"product_tag","embeddable":true,"href":"https:\/\/bilasmidurinn.is\/en\/wp-json\/wp\/v2\/product_tag?post=14270"}],"curies":[{"name":"wp","href":"https:\/\/api.w.org\/{rel}","templated":true}]}}