{"id":14240,"date":"2022-01-04T18:30:49","date_gmt":"2022-01-04T18:30:49","guid":{"rendered":"https:\/\/bilasmidurinn.is\/?post_type=product&#038;p=14240"},"modified":"2023-06-05T19:47:51","modified_gmt":"2023-06-05T19:47:51","slug":"gummi-huddfesting-med-ryfium-festingum","status":"publish","type":"product","link":"https:\/\/bilasmidurinn.is\/en\/vefverslun\/festingar\/gummi-huddfesting-med-ryfium-festingum\/","title":{"rendered":"Rubber hood mount with stainless fasteners"},"content":{"rendered":"<p>Classic hood mount made of rubber with stainless fasteners<\/p>\n<p>&nbsp;<\/p>","protected":false},"excerpt":{"rendered":"<p>Rubber hood mount with stainless fasteners<\/p>","protected":false},"featured_media":14241,"template":"","meta":[],"product_brand":[7944],"product_cat":[7958],"product_tag":[],"class_list":{"0":"post-14240","1":"product","2":"type-product","3":"status-publish","4":"has-post-thumbnail","6":"product_brand-pommier","7":"product_cat-festingar","9":"first","10":"instock","11":"shipping-taxable","12":"product-type-simple"},"yoast_head":"<!-- This site is optimized with the Yoast SEO plugin v27.4 - https:\/\/yoast.com\/product\/yoast-seo-wordpress\/ -->\n<title>G\u00famm\u00ed h\u00faddfesting me\u00f0 ry\u00f0fr\u00edum festingum - B&iacute;lasmi&eth;urinn<\/title>\n<meta name=\"robots\" content=\"index, follow, max-snippet:-1, max-image-preview:large, max-video-preview:-1\" \/>\n<link rel=\"canonical\" href=\"https:\/\/bilasmidurinn.is\/en\/vefverslun\/festingar\/gummi-huddfesting-med-ryfium-festingum\/\" \/>\n<meta property=\"og:locale\" content=\"en_GB\" \/>\n<meta property=\"og:type\" content=\"article\" \/>\n<meta property=\"og:title\" content=\"G\u00famm\u00ed h\u00faddfesting me\u00f0 ry\u00f0fr\u00edum festingum - B&iacute;lasmi&eth;urinn\" \/>\n<meta property=\"og:description\" content=\"G\u00famm\u00ed h\u00faddfesting me\u00f0 ry\u00f0fr\u00edum festingum\" \/>\n<meta property=\"og:url\" content=\"https:\/\/bilasmidurinn.is\/en\/vefverslun\/festingar\/gummi-huddfesting-med-ryfium-festingum\/\" \/>\n<meta property=\"og:site_name\" content=\"B&iacute;lasmi&eth;urinn\" \/>\n<meta property=\"article:modified_time\" content=\"2023-06-05T19:47:51+00:00\" \/>\n<meta property=\"og:image\" content=\"https:\/\/bilasmidurinn.is\/wp-content\/uploads\/2022\/01\/09.03684IN.png\" \/>\n\t<meta property=\"og:image:width\" content=\"269\" \/>\n\t<meta property=\"og:image:height\" content=\"362\" \/>\n\t<meta property=\"og:image:type\" content=\"image\/png\" \/>\n<meta name=\"twitter:card\" content=\"summary_large_image\" \/>\n<script type=\"application\/ld+json\" class=\"yoast-schema-graph\">{\"@context\":\"https:\\\/\\\/schema.org\",\"@graph\":[{\"@type\":\"WebPage\",\"@id\":\"https:\\\/\\\/bilasmidurinn.is\\\/vefverslun\\\/festingar\\\/gummi-huddfesting-med-ryfium-festingum\\\/\",\"url\":\"https:\\\/\\\/bilasmidurinn.is\\\/vefverslun\\\/festingar\\\/gummi-huddfesting-med-ryfium-festingum\\\/\",\"name\":\"G\u00famm\u00ed h\u00faddfesting me\u00f0 ry\u00f0fr\u00edum festingum - B&iacute;lasmi&eth;urinn\",\"isPartOf\":{\"@id\":\"https:\\\/\\\/bilasmidurinn.is\\\/#website\"},\"primaryImageOfPage\":{\"@id\":\"https:\\\/\\\/bilasmidurinn.is\\\/vefverslun\\\/festingar\\\/gummi-huddfesting-med-ryfium-festingum\\\/#primaryimage\"},\"image\":{\"@id\":\"https:\\\/\\\/bilasmidurinn.is\\\/vefverslun\\\/festingar\\\/gummi-huddfesting-med-ryfium-festingum\\\/#primaryimage\"},\"thumbnailUrl\":\"https:\\\/\\\/bilasmidurinn.is\\\/wp-content\\\/uploads\\\/2022\\\/01\\\/09.03684IN.png\",\"datePublished\":\"2022-01-04T18:30:49+00:00\",\"dateModified\":\"2023-06-05T19:47:51+00:00\",\"breadcrumb\":{\"@id\":\"https:\\\/\\\/bilasmidurinn.is\\\/vefverslun\\\/festingar\\\/gummi-huddfesting-med-ryfium-festingum\\\/#breadcrumb\"},\"inLanguage\":\"en-GB\",\"potentialAction\":[{\"@type\":\"ReadAction\",\"target\":[\"https:\\\/\\\/bilasmidurinn.is\\\/vefverslun\\\/festingar\\\/gummi-huddfesting-med-ryfium-festingum\\\/\"]}]},{\"@type\":\"ImageObject\",\"inLanguage\":\"en-GB\",\"@id\":\"https:\\\/\\\/bilasmidurinn.is\\\/vefverslun\\\/festingar\\\/gummi-huddfesting-med-ryfium-festingum\\\/#primaryimage\",\"url\":\"https:\\\/\\\/bilasmidurinn.is\\\/wp-content\\\/uploads\\\/2022\\\/01\\\/09.03684IN.png\",\"contentUrl\":\"https:\\\/\\\/bilasmidurinn.is\\\/wp-content\\\/uploads\\\/2022\\\/01\\\/09.03684IN.png\",\"width\":269,\"height\":362},{\"@type\":\"BreadcrumbList\",\"@id\":\"https:\\\/\\\/bilasmidurinn.is\\\/vefverslun\\\/festingar\\\/gummi-huddfesting-med-ryfium-festingum\\\/#breadcrumb\",\"itemListElement\":[{\"@type\":\"ListItem\",\"position\":1,\"name\":\"Home\",\"item\":\"https:\\\/\\\/bilasmidurinn.is\\\/\"},{\"@type\":\"ListItem\",\"position\":2,\"name\":\"V\u00f6rur \u00ed verslun\",\"item\":\"https:\\\/\\\/bilasmidurinn.is\\\/vefverslun\\\/\"},{\"@type\":\"ListItem\",\"position\":3,\"name\":\"G\u00famm\u00ed h\u00faddfesting me\u00f0 ry\u00f0fr\u00edum festingum\"}]},{\"@type\":\"WebSite\",\"@id\":\"https:\\\/\\\/bilasmidurinn.is\\\/#website\",\"url\":\"https:\\\/\\\/bilasmidurinn.is\\\/\",\"name\":\"B&iacute;lasmi&eth;urinn\",\"description\":\"All sem &thorn;&uacute; &thorn;arft &iacute; t&aelig;ki&eth;\",\"potentialAction\":[{\"@type\":\"SearchAction\",\"target\":{\"@type\":\"EntryPoint\",\"urlTemplate\":\"https:\\\/\\\/bilasmidurinn.is\\\/?s={search_term_string}\"},\"query-input\":{\"@type\":\"PropertyValueSpecification\",\"valueRequired\":true,\"valueName\":\"search_term_string\"}}],\"inLanguage\":\"en-GB\"}]}<\/script>\n<!-- \/ Yoast SEO plugin. -->","yoast_head_json":{"title":"G\u00famm\u00ed h\u00faddfesting me\u00f0 ry\u00f0fr\u00edum festingum - B&iacute;lasmi&eth;urinn","robots":{"index":"index","follow":"follow","max-snippet":"max-snippet:-1","max-image-preview":"max-image-preview:large","max-video-preview":"max-video-preview:-1"},"canonical":"https:\/\/bilasmidurinn.is\/en\/vefverslun\/festingar\/gummi-huddfesting-med-ryfium-festingum\/","og_locale":"en_GB","og_type":"article","og_title":"G\u00famm\u00ed h\u00faddfesting me\u00f0 ry\u00f0fr\u00edum festingum - B&iacute;lasmi&eth;urinn","og_description":"G\u00famm\u00ed h\u00faddfesting me\u00f0 ry\u00f0fr\u00edum festingum","og_url":"https:\/\/bilasmidurinn.is\/en\/vefverslun\/festingar\/gummi-huddfesting-med-ryfium-festingum\/","og_site_name":"B&iacute;lasmi&eth;urinn","article_modified_time":"2023-06-05T19:47:51+00:00","og_image":[{"width":269,"height":362,"url":"https:\/\/bilasmidurinn.is\/wp-content\/uploads\/2022\/01\/09.03684IN.png","type":"image\/png"}],"twitter_card":"summary_large_image","schema":{"@context":"https:\/\/schema.org","@graph":[{"@type":"WebPage","@id":"https:\/\/bilasmidurinn.is\/vefverslun\/festingar\/gummi-huddfesting-med-ryfium-festingum\/","url":"https:\/\/bilasmidurinn.is\/vefverslun\/festingar\/gummi-huddfesting-med-ryfium-festingum\/","name":"G\u00famm\u00ed h\u00faddfesting me\u00f0 ry\u00f0fr\u00edum festingum - B&iacute;lasmi&eth;urinn","isPartOf":{"@id":"https:\/\/bilasmidurinn.is\/#website"},"primaryImageOfPage":{"@id":"https:\/\/bilasmidurinn.is\/vefverslun\/festingar\/gummi-huddfesting-med-ryfium-festingum\/#primaryimage"},"image":{"@id":"https:\/\/bilasmidurinn.is\/vefverslun\/festingar\/gummi-huddfesting-med-ryfium-festingum\/#primaryimage"},"thumbnailUrl":"https:\/\/bilasmidurinn.is\/wp-content\/uploads\/2022\/01\/09.03684IN.png","datePublished":"2022-01-04T18:30:49+00:00","dateModified":"2023-06-05T19:47:51+00:00","breadcrumb":{"@id":"https:\/\/bilasmidurinn.is\/vefverslun\/festingar\/gummi-huddfesting-med-ryfium-festingum\/#breadcrumb"},"inLanguage":"en-GB","potentialAction":[{"@type":"ReadAction","target":["https:\/\/bilasmidurinn.is\/vefverslun\/festingar\/gummi-huddfesting-med-ryfium-festingum\/"]}]},{"@type":"ImageObject","inLanguage":"en-GB","@id":"https:\/\/bilasmidurinn.is\/vefverslun\/festingar\/gummi-huddfesting-med-ryfium-festingum\/#primaryimage","url":"https:\/\/bilasmidurinn.is\/wp-content\/uploads\/2022\/01\/09.03684IN.png","contentUrl":"https:\/\/bilasmidurinn.is\/wp-content\/uploads\/2022\/01\/09.03684IN.png","width":269,"height":362},{"@type":"BreadcrumbList","@id":"https:\/\/bilasmidurinn.is\/vefverslun\/festingar\/gummi-huddfesting-med-ryfium-festingum\/#breadcrumb","itemListElement":[{"@type":"ListItem","position":1,"name":"Home","item":"https:\/\/bilasmidurinn.is\/"},{"@type":"ListItem","position":2,"name":"V\u00f6rur \u00ed verslun","item":"https:\/\/bilasmidurinn.is\/vefverslun\/"},{"@type":"ListItem","position":3,"name":"G\u00famm\u00ed h\u00faddfesting me\u00f0 ry\u00f0fr\u00edum festingum"}]},{"@type":"WebSite","@id":"https:\/\/bilasmidurinn.is\/#website","url":"https:\/\/bilasmidurinn.is\/","name":"B&iacute;lasmi&eth;urinn","description":"All sem &thorn;&uacute; &thorn;arft &iacute; t&aelig;ki&eth;","potentialAction":[{"@type":"SearchAction","target":{"@type":"EntryPoint","urlTemplate":"https:\/\/bilasmidurinn.is\/?s={search_term_string}"},"query-input":{"@type":"PropertyValueSpecification","valueRequired":true,"valueName":"search_term_string"}}],"inLanguage":"en-GB"}]}},"_links":{"self":[{"href":"https:\/\/bilasmidurinn.is\/en\/wp-json\/wp\/v2\/product\/14240","targetHints":{"allow":["GET"]}}],"collection":[{"href":"https:\/\/bilasmidurinn.is\/en\/wp-json\/wp\/v2\/product"}],"about":[{"href":"https:\/\/bilasmidurinn.is\/en\/wp-json\/wp\/v2\/types\/product"}],"wp:featuredmedia":[{"embeddable":true,"href":"https:\/\/bilasmidurinn.is\/en\/wp-json\/wp\/v2\/media\/14241"}],"wp:attachment":[{"href":"https:\/\/bilasmidurinn.is\/en\/wp-json\/wp\/v2\/media?parent=14240"}],"wp:term":[{"taxonomy":"product_brand","embeddable":true,"href":"https:\/\/bilasmidurinn.is\/en\/wp-json\/wp\/v2\/product_brand?post=14240"},{"taxonomy":"product_cat","embeddable":true,"href":"https:\/\/bilasmidurinn.is\/en\/wp-json\/wp\/v2\/product_cat?post=14240"},{"taxonomy":"product_tag","embeddable":true,"href":"https:\/\/bilasmidurinn.is\/en\/wp-json\/wp\/v2\/product_tag?post=14240"}],"curies":[{"name":"wp","href":"https:\/\/api.w.org\/{rel}","templated":true}]}}