{"id":14091,"date":"2021-11-16T21:12:05","date_gmt":"2021-11-16T21:12:05","guid":{"rendered":"https:\/\/bilasmidurinn.is\/?post_type=product&#038;p=14091"},"modified":"2025-08-11T15:40:12","modified_gmt":"2025-08-11T15:40:12","slug":"webasto-thermo-pro-90-24v-diesel-standard","status":"publish","type":"product","link":"https:\/\/bilasmidurinn.is\/en\/vefverslun\/midstodvar\/webasto-thermo-pro-90-24v-diesel-standard\/","title":{"rendered":"Webasto Thermo Pro 90 24v diesel Standard"},"content":{"rendered":"<p>Webasto TP90 9kW diesel center that heats engine cooling water, suitable for all larger machines, eg goods and transport vehicles and large earthmoving machines.<\/p>\n<p>Various controls can be installed, for example a clock or ThermoConnect2 App for smartphones.<\/p>\n<p>Insertion set has to be bought extra vr no. 9024621A @66.878,-<\/p>\n<p>See on pdf.document and on Technical information,<\/p>\n<p>Made in Germany<\/p>","protected":false},"excerpt":{"rendered":"<p>Webasto TP90 9kW diesel mi\u00f0st\u00f6\u00f0 sem hitar k\u00e6livatn v\u00e9l,\u00a0 hentar fyrir allar st\u00e6rri v\u00e9lar\u00a0 t.d. v\u00f6ru og flutningab\u00edla og st\u00f3rar jar\u00f0vinnuv\u00e9lar. H\u00e6gt a\u00f0 setja upp margskonar st\u00fdringar t.d. klukku e\u00f0a ThermoConnect2 App fyrir snjalls\u00edma. \u00cdsetningar sett \u00fearf a\u00f0 kaupa aukalega vr no. 9024621A @66.878,- Sj\u00e1 \u00e1 pdf.skjali og \u00e1 T\u00e6kniuppl\u00fdsingum, Framleidd \u00ed \u00de\u00fdskalandi<\/p>","protected":false},"featured_media":14092,"template":"","meta":[],"product_brand":[7925],"product_cat":[7967],"product_tag":[],"class_list":{"0":"post-14091","1":"product","2":"type-product","3":"status-publish","4":"has-post-thumbnail","6":"product_brand-webasto","7":"product_cat-midstodvar","9":"first","10":"instock","11":"shipping-taxable","12":"product-type-simple"},"yoast_head":"<!-- This site is optimized with the Yoast SEO plugin v27.4 - https:\/\/yoast.com\/product\/yoast-seo-wordpress\/ -->\n<title>Webasto Thermo Pro 90 24v diesel Standard - B&iacute;lasmi&eth;urinn<\/title>\n<meta name=\"robots\" content=\"index, follow, max-snippet:-1, max-image-preview:large, max-video-preview:-1\" \/>\n<link rel=\"canonical\" href=\"https:\/\/bilasmidurinn.is\/en\/vefverslun\/midstodvar\/webasto-thermo-pro-90-24v-diesel-standard\/\" \/>\n<meta property=\"og:locale\" content=\"en_GB\" \/>\n<meta property=\"og:type\" content=\"article\" \/>\n<meta property=\"og:title\" content=\"Webasto Thermo Pro 90 24v diesel Standard - B&iacute;lasmi&eth;urinn\" \/>\n<meta property=\"og:description\" content=\"Webasto TP90 9kW diesel mi\u00f0st\u00f6\u00f0 sem hitar k\u00e6livatn v\u00e9l,\u00a0 hentar fyrir allar st\u00e6rri v\u00e9lar\u00a0 t.d. v\u00f6ru og flutningab\u00edla og st\u00f3rar jar\u00f0vinnuv\u00e9lar. H\u00e6gt a\u00f0 setja upp margskonar st\u00fdringar t.d. klukku e\u00f0a ThermoConnect2 App fyrir snjalls\u00edma. \u00cdsetningar sett \u00fearf a\u00f0 kaupa aukalega vr no. 9024621A @66.878,- Sj\u00e1 \u00e1 pdf.skjali og \u00e1 T\u00e6kniuppl\u00fdsingum, Framleidd \u00ed \u00de\u00fdskalandi\" \/>\n<meta property=\"og:url\" content=\"https:\/\/bilasmidurinn.is\/en\/vefverslun\/midstodvar\/webasto-thermo-pro-90-24v-diesel-standard\/\" \/>\n<meta property=\"og:site_name\" content=\"B&iacute;lasmi&eth;urinn\" \/>\n<meta property=\"article:modified_time\" content=\"2025-08-11T15:40:12+00:00\" \/>\n<meta property=\"og:image\" content=\"https:\/\/bilasmidurinn.is\/wp-content\/uploads\/2021\/11\/Thermo_Pro_90_9023075A_9023076A_Original-Format_4858.jpg\" \/>\n\t<meta property=\"og:image:width\" content=\"1020\" \/>\n\t<meta property=\"og:image:height\" content=\"652\" \/>\n\t<meta property=\"og:image:type\" content=\"image\/jpeg\" \/>\n<meta name=\"twitter:card\" content=\"summary_large_image\" \/>\n<meta name=\"twitter:label1\" content=\"Estimated reading time\" \/>\n\t<meta name=\"twitter:data1\" content=\"1 minute\" \/>\n<script type=\"application\/ld+json\" class=\"yoast-schema-graph\">{\"@context\":\"https:\\\/\\\/schema.org\",\"@graph\":[{\"@type\":\"WebPage\",\"@id\":\"https:\\\/\\\/bilasmidurinn.is\\\/vefverslun\\\/midstodvar\\\/webasto-thermo-pro-90-24v-diesel-standard\\\/\",\"url\":\"https:\\\/\\\/bilasmidurinn.is\\\/vefverslun\\\/midstodvar\\\/webasto-thermo-pro-90-24v-diesel-standard\\\/\",\"name\":\"Webasto Thermo Pro 90 24v diesel Standard - B&iacute;lasmi&eth;urinn\",\"isPartOf\":{\"@id\":\"https:\\\/\\\/bilasmidurinn.is\\\/#website\"},\"primaryImageOfPage\":{\"@id\":\"https:\\\/\\\/bilasmidurinn.is\\\/vefverslun\\\/midstodvar\\\/webasto-thermo-pro-90-24v-diesel-standard\\\/#primaryimage\"},\"image\":{\"@id\":\"https:\\\/\\\/bilasmidurinn.is\\\/vefverslun\\\/midstodvar\\\/webasto-thermo-pro-90-24v-diesel-standard\\\/#primaryimage\"},\"thumbnailUrl\":\"https:\\\/\\\/bilasmidurinn.is\\\/wp-content\\\/uploads\\\/2021\\\/11\\\/Thermo_Pro_90_9023075A_9023076A_Original-Format_4858.jpg\",\"datePublished\":\"2021-11-16T21:12:05+00:00\",\"dateModified\":\"2025-08-11T15:40:12+00:00\",\"breadcrumb\":{\"@id\":\"https:\\\/\\\/bilasmidurinn.is\\\/vefverslun\\\/midstodvar\\\/webasto-thermo-pro-90-24v-diesel-standard\\\/#breadcrumb\"},\"inLanguage\":\"en-GB\",\"potentialAction\":[{\"@type\":\"ReadAction\",\"target\":[\"https:\\\/\\\/bilasmidurinn.is\\\/vefverslun\\\/midstodvar\\\/webasto-thermo-pro-90-24v-diesel-standard\\\/\"]}]},{\"@type\":\"ImageObject\",\"inLanguage\":\"en-GB\",\"@id\":\"https:\\\/\\\/bilasmidurinn.is\\\/vefverslun\\\/midstodvar\\\/webasto-thermo-pro-90-24v-diesel-standard\\\/#primaryimage\",\"url\":\"https:\\\/\\\/bilasmidurinn.is\\\/wp-content\\\/uploads\\\/2021\\\/11\\\/Thermo_Pro_90_9023075A_9023076A_Original-Format_4858.jpg\",\"contentUrl\":\"https:\\\/\\\/bilasmidurinn.is\\\/wp-content\\\/uploads\\\/2021\\\/11\\\/Thermo_Pro_90_9023075A_9023076A_Original-Format_4858.jpg\",\"width\":1772,\"height\":1133},{\"@type\":\"BreadcrumbList\",\"@id\":\"https:\\\/\\\/bilasmidurinn.is\\\/vefverslun\\\/midstodvar\\\/webasto-thermo-pro-90-24v-diesel-standard\\\/#breadcrumb\",\"itemListElement\":[{\"@type\":\"ListItem\",\"position\":1,\"name\":\"Home\",\"item\":\"https:\\\/\\\/bilasmidurinn.is\\\/\"},{\"@type\":\"ListItem\",\"position\":2,\"name\":\"V\u00f6rur \u00ed verslun\",\"item\":\"https:\\\/\\\/bilasmidurinn.is\\\/vefverslun\\\/\"},{\"@type\":\"ListItem\",\"position\":3,\"name\":\"Webasto Thermo Pro 90 24v diesel Standard\"}]},{\"@type\":\"WebSite\",\"@id\":\"https:\\\/\\\/bilasmidurinn.is\\\/#website\",\"url\":\"https:\\\/\\\/bilasmidurinn.is\\\/\",\"name\":\"B&iacute;lasmi&eth;urinn\",\"description\":\"All sem &thorn;&uacute; &thorn;arft &iacute; t&aelig;ki&eth;\",\"potentialAction\":[{\"@type\":\"SearchAction\",\"target\":{\"@type\":\"EntryPoint\",\"urlTemplate\":\"https:\\\/\\\/bilasmidurinn.is\\\/?s={search_term_string}\"},\"query-input\":{\"@type\":\"PropertyValueSpecification\",\"valueRequired\":true,\"valueName\":\"search_term_string\"}}],\"inLanguage\":\"en-GB\"}]}<\/script>\n<!-- \/ Yoast SEO plugin. -->","yoast_head_json":{"title":"Webasto Thermo Pro 90 24v diesel Standard - B&iacute;lasmi&eth;urinn","robots":{"index":"index","follow":"follow","max-snippet":"max-snippet:-1","max-image-preview":"max-image-preview:large","max-video-preview":"max-video-preview:-1"},"canonical":"https:\/\/bilasmidurinn.is\/en\/vefverslun\/midstodvar\/webasto-thermo-pro-90-24v-diesel-standard\/","og_locale":"en_GB","og_type":"article","og_title":"Webasto Thermo Pro 90 24v diesel Standard - B&iacute;lasmi&eth;urinn","og_description":"Webasto TP90 9kW diesel mi\u00f0st\u00f6\u00f0 sem hitar k\u00e6livatn v\u00e9l,\u00a0 hentar fyrir allar st\u00e6rri v\u00e9lar\u00a0 t.d. v\u00f6ru og flutningab\u00edla og st\u00f3rar jar\u00f0vinnuv\u00e9lar. H\u00e6gt a\u00f0 setja upp margskonar st\u00fdringar t.d. klukku e\u00f0a ThermoConnect2 App fyrir snjalls\u00edma. \u00cdsetningar sett \u00fearf a\u00f0 kaupa aukalega vr no. 9024621A @66.878,- Sj\u00e1 \u00e1 pdf.skjali og \u00e1 T\u00e6kniuppl\u00fdsingum, Framleidd \u00ed \u00de\u00fdskalandi","og_url":"https:\/\/bilasmidurinn.is\/en\/vefverslun\/midstodvar\/webasto-thermo-pro-90-24v-diesel-standard\/","og_site_name":"B&iacute;lasmi&eth;urinn","article_modified_time":"2025-08-11T15:40:12+00:00","og_image":[{"url":"https:\/\/bilasmidurinn.is\/wp-content\/uploads\/2021\/11\/Thermo_Pro_90_9023075A_9023076A_Original-Format_4858.jpg","width":1020,"height":652,"type":"image\/jpeg"}],"twitter_card":"summary_large_image","twitter_misc":{"Estimated reading time":"1 minute"},"schema":{"@context":"https:\/\/schema.org","@graph":[{"@type":"WebPage","@id":"https:\/\/bilasmidurinn.is\/vefverslun\/midstodvar\/webasto-thermo-pro-90-24v-diesel-standard\/","url":"https:\/\/bilasmidurinn.is\/vefverslun\/midstodvar\/webasto-thermo-pro-90-24v-diesel-standard\/","name":"Webasto Thermo Pro 90 24v diesel Standard - B&iacute;lasmi&eth;urinn","isPartOf":{"@id":"https:\/\/bilasmidurinn.is\/#website"},"primaryImageOfPage":{"@id":"https:\/\/bilasmidurinn.is\/vefverslun\/midstodvar\/webasto-thermo-pro-90-24v-diesel-standard\/#primaryimage"},"image":{"@id":"https:\/\/bilasmidurinn.is\/vefverslun\/midstodvar\/webasto-thermo-pro-90-24v-diesel-standard\/#primaryimage"},"thumbnailUrl":"https:\/\/bilasmidurinn.is\/wp-content\/uploads\/2021\/11\/Thermo_Pro_90_9023075A_9023076A_Original-Format_4858.jpg","datePublished":"2021-11-16T21:12:05+00:00","dateModified":"2025-08-11T15:40:12+00:00","breadcrumb":{"@id":"https:\/\/bilasmidurinn.is\/vefverslun\/midstodvar\/webasto-thermo-pro-90-24v-diesel-standard\/#breadcrumb"},"inLanguage":"en-GB","potentialAction":[{"@type":"ReadAction","target":["https:\/\/bilasmidurinn.is\/vefverslun\/midstodvar\/webasto-thermo-pro-90-24v-diesel-standard\/"]}]},{"@type":"ImageObject","inLanguage":"en-GB","@id":"https:\/\/bilasmidurinn.is\/vefverslun\/midstodvar\/webasto-thermo-pro-90-24v-diesel-standard\/#primaryimage","url":"https:\/\/bilasmidurinn.is\/wp-content\/uploads\/2021\/11\/Thermo_Pro_90_9023075A_9023076A_Original-Format_4858.jpg","contentUrl":"https:\/\/bilasmidurinn.is\/wp-content\/uploads\/2021\/11\/Thermo_Pro_90_9023075A_9023076A_Original-Format_4858.jpg","width":1772,"height":1133},{"@type":"BreadcrumbList","@id":"https:\/\/bilasmidurinn.is\/vefverslun\/midstodvar\/webasto-thermo-pro-90-24v-diesel-standard\/#breadcrumb","itemListElement":[{"@type":"ListItem","position":1,"name":"Home","item":"https:\/\/bilasmidurinn.is\/"},{"@type":"ListItem","position":2,"name":"V\u00f6rur \u00ed verslun","item":"https:\/\/bilasmidurinn.is\/vefverslun\/"},{"@type":"ListItem","position":3,"name":"Webasto Thermo Pro 90 24v diesel Standard"}]},{"@type":"WebSite","@id":"https:\/\/bilasmidurinn.is\/#website","url":"https:\/\/bilasmidurinn.is\/","name":"B&iacute;lasmi&eth;urinn","description":"All sem &thorn;&uacute; &thorn;arft &iacute; t&aelig;ki&eth;","potentialAction":[{"@type":"SearchAction","target":{"@type":"EntryPoint","urlTemplate":"https:\/\/bilasmidurinn.is\/?s={search_term_string}"},"query-input":{"@type":"PropertyValueSpecification","valueRequired":true,"valueName":"search_term_string"}}],"inLanguage":"en-GB"}]}},"_links":{"self":[{"href":"https:\/\/bilasmidurinn.is\/en\/wp-json\/wp\/v2\/product\/14091","targetHints":{"allow":["GET"]}}],"collection":[{"href":"https:\/\/bilasmidurinn.is\/en\/wp-json\/wp\/v2\/product"}],"about":[{"href":"https:\/\/bilasmidurinn.is\/en\/wp-json\/wp\/v2\/types\/product"}],"wp:featuredmedia":[{"embeddable":true,"href":"https:\/\/bilasmidurinn.is\/en\/wp-json\/wp\/v2\/media\/14092"}],"wp:attachment":[{"href":"https:\/\/bilasmidurinn.is\/en\/wp-json\/wp\/v2\/media?parent=14091"}],"wp:term":[{"taxonomy":"product_brand","embeddable":true,"href":"https:\/\/bilasmidurinn.is\/en\/wp-json\/wp\/v2\/product_brand?post=14091"},{"taxonomy":"product_cat","embeddable":true,"href":"https:\/\/bilasmidurinn.is\/en\/wp-json\/wp\/v2\/product_cat?post=14091"},{"taxonomy":"product_tag","embeddable":true,"href":"https:\/\/bilasmidurinn.is\/en\/wp-json\/wp\/v2\/product_tag?post=14091"}],"curies":[{"name":"wp","href":"https:\/\/api.w.org\/{rel}","templated":true}]}}