{"id":14085,"date":"2021-11-16T20:52:23","date_gmt":"2021-11-16T20:52:23","guid":{"rendered":"https:\/\/bilasmidurinn.is\/?post_type=product&#038;p=14085"},"modified":"2022-01-13T10:44:19","modified_gmt":"2022-01-13T10:44:19","slug":"webasto-thermo-pro-50-24v-diesel-midstod","status":"publish","type":"product","link":"https:\/\/bilasmidurinn.is\/en\/vefverslun\/midstodvar\/webasto-thermo-pro-50-24v-diesel-midstod\/","title":{"rendered":"Webasto Thermo Pro 50 24v diesel hub"},"content":{"rendered":"<p>Webasto Thermo Pro 50 24v diesel hub that heats the car&#039;s cooling water, activates its central blower and thus heats up the car&#039;s interior and the car&#039;s engine at the same time.<\/p>\n<p>The heater is controlled with, for example, a timed clock, remote control or smartphone (App). The normal preheating time is 20-30 min, but it can be set up to 120 min. see pfd. and on technical sites.<\/p>\n<p>The installation kit and controls have to be bought extra and it depends on the car the device is going to go into. The carmaker&#039;s service workshop takes care of installation and maintenance if requested.<\/p>\n<p>Contact a salesperson to get an offer or price for the installation kits if needed.<\/p>\n<p>Reduces pollution and engine wear, saves fuel and increases safety.<\/p>\n<p>Standard insertion set Thermo Pro 50 vr.no. 9026722A<\/p>\n<p>Made in Germany<\/p>","protected":false},"excerpt":{"rendered":"<p>Thermo Pro50 24v basic<\/p>","protected":false},"featured_media":14086,"template":"","meta":[],"product_brand":[7925],"product_cat":[7967],"product_tag":[],"class_list":{"0":"post-14085","1":"product","2":"type-product","3":"status-publish","4":"has-post-thumbnail","6":"product_brand-webasto","7":"product_cat-midstodvar","9":"first","10":"instock","11":"shipping-taxable","12":"product-type-simple"},"yoast_head":"<!-- This site is optimized with the Yoast SEO plugin v27.4 - https:\/\/yoast.com\/product\/yoast-seo-wordpress\/ -->\n<title>Webasto Thermo Pro 50 24v diesel mi\u00f0st\u00f6\u00f0 - B&iacute;lasmi&eth;urinn<\/title>\n<meta name=\"robots\" content=\"index, follow, max-snippet:-1, max-image-preview:large, max-video-preview:-1\" \/>\n<link rel=\"canonical\" href=\"https:\/\/bilasmidurinn.is\/en\/vefverslun\/midstodvar\/webasto-thermo-pro-50-24v-diesel-midstod\/\" \/>\n<meta property=\"og:locale\" content=\"en_GB\" \/>\n<meta property=\"og:type\" content=\"article\" \/>\n<meta property=\"og:title\" content=\"Webasto Thermo Pro 50 24v diesel mi\u00f0st\u00f6\u00f0 - B&iacute;lasmi&eth;urinn\" \/>\n<meta property=\"og:description\" content=\"Thermo Pro50 24v basic\" \/>\n<meta property=\"og:url\" content=\"https:\/\/bilasmidurinn.is\/en\/vefverslun\/midstodvar\/webasto-thermo-pro-50-24v-diesel-midstod\/\" \/>\n<meta property=\"og:site_name\" content=\"B&iacute;lasmi&eth;urinn\" \/>\n<meta property=\"article:modified_time\" content=\"2022-01-13T10:44:19+00:00\" \/>\n<meta property=\"og:image\" content=\"https:\/\/bilasmidurinn.is\/wp-content\/uploads\/2021\/11\/TT-evo-1-scaled.jpg\" \/>\n\t<meta property=\"og:image:width\" content=\"2560\" \/>\n\t<meta property=\"og:image:height\" content=\"1936\" \/>\n\t<meta property=\"og:image:type\" content=\"image\/jpeg\" \/>\n<meta name=\"twitter:card\" content=\"summary_large_image\" \/>\n<meta name=\"twitter:label1\" content=\"Estimated reading time\" \/>\n\t<meta name=\"twitter:data1\" content=\"1 minute\" \/>\n<script type=\"application\/ld+json\" class=\"yoast-schema-graph\">{\"@context\":\"https:\\\/\\\/schema.org\",\"@graph\":[{\"@type\":\"WebPage\",\"@id\":\"https:\\\/\\\/bilasmidurinn.is\\\/en\\\/vefverslun\\\/midstodvar\\\/webasto-thermo-pro-50-24v-diesel-midstod\\\/\",\"url\":\"https:\\\/\\\/bilasmidurinn.is\\\/en\\\/vefverslun\\\/midstodvar\\\/webasto-thermo-pro-50-24v-diesel-midstod\\\/\",\"name\":\"Webasto Thermo Pro 50 24v diesel mi\u00f0st\u00f6\u00f0 - B&iacute;lasmi&eth;urinn\",\"isPartOf\":{\"@id\":\"https:\\\/\\\/bilasmidurinn.is\\\/#website\"},\"primaryImageOfPage\":{\"@id\":\"https:\\\/\\\/bilasmidurinn.is\\\/en\\\/vefverslun\\\/midstodvar\\\/webasto-thermo-pro-50-24v-diesel-midstod\\\/#primaryimage\"},\"image\":{\"@id\":\"https:\\\/\\\/bilasmidurinn.is\\\/en\\\/vefverslun\\\/midstodvar\\\/webasto-thermo-pro-50-24v-diesel-midstod\\\/#primaryimage\"},\"thumbnailUrl\":\"https:\\\/\\\/bilasmidurinn.is\\\/wp-content\\\/uploads\\\/2021\\\/11\\\/TT-evo-1-scaled.jpg\",\"datePublished\":\"2021-11-16T20:52:23+00:00\",\"dateModified\":\"2022-01-13T10:44:19+00:00\",\"breadcrumb\":{\"@id\":\"https:\\\/\\\/bilasmidurinn.is\\\/en\\\/vefverslun\\\/midstodvar\\\/webasto-thermo-pro-50-24v-diesel-midstod\\\/#breadcrumb\"},\"inLanguage\":\"en-GB\",\"potentialAction\":[{\"@type\":\"ReadAction\",\"target\":[\"https:\\\/\\\/bilasmidurinn.is\\\/en\\\/vefverslun\\\/midstodvar\\\/webasto-thermo-pro-50-24v-diesel-midstod\\\/\"]}]},{\"@type\":\"ImageObject\",\"inLanguage\":\"en-GB\",\"@id\":\"https:\\\/\\\/bilasmidurinn.is\\\/en\\\/vefverslun\\\/midstodvar\\\/webasto-thermo-pro-50-24v-diesel-midstod\\\/#primaryimage\",\"url\":\"https:\\\/\\\/bilasmidurinn.is\\\/wp-content\\\/uploads\\\/2021\\\/11\\\/TT-evo-1-scaled.jpg\",\"contentUrl\":\"https:\\\/\\\/bilasmidurinn.is\\\/wp-content\\\/uploads\\\/2021\\\/11\\\/TT-evo-1-scaled.jpg\",\"width\":2560,\"height\":1936},{\"@type\":\"BreadcrumbList\",\"@id\":\"https:\\\/\\\/bilasmidurinn.is\\\/en\\\/vefverslun\\\/midstodvar\\\/webasto-thermo-pro-50-24v-diesel-midstod\\\/#breadcrumb\",\"itemListElement\":[{\"@type\":\"ListItem\",\"position\":1,\"name\":\"Home\",\"item\":\"https:\\\/\\\/bilasmidurinn.is\\\/\"},{\"@type\":\"ListItem\",\"position\":2,\"name\":\"V\u00f6rur \u00ed verslun\",\"item\":\"https:\\\/\\\/bilasmidurinn.is\\\/vefverslun\\\/\"},{\"@type\":\"ListItem\",\"position\":3,\"name\":\"Webasto Thermo Pro 50 24v diesel mi\u00f0st\u00f6\u00f0\"}]},{\"@type\":\"WebSite\",\"@id\":\"https:\\\/\\\/bilasmidurinn.is\\\/#website\",\"url\":\"https:\\\/\\\/bilasmidurinn.is\\\/\",\"name\":\"B&iacute;lasmi&eth;urinn\",\"description\":\"All sem &thorn;&uacute; &thorn;arft &iacute; t&aelig;ki&eth;\",\"potentialAction\":[{\"@type\":\"SearchAction\",\"target\":{\"@type\":\"EntryPoint\",\"urlTemplate\":\"https:\\\/\\\/bilasmidurinn.is\\\/?s={search_term_string}\"},\"query-input\":{\"@type\":\"PropertyValueSpecification\",\"valueRequired\":true,\"valueName\":\"search_term_string\"}}],\"inLanguage\":\"en-GB\"}]}<\/script>\n<!-- \/ Yoast SEO plugin. -->","yoast_head_json":{"title":"Webasto Thermo Pro 50 24v diesel mi\u00f0st\u00f6\u00f0 - B&iacute;lasmi&eth;urinn","robots":{"index":"index","follow":"follow","max-snippet":"max-snippet:-1","max-image-preview":"max-image-preview:large","max-video-preview":"max-video-preview:-1"},"canonical":"https:\/\/bilasmidurinn.is\/en\/vefverslun\/midstodvar\/webasto-thermo-pro-50-24v-diesel-midstod\/","og_locale":"en_GB","og_type":"article","og_title":"Webasto Thermo Pro 50 24v diesel mi\u00f0st\u00f6\u00f0 - B&iacute;lasmi&eth;urinn","og_description":"Thermo Pro50 24v basic","og_url":"https:\/\/bilasmidurinn.is\/en\/vefverslun\/midstodvar\/webasto-thermo-pro-50-24v-diesel-midstod\/","og_site_name":"B&iacute;lasmi&eth;urinn","article_modified_time":"2022-01-13T10:44:19+00:00","og_image":[{"width":2560,"height":1936,"url":"https:\/\/bilasmidurinn.is\/wp-content\/uploads\/2021\/11\/TT-evo-1-scaled.jpg","type":"image\/jpeg"}],"twitter_card":"summary_large_image","twitter_misc":{"Estimated reading time":"1 minute"},"schema":{"@context":"https:\/\/schema.org","@graph":[{"@type":"WebPage","@id":"https:\/\/bilasmidurinn.is\/en\/vefverslun\/midstodvar\/webasto-thermo-pro-50-24v-diesel-midstod\/","url":"https:\/\/bilasmidurinn.is\/en\/vefverslun\/midstodvar\/webasto-thermo-pro-50-24v-diesel-midstod\/","name":"Webasto Thermo Pro 50 24v diesel mi\u00f0st\u00f6\u00f0 - B&iacute;lasmi&eth;urinn","isPartOf":{"@id":"https:\/\/bilasmidurinn.is\/#website"},"primaryImageOfPage":{"@id":"https:\/\/bilasmidurinn.is\/en\/vefverslun\/midstodvar\/webasto-thermo-pro-50-24v-diesel-midstod\/#primaryimage"},"image":{"@id":"https:\/\/bilasmidurinn.is\/en\/vefverslun\/midstodvar\/webasto-thermo-pro-50-24v-diesel-midstod\/#primaryimage"},"thumbnailUrl":"https:\/\/bilasmidurinn.is\/wp-content\/uploads\/2021\/11\/TT-evo-1-scaled.jpg","datePublished":"2021-11-16T20:52:23+00:00","dateModified":"2022-01-13T10:44:19+00:00","breadcrumb":{"@id":"https:\/\/bilasmidurinn.is\/en\/vefverslun\/midstodvar\/webasto-thermo-pro-50-24v-diesel-midstod\/#breadcrumb"},"inLanguage":"en-GB","potentialAction":[{"@type":"ReadAction","target":["https:\/\/bilasmidurinn.is\/en\/vefverslun\/midstodvar\/webasto-thermo-pro-50-24v-diesel-midstod\/"]}]},{"@type":"ImageObject","inLanguage":"en-GB","@id":"https:\/\/bilasmidurinn.is\/en\/vefverslun\/midstodvar\/webasto-thermo-pro-50-24v-diesel-midstod\/#primaryimage","url":"https:\/\/bilasmidurinn.is\/wp-content\/uploads\/2021\/11\/TT-evo-1-scaled.jpg","contentUrl":"https:\/\/bilasmidurinn.is\/wp-content\/uploads\/2021\/11\/TT-evo-1-scaled.jpg","width":2560,"height":1936},{"@type":"BreadcrumbList","@id":"https:\/\/bilasmidurinn.is\/en\/vefverslun\/midstodvar\/webasto-thermo-pro-50-24v-diesel-midstod\/#breadcrumb","itemListElement":[{"@type":"ListItem","position":1,"name":"Home","item":"https:\/\/bilasmidurinn.is\/"},{"@type":"ListItem","position":2,"name":"V\u00f6rur \u00ed verslun","item":"https:\/\/bilasmidurinn.is\/vefverslun\/"},{"@type":"ListItem","position":3,"name":"Webasto Thermo Pro 50 24v diesel mi\u00f0st\u00f6\u00f0"}]},{"@type":"WebSite","@id":"https:\/\/bilasmidurinn.is\/#website","url":"https:\/\/bilasmidurinn.is\/","name":"B&iacute;lasmi&eth;urinn","description":"All sem &thorn;&uacute; &thorn;arft &iacute; t&aelig;ki&eth;","potentialAction":[{"@type":"SearchAction","target":{"@type":"EntryPoint","urlTemplate":"https:\/\/bilasmidurinn.is\/?s={search_term_string}"},"query-input":{"@type":"PropertyValueSpecification","valueRequired":true,"valueName":"search_term_string"}}],"inLanguage":"en-GB"}]}},"_links":{"self":[{"href":"https:\/\/bilasmidurinn.is\/en\/wp-json\/wp\/v2\/product\/14085","targetHints":{"allow":["GET"]}}],"collection":[{"href":"https:\/\/bilasmidurinn.is\/en\/wp-json\/wp\/v2\/product"}],"about":[{"href":"https:\/\/bilasmidurinn.is\/en\/wp-json\/wp\/v2\/types\/product"}],"wp:featuredmedia":[{"embeddable":true,"href":"https:\/\/bilasmidurinn.is\/en\/wp-json\/wp\/v2\/media\/14086"}],"wp:attachment":[{"href":"https:\/\/bilasmidurinn.is\/en\/wp-json\/wp\/v2\/media?parent=14085"}],"wp:term":[{"taxonomy":"product_brand","embeddable":true,"href":"https:\/\/bilasmidurinn.is\/en\/wp-json\/wp\/v2\/product_brand?post=14085"},{"taxonomy":"product_cat","embeddable":true,"href":"https:\/\/bilasmidurinn.is\/en\/wp-json\/wp\/v2\/product_cat?post=14085"},{"taxonomy":"product_tag","embeddable":true,"href":"https:\/\/bilasmidurinn.is\/en\/wp-json\/wp\/v2\/product_tag?post=14085"}],"curies":[{"name":"wp","href":"https:\/\/api.w.org\/{rel}","templated":true}]}}