{"id":13620,"date":"2021-09-22T19:26:36","date_gmt":"2021-09-22T19:26:36","guid":{"rendered":"https:\/\/bilasmidurinn.is\/?post_type=product&#038;p=13620"},"modified":"2022-01-04T17:53:19","modified_gmt":"2022-01-04T17:53:19","slug":"led-minibar-varudarljos-12-24v-bolt","status":"publish","type":"product","link":"https:\/\/bilasmidurinn.is\/en\/vefverslun\/ljos\/varudarljos\/led-minibar-varudarljos-12-24v-bolt\/","title":{"rendered":"Warning light LED minibar12\/24v Bolt"},"content":{"rendered":"<p>LED minibar warning light bolted clear\/yellow<\/p>\n<p>12\/24h<\/p>\n<p>R10<\/p>\n<p>Height 96mm, Length 277mm, Width 146mm<\/p>\n<p>5 year warranty<\/p>\n<p>&nbsp;<\/p>\n<p>&nbsp;<\/p>","protected":false},"excerpt":{"rendered":"<p>LED minibar caution light bolt<\/p>","protected":false},"featured_media":13621,"template":"","meta":[],"product_brand":[7977],"product_cat":[8007],"product_tag":[],"class_list":{"0":"post-13620","1":"product","2":"type-product","3":"status-publish","4":"has-post-thumbnail","6":"product_brand-ecco-esg","7":"product_cat-varudarljos","9":"first","10":"instock","11":"shipping-taxable","12":"product-type-simple"},"yoast_head":"<!-- This site is optimized with the Yoast SEO plugin v27.4 - https:\/\/yoast.com\/product\/yoast-seo-wordpress\/ -->\n<title>Var\u00fa\u00f0arj\u00f3s LED minibar12\/24v Bolt - B&iacute;lasmi&eth;urinn<\/title>\n<meta name=\"robots\" content=\"index, follow, max-snippet:-1, max-image-preview:large, max-video-preview:-1\" \/>\n<link rel=\"canonical\" href=\"http:\/\/bilasmidurinn.is\/en\/vefverslun\/ljos\/varudarljos\/led-minibar-varudarljos-12-24v-bolt\/\" \/>\n<meta property=\"og:locale\" content=\"en_GB\" \/>\n<meta property=\"og:type\" content=\"article\" \/>\n<meta property=\"og:title\" content=\"Var\u00fa\u00f0arj\u00f3s LED minibar12\/24v Bolt - B&iacute;lasmi&eth;urinn\" \/>\n<meta property=\"og:description\" content=\"LED minibar var\u00f0\u00fa\u00f0arlj\u00f3s bolt\" \/>\n<meta property=\"og:url\" content=\"http:\/\/bilasmidurinn.is\/en\/vefverslun\/ljos\/varudarljos\/led-minibar-varudarljos-12-24v-bolt\/\" \/>\n<meta property=\"og:site_name\" content=\"B&iacute;lasmi&eth;urinn\" \/>\n<meta property=\"article:modified_time\" content=\"2022-01-04T17:53:19+00:00\" \/>\n<meta property=\"og:image\" content=\"https:\/\/bilasmidurinn.is\/wp-content\/uploads\/2021\/09\/A101..png\" \/>\n\t<meta property=\"og:image:width\" content=\"1500\" \/>\n\t<meta property=\"og:image:height\" content=\"1500\" \/>\n\t<meta property=\"og:image:type\" content=\"image\/png\" \/>\n<meta name=\"twitter:card\" content=\"summary_large_image\" \/>\n<script type=\"application\/ld+json\" class=\"yoast-schema-graph\">{\"@context\":\"https:\\\/\\\/schema.org\",\"@graph\":[{\"@type\":\"WebPage\",\"@id\":\"http:\\\/\\\/bilasmidurinn.is\\\/pl\\\/vefverslun\\\/ljos\\\/varudarljos\\\/led-minibar-varudarljos-12-24v-bolt\\\/\",\"url\":\"http:\\\/\\\/bilasmidurinn.is\\\/pl\\\/vefverslun\\\/ljos\\\/varudarljos\\\/led-minibar-varudarljos-12-24v-bolt\\\/\",\"name\":\"Var\u00fa\u00f0arj\u00f3s LED minibar12\\\/24v Bolt - B&iacute;lasmi&eth;urinn\",\"isPartOf\":{\"@id\":\"https:\\\/\\\/bilasmidurinn.is\\\/#website\"},\"primaryImageOfPage\":{\"@id\":\"http:\\\/\\\/bilasmidurinn.is\\\/pl\\\/vefverslun\\\/ljos\\\/varudarljos\\\/led-minibar-varudarljos-12-24v-bolt\\\/#primaryimage\"},\"image\":{\"@id\":\"http:\\\/\\\/bilasmidurinn.is\\\/pl\\\/vefverslun\\\/ljos\\\/varudarljos\\\/led-minibar-varudarljos-12-24v-bolt\\\/#primaryimage\"},\"thumbnailUrl\":\"https:\\\/\\\/bilasmidurinn.is\\\/wp-content\\\/uploads\\\/2021\\\/09\\\/A101..png\",\"datePublished\":\"2021-09-22T19:26:36+00:00\",\"dateModified\":\"2022-01-04T17:53:19+00:00\",\"breadcrumb\":{\"@id\":\"http:\\\/\\\/bilasmidurinn.is\\\/pl\\\/vefverslun\\\/ljos\\\/varudarljos\\\/led-minibar-varudarljos-12-24v-bolt\\\/#breadcrumb\"},\"inLanguage\":\"en-GB\",\"potentialAction\":[{\"@type\":\"ReadAction\",\"target\":[\"http:\\\/\\\/bilasmidurinn.is\\\/pl\\\/vefverslun\\\/ljos\\\/varudarljos\\\/led-minibar-varudarljos-12-24v-bolt\\\/\"]}]},{\"@type\":\"ImageObject\",\"inLanguage\":\"en-GB\",\"@id\":\"http:\\\/\\\/bilasmidurinn.is\\\/pl\\\/vefverslun\\\/ljos\\\/varudarljos\\\/led-minibar-varudarljos-12-24v-bolt\\\/#primaryimage\",\"url\":\"https:\\\/\\\/bilasmidurinn.is\\\/wp-content\\\/uploads\\\/2021\\\/09\\\/A101..png\",\"contentUrl\":\"https:\\\/\\\/bilasmidurinn.is\\\/wp-content\\\/uploads\\\/2021\\\/09\\\/A101..png\",\"width\":1500,\"height\":1500},{\"@type\":\"BreadcrumbList\",\"@id\":\"http:\\\/\\\/bilasmidurinn.is\\\/pl\\\/vefverslun\\\/ljos\\\/varudarljos\\\/led-minibar-varudarljos-12-24v-bolt\\\/#breadcrumb\",\"itemListElement\":[{\"@type\":\"ListItem\",\"position\":1,\"name\":\"Home\",\"item\":\"https:\\\/\\\/bilasmidurinn.is\\\/\"},{\"@type\":\"ListItem\",\"position\":2,\"name\":\"V\u00f6rur \u00ed verslun\",\"item\":\"https:\\\/\\\/bilasmidurinn.is\\\/vefverslun\\\/\"},{\"@type\":\"ListItem\",\"position\":3,\"name\":\"Var\u00fa\u00f0arj\u00f3s LED minibar12\\\/24v Bolt\"}]},{\"@type\":\"WebSite\",\"@id\":\"https:\\\/\\\/bilasmidurinn.is\\\/#website\",\"url\":\"https:\\\/\\\/bilasmidurinn.is\\\/\",\"name\":\"B&iacute;lasmi&eth;urinn\",\"description\":\"All sem &thorn;&uacute; &thorn;arft &iacute; t&aelig;ki&eth;\",\"potentialAction\":[{\"@type\":\"SearchAction\",\"target\":{\"@type\":\"EntryPoint\",\"urlTemplate\":\"https:\\\/\\\/bilasmidurinn.is\\\/?s={search_term_string}\"},\"query-input\":{\"@type\":\"PropertyValueSpecification\",\"valueRequired\":true,\"valueName\":\"search_term_string\"}}],\"inLanguage\":\"en-GB\"}]}<\/script>\n<!-- \/ Yoast SEO plugin. -->","yoast_head_json":{"title":"Var\u00fa\u00f0arj\u00f3s LED minibar12\/24v Bolt - B&iacute;lasmi&eth;urinn","robots":{"index":"index","follow":"follow","max-snippet":"max-snippet:-1","max-image-preview":"max-image-preview:large","max-video-preview":"max-video-preview:-1"},"canonical":"http:\/\/bilasmidurinn.is\/en\/vefverslun\/ljos\/varudarljos\/led-minibar-varudarljos-12-24v-bolt\/","og_locale":"en_GB","og_type":"article","og_title":"Var\u00fa\u00f0arj\u00f3s LED minibar12\/24v Bolt - B&iacute;lasmi&eth;urinn","og_description":"LED minibar var\u00f0\u00fa\u00f0arlj\u00f3s bolt","og_url":"http:\/\/bilasmidurinn.is\/en\/vefverslun\/ljos\/varudarljos\/led-minibar-varudarljos-12-24v-bolt\/","og_site_name":"B&iacute;lasmi&eth;urinn","article_modified_time":"2022-01-04T17:53:19+00:00","og_image":[{"width":1500,"height":1500,"url":"https:\/\/bilasmidurinn.is\/wp-content\/uploads\/2021\/09\/A101..png","type":"image\/png"}],"twitter_card":"summary_large_image","schema":{"@context":"https:\/\/schema.org","@graph":[{"@type":"WebPage","@id":"http:\/\/bilasmidurinn.is\/pl\/vefverslun\/ljos\/varudarljos\/led-minibar-varudarljos-12-24v-bolt\/","url":"http:\/\/bilasmidurinn.is\/pl\/vefverslun\/ljos\/varudarljos\/led-minibar-varudarljos-12-24v-bolt\/","name":"Var\u00fa\u00f0arj\u00f3s LED minibar12\/24v Bolt - B&iacute;lasmi&eth;urinn","isPartOf":{"@id":"https:\/\/bilasmidurinn.is\/#website"},"primaryImageOfPage":{"@id":"http:\/\/bilasmidurinn.is\/pl\/vefverslun\/ljos\/varudarljos\/led-minibar-varudarljos-12-24v-bolt\/#primaryimage"},"image":{"@id":"http:\/\/bilasmidurinn.is\/pl\/vefverslun\/ljos\/varudarljos\/led-minibar-varudarljos-12-24v-bolt\/#primaryimage"},"thumbnailUrl":"https:\/\/bilasmidurinn.is\/wp-content\/uploads\/2021\/09\/A101..png","datePublished":"2021-09-22T19:26:36+00:00","dateModified":"2022-01-04T17:53:19+00:00","breadcrumb":{"@id":"http:\/\/bilasmidurinn.is\/pl\/vefverslun\/ljos\/varudarljos\/led-minibar-varudarljos-12-24v-bolt\/#breadcrumb"},"inLanguage":"en-GB","potentialAction":[{"@type":"ReadAction","target":["http:\/\/bilasmidurinn.is\/pl\/vefverslun\/ljos\/varudarljos\/led-minibar-varudarljos-12-24v-bolt\/"]}]},{"@type":"ImageObject","inLanguage":"en-GB","@id":"http:\/\/bilasmidurinn.is\/pl\/vefverslun\/ljos\/varudarljos\/led-minibar-varudarljos-12-24v-bolt\/#primaryimage","url":"https:\/\/bilasmidurinn.is\/wp-content\/uploads\/2021\/09\/A101..png","contentUrl":"https:\/\/bilasmidurinn.is\/wp-content\/uploads\/2021\/09\/A101..png","width":1500,"height":1500},{"@type":"BreadcrumbList","@id":"http:\/\/bilasmidurinn.is\/pl\/vefverslun\/ljos\/varudarljos\/led-minibar-varudarljos-12-24v-bolt\/#breadcrumb","itemListElement":[{"@type":"ListItem","position":1,"name":"Home","item":"https:\/\/bilasmidurinn.is\/"},{"@type":"ListItem","position":2,"name":"V\u00f6rur \u00ed verslun","item":"https:\/\/bilasmidurinn.is\/vefverslun\/"},{"@type":"ListItem","position":3,"name":"Var\u00fa\u00f0arj\u00f3s LED minibar12\/24v Bolt"}]},{"@type":"WebSite","@id":"https:\/\/bilasmidurinn.is\/#website","url":"https:\/\/bilasmidurinn.is\/","name":"B&iacute;lasmi&eth;urinn","description":"All sem &thorn;&uacute; &thorn;arft &iacute; t&aelig;ki&eth;","potentialAction":[{"@type":"SearchAction","target":{"@type":"EntryPoint","urlTemplate":"https:\/\/bilasmidurinn.is\/?s={search_term_string}"},"query-input":{"@type":"PropertyValueSpecification","valueRequired":true,"valueName":"search_term_string"}}],"inLanguage":"en-GB"}]}},"_links":{"self":[{"href":"https:\/\/bilasmidurinn.is\/en\/wp-json\/wp\/v2\/product\/13620","targetHints":{"allow":["GET"]}}],"collection":[{"href":"https:\/\/bilasmidurinn.is\/en\/wp-json\/wp\/v2\/product"}],"about":[{"href":"https:\/\/bilasmidurinn.is\/en\/wp-json\/wp\/v2\/types\/product"}],"wp:featuredmedia":[{"embeddable":true,"href":"https:\/\/bilasmidurinn.is\/en\/wp-json\/wp\/v2\/media\/13621"}],"wp:attachment":[{"href":"https:\/\/bilasmidurinn.is\/en\/wp-json\/wp\/v2\/media?parent=13620"}],"wp:term":[{"taxonomy":"product_brand","embeddable":true,"href":"https:\/\/bilasmidurinn.is\/en\/wp-json\/wp\/v2\/product_brand?post=13620"},{"taxonomy":"product_cat","embeddable":true,"href":"https:\/\/bilasmidurinn.is\/en\/wp-json\/wp\/v2\/product_cat?post=13620"},{"taxonomy":"product_tag","embeddable":true,"href":"https:\/\/bilasmidurinn.is\/en\/wp-json\/wp\/v2\/product_tag?post=13620"}],"curies":[{"name":"wp","href":"https:\/\/api.w.org\/{rel}","templated":true}]}}