{"id":13593,"date":"2021-09-21T11:04:30","date_gmt":"2021-09-21T11:04:30","guid":{"rendered":"https:\/\/bilasmidurinn.is\/?post_type=product&#038;p=13593"},"modified":"2021-11-10T12:49:23","modified_gmt":"2021-11-10T12:49:23","slug":"teyja-ur-gummi-8mm-250mm","status":"publish","type":"product","link":"https:\/\/bilasmidurinn.is\/en\/vefverslun\/adrar-vorur\/teyja-ur-gummi-8mm-250mm\/","title":{"rendered":"Rubber band 8mm 250mm"},"content":{"rendered":"<p>Rubber band 250mm long thickness 8mm<\/p>\n<p>&nbsp;<\/p>","protected":false},"excerpt":{"rendered":"<p>Elastic band 8mm 250mm long<\/p>","protected":false},"featured_media":13594,"template":"","meta":[],"product_brand":[7944],"product_cat":[7951,7958],"product_tag":[],"class_list":{"0":"post-13593","1":"product","2":"type-product","3":"status-publish","4":"has-post-thumbnail","6":"product_brand-pommier","7":"product_cat-adrar-vorur","8":"product_cat-festingar","10":"first","11":"instock","12":"shipping-taxable","13":"product-type-simple"},"yoast_head":"<!-- This site is optimized with the Yoast SEO plugin v27.4 - https:\/\/yoast.com\/product\/yoast-seo-wordpress\/ -->\n<title>Teygja \u00far g\u00famm\u00ed 8mm 250mm - B&iacute;lasmi&eth;urinn<\/title>\n<meta name=\"robots\" content=\"index, follow, max-snippet:-1, max-image-preview:large, max-video-preview:-1\" \/>\n<link rel=\"canonical\" href=\"https:\/\/bilasmidurinn.is\/en\/vefverslun\/adrar-vorur\/teyja-ur-gummi-8mm-250mm\/\" \/>\n<meta property=\"og:locale\" content=\"en_GB\" \/>\n<meta property=\"og:type\" content=\"article\" \/>\n<meta property=\"og:title\" content=\"Teygja \u00far g\u00famm\u00ed 8mm 250mm - B&iacute;lasmi&eth;urinn\" \/>\n<meta property=\"og:description\" content=\"Teyja 8mm 250mm l\u00f6ng\" \/>\n<meta property=\"og:url\" content=\"https:\/\/bilasmidurinn.is\/en\/vefverslun\/adrar-vorur\/teyja-ur-gummi-8mm-250mm\/\" \/>\n<meta property=\"og:site_name\" content=\"B&iacute;lasmi&eth;urinn\" \/>\n<meta property=\"article:modified_time\" content=\"2021-11-10T12:49:23+00:00\" \/>\n<meta property=\"og:image\" content=\"https:\/\/bilasmidurinn.is\/wp-content\/uploads\/2021\/09\/42.72112.jpg\" \/>\n\t<meta property=\"og:image:width\" content=\"110\" \/>\n\t<meta property=\"og:image:height\" content=\"380\" \/>\n\t<meta property=\"og:image:type\" content=\"image\/jpeg\" \/>\n<meta name=\"twitter:card\" content=\"summary_large_image\" \/>\n<script type=\"application\/ld+json\" class=\"yoast-schema-graph\">{\"@context\":\"https:\\\/\\\/schema.org\",\"@graph\":[{\"@type\":\"WebPage\",\"@id\":\"https:\\\/\\\/bilasmidurinn.is\\\/pl\\\/vefverslun\\\/adrar-vorur\\\/teyja-ur-gummi-8mm-250mm\\\/\",\"url\":\"https:\\\/\\\/bilasmidurinn.is\\\/pl\\\/vefverslun\\\/adrar-vorur\\\/teyja-ur-gummi-8mm-250mm\\\/\",\"name\":\"Teygja \u00far g\u00famm\u00ed 8mm 250mm - B&iacute;lasmi&eth;urinn\",\"isPartOf\":{\"@id\":\"https:\\\/\\\/bilasmidurinn.is\\\/#website\"},\"primaryImageOfPage\":{\"@id\":\"https:\\\/\\\/bilasmidurinn.is\\\/pl\\\/vefverslun\\\/adrar-vorur\\\/teyja-ur-gummi-8mm-250mm\\\/#primaryimage\"},\"image\":{\"@id\":\"https:\\\/\\\/bilasmidurinn.is\\\/pl\\\/vefverslun\\\/adrar-vorur\\\/teyja-ur-gummi-8mm-250mm\\\/#primaryimage\"},\"thumbnailUrl\":\"https:\\\/\\\/bilasmidurinn.is\\\/wp-content\\\/uploads\\\/2021\\\/09\\\/42.72112.jpg\",\"datePublished\":\"2021-09-21T11:04:30+00:00\",\"dateModified\":\"2021-11-10T12:49:23+00:00\",\"breadcrumb\":{\"@id\":\"https:\\\/\\\/bilasmidurinn.is\\\/pl\\\/vefverslun\\\/adrar-vorur\\\/teyja-ur-gummi-8mm-250mm\\\/#breadcrumb\"},\"inLanguage\":\"en-GB\",\"potentialAction\":[{\"@type\":\"ReadAction\",\"target\":[\"https:\\\/\\\/bilasmidurinn.is\\\/pl\\\/vefverslun\\\/adrar-vorur\\\/teyja-ur-gummi-8mm-250mm\\\/\"]}]},{\"@type\":\"ImageObject\",\"inLanguage\":\"en-GB\",\"@id\":\"https:\\\/\\\/bilasmidurinn.is\\\/pl\\\/vefverslun\\\/adrar-vorur\\\/teyja-ur-gummi-8mm-250mm\\\/#primaryimage\",\"url\":\"https:\\\/\\\/bilasmidurinn.is\\\/wp-content\\\/uploads\\\/2021\\\/09\\\/42.72112.jpg\",\"contentUrl\":\"https:\\\/\\\/bilasmidurinn.is\\\/wp-content\\\/uploads\\\/2021\\\/09\\\/42.72112.jpg\",\"width\":110,\"height\":380},{\"@type\":\"BreadcrumbList\",\"@id\":\"https:\\\/\\\/bilasmidurinn.is\\\/pl\\\/vefverslun\\\/adrar-vorur\\\/teyja-ur-gummi-8mm-250mm\\\/#breadcrumb\",\"itemListElement\":[{\"@type\":\"ListItem\",\"position\":1,\"name\":\"Home\",\"item\":\"https:\\\/\\\/bilasmidurinn.is\\\/\"},{\"@type\":\"ListItem\",\"position\":2,\"name\":\"V\u00f6rur \u00ed verslun\",\"item\":\"https:\\\/\\\/bilasmidurinn.is\\\/vefverslun\\\/\"},{\"@type\":\"ListItem\",\"position\":3,\"name\":\"Teygja \u00far g\u00famm\u00ed 8mm 250mm\"}]},{\"@type\":\"WebSite\",\"@id\":\"https:\\\/\\\/bilasmidurinn.is\\\/#website\",\"url\":\"https:\\\/\\\/bilasmidurinn.is\\\/\",\"name\":\"B&iacute;lasmi&eth;urinn\",\"description\":\"All sem &thorn;&uacute; &thorn;arft &iacute; t&aelig;ki&eth;\",\"potentialAction\":[{\"@type\":\"SearchAction\",\"target\":{\"@type\":\"EntryPoint\",\"urlTemplate\":\"https:\\\/\\\/bilasmidurinn.is\\\/?s={search_term_string}\"},\"query-input\":{\"@type\":\"PropertyValueSpecification\",\"valueRequired\":true,\"valueName\":\"search_term_string\"}}],\"inLanguage\":\"en-GB\"}]}<\/script>\n<!-- \/ Yoast SEO plugin. -->","yoast_head_json":{"title":"Teygja \u00far g\u00famm\u00ed 8mm 250mm - B&iacute;lasmi&eth;urinn","robots":{"index":"index","follow":"follow","max-snippet":"max-snippet:-1","max-image-preview":"max-image-preview:large","max-video-preview":"max-video-preview:-1"},"canonical":"https:\/\/bilasmidurinn.is\/en\/vefverslun\/adrar-vorur\/teyja-ur-gummi-8mm-250mm\/","og_locale":"en_GB","og_type":"article","og_title":"Teygja \u00far g\u00famm\u00ed 8mm 250mm - B&iacute;lasmi&eth;urinn","og_description":"Teyja 8mm 250mm l\u00f6ng","og_url":"https:\/\/bilasmidurinn.is\/en\/vefverslun\/adrar-vorur\/teyja-ur-gummi-8mm-250mm\/","og_site_name":"B&iacute;lasmi&eth;urinn","article_modified_time":"2021-11-10T12:49:23+00:00","og_image":[{"width":110,"height":380,"url":"https:\/\/bilasmidurinn.is\/wp-content\/uploads\/2021\/09\/42.72112.jpg","type":"image\/jpeg"}],"twitter_card":"summary_large_image","schema":{"@context":"https:\/\/schema.org","@graph":[{"@type":"WebPage","@id":"https:\/\/bilasmidurinn.is\/pl\/vefverslun\/adrar-vorur\/teyja-ur-gummi-8mm-250mm\/","url":"https:\/\/bilasmidurinn.is\/pl\/vefverslun\/adrar-vorur\/teyja-ur-gummi-8mm-250mm\/","name":"Teygja \u00far g\u00famm\u00ed 8mm 250mm - B&iacute;lasmi&eth;urinn","isPartOf":{"@id":"https:\/\/bilasmidurinn.is\/#website"},"primaryImageOfPage":{"@id":"https:\/\/bilasmidurinn.is\/pl\/vefverslun\/adrar-vorur\/teyja-ur-gummi-8mm-250mm\/#primaryimage"},"image":{"@id":"https:\/\/bilasmidurinn.is\/pl\/vefverslun\/adrar-vorur\/teyja-ur-gummi-8mm-250mm\/#primaryimage"},"thumbnailUrl":"https:\/\/bilasmidurinn.is\/wp-content\/uploads\/2021\/09\/42.72112.jpg","datePublished":"2021-09-21T11:04:30+00:00","dateModified":"2021-11-10T12:49:23+00:00","breadcrumb":{"@id":"https:\/\/bilasmidurinn.is\/pl\/vefverslun\/adrar-vorur\/teyja-ur-gummi-8mm-250mm\/#breadcrumb"},"inLanguage":"en-GB","potentialAction":[{"@type":"ReadAction","target":["https:\/\/bilasmidurinn.is\/pl\/vefverslun\/adrar-vorur\/teyja-ur-gummi-8mm-250mm\/"]}]},{"@type":"ImageObject","inLanguage":"en-GB","@id":"https:\/\/bilasmidurinn.is\/pl\/vefverslun\/adrar-vorur\/teyja-ur-gummi-8mm-250mm\/#primaryimage","url":"https:\/\/bilasmidurinn.is\/wp-content\/uploads\/2021\/09\/42.72112.jpg","contentUrl":"https:\/\/bilasmidurinn.is\/wp-content\/uploads\/2021\/09\/42.72112.jpg","width":110,"height":380},{"@type":"BreadcrumbList","@id":"https:\/\/bilasmidurinn.is\/pl\/vefverslun\/adrar-vorur\/teyja-ur-gummi-8mm-250mm\/#breadcrumb","itemListElement":[{"@type":"ListItem","position":1,"name":"Home","item":"https:\/\/bilasmidurinn.is\/"},{"@type":"ListItem","position":2,"name":"V\u00f6rur \u00ed verslun","item":"https:\/\/bilasmidurinn.is\/vefverslun\/"},{"@type":"ListItem","position":3,"name":"Teygja \u00far g\u00famm\u00ed 8mm 250mm"}]},{"@type":"WebSite","@id":"https:\/\/bilasmidurinn.is\/#website","url":"https:\/\/bilasmidurinn.is\/","name":"B&iacute;lasmi&eth;urinn","description":"All sem &thorn;&uacute; &thorn;arft &iacute; t&aelig;ki&eth;","potentialAction":[{"@type":"SearchAction","target":{"@type":"EntryPoint","urlTemplate":"https:\/\/bilasmidurinn.is\/?s={search_term_string}"},"query-input":{"@type":"PropertyValueSpecification","valueRequired":true,"valueName":"search_term_string"}}],"inLanguage":"en-GB"}]}},"_links":{"self":[{"href":"https:\/\/bilasmidurinn.is\/en\/wp-json\/wp\/v2\/product\/13593","targetHints":{"allow":["GET"]}}],"collection":[{"href":"https:\/\/bilasmidurinn.is\/en\/wp-json\/wp\/v2\/product"}],"about":[{"href":"https:\/\/bilasmidurinn.is\/en\/wp-json\/wp\/v2\/types\/product"}],"wp:featuredmedia":[{"embeddable":true,"href":"https:\/\/bilasmidurinn.is\/en\/wp-json\/wp\/v2\/media\/13594"}],"wp:attachment":[{"href":"https:\/\/bilasmidurinn.is\/en\/wp-json\/wp\/v2\/media?parent=13593"}],"wp:term":[{"taxonomy":"product_brand","embeddable":true,"href":"https:\/\/bilasmidurinn.is\/en\/wp-json\/wp\/v2\/product_brand?post=13593"},{"taxonomy":"product_cat","embeddable":true,"href":"https:\/\/bilasmidurinn.is\/en\/wp-json\/wp\/v2\/product_cat?post=13593"},{"taxonomy":"product_tag","embeddable":true,"href":"https:\/\/bilasmidurinn.is\/en\/wp-json\/wp\/v2\/product_tag?post=13593"}],"curies":[{"name":"wp","href":"https:\/\/api.w.org\/{rel}","templated":true}]}}