{"id":13585,"date":"2021-09-20T22:03:59","date_gmt":"2021-09-20T22:03:59","guid":{"rendered":"https:\/\/bilasmidurinn.is\/?post_type=product&#038;p=13585"},"modified":"2025-08-22T12:04:56","modified_gmt":"2025-08-22T12:04:56","slug":"einangrun-sonit-alu-butyl-16-med-ali","status":"publish","type":"product","link":"https:\/\/bilasmidurinn.is\/en\/vefverslun\/einangrun\/einangrun-sonit-alu-butyl-16-med-ali\/","title":{"rendered":"Insulation Sonit ALU-Butyl 1,6 with aluminium"},"content":{"rendered":"<p>Sound insulation for fixing\/gluing on metal surfaces for damping, the material has a Butyl substrate and an aluminum coating.<\/p>\n<p>St\u00e6r\u00f0 1x1m, \u00feykkt\u00a0 2mm<\/p>\n<p>Butyl is a putty material and sticks very well even if the surface is not completely clean, but it is better to wipe off grease and dust.<\/p>\n<p>Au\u00f0velt a\u00f0 forma<\/p>\n<p>&nbsp;<\/p>","protected":false},"excerpt":{"rendered":"<p>SikaDamp Sonit ALU-butyl 1x1m 2mm \u00feykk hlj\u00f3\u00f0einangrunar plata.<\/p>","protected":false},"featured_media":13586,"template":"","meta":[],"product_brand":[7985],"product_cat":[7894],"product_tag":[],"class_list":{"0":"post-13585","1":"product","2":"type-product","3":"status-publish","4":"has-post-thumbnail","6":"product_brand-sika","7":"product_cat-einangrun","9":"first","10":"instock","11":"shipping-taxable","12":"product-type-simple"},"yoast_head":"<!-- This site is optimized with the Yoast SEO plugin v27.4 - https:\/\/yoast.com\/product\/yoast-seo-wordpress\/ -->\n<title>Einangrun Sonit ALU-Butyl 1,6 me\u00f0 \u00e1li - B&iacute;lasmi&eth;urinn<\/title>\n<meta name=\"robots\" content=\"index, follow, max-snippet:-1, max-image-preview:large, max-video-preview:-1\" \/>\n<link rel=\"canonical\" href=\"https:\/\/bilasmidurinn.is\/en\/vefverslun\/einangrun\/einangrun-sonit-alu-butyl-16-med-ali\/\" \/>\n<meta property=\"og:locale\" content=\"en_GB\" \/>\n<meta property=\"og:type\" content=\"article\" \/>\n<meta property=\"og:title\" content=\"Einangrun Sonit ALU-Butyl 1,6 me\u00f0 \u00e1li - B&iacute;lasmi&eth;urinn\" \/>\n<meta property=\"og:description\" content=\"SikaDamp Sonit ALU-butyl 1x1m 2mm \u00feykk hlj\u00f3\u00f0einangrunar plata.\" \/>\n<meta property=\"og:url\" content=\"https:\/\/bilasmidurinn.is\/en\/vefverslun\/einangrun\/einangrun-sonit-alu-butyl-16-med-ali\/\" \/>\n<meta property=\"og:site_name\" content=\"B&iacute;lasmi&eth;urinn\" \/>\n<meta property=\"article:modified_time\" content=\"2025-08-22T12:04:56+00:00\" \/>\n<meta property=\"og:image\" content=\"https:\/\/bilasmidurinn.is\/wp-content\/uploads\/2021\/09\/Sonit-alu-butyl.jpg\" \/>\n\t<meta property=\"og:image:width\" content=\"500\" \/>\n\t<meta property=\"og:image:height\" content=\"334\" \/>\n\t<meta property=\"og:image:type\" content=\"image\/jpeg\" \/>\n<meta name=\"twitter:card\" content=\"summary_large_image\" \/>\n<meta name=\"twitter:label1\" content=\"Estimated reading time\" \/>\n\t<meta name=\"twitter:data1\" content=\"1 minute\" \/>\n<script type=\"application\/ld+json\" class=\"yoast-schema-graph\">{\"@context\":\"https:\\\/\\\/schema.org\",\"@graph\":[{\"@type\":\"WebPage\",\"@id\":\"https:\\\/\\\/bilasmidurinn.is\\\/vefverslun\\\/einangrun\\\/einangrun-sonit-alu-butyl-16-med-ali\\\/\",\"url\":\"https:\\\/\\\/bilasmidurinn.is\\\/vefverslun\\\/einangrun\\\/einangrun-sonit-alu-butyl-16-med-ali\\\/\",\"name\":\"Einangrun Sonit ALU-Butyl 1,6 me\u00f0 \u00e1li - B&iacute;lasmi&eth;urinn\",\"isPartOf\":{\"@id\":\"https:\\\/\\\/bilasmidurinn.is\\\/#website\"},\"primaryImageOfPage\":{\"@id\":\"https:\\\/\\\/bilasmidurinn.is\\\/vefverslun\\\/einangrun\\\/einangrun-sonit-alu-butyl-16-med-ali\\\/#primaryimage\"},\"image\":{\"@id\":\"https:\\\/\\\/bilasmidurinn.is\\\/vefverslun\\\/einangrun\\\/einangrun-sonit-alu-butyl-16-med-ali\\\/#primaryimage\"},\"thumbnailUrl\":\"https:\\\/\\\/bilasmidurinn.is\\\/wp-content\\\/uploads\\\/2021\\\/09\\\/Sonit-alu-butyl.jpg\",\"datePublished\":\"2021-09-20T22:03:59+00:00\",\"dateModified\":\"2025-08-22T12:04:56+00:00\",\"breadcrumb\":{\"@id\":\"https:\\\/\\\/bilasmidurinn.is\\\/vefverslun\\\/einangrun\\\/einangrun-sonit-alu-butyl-16-med-ali\\\/#breadcrumb\"},\"inLanguage\":\"en-GB\",\"potentialAction\":[{\"@type\":\"ReadAction\",\"target\":[\"https:\\\/\\\/bilasmidurinn.is\\\/vefverslun\\\/einangrun\\\/einangrun-sonit-alu-butyl-16-med-ali\\\/\"]}]},{\"@type\":\"ImageObject\",\"inLanguage\":\"en-GB\",\"@id\":\"https:\\\/\\\/bilasmidurinn.is\\\/vefverslun\\\/einangrun\\\/einangrun-sonit-alu-butyl-16-med-ali\\\/#primaryimage\",\"url\":\"https:\\\/\\\/bilasmidurinn.is\\\/wp-content\\\/uploads\\\/2021\\\/09\\\/Sonit-alu-butyl.jpg\",\"contentUrl\":\"https:\\\/\\\/bilasmidurinn.is\\\/wp-content\\\/uploads\\\/2021\\\/09\\\/Sonit-alu-butyl.jpg\",\"width\":500,\"height\":334},{\"@type\":\"BreadcrumbList\",\"@id\":\"https:\\\/\\\/bilasmidurinn.is\\\/vefverslun\\\/einangrun\\\/einangrun-sonit-alu-butyl-16-med-ali\\\/#breadcrumb\",\"itemListElement\":[{\"@type\":\"ListItem\",\"position\":1,\"name\":\"Home\",\"item\":\"https:\\\/\\\/bilasmidurinn.is\\\/\"},{\"@type\":\"ListItem\",\"position\":2,\"name\":\"V\u00f6rur \u00ed verslun\",\"item\":\"https:\\\/\\\/bilasmidurinn.is\\\/vefverslun\\\/\"},{\"@type\":\"ListItem\",\"position\":3,\"name\":\"Einangrun Sonit ALU-Butyl 1,6 me\u00f0 \u00e1li\"}]},{\"@type\":\"WebSite\",\"@id\":\"https:\\\/\\\/bilasmidurinn.is\\\/#website\",\"url\":\"https:\\\/\\\/bilasmidurinn.is\\\/\",\"name\":\"B&iacute;lasmi&eth;urinn\",\"description\":\"All sem &thorn;&uacute; &thorn;arft &iacute; t&aelig;ki&eth;\",\"potentialAction\":[{\"@type\":\"SearchAction\",\"target\":{\"@type\":\"EntryPoint\",\"urlTemplate\":\"https:\\\/\\\/bilasmidurinn.is\\\/?s={search_term_string}\"},\"query-input\":{\"@type\":\"PropertyValueSpecification\",\"valueRequired\":true,\"valueName\":\"search_term_string\"}}],\"inLanguage\":\"en-GB\"}]}<\/script>\n<!-- \/ Yoast SEO plugin. -->","yoast_head_json":{"title":"Einangrun Sonit ALU-Butyl 1,6 me\u00f0 \u00e1li - B&iacute;lasmi&eth;urinn","robots":{"index":"index","follow":"follow","max-snippet":"max-snippet:-1","max-image-preview":"max-image-preview:large","max-video-preview":"max-video-preview:-1"},"canonical":"https:\/\/bilasmidurinn.is\/en\/vefverslun\/einangrun\/einangrun-sonit-alu-butyl-16-med-ali\/","og_locale":"en_GB","og_type":"article","og_title":"Einangrun Sonit ALU-Butyl 1,6 me\u00f0 \u00e1li - B&iacute;lasmi&eth;urinn","og_description":"SikaDamp Sonit ALU-butyl 1x1m 2mm \u00feykk hlj\u00f3\u00f0einangrunar plata.","og_url":"https:\/\/bilasmidurinn.is\/en\/vefverslun\/einangrun\/einangrun-sonit-alu-butyl-16-med-ali\/","og_site_name":"B&iacute;lasmi&eth;urinn","article_modified_time":"2025-08-22T12:04:56+00:00","og_image":[{"width":500,"height":334,"url":"https:\/\/bilasmidurinn.is\/wp-content\/uploads\/2021\/09\/Sonit-alu-butyl.jpg","type":"image\/jpeg"}],"twitter_card":"summary_large_image","twitter_misc":{"Estimated reading time":"1 minute"},"schema":{"@context":"https:\/\/schema.org","@graph":[{"@type":"WebPage","@id":"https:\/\/bilasmidurinn.is\/vefverslun\/einangrun\/einangrun-sonit-alu-butyl-16-med-ali\/","url":"https:\/\/bilasmidurinn.is\/vefverslun\/einangrun\/einangrun-sonit-alu-butyl-16-med-ali\/","name":"Einangrun Sonit ALU-Butyl 1,6 me\u00f0 \u00e1li - B&iacute;lasmi&eth;urinn","isPartOf":{"@id":"https:\/\/bilasmidurinn.is\/#website"},"primaryImageOfPage":{"@id":"https:\/\/bilasmidurinn.is\/vefverslun\/einangrun\/einangrun-sonit-alu-butyl-16-med-ali\/#primaryimage"},"image":{"@id":"https:\/\/bilasmidurinn.is\/vefverslun\/einangrun\/einangrun-sonit-alu-butyl-16-med-ali\/#primaryimage"},"thumbnailUrl":"https:\/\/bilasmidurinn.is\/wp-content\/uploads\/2021\/09\/Sonit-alu-butyl.jpg","datePublished":"2021-09-20T22:03:59+00:00","dateModified":"2025-08-22T12:04:56+00:00","breadcrumb":{"@id":"https:\/\/bilasmidurinn.is\/vefverslun\/einangrun\/einangrun-sonit-alu-butyl-16-med-ali\/#breadcrumb"},"inLanguage":"en-GB","potentialAction":[{"@type":"ReadAction","target":["https:\/\/bilasmidurinn.is\/vefverslun\/einangrun\/einangrun-sonit-alu-butyl-16-med-ali\/"]}]},{"@type":"ImageObject","inLanguage":"en-GB","@id":"https:\/\/bilasmidurinn.is\/vefverslun\/einangrun\/einangrun-sonit-alu-butyl-16-med-ali\/#primaryimage","url":"https:\/\/bilasmidurinn.is\/wp-content\/uploads\/2021\/09\/Sonit-alu-butyl.jpg","contentUrl":"https:\/\/bilasmidurinn.is\/wp-content\/uploads\/2021\/09\/Sonit-alu-butyl.jpg","width":500,"height":334},{"@type":"BreadcrumbList","@id":"https:\/\/bilasmidurinn.is\/vefverslun\/einangrun\/einangrun-sonit-alu-butyl-16-med-ali\/#breadcrumb","itemListElement":[{"@type":"ListItem","position":1,"name":"Home","item":"https:\/\/bilasmidurinn.is\/"},{"@type":"ListItem","position":2,"name":"V\u00f6rur \u00ed verslun","item":"https:\/\/bilasmidurinn.is\/vefverslun\/"},{"@type":"ListItem","position":3,"name":"Einangrun Sonit ALU-Butyl 1,6 me\u00f0 \u00e1li"}]},{"@type":"WebSite","@id":"https:\/\/bilasmidurinn.is\/#website","url":"https:\/\/bilasmidurinn.is\/","name":"B&iacute;lasmi&eth;urinn","description":"All sem &thorn;&uacute; &thorn;arft &iacute; t&aelig;ki&eth;","potentialAction":[{"@type":"SearchAction","target":{"@type":"EntryPoint","urlTemplate":"https:\/\/bilasmidurinn.is\/?s={search_term_string}"},"query-input":{"@type":"PropertyValueSpecification","valueRequired":true,"valueName":"search_term_string"}}],"inLanguage":"en-GB"}]}},"_links":{"self":[{"href":"https:\/\/bilasmidurinn.is\/en\/wp-json\/wp\/v2\/product\/13585","targetHints":{"allow":["GET"]}}],"collection":[{"href":"https:\/\/bilasmidurinn.is\/en\/wp-json\/wp\/v2\/product"}],"about":[{"href":"https:\/\/bilasmidurinn.is\/en\/wp-json\/wp\/v2\/types\/product"}],"wp:featuredmedia":[{"embeddable":true,"href":"https:\/\/bilasmidurinn.is\/en\/wp-json\/wp\/v2\/media\/13586"}],"wp:attachment":[{"href":"https:\/\/bilasmidurinn.is\/en\/wp-json\/wp\/v2\/media?parent=13585"}],"wp:term":[{"taxonomy":"product_brand","embeddable":true,"href":"https:\/\/bilasmidurinn.is\/en\/wp-json\/wp\/v2\/product_brand?post=13585"},{"taxonomy":"product_cat","embeddable":true,"href":"https:\/\/bilasmidurinn.is\/en\/wp-json\/wp\/v2\/product_cat?post=13585"},{"taxonomy":"product_tag","embeddable":true,"href":"https:\/\/bilasmidurinn.is\/en\/wp-json\/wp\/v2\/product_tag?post=13585"}],"curies":[{"name":"wp","href":"https:\/\/api.w.org\/{rel}","templated":true}]}}