{"id":13577,"date":"2021-09-20T21:33:05","date_gmt":"2021-09-20T21:33:05","guid":{"rendered":"https:\/\/bilasmidurinn.is\/?post_type=product&#038;p=13577"},"modified":"2023-04-17T11:31:50","modified_gmt":"2023-04-17T11:31:50","slug":"snuningur-fiat-ducato-psv-juper-boxer-fra-2006","status":"publish","type":"product","link":"https:\/\/bilasmidurinn.is\/en\/vefverslun\/stolar\/snuningar\/snuningur-fiat-ducato-psv-juper-boxer-fra-2006\/","title":{"rendered":"Fiat Ducato\/ PSV Juper\/Boxer conversion from 2006"},"content":{"rendered":"<p>Rotation for Fiat Ducato X250 and Citroen Jumper or Peugot Boxer from 2006 on the right passenger side<\/p>","protected":false},"excerpt":{"rendered":"<p>Rotation of Fiat Ducato and PSV from 2006 right<\/p>","protected":false},"featured_media":13566,"template":"","meta":[],"product_brand":[7982],"product_cat":[8039],"product_tag":[],"class_list":{"0":"post-13577","1":"product","2":"type-product","3":"status-publish","4":"has-post-thumbnail","6":"product_brand-scopema","7":"product_cat-snuningar","9":"first","10":"instock","11":"shipping-taxable","12":"product-type-simple"},"yoast_head":"<!-- This site is optimized with the Yoast SEO plugin v27.4 - https:\/\/yoast.com\/product\/yoast-seo-wordpress\/ -->\n<title>Sn\u00faningur Fiat Ducato\/ PSV Juper\/Boxer fr\u00e1 2006 - B&iacute;lasmi&eth;urinn<\/title>\n<meta name=\"robots\" content=\"index, follow, max-snippet:-1, max-image-preview:large, max-video-preview:-1\" \/>\n<link rel=\"canonical\" href=\"https:\/\/bilasmidurinn.is\/en\/vefverslun\/stolar\/snuningar\/snuningur-fiat-ducato-psv-juper-boxer-fra-2006\/\" \/>\n<meta property=\"og:locale\" content=\"en_GB\" \/>\n<meta property=\"og:type\" content=\"article\" \/>\n<meta property=\"og:title\" content=\"Sn\u00faningur Fiat Ducato\/ PSV Juper\/Boxer fr\u00e1 2006 - B&iacute;lasmi&eth;urinn\" \/>\n<meta property=\"og:description\" content=\"Sn\u00faningur Fiat Ducato og PSV fr\u00e1 2006 h\u00e6gri\" \/>\n<meta property=\"og:url\" content=\"https:\/\/bilasmidurinn.is\/en\/vefverslun\/stolar\/snuningar\/snuningur-fiat-ducato-psv-juper-boxer-fra-2006\/\" \/>\n<meta property=\"og:site_name\" content=\"B&iacute;lasmi&eth;urinn\" \/>\n<meta property=\"article:modified_time\" content=\"2023-04-17T11:31:50+00:00\" \/>\n<meta property=\"og:image\" content=\"https:\/\/bilasmidurinn.is\/wp-content\/uploads\/2021\/09\/Snuningurindex-3.jpg\" \/>\n\t<meta property=\"og:image:width\" content=\"225\" \/>\n\t<meta property=\"og:image:height\" content=\"225\" \/>\n\t<meta property=\"og:image:type\" content=\"image\/jpeg\" \/>\n<meta name=\"twitter:card\" content=\"summary_large_image\" \/>\n<script type=\"application\/ld+json\" class=\"yoast-schema-graph\">{\"@context\":\"https:\\\/\\\/schema.org\",\"@graph\":[{\"@type\":\"WebPage\",\"@id\":\"https:\\\/\\\/bilasmidurinn.is\\\/vefverslun\\\/stolar\\\/snuningar\\\/snuningur-fiat-ducato-psv-juper-boxer-fra-2006\\\/\",\"url\":\"https:\\\/\\\/bilasmidurinn.is\\\/vefverslun\\\/stolar\\\/snuningar\\\/snuningur-fiat-ducato-psv-juper-boxer-fra-2006\\\/\",\"name\":\"Sn\u00faningur Fiat Ducato\\\/ PSV Juper\\\/Boxer fr\u00e1 2006 - B&iacute;lasmi&eth;urinn\",\"isPartOf\":{\"@id\":\"https:\\\/\\\/bilasmidurinn.is\\\/#website\"},\"primaryImageOfPage\":{\"@id\":\"https:\\\/\\\/bilasmidurinn.is\\\/vefverslun\\\/stolar\\\/snuningar\\\/snuningur-fiat-ducato-psv-juper-boxer-fra-2006\\\/#primaryimage\"},\"image\":{\"@id\":\"https:\\\/\\\/bilasmidurinn.is\\\/vefverslun\\\/stolar\\\/snuningar\\\/snuningur-fiat-ducato-psv-juper-boxer-fra-2006\\\/#primaryimage\"},\"thumbnailUrl\":\"https:\\\/\\\/bilasmidurinn.is\\\/wp-content\\\/uploads\\\/2021\\\/09\\\/Snuningurindex-3.jpg\",\"datePublished\":\"2021-09-20T21:33:05+00:00\",\"dateModified\":\"2023-04-17T11:31:50+00:00\",\"breadcrumb\":{\"@id\":\"https:\\\/\\\/bilasmidurinn.is\\\/vefverslun\\\/stolar\\\/snuningar\\\/snuningur-fiat-ducato-psv-juper-boxer-fra-2006\\\/#breadcrumb\"},\"inLanguage\":\"en-GB\",\"potentialAction\":[{\"@type\":\"ReadAction\",\"target\":[\"https:\\\/\\\/bilasmidurinn.is\\\/vefverslun\\\/stolar\\\/snuningar\\\/snuningur-fiat-ducato-psv-juper-boxer-fra-2006\\\/\"]}]},{\"@type\":\"ImageObject\",\"inLanguage\":\"en-GB\",\"@id\":\"https:\\\/\\\/bilasmidurinn.is\\\/vefverslun\\\/stolar\\\/snuningar\\\/snuningur-fiat-ducato-psv-juper-boxer-fra-2006\\\/#primaryimage\",\"url\":\"https:\\\/\\\/bilasmidurinn.is\\\/wp-content\\\/uploads\\\/2021\\\/09\\\/Snuningurindex-3.jpg\",\"contentUrl\":\"https:\\\/\\\/bilasmidurinn.is\\\/wp-content\\\/uploads\\\/2021\\\/09\\\/Snuningurindex-3.jpg\",\"width\":225,\"height\":225},{\"@type\":\"BreadcrumbList\",\"@id\":\"https:\\\/\\\/bilasmidurinn.is\\\/vefverslun\\\/stolar\\\/snuningar\\\/snuningur-fiat-ducato-psv-juper-boxer-fra-2006\\\/#breadcrumb\",\"itemListElement\":[{\"@type\":\"ListItem\",\"position\":1,\"name\":\"Home\",\"item\":\"https:\\\/\\\/bilasmidurinn.is\\\/\"},{\"@type\":\"ListItem\",\"position\":2,\"name\":\"V\u00f6rur \u00ed verslun\",\"item\":\"https:\\\/\\\/bilasmidurinn.is\\\/vefverslun\\\/\"},{\"@type\":\"ListItem\",\"position\":3,\"name\":\"Sn\u00faningur Fiat Ducato\\\/ PSV Juper\\\/Boxer fr\u00e1 2006\"}]},{\"@type\":\"WebSite\",\"@id\":\"https:\\\/\\\/bilasmidurinn.is\\\/#website\",\"url\":\"https:\\\/\\\/bilasmidurinn.is\\\/\",\"name\":\"B&iacute;lasmi&eth;urinn\",\"description\":\"All sem &thorn;&uacute; &thorn;arft &iacute; t&aelig;ki&eth;\",\"potentialAction\":[{\"@type\":\"SearchAction\",\"target\":{\"@type\":\"EntryPoint\",\"urlTemplate\":\"https:\\\/\\\/bilasmidurinn.is\\\/?s={search_term_string}\"},\"query-input\":{\"@type\":\"PropertyValueSpecification\",\"valueRequired\":true,\"valueName\":\"search_term_string\"}}],\"inLanguage\":\"en-GB\"}]}<\/script>\n<!-- \/ Yoast SEO plugin. -->","yoast_head_json":{"title":"Sn\u00faningur Fiat Ducato\/ PSV Juper\/Boxer fr\u00e1 2006 - B&iacute;lasmi&eth;urinn","robots":{"index":"index","follow":"follow","max-snippet":"max-snippet:-1","max-image-preview":"max-image-preview:large","max-video-preview":"max-video-preview:-1"},"canonical":"https:\/\/bilasmidurinn.is\/en\/vefverslun\/stolar\/snuningar\/snuningur-fiat-ducato-psv-juper-boxer-fra-2006\/","og_locale":"en_GB","og_type":"article","og_title":"Sn\u00faningur Fiat Ducato\/ PSV Juper\/Boxer fr\u00e1 2006 - B&iacute;lasmi&eth;urinn","og_description":"Sn\u00faningur Fiat Ducato og PSV fr\u00e1 2006 h\u00e6gri","og_url":"https:\/\/bilasmidurinn.is\/en\/vefverslun\/stolar\/snuningar\/snuningur-fiat-ducato-psv-juper-boxer-fra-2006\/","og_site_name":"B&iacute;lasmi&eth;urinn","article_modified_time":"2023-04-17T11:31:50+00:00","og_image":[{"width":225,"height":225,"url":"https:\/\/bilasmidurinn.is\/wp-content\/uploads\/2021\/09\/Snuningurindex-3.jpg","type":"image\/jpeg"}],"twitter_card":"summary_large_image","schema":{"@context":"https:\/\/schema.org","@graph":[{"@type":"WebPage","@id":"https:\/\/bilasmidurinn.is\/vefverslun\/stolar\/snuningar\/snuningur-fiat-ducato-psv-juper-boxer-fra-2006\/","url":"https:\/\/bilasmidurinn.is\/vefverslun\/stolar\/snuningar\/snuningur-fiat-ducato-psv-juper-boxer-fra-2006\/","name":"Sn\u00faningur Fiat Ducato\/ PSV Juper\/Boxer fr\u00e1 2006 - B&iacute;lasmi&eth;urinn","isPartOf":{"@id":"https:\/\/bilasmidurinn.is\/#website"},"primaryImageOfPage":{"@id":"https:\/\/bilasmidurinn.is\/vefverslun\/stolar\/snuningar\/snuningur-fiat-ducato-psv-juper-boxer-fra-2006\/#primaryimage"},"image":{"@id":"https:\/\/bilasmidurinn.is\/vefverslun\/stolar\/snuningar\/snuningur-fiat-ducato-psv-juper-boxer-fra-2006\/#primaryimage"},"thumbnailUrl":"https:\/\/bilasmidurinn.is\/wp-content\/uploads\/2021\/09\/Snuningurindex-3.jpg","datePublished":"2021-09-20T21:33:05+00:00","dateModified":"2023-04-17T11:31:50+00:00","breadcrumb":{"@id":"https:\/\/bilasmidurinn.is\/vefverslun\/stolar\/snuningar\/snuningur-fiat-ducato-psv-juper-boxer-fra-2006\/#breadcrumb"},"inLanguage":"en-GB","potentialAction":[{"@type":"ReadAction","target":["https:\/\/bilasmidurinn.is\/vefverslun\/stolar\/snuningar\/snuningur-fiat-ducato-psv-juper-boxer-fra-2006\/"]}]},{"@type":"ImageObject","inLanguage":"en-GB","@id":"https:\/\/bilasmidurinn.is\/vefverslun\/stolar\/snuningar\/snuningur-fiat-ducato-psv-juper-boxer-fra-2006\/#primaryimage","url":"https:\/\/bilasmidurinn.is\/wp-content\/uploads\/2021\/09\/Snuningurindex-3.jpg","contentUrl":"https:\/\/bilasmidurinn.is\/wp-content\/uploads\/2021\/09\/Snuningurindex-3.jpg","width":225,"height":225},{"@type":"BreadcrumbList","@id":"https:\/\/bilasmidurinn.is\/vefverslun\/stolar\/snuningar\/snuningur-fiat-ducato-psv-juper-boxer-fra-2006\/#breadcrumb","itemListElement":[{"@type":"ListItem","position":1,"name":"Home","item":"https:\/\/bilasmidurinn.is\/"},{"@type":"ListItem","position":2,"name":"V\u00f6rur \u00ed verslun","item":"https:\/\/bilasmidurinn.is\/vefverslun\/"},{"@type":"ListItem","position":3,"name":"Sn\u00faningur Fiat Ducato\/ PSV Juper\/Boxer fr\u00e1 2006"}]},{"@type":"WebSite","@id":"https:\/\/bilasmidurinn.is\/#website","url":"https:\/\/bilasmidurinn.is\/","name":"B&iacute;lasmi&eth;urinn","description":"All sem &thorn;&uacute; &thorn;arft &iacute; t&aelig;ki&eth;","potentialAction":[{"@type":"SearchAction","target":{"@type":"EntryPoint","urlTemplate":"https:\/\/bilasmidurinn.is\/?s={search_term_string}"},"query-input":{"@type":"PropertyValueSpecification","valueRequired":true,"valueName":"search_term_string"}}],"inLanguage":"en-GB"}]}},"_links":{"self":[{"href":"https:\/\/bilasmidurinn.is\/en\/wp-json\/wp\/v2\/product\/13577","targetHints":{"allow":["GET"]}}],"collection":[{"href":"https:\/\/bilasmidurinn.is\/en\/wp-json\/wp\/v2\/product"}],"about":[{"href":"https:\/\/bilasmidurinn.is\/en\/wp-json\/wp\/v2\/types\/product"}],"wp:featuredmedia":[{"embeddable":true,"href":"https:\/\/bilasmidurinn.is\/en\/wp-json\/wp\/v2\/media\/13566"}],"wp:attachment":[{"href":"https:\/\/bilasmidurinn.is\/en\/wp-json\/wp\/v2\/media?parent=13577"}],"wp:term":[{"taxonomy":"product_brand","embeddable":true,"href":"https:\/\/bilasmidurinn.is\/en\/wp-json\/wp\/v2\/product_brand?post=13577"},{"taxonomy":"product_cat","embeddable":true,"href":"https:\/\/bilasmidurinn.is\/en\/wp-json\/wp\/v2\/product_cat?post=13577"},{"taxonomy":"product_tag","embeddable":true,"href":"https:\/\/bilasmidurinn.is\/en\/wp-json\/wp\/v2\/product_tag?post=13577"}],"curies":[{"name":"wp","href":"https:\/\/api.w.org\/{rel}","templated":true}]}}