{"id":13521,"date":"2021-09-20T18:55:06","date_gmt":"2021-09-20T18:55:06","guid":{"rendered":"https:\/\/bilasmidurinn.is\/?post_type=product&#038;p=13521"},"modified":"2022-11-21T18:42:25","modified_gmt":"2022-11-21T18:42:25","slug":"hljodeinangrun-10mm-pu-med-limi-og-pvc-hud","status":"publish","type":"product","link":"https:\/\/bilasmidurinn.is\/en\/vefverslun\/einangrun\/hljodeinangrun-10mm-pu-med-limi-og-pvc-hud\/","title":{"rendered":"Sound insulation 10mm PU with glue and PVC coating"},"content":{"rendered":"<p>10mm thick sound insulation made of PU with glue and black PVC coating<\/p>\n<p>Size 1x1m<\/p>","protected":false},"excerpt":{"rendered":"<p>10mm sound insulation with PVC<\/p>","protected":false},"featured_media":13522,"template":"","meta":[],"product_brand":[7976],"product_cat":[7894],"product_tag":[],"class_list":{"0":"post-13521","1":"product","2":"type-product","3":"status-publish","4":"has-post-thumbnail","6":"product_brand-meluton","7":"product_cat-einangrun","9":"first","10":"instock","11":"shipping-taxable","12":"product-type-simple"},"yoast_head":"<!-- This site is optimized with the Yoast SEO plugin v27.4 - https:\/\/yoast.com\/product\/yoast-seo-wordpress\/ -->\n<title>Hlj\u00f3\u00f0einangrun 10mm PU me\u00f0 l\u00edmi og PVC h\u00fa\u00f0 - B&iacute;lasmi&eth;urinn<\/title>\n<meta name=\"robots\" content=\"index, follow, max-snippet:-1, max-image-preview:large, max-video-preview:-1\" \/>\n<link rel=\"canonical\" href=\"http:\/\/bilasmidurinn.is\/en\/vefverslun\/einangrun\/hljodeinangrun-10mm-pu-med-limi-og-pvc-hud\/\" \/>\n<meta property=\"og:locale\" content=\"en_GB\" \/>\n<meta property=\"og:type\" content=\"article\" \/>\n<meta property=\"og:title\" content=\"Hlj\u00f3\u00f0einangrun 10mm PU me\u00f0 l\u00edmi og PVC h\u00fa\u00f0 - B&iacute;lasmi&eth;urinn\" \/>\n<meta property=\"og:description\" content=\"10mm hj\u00f3\u00f0einangrun me\u00f0 PVC\" \/>\n<meta property=\"og:url\" content=\"http:\/\/bilasmidurinn.is\/en\/vefverslun\/einangrun\/hljodeinangrun-10mm-pu-med-limi-og-pvc-hud\/\" \/>\n<meta property=\"og:site_name\" content=\"B&iacute;lasmi&eth;urinn\" \/>\n<meta property=\"article:modified_time\" content=\"2022-11-21T18:42:25+00:00\" \/>\n<meta property=\"og:image\" content=\"https:\/\/bilasmidurinn.is\/wp-content\/uploads\/2021\/09\/PUR-10-T110.jpg\" \/>\n\t<meta property=\"og:image:width\" content=\"1417\" \/>\n\t<meta property=\"og:image:height\" content=\"1417\" \/>\n\t<meta property=\"og:image:type\" content=\"image\/jpeg\" \/>\n<meta name=\"twitter:card\" content=\"summary_large_image\" \/>\n<script type=\"application\/ld+json\" class=\"yoast-schema-graph\">{\"@context\":\"https:\\\/\\\/schema.org\",\"@graph\":[{\"@type\":\"WebPage\",\"@id\":\"http:\\\/\\\/bilasmidurinn.is\\\/en\\\/vefverslun\\\/einangrun\\\/hljodeinangrun-10mm-pu-med-limi-og-pvc-hud\\\/\",\"url\":\"http:\\\/\\\/bilasmidurinn.is\\\/en\\\/vefverslun\\\/einangrun\\\/hljodeinangrun-10mm-pu-med-limi-og-pvc-hud\\\/\",\"name\":\"Hlj\u00f3\u00f0einangrun 10mm PU me\u00f0 l\u00edmi og PVC h\u00fa\u00f0 - B&iacute;lasmi&eth;urinn\",\"isPartOf\":{\"@id\":\"https:\\\/\\\/bilasmidurinn.is\\\/#website\"},\"primaryImageOfPage\":{\"@id\":\"http:\\\/\\\/bilasmidurinn.is\\\/en\\\/vefverslun\\\/einangrun\\\/hljodeinangrun-10mm-pu-med-limi-og-pvc-hud\\\/#primaryimage\"},\"image\":{\"@id\":\"http:\\\/\\\/bilasmidurinn.is\\\/en\\\/vefverslun\\\/einangrun\\\/hljodeinangrun-10mm-pu-med-limi-og-pvc-hud\\\/#primaryimage\"},\"thumbnailUrl\":\"https:\\\/\\\/bilasmidurinn.is\\\/wp-content\\\/uploads\\\/2021\\\/09\\\/PUR-10-T110.jpg\",\"datePublished\":\"2021-09-20T18:55:06+00:00\",\"dateModified\":\"2022-11-21T18:42:25+00:00\",\"breadcrumb\":{\"@id\":\"http:\\\/\\\/bilasmidurinn.is\\\/en\\\/vefverslun\\\/einangrun\\\/hljodeinangrun-10mm-pu-med-limi-og-pvc-hud\\\/#breadcrumb\"},\"inLanguage\":\"en-GB\",\"potentialAction\":[{\"@type\":\"ReadAction\",\"target\":[\"http:\\\/\\\/bilasmidurinn.is\\\/en\\\/vefverslun\\\/einangrun\\\/hljodeinangrun-10mm-pu-med-limi-og-pvc-hud\\\/\"]}]},{\"@type\":\"ImageObject\",\"inLanguage\":\"en-GB\",\"@id\":\"http:\\\/\\\/bilasmidurinn.is\\\/en\\\/vefverslun\\\/einangrun\\\/hljodeinangrun-10mm-pu-med-limi-og-pvc-hud\\\/#primaryimage\",\"url\":\"https:\\\/\\\/bilasmidurinn.is\\\/wp-content\\\/uploads\\\/2021\\\/09\\\/PUR-10-T110.jpg\",\"contentUrl\":\"https:\\\/\\\/bilasmidurinn.is\\\/wp-content\\\/uploads\\\/2021\\\/09\\\/PUR-10-T110.jpg\",\"width\":1417,\"height\":1417},{\"@type\":\"BreadcrumbList\",\"@id\":\"http:\\\/\\\/bilasmidurinn.is\\\/en\\\/vefverslun\\\/einangrun\\\/hljodeinangrun-10mm-pu-med-limi-og-pvc-hud\\\/#breadcrumb\",\"itemListElement\":[{\"@type\":\"ListItem\",\"position\":1,\"name\":\"Home\",\"item\":\"https:\\\/\\\/bilasmidurinn.is\\\/\"},{\"@type\":\"ListItem\",\"position\":2,\"name\":\"V\u00f6rur \u00ed verslun\",\"item\":\"https:\\\/\\\/bilasmidurinn.is\\\/vefverslun\\\/\"},{\"@type\":\"ListItem\",\"position\":3,\"name\":\"Hlj\u00f3\u00f0einangrun 10mm PU me\u00f0 l\u00edmi og PVC h\u00fa\u00f0\"}]},{\"@type\":\"WebSite\",\"@id\":\"https:\\\/\\\/bilasmidurinn.is\\\/#website\",\"url\":\"https:\\\/\\\/bilasmidurinn.is\\\/\",\"name\":\"B&iacute;lasmi&eth;urinn\",\"description\":\"All sem &thorn;&uacute; &thorn;arft &iacute; t&aelig;ki&eth;\",\"potentialAction\":[{\"@type\":\"SearchAction\",\"target\":{\"@type\":\"EntryPoint\",\"urlTemplate\":\"https:\\\/\\\/bilasmidurinn.is\\\/?s={search_term_string}\"},\"query-input\":{\"@type\":\"PropertyValueSpecification\",\"valueRequired\":true,\"valueName\":\"search_term_string\"}}],\"inLanguage\":\"en-GB\"}]}<\/script>\n<!-- \/ Yoast SEO plugin. -->","yoast_head_json":{"title":"Hlj\u00f3\u00f0einangrun 10mm PU me\u00f0 l\u00edmi og PVC h\u00fa\u00f0 - B&iacute;lasmi&eth;urinn","robots":{"index":"index","follow":"follow","max-snippet":"max-snippet:-1","max-image-preview":"max-image-preview:large","max-video-preview":"max-video-preview:-1"},"canonical":"http:\/\/bilasmidurinn.is\/en\/vefverslun\/einangrun\/hljodeinangrun-10mm-pu-med-limi-og-pvc-hud\/","og_locale":"en_GB","og_type":"article","og_title":"Hlj\u00f3\u00f0einangrun 10mm PU me\u00f0 l\u00edmi og PVC h\u00fa\u00f0 - B&iacute;lasmi&eth;urinn","og_description":"10mm hj\u00f3\u00f0einangrun me\u00f0 PVC","og_url":"http:\/\/bilasmidurinn.is\/en\/vefverslun\/einangrun\/hljodeinangrun-10mm-pu-med-limi-og-pvc-hud\/","og_site_name":"B&iacute;lasmi&eth;urinn","article_modified_time":"2022-11-21T18:42:25+00:00","og_image":[{"width":1417,"height":1417,"url":"https:\/\/bilasmidurinn.is\/wp-content\/uploads\/2021\/09\/PUR-10-T110.jpg","type":"image\/jpeg"}],"twitter_card":"summary_large_image","schema":{"@context":"https:\/\/schema.org","@graph":[{"@type":"WebPage","@id":"http:\/\/bilasmidurinn.is\/en\/vefverslun\/einangrun\/hljodeinangrun-10mm-pu-med-limi-og-pvc-hud\/","url":"http:\/\/bilasmidurinn.is\/en\/vefverslun\/einangrun\/hljodeinangrun-10mm-pu-med-limi-og-pvc-hud\/","name":"Hlj\u00f3\u00f0einangrun 10mm PU me\u00f0 l\u00edmi og PVC h\u00fa\u00f0 - B&iacute;lasmi&eth;urinn","isPartOf":{"@id":"https:\/\/bilasmidurinn.is\/#website"},"primaryImageOfPage":{"@id":"http:\/\/bilasmidurinn.is\/en\/vefverslun\/einangrun\/hljodeinangrun-10mm-pu-med-limi-og-pvc-hud\/#primaryimage"},"image":{"@id":"http:\/\/bilasmidurinn.is\/en\/vefverslun\/einangrun\/hljodeinangrun-10mm-pu-med-limi-og-pvc-hud\/#primaryimage"},"thumbnailUrl":"https:\/\/bilasmidurinn.is\/wp-content\/uploads\/2021\/09\/PUR-10-T110.jpg","datePublished":"2021-09-20T18:55:06+00:00","dateModified":"2022-11-21T18:42:25+00:00","breadcrumb":{"@id":"http:\/\/bilasmidurinn.is\/en\/vefverslun\/einangrun\/hljodeinangrun-10mm-pu-med-limi-og-pvc-hud\/#breadcrumb"},"inLanguage":"en-GB","potentialAction":[{"@type":"ReadAction","target":["http:\/\/bilasmidurinn.is\/en\/vefverslun\/einangrun\/hljodeinangrun-10mm-pu-med-limi-og-pvc-hud\/"]}]},{"@type":"ImageObject","inLanguage":"en-GB","@id":"http:\/\/bilasmidurinn.is\/en\/vefverslun\/einangrun\/hljodeinangrun-10mm-pu-med-limi-og-pvc-hud\/#primaryimage","url":"https:\/\/bilasmidurinn.is\/wp-content\/uploads\/2021\/09\/PUR-10-T110.jpg","contentUrl":"https:\/\/bilasmidurinn.is\/wp-content\/uploads\/2021\/09\/PUR-10-T110.jpg","width":1417,"height":1417},{"@type":"BreadcrumbList","@id":"http:\/\/bilasmidurinn.is\/en\/vefverslun\/einangrun\/hljodeinangrun-10mm-pu-med-limi-og-pvc-hud\/#breadcrumb","itemListElement":[{"@type":"ListItem","position":1,"name":"Home","item":"https:\/\/bilasmidurinn.is\/"},{"@type":"ListItem","position":2,"name":"V\u00f6rur \u00ed verslun","item":"https:\/\/bilasmidurinn.is\/vefverslun\/"},{"@type":"ListItem","position":3,"name":"Hlj\u00f3\u00f0einangrun 10mm PU me\u00f0 l\u00edmi og PVC h\u00fa\u00f0"}]},{"@type":"WebSite","@id":"https:\/\/bilasmidurinn.is\/#website","url":"https:\/\/bilasmidurinn.is\/","name":"B&iacute;lasmi&eth;urinn","description":"All sem &thorn;&uacute; &thorn;arft &iacute; t&aelig;ki&eth;","potentialAction":[{"@type":"SearchAction","target":{"@type":"EntryPoint","urlTemplate":"https:\/\/bilasmidurinn.is\/?s={search_term_string}"},"query-input":{"@type":"PropertyValueSpecification","valueRequired":true,"valueName":"search_term_string"}}],"inLanguage":"en-GB"}]}},"_links":{"self":[{"href":"https:\/\/bilasmidurinn.is\/en\/wp-json\/wp\/v2\/product\/13521","targetHints":{"allow":["GET"]}}],"collection":[{"href":"https:\/\/bilasmidurinn.is\/en\/wp-json\/wp\/v2\/product"}],"about":[{"href":"https:\/\/bilasmidurinn.is\/en\/wp-json\/wp\/v2\/types\/product"}],"wp:featuredmedia":[{"embeddable":true,"href":"https:\/\/bilasmidurinn.is\/en\/wp-json\/wp\/v2\/media\/13522"}],"wp:attachment":[{"href":"https:\/\/bilasmidurinn.is\/en\/wp-json\/wp\/v2\/media?parent=13521"}],"wp:term":[{"taxonomy":"product_brand","embeddable":true,"href":"https:\/\/bilasmidurinn.is\/en\/wp-json\/wp\/v2\/product_brand?post=13521"},{"taxonomy":"product_cat","embeddable":true,"href":"https:\/\/bilasmidurinn.is\/en\/wp-json\/wp\/v2\/product_cat?post=13521"},{"taxonomy":"product_tag","embeddable":true,"href":"https:\/\/bilasmidurinn.is\/en\/wp-json\/wp\/v2\/product_tag?post=13521"}],"curies":[{"name":"wp","href":"https:\/\/api.w.org\/{rel}","templated":true}]}}