{"id":13336,"date":"2021-09-14T14:07:22","date_gmt":"2021-09-14T14:07:22","guid":{"rendered":"https:\/\/bilasmidurinn.is\/?post_type=product&#038;p=13336"},"modified":"2021-09-14T14:07:22","modified_gmt":"2021-09-14T14:07:22","slug":"vidnam-12v-50w-6ohm","status":"publish","type":"product","link":"https:\/\/bilasmidurinn.is\/en\/vefverslun\/ljos\/afturljos\/vidnam-12v-50w-6ohm\/","title":{"rendered":"Resistor 12v 50W 6Ohm"},"content":{"rendered":"<p>Resistor 12v 50W 6Ohm, used to create resistance for LED rear lights, for example, heats up a lot and must be screwed onto a metal surface,<\/p>\n<p>see instructions.<\/p>","protected":false},"excerpt":{"rendered":"<p>Resistor 50W 12v 6 \u03a9<\/p>","protected":false},"featured_media":13337,"template":"","meta":[],"product_brand":[7927],"product_cat":[8016,7893,8028],"product_tag":[],"class_list":{"0":"post-13336","1":"product","2":"type-product","3":"status-publish","4":"has-post-thumbnail","6":"product_brand-www-247lighting-net","7":"product_cat-afturljos","8":"product_cat-ljos","9":"product_cat-stefnuljos","11":"first","12":"instock","13":"shipping-taxable","14":"product-type-simple"},"yoast_head":"<!-- This site is optimized with the Yoast SEO plugin v27.4 - https:\/\/yoast.com\/product\/yoast-seo-wordpress\/ -->\n<title>Vi\u00f0n\u00e1m 12v 50W 6Ohm - B&iacute;lasmi&eth;urinn<\/title>\n<meta name=\"robots\" content=\"index, follow, max-snippet:-1, max-image-preview:large, max-video-preview:-1\" \/>\n<link rel=\"canonical\" href=\"https:\/\/bilasmidurinn.is\/en\/vefverslun\/ljos\/afturljos\/vidnam-12v-50w-6ohm\/\" \/>\n<meta property=\"og:locale\" content=\"en_GB\" \/>\n<meta property=\"og:type\" content=\"article\" \/>\n<meta property=\"og:title\" content=\"Vi\u00f0n\u00e1m 12v 50W 6Ohm - B&iacute;lasmi&eth;urinn\" \/>\n<meta property=\"og:description\" content=\"Vi\u00f0n\u00e1m 50W 12v 6 \u03a9\" \/>\n<meta property=\"og:url\" content=\"https:\/\/bilasmidurinn.is\/en\/vefverslun\/ljos\/afturljos\/vidnam-12v-50w-6ohm\/\" \/>\n<meta property=\"og:site_name\" content=\"B&iacute;lasmi&eth;urinn\" \/>\n<meta property=\"og:image\" content=\"https:\/\/bilasmidurinn.is\/wp-content\/uploads\/2021\/09\/ca6061C.jpg\" \/>\n\t<meta property=\"og:image:width\" content=\"419\" \/>\n\t<meta property=\"og:image:height\" content=\"259\" \/>\n\t<meta property=\"og:image:type\" content=\"image\/jpeg\" \/>\n<meta name=\"twitter:card\" content=\"summary_large_image\" \/>\n<script type=\"application\/ld+json\" class=\"yoast-schema-graph\">{\"@context\":\"https:\\\/\\\/schema.org\",\"@graph\":[{\"@type\":\"WebPage\",\"@id\":\"https:\\\/\\\/bilasmidurinn.is\\\/en\\\/vefverslun\\\/ljos\\\/afturljos\\\/vidnam-12v-50w-6ohm\\\/\",\"url\":\"https:\\\/\\\/bilasmidurinn.is\\\/en\\\/vefverslun\\\/ljos\\\/afturljos\\\/vidnam-12v-50w-6ohm\\\/\",\"name\":\"Vi\u00f0n\u00e1m 12v 50W 6Ohm - B&iacute;lasmi&eth;urinn\",\"isPartOf\":{\"@id\":\"https:\\\/\\\/bilasmidurinn.is\\\/#website\"},\"primaryImageOfPage\":{\"@id\":\"https:\\\/\\\/bilasmidurinn.is\\\/en\\\/vefverslun\\\/ljos\\\/afturljos\\\/vidnam-12v-50w-6ohm\\\/#primaryimage\"},\"image\":{\"@id\":\"https:\\\/\\\/bilasmidurinn.is\\\/en\\\/vefverslun\\\/ljos\\\/afturljos\\\/vidnam-12v-50w-6ohm\\\/#primaryimage\"},\"thumbnailUrl\":\"https:\\\/\\\/bilasmidurinn.is\\\/wp-content\\\/uploads\\\/2021\\\/09\\\/ca6061C.jpg\",\"datePublished\":\"2021-09-14T14:07:22+00:00\",\"breadcrumb\":{\"@id\":\"https:\\\/\\\/bilasmidurinn.is\\\/en\\\/vefverslun\\\/ljos\\\/afturljos\\\/vidnam-12v-50w-6ohm\\\/#breadcrumb\"},\"inLanguage\":\"en-GB\",\"potentialAction\":[{\"@type\":\"ReadAction\",\"target\":[\"https:\\\/\\\/bilasmidurinn.is\\\/en\\\/vefverslun\\\/ljos\\\/afturljos\\\/vidnam-12v-50w-6ohm\\\/\"]}]},{\"@type\":\"ImageObject\",\"inLanguage\":\"en-GB\",\"@id\":\"https:\\\/\\\/bilasmidurinn.is\\\/en\\\/vefverslun\\\/ljos\\\/afturljos\\\/vidnam-12v-50w-6ohm\\\/#primaryimage\",\"url\":\"https:\\\/\\\/bilasmidurinn.is\\\/wp-content\\\/uploads\\\/2021\\\/09\\\/ca6061C.jpg\",\"contentUrl\":\"https:\\\/\\\/bilasmidurinn.is\\\/wp-content\\\/uploads\\\/2021\\\/09\\\/ca6061C.jpg\",\"width\":419,\"height\":259},{\"@type\":\"BreadcrumbList\",\"@id\":\"https:\\\/\\\/bilasmidurinn.is\\\/en\\\/vefverslun\\\/ljos\\\/afturljos\\\/vidnam-12v-50w-6ohm\\\/#breadcrumb\",\"itemListElement\":[{\"@type\":\"ListItem\",\"position\":1,\"name\":\"Home\",\"item\":\"https:\\\/\\\/bilasmidurinn.is\\\/\"},{\"@type\":\"ListItem\",\"position\":2,\"name\":\"V\u00f6rur \u00ed verslun\",\"item\":\"https:\\\/\\\/bilasmidurinn.is\\\/vefverslun\\\/\"},{\"@type\":\"ListItem\",\"position\":3,\"name\":\"Vi\u00f0n\u00e1m 12v 50W 6Ohm\"}]},{\"@type\":\"WebSite\",\"@id\":\"https:\\\/\\\/bilasmidurinn.is\\\/#website\",\"url\":\"https:\\\/\\\/bilasmidurinn.is\\\/\",\"name\":\"B&iacute;lasmi&eth;urinn\",\"description\":\"All sem &thorn;&uacute; &thorn;arft &iacute; t&aelig;ki&eth;\",\"potentialAction\":[{\"@type\":\"SearchAction\",\"target\":{\"@type\":\"EntryPoint\",\"urlTemplate\":\"https:\\\/\\\/bilasmidurinn.is\\\/?s={search_term_string}\"},\"query-input\":{\"@type\":\"PropertyValueSpecification\",\"valueRequired\":true,\"valueName\":\"search_term_string\"}}],\"inLanguage\":\"en-GB\"}]}<\/script>\n<!-- \/ Yoast SEO plugin. -->","yoast_head_json":{"title":"Vi\u00f0n\u00e1m 12v 50W 6Ohm - B&iacute;lasmi&eth;urinn","robots":{"index":"index","follow":"follow","max-snippet":"max-snippet:-1","max-image-preview":"max-image-preview:large","max-video-preview":"max-video-preview:-1"},"canonical":"https:\/\/bilasmidurinn.is\/en\/vefverslun\/ljos\/afturljos\/vidnam-12v-50w-6ohm\/","og_locale":"en_GB","og_type":"article","og_title":"Vi\u00f0n\u00e1m 12v 50W 6Ohm - B&iacute;lasmi&eth;urinn","og_description":"Vi\u00f0n\u00e1m 50W 12v 6 \u03a9","og_url":"https:\/\/bilasmidurinn.is\/en\/vefverslun\/ljos\/afturljos\/vidnam-12v-50w-6ohm\/","og_site_name":"B&iacute;lasmi&eth;urinn","og_image":[{"width":419,"height":259,"url":"https:\/\/bilasmidurinn.is\/wp-content\/uploads\/2021\/09\/ca6061C.jpg","type":"image\/jpeg"}],"twitter_card":"summary_large_image","schema":{"@context":"https:\/\/schema.org","@graph":[{"@type":"WebPage","@id":"https:\/\/bilasmidurinn.is\/en\/vefverslun\/ljos\/afturljos\/vidnam-12v-50w-6ohm\/","url":"https:\/\/bilasmidurinn.is\/en\/vefverslun\/ljos\/afturljos\/vidnam-12v-50w-6ohm\/","name":"Vi\u00f0n\u00e1m 12v 50W 6Ohm - B&iacute;lasmi&eth;urinn","isPartOf":{"@id":"https:\/\/bilasmidurinn.is\/#website"},"primaryImageOfPage":{"@id":"https:\/\/bilasmidurinn.is\/en\/vefverslun\/ljos\/afturljos\/vidnam-12v-50w-6ohm\/#primaryimage"},"image":{"@id":"https:\/\/bilasmidurinn.is\/en\/vefverslun\/ljos\/afturljos\/vidnam-12v-50w-6ohm\/#primaryimage"},"thumbnailUrl":"https:\/\/bilasmidurinn.is\/wp-content\/uploads\/2021\/09\/ca6061C.jpg","datePublished":"2021-09-14T14:07:22+00:00","breadcrumb":{"@id":"https:\/\/bilasmidurinn.is\/en\/vefverslun\/ljos\/afturljos\/vidnam-12v-50w-6ohm\/#breadcrumb"},"inLanguage":"en-GB","potentialAction":[{"@type":"ReadAction","target":["https:\/\/bilasmidurinn.is\/en\/vefverslun\/ljos\/afturljos\/vidnam-12v-50w-6ohm\/"]}]},{"@type":"ImageObject","inLanguage":"en-GB","@id":"https:\/\/bilasmidurinn.is\/en\/vefverslun\/ljos\/afturljos\/vidnam-12v-50w-6ohm\/#primaryimage","url":"https:\/\/bilasmidurinn.is\/wp-content\/uploads\/2021\/09\/ca6061C.jpg","contentUrl":"https:\/\/bilasmidurinn.is\/wp-content\/uploads\/2021\/09\/ca6061C.jpg","width":419,"height":259},{"@type":"BreadcrumbList","@id":"https:\/\/bilasmidurinn.is\/en\/vefverslun\/ljos\/afturljos\/vidnam-12v-50w-6ohm\/#breadcrumb","itemListElement":[{"@type":"ListItem","position":1,"name":"Home","item":"https:\/\/bilasmidurinn.is\/"},{"@type":"ListItem","position":2,"name":"V\u00f6rur \u00ed verslun","item":"https:\/\/bilasmidurinn.is\/vefverslun\/"},{"@type":"ListItem","position":3,"name":"Vi\u00f0n\u00e1m 12v 50W 6Ohm"}]},{"@type":"WebSite","@id":"https:\/\/bilasmidurinn.is\/#website","url":"https:\/\/bilasmidurinn.is\/","name":"B&iacute;lasmi&eth;urinn","description":"All sem &thorn;&uacute; &thorn;arft &iacute; t&aelig;ki&eth;","potentialAction":[{"@type":"SearchAction","target":{"@type":"EntryPoint","urlTemplate":"https:\/\/bilasmidurinn.is\/?s={search_term_string}"},"query-input":{"@type":"PropertyValueSpecification","valueRequired":true,"valueName":"search_term_string"}}],"inLanguage":"en-GB"}]}},"_links":{"self":[{"href":"https:\/\/bilasmidurinn.is\/en\/wp-json\/wp\/v2\/product\/13336","targetHints":{"allow":["GET"]}}],"collection":[{"href":"https:\/\/bilasmidurinn.is\/en\/wp-json\/wp\/v2\/product"}],"about":[{"href":"https:\/\/bilasmidurinn.is\/en\/wp-json\/wp\/v2\/types\/product"}],"wp:featuredmedia":[{"embeddable":true,"href":"https:\/\/bilasmidurinn.is\/en\/wp-json\/wp\/v2\/media\/13337"}],"wp:attachment":[{"href":"https:\/\/bilasmidurinn.is\/en\/wp-json\/wp\/v2\/media?parent=13336"}],"wp:term":[{"taxonomy":"product_brand","embeddable":true,"href":"https:\/\/bilasmidurinn.is\/en\/wp-json\/wp\/v2\/product_brand?post=13336"},{"taxonomy":"product_cat","embeddable":true,"href":"https:\/\/bilasmidurinn.is\/en\/wp-json\/wp\/v2\/product_cat?post=13336"},{"taxonomy":"product_tag","embeddable":true,"href":"https:\/\/bilasmidurinn.is\/en\/wp-json\/wp\/v2\/product_tag?post=13336"}],"curies":[{"name":"wp","href":"https:\/\/api.w.org\/{rel}","templated":true}]}}