{"id":13236,"date":"2021-09-13T18:59:32","date_gmt":"2021-09-13T18:59:32","guid":{"rendered":"https:\/\/bilasmidurinn.is\/?post_type=product&#038;p=13236"},"modified":"2023-03-01T12:05:24","modified_gmt":"2023-03-01T12:05:24","slug":"oryggjahus-vatnshelt-mini","status":"publish","type":"product","link":"https:\/\/bilasmidurinn.is\/en\/vefverslun\/rafmagnsvorur\/oryggi\/oryggjahus-vatnshelt-mini\/","title":{"rendered":"Safe house waterproof mini"},"content":{"rendered":"<p>Fuse box waterproof with wire tail for mini fuse<\/p>","protected":false},"excerpt":{"rendered":"<p>Safe house waterproof mini<\/p>","protected":false},"featured_media":13237,"template":"","meta":[],"product_brand":[7927],"product_cat":[8010,7969],"product_tag":[],"class_list":{"0":"post-13236","1":"product","2":"type-product","3":"status-publish","4":"has-post-thumbnail","6":"product_brand-www-247lighting-net","7":"product_cat-oryggi","8":"product_cat-rafmagnsvorur","10":"first","11":"instock","12":"shipping-taxable","13":"product-type-simple"},"yoast_head":"<!-- This site is optimized with the Yoast SEO plugin v27.4 - https:\/\/yoast.com\/product\/yoast-seo-wordpress\/ -->\n<title>\u00d6ryggjah\u00fas vatnshelt mini - B&iacute;lasmi&eth;urinn<\/title>\n<meta name=\"robots\" content=\"index, follow, max-snippet:-1, max-image-preview:large, max-video-preview:-1\" \/>\n<link rel=\"canonical\" href=\"https:\/\/bilasmidurinn.is\/en\/vefverslun\/rafmagnsvorur\/oryggi\/oryggjahus-vatnshelt-mini\/\" \/>\n<meta property=\"og:locale\" content=\"en_GB\" \/>\n<meta property=\"og:type\" content=\"article\" \/>\n<meta property=\"og:title\" content=\"\u00d6ryggjah\u00fas vatnshelt mini - B&iacute;lasmi&eth;urinn\" \/>\n<meta property=\"og:description\" content=\"\u00d6ryggjah\u00fas vatnshelt mini\" \/>\n<meta property=\"og:url\" content=\"https:\/\/bilasmidurinn.is\/en\/vefverslun\/rafmagnsvorur\/oryggi\/oryggjahus-vatnshelt-mini\/\" \/>\n<meta property=\"og:site_name\" content=\"B&iacute;lasmi&eth;urinn\" \/>\n<meta property=\"article:modified_time\" content=\"2023-03-01T12:05:24+00:00\" \/>\n<meta property=\"og:image\" content=\"https:\/\/bilasmidurinn.is\/wp-content\/uploads\/2021\/09\/EP045.jpg\" \/>\n\t<meta property=\"og:image:width\" content=\"500\" \/>\n\t<meta property=\"og:image:height\" content=\"500\" \/>\n\t<meta property=\"og:image:type\" content=\"image\/jpeg\" \/>\n<meta name=\"twitter:card\" content=\"summary_large_image\" \/>\n<script type=\"application\/ld+json\" class=\"yoast-schema-graph\">{\"@context\":\"https:\\\/\\\/schema.org\",\"@graph\":[{\"@type\":\"WebPage\",\"@id\":\"https:\\\/\\\/bilasmidurinn.is\\\/vefverslun\\\/rafmagnsvorur\\\/oryggi\\\/oryggjahus-vatnshelt-mini\\\/\",\"url\":\"https:\\\/\\\/bilasmidurinn.is\\\/vefverslun\\\/rafmagnsvorur\\\/oryggi\\\/oryggjahus-vatnshelt-mini\\\/\",\"name\":\"\u00d6ryggjah\u00fas vatnshelt mini - B&iacute;lasmi&eth;urinn\",\"isPartOf\":{\"@id\":\"https:\\\/\\\/bilasmidurinn.is\\\/#website\"},\"primaryImageOfPage\":{\"@id\":\"https:\\\/\\\/bilasmidurinn.is\\\/vefverslun\\\/rafmagnsvorur\\\/oryggi\\\/oryggjahus-vatnshelt-mini\\\/#primaryimage\"},\"image\":{\"@id\":\"https:\\\/\\\/bilasmidurinn.is\\\/vefverslun\\\/rafmagnsvorur\\\/oryggi\\\/oryggjahus-vatnshelt-mini\\\/#primaryimage\"},\"thumbnailUrl\":\"https:\\\/\\\/bilasmidurinn.is\\\/wp-content\\\/uploads\\\/2021\\\/09\\\/EP045.jpg\",\"datePublished\":\"2021-09-13T18:59:32+00:00\",\"dateModified\":\"2023-03-01T12:05:24+00:00\",\"breadcrumb\":{\"@id\":\"https:\\\/\\\/bilasmidurinn.is\\\/vefverslun\\\/rafmagnsvorur\\\/oryggi\\\/oryggjahus-vatnshelt-mini\\\/#breadcrumb\"},\"inLanguage\":\"en-GB\",\"potentialAction\":[{\"@type\":\"ReadAction\",\"target\":[\"https:\\\/\\\/bilasmidurinn.is\\\/vefverslun\\\/rafmagnsvorur\\\/oryggi\\\/oryggjahus-vatnshelt-mini\\\/\"]}]},{\"@type\":\"ImageObject\",\"inLanguage\":\"en-GB\",\"@id\":\"https:\\\/\\\/bilasmidurinn.is\\\/vefverslun\\\/rafmagnsvorur\\\/oryggi\\\/oryggjahus-vatnshelt-mini\\\/#primaryimage\",\"url\":\"https:\\\/\\\/bilasmidurinn.is\\\/wp-content\\\/uploads\\\/2021\\\/09\\\/EP045.jpg\",\"contentUrl\":\"https:\\\/\\\/bilasmidurinn.is\\\/wp-content\\\/uploads\\\/2021\\\/09\\\/EP045.jpg\",\"width\":500,\"height\":500},{\"@type\":\"BreadcrumbList\",\"@id\":\"https:\\\/\\\/bilasmidurinn.is\\\/vefverslun\\\/rafmagnsvorur\\\/oryggi\\\/oryggjahus-vatnshelt-mini\\\/#breadcrumb\",\"itemListElement\":[{\"@type\":\"ListItem\",\"position\":1,\"name\":\"Home\",\"item\":\"https:\\\/\\\/bilasmidurinn.is\\\/\"},{\"@type\":\"ListItem\",\"position\":2,\"name\":\"V\u00f6rur \u00ed verslun\",\"item\":\"https:\\\/\\\/bilasmidurinn.is\\\/vefverslun\\\/\"},{\"@type\":\"ListItem\",\"position\":3,\"name\":\"\u00d6ryggjah\u00fas vatnshelt mini\"}]},{\"@type\":\"WebSite\",\"@id\":\"https:\\\/\\\/bilasmidurinn.is\\\/#website\",\"url\":\"https:\\\/\\\/bilasmidurinn.is\\\/\",\"name\":\"B&iacute;lasmi&eth;urinn\",\"description\":\"All sem &thorn;&uacute; &thorn;arft &iacute; t&aelig;ki&eth;\",\"potentialAction\":[{\"@type\":\"SearchAction\",\"target\":{\"@type\":\"EntryPoint\",\"urlTemplate\":\"https:\\\/\\\/bilasmidurinn.is\\\/?s={search_term_string}\"},\"query-input\":{\"@type\":\"PropertyValueSpecification\",\"valueRequired\":true,\"valueName\":\"search_term_string\"}}],\"inLanguage\":\"en-GB\"}]}<\/script>\n<!-- \/ Yoast SEO plugin. -->","yoast_head_json":{"title":"\u00d6ryggjah\u00fas vatnshelt mini - B&iacute;lasmi&eth;urinn","robots":{"index":"index","follow":"follow","max-snippet":"max-snippet:-1","max-image-preview":"max-image-preview:large","max-video-preview":"max-video-preview:-1"},"canonical":"https:\/\/bilasmidurinn.is\/en\/vefverslun\/rafmagnsvorur\/oryggi\/oryggjahus-vatnshelt-mini\/","og_locale":"en_GB","og_type":"article","og_title":"\u00d6ryggjah\u00fas vatnshelt mini - B&iacute;lasmi&eth;urinn","og_description":"\u00d6ryggjah\u00fas vatnshelt mini","og_url":"https:\/\/bilasmidurinn.is\/en\/vefverslun\/rafmagnsvorur\/oryggi\/oryggjahus-vatnshelt-mini\/","og_site_name":"B&iacute;lasmi&eth;urinn","article_modified_time":"2023-03-01T12:05:24+00:00","og_image":[{"width":500,"height":500,"url":"https:\/\/bilasmidurinn.is\/wp-content\/uploads\/2021\/09\/EP045.jpg","type":"image\/jpeg"}],"twitter_card":"summary_large_image","schema":{"@context":"https:\/\/schema.org","@graph":[{"@type":"WebPage","@id":"https:\/\/bilasmidurinn.is\/vefverslun\/rafmagnsvorur\/oryggi\/oryggjahus-vatnshelt-mini\/","url":"https:\/\/bilasmidurinn.is\/vefverslun\/rafmagnsvorur\/oryggi\/oryggjahus-vatnshelt-mini\/","name":"\u00d6ryggjah\u00fas vatnshelt mini - B&iacute;lasmi&eth;urinn","isPartOf":{"@id":"https:\/\/bilasmidurinn.is\/#website"},"primaryImageOfPage":{"@id":"https:\/\/bilasmidurinn.is\/vefverslun\/rafmagnsvorur\/oryggi\/oryggjahus-vatnshelt-mini\/#primaryimage"},"image":{"@id":"https:\/\/bilasmidurinn.is\/vefverslun\/rafmagnsvorur\/oryggi\/oryggjahus-vatnshelt-mini\/#primaryimage"},"thumbnailUrl":"https:\/\/bilasmidurinn.is\/wp-content\/uploads\/2021\/09\/EP045.jpg","datePublished":"2021-09-13T18:59:32+00:00","dateModified":"2023-03-01T12:05:24+00:00","breadcrumb":{"@id":"https:\/\/bilasmidurinn.is\/vefverslun\/rafmagnsvorur\/oryggi\/oryggjahus-vatnshelt-mini\/#breadcrumb"},"inLanguage":"en-GB","potentialAction":[{"@type":"ReadAction","target":["https:\/\/bilasmidurinn.is\/vefverslun\/rafmagnsvorur\/oryggi\/oryggjahus-vatnshelt-mini\/"]}]},{"@type":"ImageObject","inLanguage":"en-GB","@id":"https:\/\/bilasmidurinn.is\/vefverslun\/rafmagnsvorur\/oryggi\/oryggjahus-vatnshelt-mini\/#primaryimage","url":"https:\/\/bilasmidurinn.is\/wp-content\/uploads\/2021\/09\/EP045.jpg","contentUrl":"https:\/\/bilasmidurinn.is\/wp-content\/uploads\/2021\/09\/EP045.jpg","width":500,"height":500},{"@type":"BreadcrumbList","@id":"https:\/\/bilasmidurinn.is\/vefverslun\/rafmagnsvorur\/oryggi\/oryggjahus-vatnshelt-mini\/#breadcrumb","itemListElement":[{"@type":"ListItem","position":1,"name":"Home","item":"https:\/\/bilasmidurinn.is\/"},{"@type":"ListItem","position":2,"name":"V\u00f6rur \u00ed verslun","item":"https:\/\/bilasmidurinn.is\/vefverslun\/"},{"@type":"ListItem","position":3,"name":"\u00d6ryggjah\u00fas vatnshelt mini"}]},{"@type":"WebSite","@id":"https:\/\/bilasmidurinn.is\/#website","url":"https:\/\/bilasmidurinn.is\/","name":"B&iacute;lasmi&eth;urinn","description":"All sem &thorn;&uacute; &thorn;arft &iacute; t&aelig;ki&eth;","potentialAction":[{"@type":"SearchAction","target":{"@type":"EntryPoint","urlTemplate":"https:\/\/bilasmidurinn.is\/?s={search_term_string}"},"query-input":{"@type":"PropertyValueSpecification","valueRequired":true,"valueName":"search_term_string"}}],"inLanguage":"en-GB"}]}},"_links":{"self":[{"href":"https:\/\/bilasmidurinn.is\/en\/wp-json\/wp\/v2\/product\/13236","targetHints":{"allow":["GET"]}}],"collection":[{"href":"https:\/\/bilasmidurinn.is\/en\/wp-json\/wp\/v2\/product"}],"about":[{"href":"https:\/\/bilasmidurinn.is\/en\/wp-json\/wp\/v2\/types\/product"}],"wp:featuredmedia":[{"embeddable":true,"href":"https:\/\/bilasmidurinn.is\/en\/wp-json\/wp\/v2\/media\/13237"}],"wp:attachment":[{"href":"https:\/\/bilasmidurinn.is\/en\/wp-json\/wp\/v2\/media?parent=13236"}],"wp:term":[{"taxonomy":"product_brand","embeddable":true,"href":"https:\/\/bilasmidurinn.is\/en\/wp-json\/wp\/v2\/product_brand?post=13236"},{"taxonomy":"product_cat","embeddable":true,"href":"https:\/\/bilasmidurinn.is\/en\/wp-json\/wp\/v2\/product_cat?post=13236"},{"taxonomy":"product_tag","embeddable":true,"href":"https:\/\/bilasmidurinn.is\/en\/wp-json\/wp\/v2\/product_tag?post=13236"}],"curies":[{"name":"wp","href":"https:\/\/api.w.org\/{rel}","templated":true}]}}