{"id":13114,"date":"2021-08-31T09:31:51","date_gmt":"2021-08-31T09:31:51","guid":{"rendered":"https:\/\/bilasmidurinn.is\/?post_type=product&#038;p=13114"},"modified":"2021-08-31T09:31:52","modified_gmt":"2021-08-31T09:31:52","slug":"stytta-al-skjolbordslaesing-410mm-fyrir-albord-vinstri","status":"publish","type":"product","link":"https:\/\/bilasmidurinn.is\/en\/vefverslun\/allistar\/al-bord-og-profilar\/stytta-al-skjolbordslaesing-410mm-fyrir-albord-vinstri\/","title":{"rendered":"Short aluminum sideboard lock 410mm for aluminum sideboard left"},"content":{"rendered":"<p>Aluminum fender lock 410mm high for fender left<\/p>\n<p>&nbsp;<\/p>","protected":false},"excerpt":{"rendered":"<p>Aluminum fender lock left<\/p>","protected":false},"featured_media":13115,"template":"","meta":[],"product_brand":[7944],"product_cat":[8032,7965],"product_tag":[],"class_list":{"0":"post-13114","1":"product","2":"type-product","3":"status-publish","4":"has-post-thumbnail","6":"product_brand-pommier","7":"product_cat-al-bord-og-profilar","8":"product_cat-laesingar","10":"first","11":"instock","12":"shipping-taxable","13":"product-type-simple"},"yoast_head":"<!-- This site is optimized with the Yoast SEO plugin v27.3 - https:\/\/yoast.com\/product\/yoast-seo-wordpress\/ -->\n<title>Stytta \u00e1l skj\u00f3lbor\u00f0sl\u00e6sing 410mm fyrir \u00e1lbor\u00f0 vinstri - B&iacute;lasmi&eth;urinn<\/title>\n<meta name=\"robots\" content=\"index, follow, max-snippet:-1, max-image-preview:large, max-video-preview:-1\" \/>\n<link rel=\"canonical\" href=\"https:\/\/bilasmidurinn.is\/en\/vefverslun\/allistar\/al-bord-og-profilar\/stytta-al-skjolbordslaesing-410mm-fyrir-albord-vinstri\/\" \/>\n<meta property=\"og:locale\" content=\"en_GB\" \/>\n<meta property=\"og:type\" content=\"article\" \/>\n<meta property=\"og:title\" content=\"Stytta \u00e1l skj\u00f3lbor\u00f0sl\u00e6sing 410mm fyrir \u00e1lbor\u00f0 vinstri - B&iacute;lasmi&eth;urinn\" \/>\n<meta property=\"og:description\" content=\"\u00c1l skj\u00f3lbor\u00f0sl\u00e6sing vinstri\" \/>\n<meta property=\"og:url\" content=\"https:\/\/bilasmidurinn.is\/en\/vefverslun\/allistar\/al-bord-og-profilar\/stytta-al-skjolbordslaesing-410mm-fyrir-albord-vinstri\/\" \/>\n<meta property=\"og:site_name\" content=\"B&iacute;lasmi&eth;urinn\" \/>\n<meta property=\"article:modified_time\" content=\"2021-08-31T09:31:52+00:00\" \/>\n<meta property=\"og:image\" content=\"https:\/\/bilasmidurinn.is\/wp-content\/uploads\/2021\/08\/31.10542GA.png\" \/>\n\t<meta property=\"og:image:width\" content=\"432\" \/>\n\t<meta property=\"og:image:height\" content=\"451\" \/>\n\t<meta property=\"og:image:type\" content=\"image\/png\" \/>\n<meta name=\"twitter:card\" content=\"summary_large_image\" \/>\n<script type=\"application\/ld+json\" class=\"yoast-schema-graph\">{\"@context\":\"https:\\\/\\\/schema.org\",\"@graph\":[{\"@type\":\"WebPage\",\"@id\":\"https:\\\/\\\/bilasmidurinn.is\\\/en\\\/vefverslun\\\/allistar\\\/al-bord-og-profilar\\\/stytta-al-skjolbordslaesing-410mm-fyrir-albord-vinstri\\\/\",\"url\":\"https:\\\/\\\/bilasmidurinn.is\\\/en\\\/vefverslun\\\/allistar\\\/al-bord-og-profilar\\\/stytta-al-skjolbordslaesing-410mm-fyrir-albord-vinstri\\\/\",\"name\":\"Stytta \u00e1l skj\u00f3lbor\u00f0sl\u00e6sing 410mm fyrir \u00e1lbor\u00f0 vinstri - B&iacute;lasmi&eth;urinn\",\"isPartOf\":{\"@id\":\"https:\\\/\\\/bilasmidurinn.is\\\/#website\"},\"primaryImageOfPage\":{\"@id\":\"https:\\\/\\\/bilasmidurinn.is\\\/en\\\/vefverslun\\\/allistar\\\/al-bord-og-profilar\\\/stytta-al-skjolbordslaesing-410mm-fyrir-albord-vinstri\\\/#primaryimage\"},\"image\":{\"@id\":\"https:\\\/\\\/bilasmidurinn.is\\\/en\\\/vefverslun\\\/allistar\\\/al-bord-og-profilar\\\/stytta-al-skjolbordslaesing-410mm-fyrir-albord-vinstri\\\/#primaryimage\"},\"thumbnailUrl\":\"https:\\\/\\\/bilasmidurinn.is\\\/wp-content\\\/uploads\\\/2021\\\/08\\\/31.10542GA.png\",\"datePublished\":\"2021-08-31T09:31:51+00:00\",\"dateModified\":\"2021-08-31T09:31:52+00:00\",\"breadcrumb\":{\"@id\":\"https:\\\/\\\/bilasmidurinn.is\\\/en\\\/vefverslun\\\/allistar\\\/al-bord-og-profilar\\\/stytta-al-skjolbordslaesing-410mm-fyrir-albord-vinstri\\\/#breadcrumb\"},\"inLanguage\":\"en-GB\",\"potentialAction\":[{\"@type\":\"ReadAction\",\"target\":[\"https:\\\/\\\/bilasmidurinn.is\\\/en\\\/vefverslun\\\/allistar\\\/al-bord-og-profilar\\\/stytta-al-skjolbordslaesing-410mm-fyrir-albord-vinstri\\\/\"]}]},{\"@type\":\"ImageObject\",\"inLanguage\":\"en-GB\",\"@id\":\"https:\\\/\\\/bilasmidurinn.is\\\/en\\\/vefverslun\\\/allistar\\\/al-bord-og-profilar\\\/stytta-al-skjolbordslaesing-410mm-fyrir-albord-vinstri\\\/#primaryimage\",\"url\":\"https:\\\/\\\/bilasmidurinn.is\\\/wp-content\\\/uploads\\\/2021\\\/08\\\/31.10542GA.png\",\"contentUrl\":\"https:\\\/\\\/bilasmidurinn.is\\\/wp-content\\\/uploads\\\/2021\\\/08\\\/31.10542GA.png\",\"width\":432,\"height\":451},{\"@type\":\"BreadcrumbList\",\"@id\":\"https:\\\/\\\/bilasmidurinn.is\\\/en\\\/vefverslun\\\/allistar\\\/al-bord-og-profilar\\\/stytta-al-skjolbordslaesing-410mm-fyrir-albord-vinstri\\\/#breadcrumb\",\"itemListElement\":[{\"@type\":\"ListItem\",\"position\":1,\"name\":\"Home\",\"item\":\"https:\\\/\\\/bilasmidurinn.is\\\/\"},{\"@type\":\"ListItem\",\"position\":2,\"name\":\"V\u00f6rur \u00ed verslun\",\"item\":\"https:\\\/\\\/bilasmidurinn.is\\\/vefverslun\\\/\"},{\"@type\":\"ListItem\",\"position\":3,\"name\":\"Stytta \u00e1l skj\u00f3lbor\u00f0sl\u00e6sing 410mm fyrir \u00e1lbor\u00f0 vinstri\"}]},{\"@type\":\"WebSite\",\"@id\":\"https:\\\/\\\/bilasmidurinn.is\\\/#website\",\"url\":\"https:\\\/\\\/bilasmidurinn.is\\\/\",\"name\":\"B&iacute;lasmi&eth;urinn\",\"description\":\"All sem &thorn;&uacute; &thorn;arft &iacute; t&aelig;ki&eth;\",\"potentialAction\":[{\"@type\":\"SearchAction\",\"target\":{\"@type\":\"EntryPoint\",\"urlTemplate\":\"https:\\\/\\\/bilasmidurinn.is\\\/?s={search_term_string}\"},\"query-input\":{\"@type\":\"PropertyValueSpecification\",\"valueRequired\":true,\"valueName\":\"search_term_string\"}}],\"inLanguage\":\"en-GB\"}]}<\/script>\n<!-- \/ Yoast SEO plugin. -->","yoast_head_json":{"title":"Stytta \u00e1l skj\u00f3lbor\u00f0sl\u00e6sing 410mm fyrir \u00e1lbor\u00f0 vinstri - B&iacute;lasmi&eth;urinn","robots":{"index":"index","follow":"follow","max-snippet":"max-snippet:-1","max-image-preview":"max-image-preview:large","max-video-preview":"max-video-preview:-1"},"canonical":"https:\/\/bilasmidurinn.is\/en\/vefverslun\/allistar\/al-bord-og-profilar\/stytta-al-skjolbordslaesing-410mm-fyrir-albord-vinstri\/","og_locale":"en_GB","og_type":"article","og_title":"Stytta \u00e1l skj\u00f3lbor\u00f0sl\u00e6sing 410mm fyrir \u00e1lbor\u00f0 vinstri - B&iacute;lasmi&eth;urinn","og_description":"\u00c1l skj\u00f3lbor\u00f0sl\u00e6sing vinstri","og_url":"https:\/\/bilasmidurinn.is\/en\/vefverslun\/allistar\/al-bord-og-profilar\/stytta-al-skjolbordslaesing-410mm-fyrir-albord-vinstri\/","og_site_name":"B&iacute;lasmi&eth;urinn","article_modified_time":"2021-08-31T09:31:52+00:00","og_image":[{"width":432,"height":451,"url":"https:\/\/bilasmidurinn.is\/wp-content\/uploads\/2021\/08\/31.10542GA.png","type":"image\/png"}],"twitter_card":"summary_large_image","schema":{"@context":"https:\/\/schema.org","@graph":[{"@type":"WebPage","@id":"https:\/\/bilasmidurinn.is\/en\/vefverslun\/allistar\/al-bord-og-profilar\/stytta-al-skjolbordslaesing-410mm-fyrir-albord-vinstri\/","url":"https:\/\/bilasmidurinn.is\/en\/vefverslun\/allistar\/al-bord-og-profilar\/stytta-al-skjolbordslaesing-410mm-fyrir-albord-vinstri\/","name":"Stytta \u00e1l skj\u00f3lbor\u00f0sl\u00e6sing 410mm fyrir \u00e1lbor\u00f0 vinstri - B&iacute;lasmi&eth;urinn","isPartOf":{"@id":"https:\/\/bilasmidurinn.is\/#website"},"primaryImageOfPage":{"@id":"https:\/\/bilasmidurinn.is\/en\/vefverslun\/allistar\/al-bord-og-profilar\/stytta-al-skjolbordslaesing-410mm-fyrir-albord-vinstri\/#primaryimage"},"image":{"@id":"https:\/\/bilasmidurinn.is\/en\/vefverslun\/allistar\/al-bord-og-profilar\/stytta-al-skjolbordslaesing-410mm-fyrir-albord-vinstri\/#primaryimage"},"thumbnailUrl":"https:\/\/bilasmidurinn.is\/wp-content\/uploads\/2021\/08\/31.10542GA.png","datePublished":"2021-08-31T09:31:51+00:00","dateModified":"2021-08-31T09:31:52+00:00","breadcrumb":{"@id":"https:\/\/bilasmidurinn.is\/en\/vefverslun\/allistar\/al-bord-og-profilar\/stytta-al-skjolbordslaesing-410mm-fyrir-albord-vinstri\/#breadcrumb"},"inLanguage":"en-GB","potentialAction":[{"@type":"ReadAction","target":["https:\/\/bilasmidurinn.is\/en\/vefverslun\/allistar\/al-bord-og-profilar\/stytta-al-skjolbordslaesing-410mm-fyrir-albord-vinstri\/"]}]},{"@type":"ImageObject","inLanguage":"en-GB","@id":"https:\/\/bilasmidurinn.is\/en\/vefverslun\/allistar\/al-bord-og-profilar\/stytta-al-skjolbordslaesing-410mm-fyrir-albord-vinstri\/#primaryimage","url":"https:\/\/bilasmidurinn.is\/wp-content\/uploads\/2021\/08\/31.10542GA.png","contentUrl":"https:\/\/bilasmidurinn.is\/wp-content\/uploads\/2021\/08\/31.10542GA.png","width":432,"height":451},{"@type":"BreadcrumbList","@id":"https:\/\/bilasmidurinn.is\/en\/vefverslun\/allistar\/al-bord-og-profilar\/stytta-al-skjolbordslaesing-410mm-fyrir-albord-vinstri\/#breadcrumb","itemListElement":[{"@type":"ListItem","position":1,"name":"Home","item":"https:\/\/bilasmidurinn.is\/"},{"@type":"ListItem","position":2,"name":"V\u00f6rur \u00ed verslun","item":"https:\/\/bilasmidurinn.is\/vefverslun\/"},{"@type":"ListItem","position":3,"name":"Stytta \u00e1l skj\u00f3lbor\u00f0sl\u00e6sing 410mm fyrir \u00e1lbor\u00f0 vinstri"}]},{"@type":"WebSite","@id":"https:\/\/bilasmidurinn.is\/#website","url":"https:\/\/bilasmidurinn.is\/","name":"B&iacute;lasmi&eth;urinn","description":"All sem &thorn;&uacute; &thorn;arft &iacute; t&aelig;ki&eth;","potentialAction":[{"@type":"SearchAction","target":{"@type":"EntryPoint","urlTemplate":"https:\/\/bilasmidurinn.is\/?s={search_term_string}"},"query-input":{"@type":"PropertyValueSpecification","valueRequired":true,"valueName":"search_term_string"}}],"inLanguage":"en-GB"}]}},"_links":{"self":[{"href":"https:\/\/bilasmidurinn.is\/en\/wp-json\/wp\/v2\/product\/13114","targetHints":{"allow":["GET"]}}],"collection":[{"href":"https:\/\/bilasmidurinn.is\/en\/wp-json\/wp\/v2\/product"}],"about":[{"href":"https:\/\/bilasmidurinn.is\/en\/wp-json\/wp\/v2\/types\/product"}],"wp:featuredmedia":[{"embeddable":true,"href":"https:\/\/bilasmidurinn.is\/en\/wp-json\/wp\/v2\/media\/13115"}],"wp:attachment":[{"href":"https:\/\/bilasmidurinn.is\/en\/wp-json\/wp\/v2\/media?parent=13114"}],"wp:term":[{"taxonomy":"product_brand","embeddable":true,"href":"https:\/\/bilasmidurinn.is\/en\/wp-json\/wp\/v2\/product_brand?post=13114"},{"taxonomy":"product_cat","embeddable":true,"href":"https:\/\/bilasmidurinn.is\/en\/wp-json\/wp\/v2\/product_cat?post=13114"},{"taxonomy":"product_tag","embeddable":true,"href":"https:\/\/bilasmidurinn.is\/en\/wp-json\/wp\/v2\/product_tag?post=13114"}],"curies":[{"name":"wp","href":"https:\/\/api.w.org\/{rel}","templated":true}]}}