{"id":13072,"date":"2021-08-30T20:41:21","date_gmt":"2021-08-30T20:41:21","guid":{"rendered":"https:\/\/bilasmidurinn.is\/?post_type=product&#038;p=13072"},"modified":"2022-05-23T14:13:58","modified_gmt":"2022-05-23T14:13:58","slug":"sudulom-80mm-ur-stali","status":"publish","type":"product","link":"https:\/\/bilasmidurinn.is\/en\/vefverslun\/lamir\/sudulamir\/sudulom-80mm-ur-stali\/","title":{"rendered":"Welding hinge 80mm made of steel"},"content":{"rendered":"<p>80mm welded steel hinge with brass patience and skin<\/p>\n<p>A=80mm<\/p>\n<p>W=16mm<\/p>\n<p>C=13mm<\/p>\n<p>D=8mm<\/p>","protected":false},"excerpt":{"rendered":"<p>80mm welding hinge with brass pin<\/p>","protected":false},"featured_media":13073,"template":"","meta":[],"product_brand":[7986],"product_cat":[7891,8031],"product_tag":[],"class_list":{"0":"post-13072","1":"product","2":"type-product","3":"status-publish","4":"has-post-thumbnail","6":"product_brand-pinet","7":"product_cat-lamir","8":"product_cat-sudulamir","10":"first","11":"instock","12":"shipping-taxable","13":"product-type-simple"},"yoast_head":"<!-- This site is optimized with the Yoast SEO plugin v27.4 - https:\/\/yoast.com\/product\/yoast-seo-wordpress\/ -->\n<title>Su\u00f0ul\u00f6m 80mm \u00far st\u00e1li - B&iacute;lasmi&eth;urinn<\/title>\n<meta name=\"robots\" content=\"index, follow, max-snippet:-1, max-image-preview:large, max-video-preview:-1\" \/>\n<link rel=\"canonical\" href=\"http:\/\/bilasmidurinn.is\/en\/vefverslun\/lamir\/sudulamir\/sudulom-80mm-ur-stali\/\" \/>\n<meta property=\"og:locale\" content=\"en_GB\" \/>\n<meta property=\"og:type\" content=\"article\" \/>\n<meta property=\"og:title\" content=\"Su\u00f0ul\u00f6m 80mm \u00far st\u00e1li - B&iacute;lasmi&eth;urinn\" \/>\n<meta property=\"og:description\" content=\"80mm su\u00f0ul\u00f6m me\u00f0 brass pinna\" \/>\n<meta property=\"og:url\" content=\"http:\/\/bilasmidurinn.is\/en\/vefverslun\/lamir\/sudulamir\/sudulom-80mm-ur-stali\/\" \/>\n<meta property=\"og:site_name\" content=\"B&iacute;lasmi&eth;urinn\" \/>\n<meta property=\"article:modified_time\" content=\"2022-05-23T14:13:58+00:00\" \/>\n<meta property=\"og:image\" content=\"https:\/\/bilasmidurinn.is\/wp-content\/uploads\/2021\/08\/14-7-3591.jpg\" \/>\n\t<meta property=\"og:image:width\" content=\"1400\" \/>\n\t<meta property=\"og:image:height\" content=\"1400\" \/>\n\t<meta property=\"og:image:type\" content=\"image\/jpeg\" \/>\n<meta name=\"twitter:card\" content=\"summary_large_image\" \/>\n<script type=\"application\/ld+json\" class=\"yoast-schema-graph\">{\"@context\":\"https:\\\/\\\/schema.org\",\"@graph\":[{\"@type\":\"WebPage\",\"@id\":\"http:\\\/\\\/bilasmidurinn.is\\\/en\\\/vefverslun\\\/lamir\\\/sudulamir\\\/sudulom-80mm-ur-stali\\\/\",\"url\":\"http:\\\/\\\/bilasmidurinn.is\\\/en\\\/vefverslun\\\/lamir\\\/sudulamir\\\/sudulom-80mm-ur-stali\\\/\",\"name\":\"Su\u00f0ul\u00f6m 80mm \u00far st\u00e1li - B&iacute;lasmi&eth;urinn\",\"isPartOf\":{\"@id\":\"https:\\\/\\\/bilasmidurinn.is\\\/#website\"},\"primaryImageOfPage\":{\"@id\":\"http:\\\/\\\/bilasmidurinn.is\\\/en\\\/vefverslun\\\/lamir\\\/sudulamir\\\/sudulom-80mm-ur-stali\\\/#primaryimage\"},\"image\":{\"@id\":\"http:\\\/\\\/bilasmidurinn.is\\\/en\\\/vefverslun\\\/lamir\\\/sudulamir\\\/sudulom-80mm-ur-stali\\\/#primaryimage\"},\"thumbnailUrl\":\"https:\\\/\\\/bilasmidurinn.is\\\/wp-content\\\/uploads\\\/2021\\\/08\\\/14-7-3591.jpg\",\"datePublished\":\"2021-08-30T20:41:21+00:00\",\"dateModified\":\"2022-05-23T14:13:58+00:00\",\"breadcrumb\":{\"@id\":\"http:\\\/\\\/bilasmidurinn.is\\\/en\\\/vefverslun\\\/lamir\\\/sudulamir\\\/sudulom-80mm-ur-stali\\\/#breadcrumb\"},\"inLanguage\":\"en-GB\",\"potentialAction\":[{\"@type\":\"ReadAction\",\"target\":[\"http:\\\/\\\/bilasmidurinn.is\\\/en\\\/vefverslun\\\/lamir\\\/sudulamir\\\/sudulom-80mm-ur-stali\\\/\"]}]},{\"@type\":\"ImageObject\",\"inLanguage\":\"en-GB\",\"@id\":\"http:\\\/\\\/bilasmidurinn.is\\\/en\\\/vefverslun\\\/lamir\\\/sudulamir\\\/sudulom-80mm-ur-stali\\\/#primaryimage\",\"url\":\"https:\\\/\\\/bilasmidurinn.is\\\/wp-content\\\/uploads\\\/2021\\\/08\\\/14-7-3591.jpg\",\"contentUrl\":\"https:\\\/\\\/bilasmidurinn.is\\\/wp-content\\\/uploads\\\/2021\\\/08\\\/14-7-3591.jpg\",\"width\":1400,\"height\":1400},{\"@type\":\"BreadcrumbList\",\"@id\":\"http:\\\/\\\/bilasmidurinn.is\\\/en\\\/vefverslun\\\/lamir\\\/sudulamir\\\/sudulom-80mm-ur-stali\\\/#breadcrumb\",\"itemListElement\":[{\"@type\":\"ListItem\",\"position\":1,\"name\":\"Home\",\"item\":\"https:\\\/\\\/bilasmidurinn.is\\\/\"},{\"@type\":\"ListItem\",\"position\":2,\"name\":\"V\u00f6rur \u00ed verslun\",\"item\":\"https:\\\/\\\/bilasmidurinn.is\\\/vefverslun\\\/\"},{\"@type\":\"ListItem\",\"position\":3,\"name\":\"Su\u00f0ul\u00f6m 80mm \u00far st\u00e1li\"}]},{\"@type\":\"WebSite\",\"@id\":\"https:\\\/\\\/bilasmidurinn.is\\\/#website\",\"url\":\"https:\\\/\\\/bilasmidurinn.is\\\/\",\"name\":\"B&iacute;lasmi&eth;urinn\",\"description\":\"All sem &thorn;&uacute; &thorn;arft &iacute; t&aelig;ki&eth;\",\"potentialAction\":[{\"@type\":\"SearchAction\",\"target\":{\"@type\":\"EntryPoint\",\"urlTemplate\":\"https:\\\/\\\/bilasmidurinn.is\\\/?s={search_term_string}\"},\"query-input\":{\"@type\":\"PropertyValueSpecification\",\"valueRequired\":true,\"valueName\":\"search_term_string\"}}],\"inLanguage\":\"en-GB\"}]}<\/script>\n<!-- \/ Yoast SEO plugin. -->","yoast_head_json":{"title":"Su\u00f0ul\u00f6m 80mm \u00far st\u00e1li - B&iacute;lasmi&eth;urinn","robots":{"index":"index","follow":"follow","max-snippet":"max-snippet:-1","max-image-preview":"max-image-preview:large","max-video-preview":"max-video-preview:-1"},"canonical":"http:\/\/bilasmidurinn.is\/en\/vefverslun\/lamir\/sudulamir\/sudulom-80mm-ur-stali\/","og_locale":"en_GB","og_type":"article","og_title":"Su\u00f0ul\u00f6m 80mm \u00far st\u00e1li - B&iacute;lasmi&eth;urinn","og_description":"80mm su\u00f0ul\u00f6m me\u00f0 brass pinna","og_url":"http:\/\/bilasmidurinn.is\/en\/vefverslun\/lamir\/sudulamir\/sudulom-80mm-ur-stali\/","og_site_name":"B&iacute;lasmi&eth;urinn","article_modified_time":"2022-05-23T14:13:58+00:00","og_image":[{"width":1400,"height":1400,"url":"https:\/\/bilasmidurinn.is\/wp-content\/uploads\/2021\/08\/14-7-3591.jpg","type":"image\/jpeg"}],"twitter_card":"summary_large_image","schema":{"@context":"https:\/\/schema.org","@graph":[{"@type":"WebPage","@id":"http:\/\/bilasmidurinn.is\/en\/vefverslun\/lamir\/sudulamir\/sudulom-80mm-ur-stali\/","url":"http:\/\/bilasmidurinn.is\/en\/vefverslun\/lamir\/sudulamir\/sudulom-80mm-ur-stali\/","name":"Su\u00f0ul\u00f6m 80mm \u00far st\u00e1li - B&iacute;lasmi&eth;urinn","isPartOf":{"@id":"https:\/\/bilasmidurinn.is\/#website"},"primaryImageOfPage":{"@id":"http:\/\/bilasmidurinn.is\/en\/vefverslun\/lamir\/sudulamir\/sudulom-80mm-ur-stali\/#primaryimage"},"image":{"@id":"http:\/\/bilasmidurinn.is\/en\/vefverslun\/lamir\/sudulamir\/sudulom-80mm-ur-stali\/#primaryimage"},"thumbnailUrl":"https:\/\/bilasmidurinn.is\/wp-content\/uploads\/2021\/08\/14-7-3591.jpg","datePublished":"2021-08-30T20:41:21+00:00","dateModified":"2022-05-23T14:13:58+00:00","breadcrumb":{"@id":"http:\/\/bilasmidurinn.is\/en\/vefverslun\/lamir\/sudulamir\/sudulom-80mm-ur-stali\/#breadcrumb"},"inLanguage":"en-GB","potentialAction":[{"@type":"ReadAction","target":["http:\/\/bilasmidurinn.is\/en\/vefverslun\/lamir\/sudulamir\/sudulom-80mm-ur-stali\/"]}]},{"@type":"ImageObject","inLanguage":"en-GB","@id":"http:\/\/bilasmidurinn.is\/en\/vefverslun\/lamir\/sudulamir\/sudulom-80mm-ur-stali\/#primaryimage","url":"https:\/\/bilasmidurinn.is\/wp-content\/uploads\/2021\/08\/14-7-3591.jpg","contentUrl":"https:\/\/bilasmidurinn.is\/wp-content\/uploads\/2021\/08\/14-7-3591.jpg","width":1400,"height":1400},{"@type":"BreadcrumbList","@id":"http:\/\/bilasmidurinn.is\/en\/vefverslun\/lamir\/sudulamir\/sudulom-80mm-ur-stali\/#breadcrumb","itemListElement":[{"@type":"ListItem","position":1,"name":"Home","item":"https:\/\/bilasmidurinn.is\/"},{"@type":"ListItem","position":2,"name":"V\u00f6rur \u00ed verslun","item":"https:\/\/bilasmidurinn.is\/vefverslun\/"},{"@type":"ListItem","position":3,"name":"Su\u00f0ul\u00f6m 80mm \u00far st\u00e1li"}]},{"@type":"WebSite","@id":"https:\/\/bilasmidurinn.is\/#website","url":"https:\/\/bilasmidurinn.is\/","name":"B&iacute;lasmi&eth;urinn","description":"All sem &thorn;&uacute; &thorn;arft &iacute; t&aelig;ki&eth;","potentialAction":[{"@type":"SearchAction","target":{"@type":"EntryPoint","urlTemplate":"https:\/\/bilasmidurinn.is\/?s={search_term_string}"},"query-input":{"@type":"PropertyValueSpecification","valueRequired":true,"valueName":"search_term_string"}}],"inLanguage":"en-GB"}]}},"_links":{"self":[{"href":"https:\/\/bilasmidurinn.is\/en\/wp-json\/wp\/v2\/product\/13072","targetHints":{"allow":["GET"]}}],"collection":[{"href":"https:\/\/bilasmidurinn.is\/en\/wp-json\/wp\/v2\/product"}],"about":[{"href":"https:\/\/bilasmidurinn.is\/en\/wp-json\/wp\/v2\/types\/product"}],"wp:featuredmedia":[{"embeddable":true,"href":"https:\/\/bilasmidurinn.is\/en\/wp-json\/wp\/v2\/media\/13073"}],"wp:attachment":[{"href":"https:\/\/bilasmidurinn.is\/en\/wp-json\/wp\/v2\/media?parent=13072"}],"wp:term":[{"taxonomy":"product_brand","embeddable":true,"href":"https:\/\/bilasmidurinn.is\/en\/wp-json\/wp\/v2\/product_brand?post=13072"},{"taxonomy":"product_cat","embeddable":true,"href":"https:\/\/bilasmidurinn.is\/en\/wp-json\/wp\/v2\/product_cat?post=13072"},{"taxonomy":"product_tag","embeddable":true,"href":"https:\/\/bilasmidurinn.is\/en\/wp-json\/wp\/v2\/product_tag?post=13072"}],"curies":[{"name":"wp","href":"https:\/\/api.w.org\/{rel}","templated":true}]}}