{"id":12998,"date":"2021-08-26T17:53:25","date_gmt":"2021-08-26T17:53:25","guid":{"rendered":"https:\/\/bilasmidurinn.is\/?post_type=product&#038;p=12998"},"modified":"2023-10-31T13:50:13","modified_gmt":"2023-10-31T13:50:13","slug":"motstada-fyrir-led-afturjos-pro-lgc","status":"publish","type":"product","link":"https:\/\/bilasmidurinn.is\/en\/vefverslun\/rafmagnsvorur\/rafmagnsvorur-rafmagnsvorur\/motstada-fyrir-led-afturjos-pro-lgc\/","title":{"rendered":"Resistor for LED rear light Pro-LGC 24v"},"content":{"rendered":"<p>Resistor for LED rear light right and left 24V<\/p>\n<p>&nbsp;<\/p>","protected":false},"excerpt":{"rendered":"<p>Resistance kuster PRO-LGC for right and left<\/p>","protected":false},"featured_media":12999,"template":"","meta":[],"product_brand":[7947],"product_cat":[8016,7969,8009],"product_tag":[],"class_list":{"0":"post-12998","1":"product","2":"type-product","3":"status-publish","4":"has-post-thumbnail","6":"product_brand-proplast","7":"product_cat-afturljos","8":"product_cat-rafmagnsvorur","9":"product_cat-rafmagnsvorur-rafmagnsvorur","11":"first","12":"instock","13":"shipping-taxable","14":"product-type-simple"},"yoast_head":"<!-- This site is optimized with the Yoast SEO plugin v27.4 - https:\/\/yoast.com\/product\/yoast-seo-wordpress\/ -->\n<title>M\u00f3tsta\u00f0a fyrir LED afturj\u00f3s Pro-LGC 24v - B&iacute;lasmi&eth;urinn<\/title>\n<meta name=\"robots\" content=\"index, follow, max-snippet:-1, max-image-preview:large, max-video-preview:-1\" \/>\n<link rel=\"canonical\" href=\"https:\/\/bilasmidurinn.is\/en\/vefverslun\/rafmagnsvorur\/rafmagnsvorur-rafmagnsvorur\/motstada-fyrir-led-afturjos-pro-lgc\/\" \/>\n<meta property=\"og:locale\" content=\"en_GB\" \/>\n<meta property=\"og:type\" content=\"article\" \/>\n<meta property=\"og:title\" content=\"M\u00f3tsta\u00f0a fyrir LED afturj\u00f3s Pro-LGC 24v - B&iacute;lasmi&eth;urinn\" \/>\n<meta property=\"og:description\" content=\"M\u00f3tst\u00f6\u00f0u kuster\u00a0 PRO-LGC fyrir h\u00e6gri og vinstri\" \/>\n<meta property=\"og:url\" content=\"https:\/\/bilasmidurinn.is\/en\/vefverslun\/rafmagnsvorur\/rafmagnsvorur-rafmagnsvorur\/motstada-fyrir-led-afturjos-pro-lgc\/\" \/>\n<meta property=\"og:site_name\" content=\"B&iacute;lasmi&eth;urinn\" \/>\n<meta property=\"article:modified_time\" content=\"2023-10-31T13:50:13+00:00\" \/>\n<meta property=\"og:image\" content=\"https:\/\/bilasmidurinn.is\/wp-content\/uploads\/2021\/08\/50140024_0.jpg\" \/>\n\t<meta property=\"og:image:width\" content=\"900\" \/>\n\t<meta property=\"og:image:height\" content=\"675\" \/>\n\t<meta property=\"og:image:type\" content=\"image\/jpeg\" \/>\n<meta name=\"twitter:card\" content=\"summary_large_image\" \/>\n<script type=\"application\/ld+json\" class=\"yoast-schema-graph\">{\"@context\":\"https:\\\/\\\/schema.org\",\"@graph\":[{\"@type\":\"WebPage\",\"@id\":\"https:\\\/\\\/bilasmidurinn.is\\\/vefverslun\\\/rafmagnsvorur\\\/rafmagnsvorur-rafmagnsvorur\\\/motstada-fyrir-led-afturjos-pro-lgc\\\/\",\"url\":\"https:\\\/\\\/bilasmidurinn.is\\\/vefverslun\\\/rafmagnsvorur\\\/rafmagnsvorur-rafmagnsvorur\\\/motstada-fyrir-led-afturjos-pro-lgc\\\/\",\"name\":\"M\u00f3tsta\u00f0a fyrir LED afturj\u00f3s Pro-LGC 24v - B&iacute;lasmi&eth;urinn\",\"isPartOf\":{\"@id\":\"https:\\\/\\\/bilasmidurinn.is\\\/#website\"},\"primaryImageOfPage\":{\"@id\":\"https:\\\/\\\/bilasmidurinn.is\\\/vefverslun\\\/rafmagnsvorur\\\/rafmagnsvorur-rafmagnsvorur\\\/motstada-fyrir-led-afturjos-pro-lgc\\\/#primaryimage\"},\"image\":{\"@id\":\"https:\\\/\\\/bilasmidurinn.is\\\/vefverslun\\\/rafmagnsvorur\\\/rafmagnsvorur-rafmagnsvorur\\\/motstada-fyrir-led-afturjos-pro-lgc\\\/#primaryimage\"},\"thumbnailUrl\":\"https:\\\/\\\/bilasmidurinn.is\\\/wp-content\\\/uploads\\\/2021\\\/08\\\/50140024_0.jpg\",\"datePublished\":\"2021-08-26T17:53:25+00:00\",\"dateModified\":\"2023-10-31T13:50:13+00:00\",\"breadcrumb\":{\"@id\":\"https:\\\/\\\/bilasmidurinn.is\\\/vefverslun\\\/rafmagnsvorur\\\/rafmagnsvorur-rafmagnsvorur\\\/motstada-fyrir-led-afturjos-pro-lgc\\\/#breadcrumb\"},\"inLanguage\":\"en-GB\",\"potentialAction\":[{\"@type\":\"ReadAction\",\"target\":[\"https:\\\/\\\/bilasmidurinn.is\\\/vefverslun\\\/rafmagnsvorur\\\/rafmagnsvorur-rafmagnsvorur\\\/motstada-fyrir-led-afturjos-pro-lgc\\\/\"]}]},{\"@type\":\"ImageObject\",\"inLanguage\":\"en-GB\",\"@id\":\"https:\\\/\\\/bilasmidurinn.is\\\/vefverslun\\\/rafmagnsvorur\\\/rafmagnsvorur-rafmagnsvorur\\\/motstada-fyrir-led-afturjos-pro-lgc\\\/#primaryimage\",\"url\":\"https:\\\/\\\/bilasmidurinn.is\\\/wp-content\\\/uploads\\\/2021\\\/08\\\/50140024_0.jpg\",\"contentUrl\":\"https:\\\/\\\/bilasmidurinn.is\\\/wp-content\\\/uploads\\\/2021\\\/08\\\/50140024_0.jpg\",\"width\":900,\"height\":675},{\"@type\":\"BreadcrumbList\",\"@id\":\"https:\\\/\\\/bilasmidurinn.is\\\/vefverslun\\\/rafmagnsvorur\\\/rafmagnsvorur-rafmagnsvorur\\\/motstada-fyrir-led-afturjos-pro-lgc\\\/#breadcrumb\",\"itemListElement\":[{\"@type\":\"ListItem\",\"position\":1,\"name\":\"Home\",\"item\":\"https:\\\/\\\/bilasmidurinn.is\\\/\"},{\"@type\":\"ListItem\",\"position\":2,\"name\":\"V\u00f6rur \u00ed verslun\",\"item\":\"https:\\\/\\\/bilasmidurinn.is\\\/vefverslun\\\/\"},{\"@type\":\"ListItem\",\"position\":3,\"name\":\"M\u00f3tsta\u00f0a fyrir LED afturj\u00f3s Pro-LGC 24v\"}]},{\"@type\":\"WebSite\",\"@id\":\"https:\\\/\\\/bilasmidurinn.is\\\/#website\",\"url\":\"https:\\\/\\\/bilasmidurinn.is\\\/\",\"name\":\"B&iacute;lasmi&eth;urinn\",\"description\":\"All sem &thorn;&uacute; &thorn;arft &iacute; t&aelig;ki&eth;\",\"potentialAction\":[{\"@type\":\"SearchAction\",\"target\":{\"@type\":\"EntryPoint\",\"urlTemplate\":\"https:\\\/\\\/bilasmidurinn.is\\\/?s={search_term_string}\"},\"query-input\":{\"@type\":\"PropertyValueSpecification\",\"valueRequired\":true,\"valueName\":\"search_term_string\"}}],\"inLanguage\":\"en-GB\"}]}<\/script>\n<!-- \/ Yoast SEO plugin. -->","yoast_head_json":{"title":"M\u00f3tsta\u00f0a fyrir LED afturj\u00f3s Pro-LGC 24v - B&iacute;lasmi&eth;urinn","robots":{"index":"index","follow":"follow","max-snippet":"max-snippet:-1","max-image-preview":"max-image-preview:large","max-video-preview":"max-video-preview:-1"},"canonical":"https:\/\/bilasmidurinn.is\/en\/vefverslun\/rafmagnsvorur\/rafmagnsvorur-rafmagnsvorur\/motstada-fyrir-led-afturjos-pro-lgc\/","og_locale":"en_GB","og_type":"article","og_title":"M\u00f3tsta\u00f0a fyrir LED afturj\u00f3s Pro-LGC 24v - B&iacute;lasmi&eth;urinn","og_description":"M\u00f3tst\u00f6\u00f0u kuster\u00a0 PRO-LGC fyrir h\u00e6gri og vinstri","og_url":"https:\/\/bilasmidurinn.is\/en\/vefverslun\/rafmagnsvorur\/rafmagnsvorur-rafmagnsvorur\/motstada-fyrir-led-afturjos-pro-lgc\/","og_site_name":"B&iacute;lasmi&eth;urinn","article_modified_time":"2023-10-31T13:50:13+00:00","og_image":[{"width":900,"height":675,"url":"https:\/\/bilasmidurinn.is\/wp-content\/uploads\/2021\/08\/50140024_0.jpg","type":"image\/jpeg"}],"twitter_card":"summary_large_image","schema":{"@context":"https:\/\/schema.org","@graph":[{"@type":"WebPage","@id":"https:\/\/bilasmidurinn.is\/vefverslun\/rafmagnsvorur\/rafmagnsvorur-rafmagnsvorur\/motstada-fyrir-led-afturjos-pro-lgc\/","url":"https:\/\/bilasmidurinn.is\/vefverslun\/rafmagnsvorur\/rafmagnsvorur-rafmagnsvorur\/motstada-fyrir-led-afturjos-pro-lgc\/","name":"M\u00f3tsta\u00f0a fyrir LED afturj\u00f3s Pro-LGC 24v - B&iacute;lasmi&eth;urinn","isPartOf":{"@id":"https:\/\/bilasmidurinn.is\/#website"},"primaryImageOfPage":{"@id":"https:\/\/bilasmidurinn.is\/vefverslun\/rafmagnsvorur\/rafmagnsvorur-rafmagnsvorur\/motstada-fyrir-led-afturjos-pro-lgc\/#primaryimage"},"image":{"@id":"https:\/\/bilasmidurinn.is\/vefverslun\/rafmagnsvorur\/rafmagnsvorur-rafmagnsvorur\/motstada-fyrir-led-afturjos-pro-lgc\/#primaryimage"},"thumbnailUrl":"https:\/\/bilasmidurinn.is\/wp-content\/uploads\/2021\/08\/50140024_0.jpg","datePublished":"2021-08-26T17:53:25+00:00","dateModified":"2023-10-31T13:50:13+00:00","breadcrumb":{"@id":"https:\/\/bilasmidurinn.is\/vefverslun\/rafmagnsvorur\/rafmagnsvorur-rafmagnsvorur\/motstada-fyrir-led-afturjos-pro-lgc\/#breadcrumb"},"inLanguage":"en-GB","potentialAction":[{"@type":"ReadAction","target":["https:\/\/bilasmidurinn.is\/vefverslun\/rafmagnsvorur\/rafmagnsvorur-rafmagnsvorur\/motstada-fyrir-led-afturjos-pro-lgc\/"]}]},{"@type":"ImageObject","inLanguage":"en-GB","@id":"https:\/\/bilasmidurinn.is\/vefverslun\/rafmagnsvorur\/rafmagnsvorur-rafmagnsvorur\/motstada-fyrir-led-afturjos-pro-lgc\/#primaryimage","url":"https:\/\/bilasmidurinn.is\/wp-content\/uploads\/2021\/08\/50140024_0.jpg","contentUrl":"https:\/\/bilasmidurinn.is\/wp-content\/uploads\/2021\/08\/50140024_0.jpg","width":900,"height":675},{"@type":"BreadcrumbList","@id":"https:\/\/bilasmidurinn.is\/vefverslun\/rafmagnsvorur\/rafmagnsvorur-rafmagnsvorur\/motstada-fyrir-led-afturjos-pro-lgc\/#breadcrumb","itemListElement":[{"@type":"ListItem","position":1,"name":"Home","item":"https:\/\/bilasmidurinn.is\/"},{"@type":"ListItem","position":2,"name":"V\u00f6rur \u00ed verslun","item":"https:\/\/bilasmidurinn.is\/vefverslun\/"},{"@type":"ListItem","position":3,"name":"M\u00f3tsta\u00f0a fyrir LED afturj\u00f3s Pro-LGC 24v"}]},{"@type":"WebSite","@id":"https:\/\/bilasmidurinn.is\/#website","url":"https:\/\/bilasmidurinn.is\/","name":"B&iacute;lasmi&eth;urinn","description":"All sem &thorn;&uacute; &thorn;arft &iacute; t&aelig;ki&eth;","potentialAction":[{"@type":"SearchAction","target":{"@type":"EntryPoint","urlTemplate":"https:\/\/bilasmidurinn.is\/?s={search_term_string}"},"query-input":{"@type":"PropertyValueSpecification","valueRequired":true,"valueName":"search_term_string"}}],"inLanguage":"en-GB"}]}},"_links":{"self":[{"href":"https:\/\/bilasmidurinn.is\/en\/wp-json\/wp\/v2\/product\/12998","targetHints":{"allow":["GET"]}}],"collection":[{"href":"https:\/\/bilasmidurinn.is\/en\/wp-json\/wp\/v2\/product"}],"about":[{"href":"https:\/\/bilasmidurinn.is\/en\/wp-json\/wp\/v2\/types\/product"}],"wp:featuredmedia":[{"embeddable":true,"href":"https:\/\/bilasmidurinn.is\/en\/wp-json\/wp\/v2\/media\/12999"}],"wp:attachment":[{"href":"https:\/\/bilasmidurinn.is\/en\/wp-json\/wp\/v2\/media?parent=12998"}],"wp:term":[{"taxonomy":"product_brand","embeddable":true,"href":"https:\/\/bilasmidurinn.is\/en\/wp-json\/wp\/v2\/product_brand?post=12998"},{"taxonomy":"product_cat","embeddable":true,"href":"https:\/\/bilasmidurinn.is\/en\/wp-json\/wp\/v2\/product_cat?post=12998"},{"taxonomy":"product_tag","embeddable":true,"href":"https:\/\/bilasmidurinn.is\/en\/wp-json\/wp\/v2\/product_tag?post=12998"}],"curies":[{"name":"wp","href":"https:\/\/api.w.org\/{rel}","templated":true}]}}