{"id":12986,"date":"2021-08-26T17:27:13","date_gmt":"2021-08-26T17:27:13","guid":{"rendered":"https:\/\/bilasmidurinn.is\/?post_type=product&#038;p=12986"},"modified":"2022-02-24T18:18:00","modified_gmt":"2022-02-24T18:18:00","slug":"tengi-fyrir-afturljos-7pin","status":"publish","type":"product","link":"https:\/\/bilasmidurinn.is\/en\/vefverslun\/rafmagnsvorur\/rafmagnsvorur-rafmagnsvorur\/skor-og-tengi\/tengi-fyrir-afturljos-7pin\/","title":{"rendered":"Rear light connector 7pin"},"content":{"rendered":"<p>AMP Rear Light Repair Connector Kit<\/p>\n<p>&nbsp;<\/p>","protected":false},"excerpt":{"rendered":"<p>Tail Light Repair Connector Kit<\/p>","protected":false},"featured_media":12982,"template":"","meta":[],"product_brand":[7947],"product_cat":[7969,8009,8022],"product_tag":[],"class_list":{"0":"post-12986","1":"product","2":"type-product","3":"status-publish","4":"has-post-thumbnail","6":"product_brand-proplast","7":"product_cat-rafmagnsvorur","8":"product_cat-rafmagnsvorur-rafmagnsvorur","9":"product_cat-skor-og-tengi","11":"first","12":"instock","13":"shipping-taxable","14":"product-type-simple"},"yoast_head":"<!-- This site is optimized with the Yoast SEO plugin v27.4 - https:\/\/yoast.com\/product\/yoast-seo-wordpress\/ -->\n<title>Tengi fyrir afturlj\u00f3s 7pin - B&iacute;lasmi&eth;urinn<\/title>\n<meta name=\"robots\" content=\"index, follow, max-snippet:-1, max-image-preview:large, max-video-preview:-1\" \/>\n<link rel=\"canonical\" href=\"http:\/\/bilasmidurinn.is\/en\/vefverslun\/rafmagnsvorur\/rafmagnsvorur-rafmagnsvorur\/skor-og-tengi\/tengi-fyrir-afturljos-7pin\/\" \/>\n<meta property=\"og:locale\" content=\"en_GB\" \/>\n<meta property=\"og:type\" content=\"article\" \/>\n<meta property=\"og:title\" content=\"Tengi fyrir afturlj\u00f3s 7pin - B&iacute;lasmi&eth;urinn\" \/>\n<meta property=\"og:description\" content=\"Vi\u00f0ger\u00f0ar tengisett fyrir afturlj\u00f3s\" \/>\n<meta property=\"og:url\" content=\"http:\/\/bilasmidurinn.is\/en\/vefverslun\/rafmagnsvorur\/rafmagnsvorur-rafmagnsvorur\/skor-og-tengi\/tengi-fyrir-afturljos-7pin\/\" \/>\n<meta property=\"og:site_name\" content=\"B&iacute;lasmi&eth;urinn\" \/>\n<meta property=\"article:modified_time\" content=\"2022-02-24T18:18:00+00:00\" \/>\n<meta property=\"og:image\" content=\"https:\/\/bilasmidurinn.is\/wp-content\/uploads\/2021\/08\/50071100_1.jpg\" \/>\n\t<meta property=\"og:image:width\" content=\"900\" \/>\n\t<meta property=\"og:image:height\" content=\"675\" \/>\n\t<meta property=\"og:image:type\" content=\"image\/jpeg\" \/>\n<meta name=\"twitter:card\" content=\"summary_large_image\" \/>\n<script type=\"application\/ld+json\" class=\"yoast-schema-graph\">{\"@context\":\"https:\\\/\\\/schema.org\",\"@graph\":[{\"@type\":\"WebPage\",\"@id\":\"http:\\\/\\\/bilasmidurinn.is\\\/pl\\\/vefverslun\\\/rafmagnsvorur\\\/rafmagnsvorur-rafmagnsvorur\\\/skor-og-tengi\\\/tengi-fyrir-afturljos-7pin\\\/\",\"url\":\"http:\\\/\\\/bilasmidurinn.is\\\/pl\\\/vefverslun\\\/rafmagnsvorur\\\/rafmagnsvorur-rafmagnsvorur\\\/skor-og-tengi\\\/tengi-fyrir-afturljos-7pin\\\/\",\"name\":\"Tengi fyrir afturlj\u00f3s 7pin - B&iacute;lasmi&eth;urinn\",\"isPartOf\":{\"@id\":\"https:\\\/\\\/bilasmidurinn.is\\\/#website\"},\"primaryImageOfPage\":{\"@id\":\"http:\\\/\\\/bilasmidurinn.is\\\/pl\\\/vefverslun\\\/rafmagnsvorur\\\/rafmagnsvorur-rafmagnsvorur\\\/skor-og-tengi\\\/tengi-fyrir-afturljos-7pin\\\/#primaryimage\"},\"image\":{\"@id\":\"http:\\\/\\\/bilasmidurinn.is\\\/pl\\\/vefverslun\\\/rafmagnsvorur\\\/rafmagnsvorur-rafmagnsvorur\\\/skor-og-tengi\\\/tengi-fyrir-afturljos-7pin\\\/#primaryimage\"},\"thumbnailUrl\":\"https:\\\/\\\/bilasmidurinn.is\\\/wp-content\\\/uploads\\\/2021\\\/08\\\/50071100_1.jpg\",\"datePublished\":\"2021-08-26T17:27:13+00:00\",\"dateModified\":\"2022-02-24T18:18:00+00:00\",\"breadcrumb\":{\"@id\":\"http:\\\/\\\/bilasmidurinn.is\\\/pl\\\/vefverslun\\\/rafmagnsvorur\\\/rafmagnsvorur-rafmagnsvorur\\\/skor-og-tengi\\\/tengi-fyrir-afturljos-7pin\\\/#breadcrumb\"},\"inLanguage\":\"en-GB\",\"potentialAction\":[{\"@type\":\"ReadAction\",\"target\":[\"http:\\\/\\\/bilasmidurinn.is\\\/pl\\\/vefverslun\\\/rafmagnsvorur\\\/rafmagnsvorur-rafmagnsvorur\\\/skor-og-tengi\\\/tengi-fyrir-afturljos-7pin\\\/\"]}]},{\"@type\":\"ImageObject\",\"inLanguage\":\"en-GB\",\"@id\":\"http:\\\/\\\/bilasmidurinn.is\\\/pl\\\/vefverslun\\\/rafmagnsvorur\\\/rafmagnsvorur-rafmagnsvorur\\\/skor-og-tengi\\\/tengi-fyrir-afturljos-7pin\\\/#primaryimage\",\"url\":\"https:\\\/\\\/bilasmidurinn.is\\\/wp-content\\\/uploads\\\/2021\\\/08\\\/50071100_1.jpg\",\"contentUrl\":\"https:\\\/\\\/bilasmidurinn.is\\\/wp-content\\\/uploads\\\/2021\\\/08\\\/50071100_1.jpg\",\"width\":900,\"height\":675},{\"@type\":\"BreadcrumbList\",\"@id\":\"http:\\\/\\\/bilasmidurinn.is\\\/pl\\\/vefverslun\\\/rafmagnsvorur\\\/rafmagnsvorur-rafmagnsvorur\\\/skor-og-tengi\\\/tengi-fyrir-afturljos-7pin\\\/#breadcrumb\",\"itemListElement\":[{\"@type\":\"ListItem\",\"position\":1,\"name\":\"Home\",\"item\":\"https:\\\/\\\/bilasmidurinn.is\\\/\"},{\"@type\":\"ListItem\",\"position\":2,\"name\":\"V\u00f6rur \u00ed verslun\",\"item\":\"https:\\\/\\\/bilasmidurinn.is\\\/vefverslun\\\/\"},{\"@type\":\"ListItem\",\"position\":3,\"name\":\"Tengi fyrir afturlj\u00f3s 7pin\"}]},{\"@type\":\"WebSite\",\"@id\":\"https:\\\/\\\/bilasmidurinn.is\\\/#website\",\"url\":\"https:\\\/\\\/bilasmidurinn.is\\\/\",\"name\":\"B&iacute;lasmi&eth;urinn\",\"description\":\"All sem &thorn;&uacute; &thorn;arft &iacute; t&aelig;ki&eth;\",\"potentialAction\":[{\"@type\":\"SearchAction\",\"target\":{\"@type\":\"EntryPoint\",\"urlTemplate\":\"https:\\\/\\\/bilasmidurinn.is\\\/?s={search_term_string}\"},\"query-input\":{\"@type\":\"PropertyValueSpecification\",\"valueRequired\":true,\"valueName\":\"search_term_string\"}}],\"inLanguage\":\"en-GB\"}]}<\/script>\n<!-- \/ Yoast SEO plugin. -->","yoast_head_json":{"title":"Tengi fyrir afturlj\u00f3s 7pin - B&iacute;lasmi&eth;urinn","robots":{"index":"index","follow":"follow","max-snippet":"max-snippet:-1","max-image-preview":"max-image-preview:large","max-video-preview":"max-video-preview:-1"},"canonical":"http:\/\/bilasmidurinn.is\/en\/vefverslun\/rafmagnsvorur\/rafmagnsvorur-rafmagnsvorur\/skor-og-tengi\/tengi-fyrir-afturljos-7pin\/","og_locale":"en_GB","og_type":"article","og_title":"Tengi fyrir afturlj\u00f3s 7pin - B&iacute;lasmi&eth;urinn","og_description":"Vi\u00f0ger\u00f0ar tengisett fyrir afturlj\u00f3s","og_url":"http:\/\/bilasmidurinn.is\/en\/vefverslun\/rafmagnsvorur\/rafmagnsvorur-rafmagnsvorur\/skor-og-tengi\/tengi-fyrir-afturljos-7pin\/","og_site_name":"B&iacute;lasmi&eth;urinn","article_modified_time":"2022-02-24T18:18:00+00:00","og_image":[{"width":900,"height":675,"url":"https:\/\/bilasmidurinn.is\/wp-content\/uploads\/2021\/08\/50071100_1.jpg","type":"image\/jpeg"}],"twitter_card":"summary_large_image","schema":{"@context":"https:\/\/schema.org","@graph":[{"@type":"WebPage","@id":"http:\/\/bilasmidurinn.is\/pl\/vefverslun\/rafmagnsvorur\/rafmagnsvorur-rafmagnsvorur\/skor-og-tengi\/tengi-fyrir-afturljos-7pin\/","url":"http:\/\/bilasmidurinn.is\/pl\/vefverslun\/rafmagnsvorur\/rafmagnsvorur-rafmagnsvorur\/skor-og-tengi\/tengi-fyrir-afturljos-7pin\/","name":"Tengi fyrir afturlj\u00f3s 7pin - B&iacute;lasmi&eth;urinn","isPartOf":{"@id":"https:\/\/bilasmidurinn.is\/#website"},"primaryImageOfPage":{"@id":"http:\/\/bilasmidurinn.is\/pl\/vefverslun\/rafmagnsvorur\/rafmagnsvorur-rafmagnsvorur\/skor-og-tengi\/tengi-fyrir-afturljos-7pin\/#primaryimage"},"image":{"@id":"http:\/\/bilasmidurinn.is\/pl\/vefverslun\/rafmagnsvorur\/rafmagnsvorur-rafmagnsvorur\/skor-og-tengi\/tengi-fyrir-afturljos-7pin\/#primaryimage"},"thumbnailUrl":"https:\/\/bilasmidurinn.is\/wp-content\/uploads\/2021\/08\/50071100_1.jpg","datePublished":"2021-08-26T17:27:13+00:00","dateModified":"2022-02-24T18:18:00+00:00","breadcrumb":{"@id":"http:\/\/bilasmidurinn.is\/pl\/vefverslun\/rafmagnsvorur\/rafmagnsvorur-rafmagnsvorur\/skor-og-tengi\/tengi-fyrir-afturljos-7pin\/#breadcrumb"},"inLanguage":"en-GB","potentialAction":[{"@type":"ReadAction","target":["http:\/\/bilasmidurinn.is\/pl\/vefverslun\/rafmagnsvorur\/rafmagnsvorur-rafmagnsvorur\/skor-og-tengi\/tengi-fyrir-afturljos-7pin\/"]}]},{"@type":"ImageObject","inLanguage":"en-GB","@id":"http:\/\/bilasmidurinn.is\/pl\/vefverslun\/rafmagnsvorur\/rafmagnsvorur-rafmagnsvorur\/skor-og-tengi\/tengi-fyrir-afturljos-7pin\/#primaryimage","url":"https:\/\/bilasmidurinn.is\/wp-content\/uploads\/2021\/08\/50071100_1.jpg","contentUrl":"https:\/\/bilasmidurinn.is\/wp-content\/uploads\/2021\/08\/50071100_1.jpg","width":900,"height":675},{"@type":"BreadcrumbList","@id":"http:\/\/bilasmidurinn.is\/pl\/vefverslun\/rafmagnsvorur\/rafmagnsvorur-rafmagnsvorur\/skor-og-tengi\/tengi-fyrir-afturljos-7pin\/#breadcrumb","itemListElement":[{"@type":"ListItem","position":1,"name":"Home","item":"https:\/\/bilasmidurinn.is\/"},{"@type":"ListItem","position":2,"name":"V\u00f6rur \u00ed verslun","item":"https:\/\/bilasmidurinn.is\/vefverslun\/"},{"@type":"ListItem","position":3,"name":"Tengi fyrir afturlj\u00f3s 7pin"}]},{"@type":"WebSite","@id":"https:\/\/bilasmidurinn.is\/#website","url":"https:\/\/bilasmidurinn.is\/","name":"B&iacute;lasmi&eth;urinn","description":"All sem &thorn;&uacute; &thorn;arft &iacute; t&aelig;ki&eth;","potentialAction":[{"@type":"SearchAction","target":{"@type":"EntryPoint","urlTemplate":"https:\/\/bilasmidurinn.is\/?s={search_term_string}"},"query-input":{"@type":"PropertyValueSpecification","valueRequired":true,"valueName":"search_term_string"}}],"inLanguage":"en-GB"}]}},"_links":{"self":[{"href":"https:\/\/bilasmidurinn.is\/en\/wp-json\/wp\/v2\/product\/12986","targetHints":{"allow":["GET"]}}],"collection":[{"href":"https:\/\/bilasmidurinn.is\/en\/wp-json\/wp\/v2\/product"}],"about":[{"href":"https:\/\/bilasmidurinn.is\/en\/wp-json\/wp\/v2\/types\/product"}],"wp:featuredmedia":[{"embeddable":true,"href":"https:\/\/bilasmidurinn.is\/en\/wp-json\/wp\/v2\/media\/12982"}],"wp:attachment":[{"href":"https:\/\/bilasmidurinn.is\/en\/wp-json\/wp\/v2\/media?parent=12986"}],"wp:term":[{"taxonomy":"product_brand","embeddable":true,"href":"https:\/\/bilasmidurinn.is\/en\/wp-json\/wp\/v2\/product_brand?post=12986"},{"taxonomy":"product_cat","embeddable":true,"href":"https:\/\/bilasmidurinn.is\/en\/wp-json\/wp\/v2\/product_cat?post=12986"},{"taxonomy":"product_tag","embeddable":true,"href":"https:\/\/bilasmidurinn.is\/en\/wp-json\/wp\/v2\/product_tag?post=12986"}],"curies":[{"name":"wp","href":"https:\/\/api.w.org\/{rel}","templated":true}]}}