{"id":12442,"date":"2021-08-11T09:41:09","date_gmt":"2021-08-11T09:41:09","guid":{"rendered":"https:\/\/bilasmidurinn.is\/?post_type=product&#038;p=12442"},"modified":"2021-08-11T09:41:09","modified_gmt":"2021-08-11T09:41:09","slug":"hurdalaesing-fyrir-stafjarnsbolta-haegri","status":"publish","type":"product","link":"https:\/\/bilasmidurinn.is\/en\/vefverslun\/laesingar\/hurdalaesing-fyrir-stafjarnsbolta-haegri\/","title":{"rendered":"Door lock for rod bolt right"},"content":{"rendered":"<p>Right door lock for rod bolt 6000598, common in work machines and tools<\/p>","protected":false},"excerpt":{"rendered":"<p>Right door lock for rod bolt<\/p>","protected":false},"featured_media":12443,"template":"","meta":[],"product_brand":[7946],"product_cat":[7965],"product_tag":[],"class_list":{"0":"post-12442","1":"product","2":"type-product","3":"status-publish","4":"has-post-thumbnail","6":"product_brand-happich-ghe","7":"product_cat-laesingar","9":"first","10":"instock","11":"shipping-taxable","12":"product-type-simple"},"yoast_head":"<!-- This site is optimized with the Yoast SEO plugin v27.3 - https:\/\/yoast.com\/product\/yoast-seo-wordpress\/ -->\n<title>Hur\u00f0al\u00e6sing fyrir stafj\u00e1rnsbolta h\u00e6gri - B&iacute;lasmi&eth;urinn<\/title>\n<meta name=\"robots\" content=\"index, follow, max-snippet:-1, max-image-preview:large, max-video-preview:-1\" \/>\n<link rel=\"canonical\" href=\"https:\/\/bilasmidurinn.is\/en\/vefverslun\/laesingar\/hurdalaesing-fyrir-stafjarnsbolta-haegri\/\" \/>\n<meta property=\"og:locale\" content=\"en_GB\" \/>\n<meta property=\"og:type\" content=\"article\" \/>\n<meta property=\"og:title\" content=\"Hur\u00f0al\u00e6sing fyrir stafj\u00e1rnsbolta h\u00e6gri - B&iacute;lasmi&eth;urinn\" \/>\n<meta property=\"og:description\" content=\"H\u00e6gri hur\u00f0al\u00e6sing fyrir stafj\u00e1rnsbolta\" \/>\n<meta property=\"og:url\" content=\"https:\/\/bilasmidurinn.is\/en\/vefverslun\/laesingar\/hurdalaesing-fyrir-stafjarnsbolta-haegri\/\" \/>\n<meta property=\"og:site_name\" content=\"B&iacute;lasmi&eth;urinn\" \/>\n<meta property=\"og:image\" content=\"https:\/\/bilasmidurinn.is\/wp-content\/uploads\/2021\/08\/6000580.png\" \/>\n\t<meta property=\"og:image:width\" content=\"428\" \/>\n\t<meta property=\"og:image:height\" content=\"253\" \/>\n\t<meta property=\"og:image:type\" content=\"image\/png\" \/>\n<meta name=\"twitter:card\" content=\"summary_large_image\" \/>\n<script type=\"application\/ld+json\" class=\"yoast-schema-graph\">{\"@context\":\"https:\\\/\\\/schema.org\",\"@graph\":[{\"@type\":\"WebPage\",\"@id\":\"https:\\\/\\\/bilasmidurinn.is\\\/pl\\\/vefverslun\\\/laesingar\\\/hurdalaesing-fyrir-stafjarnsbolta-haegri\\\/\",\"url\":\"https:\\\/\\\/bilasmidurinn.is\\\/pl\\\/vefverslun\\\/laesingar\\\/hurdalaesing-fyrir-stafjarnsbolta-haegri\\\/\",\"name\":\"Hur\u00f0al\u00e6sing fyrir stafj\u00e1rnsbolta h\u00e6gri - B&iacute;lasmi&eth;urinn\",\"isPartOf\":{\"@id\":\"https:\\\/\\\/bilasmidurinn.is\\\/#website\"},\"primaryImageOfPage\":{\"@id\":\"https:\\\/\\\/bilasmidurinn.is\\\/pl\\\/vefverslun\\\/laesingar\\\/hurdalaesing-fyrir-stafjarnsbolta-haegri\\\/#primaryimage\"},\"image\":{\"@id\":\"https:\\\/\\\/bilasmidurinn.is\\\/pl\\\/vefverslun\\\/laesingar\\\/hurdalaesing-fyrir-stafjarnsbolta-haegri\\\/#primaryimage\"},\"thumbnailUrl\":\"https:\\\/\\\/bilasmidurinn.is\\\/wp-content\\\/uploads\\\/2021\\\/08\\\/6000580.png\",\"datePublished\":\"2021-08-11T09:41:09+00:00\",\"breadcrumb\":{\"@id\":\"https:\\\/\\\/bilasmidurinn.is\\\/pl\\\/vefverslun\\\/laesingar\\\/hurdalaesing-fyrir-stafjarnsbolta-haegri\\\/#breadcrumb\"},\"inLanguage\":\"en-GB\",\"potentialAction\":[{\"@type\":\"ReadAction\",\"target\":[\"https:\\\/\\\/bilasmidurinn.is\\\/pl\\\/vefverslun\\\/laesingar\\\/hurdalaesing-fyrir-stafjarnsbolta-haegri\\\/\"]}]},{\"@type\":\"ImageObject\",\"inLanguage\":\"en-GB\",\"@id\":\"https:\\\/\\\/bilasmidurinn.is\\\/pl\\\/vefverslun\\\/laesingar\\\/hurdalaesing-fyrir-stafjarnsbolta-haegri\\\/#primaryimage\",\"url\":\"https:\\\/\\\/bilasmidurinn.is\\\/wp-content\\\/uploads\\\/2021\\\/08\\\/6000580.png\",\"contentUrl\":\"https:\\\/\\\/bilasmidurinn.is\\\/wp-content\\\/uploads\\\/2021\\\/08\\\/6000580.png\",\"width\":428,\"height\":253},{\"@type\":\"BreadcrumbList\",\"@id\":\"https:\\\/\\\/bilasmidurinn.is\\\/pl\\\/vefverslun\\\/laesingar\\\/hurdalaesing-fyrir-stafjarnsbolta-haegri\\\/#breadcrumb\",\"itemListElement\":[{\"@type\":\"ListItem\",\"position\":1,\"name\":\"Home\",\"item\":\"https:\\\/\\\/bilasmidurinn.is\\\/\"},{\"@type\":\"ListItem\",\"position\":2,\"name\":\"V\u00f6rur \u00ed verslun\",\"item\":\"https:\\\/\\\/bilasmidurinn.is\\\/vefverslun\\\/\"},{\"@type\":\"ListItem\",\"position\":3,\"name\":\"Hur\u00f0al\u00e6sing fyrir stafj\u00e1rnsbolta h\u00e6gri\"}]},{\"@type\":\"WebSite\",\"@id\":\"https:\\\/\\\/bilasmidurinn.is\\\/#website\",\"url\":\"https:\\\/\\\/bilasmidurinn.is\\\/\",\"name\":\"B&iacute;lasmi&eth;urinn\",\"description\":\"All sem &thorn;&uacute; &thorn;arft &iacute; t&aelig;ki&eth;\",\"potentialAction\":[{\"@type\":\"SearchAction\",\"target\":{\"@type\":\"EntryPoint\",\"urlTemplate\":\"https:\\\/\\\/bilasmidurinn.is\\\/?s={search_term_string}\"},\"query-input\":{\"@type\":\"PropertyValueSpecification\",\"valueRequired\":true,\"valueName\":\"search_term_string\"}}],\"inLanguage\":\"en-GB\"}]}<\/script>\n<!-- \/ Yoast SEO plugin. -->","yoast_head_json":{"title":"Hur\u00f0al\u00e6sing fyrir stafj\u00e1rnsbolta h\u00e6gri - B&iacute;lasmi&eth;urinn","robots":{"index":"index","follow":"follow","max-snippet":"max-snippet:-1","max-image-preview":"max-image-preview:large","max-video-preview":"max-video-preview:-1"},"canonical":"https:\/\/bilasmidurinn.is\/en\/vefverslun\/laesingar\/hurdalaesing-fyrir-stafjarnsbolta-haegri\/","og_locale":"en_GB","og_type":"article","og_title":"Hur\u00f0al\u00e6sing fyrir stafj\u00e1rnsbolta h\u00e6gri - B&iacute;lasmi&eth;urinn","og_description":"H\u00e6gri hur\u00f0al\u00e6sing fyrir stafj\u00e1rnsbolta","og_url":"https:\/\/bilasmidurinn.is\/en\/vefverslun\/laesingar\/hurdalaesing-fyrir-stafjarnsbolta-haegri\/","og_site_name":"B&iacute;lasmi&eth;urinn","og_image":[{"width":428,"height":253,"url":"https:\/\/bilasmidurinn.is\/wp-content\/uploads\/2021\/08\/6000580.png","type":"image\/png"}],"twitter_card":"summary_large_image","schema":{"@context":"https:\/\/schema.org","@graph":[{"@type":"WebPage","@id":"https:\/\/bilasmidurinn.is\/pl\/vefverslun\/laesingar\/hurdalaesing-fyrir-stafjarnsbolta-haegri\/","url":"https:\/\/bilasmidurinn.is\/pl\/vefverslun\/laesingar\/hurdalaesing-fyrir-stafjarnsbolta-haegri\/","name":"Hur\u00f0al\u00e6sing fyrir stafj\u00e1rnsbolta h\u00e6gri - B&iacute;lasmi&eth;urinn","isPartOf":{"@id":"https:\/\/bilasmidurinn.is\/#website"},"primaryImageOfPage":{"@id":"https:\/\/bilasmidurinn.is\/pl\/vefverslun\/laesingar\/hurdalaesing-fyrir-stafjarnsbolta-haegri\/#primaryimage"},"image":{"@id":"https:\/\/bilasmidurinn.is\/pl\/vefverslun\/laesingar\/hurdalaesing-fyrir-stafjarnsbolta-haegri\/#primaryimage"},"thumbnailUrl":"https:\/\/bilasmidurinn.is\/wp-content\/uploads\/2021\/08\/6000580.png","datePublished":"2021-08-11T09:41:09+00:00","breadcrumb":{"@id":"https:\/\/bilasmidurinn.is\/pl\/vefverslun\/laesingar\/hurdalaesing-fyrir-stafjarnsbolta-haegri\/#breadcrumb"},"inLanguage":"en-GB","potentialAction":[{"@type":"ReadAction","target":["https:\/\/bilasmidurinn.is\/pl\/vefverslun\/laesingar\/hurdalaesing-fyrir-stafjarnsbolta-haegri\/"]}]},{"@type":"ImageObject","inLanguage":"en-GB","@id":"https:\/\/bilasmidurinn.is\/pl\/vefverslun\/laesingar\/hurdalaesing-fyrir-stafjarnsbolta-haegri\/#primaryimage","url":"https:\/\/bilasmidurinn.is\/wp-content\/uploads\/2021\/08\/6000580.png","contentUrl":"https:\/\/bilasmidurinn.is\/wp-content\/uploads\/2021\/08\/6000580.png","width":428,"height":253},{"@type":"BreadcrumbList","@id":"https:\/\/bilasmidurinn.is\/pl\/vefverslun\/laesingar\/hurdalaesing-fyrir-stafjarnsbolta-haegri\/#breadcrumb","itemListElement":[{"@type":"ListItem","position":1,"name":"Home","item":"https:\/\/bilasmidurinn.is\/"},{"@type":"ListItem","position":2,"name":"V\u00f6rur \u00ed verslun","item":"https:\/\/bilasmidurinn.is\/vefverslun\/"},{"@type":"ListItem","position":3,"name":"Hur\u00f0al\u00e6sing fyrir stafj\u00e1rnsbolta h\u00e6gri"}]},{"@type":"WebSite","@id":"https:\/\/bilasmidurinn.is\/#website","url":"https:\/\/bilasmidurinn.is\/","name":"B&iacute;lasmi&eth;urinn","description":"All sem &thorn;&uacute; &thorn;arft &iacute; t&aelig;ki&eth;","potentialAction":[{"@type":"SearchAction","target":{"@type":"EntryPoint","urlTemplate":"https:\/\/bilasmidurinn.is\/?s={search_term_string}"},"query-input":{"@type":"PropertyValueSpecification","valueRequired":true,"valueName":"search_term_string"}}],"inLanguage":"en-GB"}]}},"_links":{"self":[{"href":"https:\/\/bilasmidurinn.is\/en\/wp-json\/wp\/v2\/product\/12442","targetHints":{"allow":["GET"]}}],"collection":[{"href":"https:\/\/bilasmidurinn.is\/en\/wp-json\/wp\/v2\/product"}],"about":[{"href":"https:\/\/bilasmidurinn.is\/en\/wp-json\/wp\/v2\/types\/product"}],"wp:featuredmedia":[{"embeddable":true,"href":"https:\/\/bilasmidurinn.is\/en\/wp-json\/wp\/v2\/media\/12443"}],"wp:attachment":[{"href":"https:\/\/bilasmidurinn.is\/en\/wp-json\/wp\/v2\/media?parent=12442"}],"wp:term":[{"taxonomy":"product_brand","embeddable":true,"href":"https:\/\/bilasmidurinn.is\/en\/wp-json\/wp\/v2\/product_brand?post=12442"},{"taxonomy":"product_cat","embeddable":true,"href":"https:\/\/bilasmidurinn.is\/en\/wp-json\/wp\/v2\/product_cat?post=12442"},{"taxonomy":"product_tag","embeddable":true,"href":"https:\/\/bilasmidurinn.is\/en\/wp-json\/wp\/v2\/product_tag?post=12442"}],"curies":[{"name":"wp","href":"https:\/\/api.w.org\/{rel}","templated":true}]}}