{"id":12401,"date":"2021-08-09T20:26:03","date_gmt":"2021-08-09T20:26:03","guid":{"rendered":"https:\/\/bilasmidurinn.is\/?post_type=product&#038;p=12401"},"modified":"2022-01-10T13:35:50","modified_gmt":"2022-01-10T13:35:50","slug":"kerrukapal-framlenging-hun-hann-7pin","status":"publish","type":"product","link":"https:\/\/bilasmidurinn.is\/en\/vefverslun\/rafmagnsvorur\/kerrutengi\/kerrukapal-framlenging-hun-hann-7pin\/","title":{"rendered":"Trailer cable extension female\/male 7pin"},"content":{"rendered":"<p>Trailer cable extension with plug on one side and box on the other side 7pin 12V 3m<\/p>\n<p>&nbsp;<\/p>","protected":false},"excerpt":{"rendered":"<p>Trailer cable extension with plug on one side and box on the other side 7pin 12V 3m &nbsp;<\/p>","protected":false},"featured_media":12402,"template":"","meta":[],"product_brand":[],"product_cat":[8033,8021],"product_tag":[],"class_list":{"0":"post-12401","1":"product","2":"type-product","3":"status-publish","4":"has-post-thumbnail","6":"product_cat-adrar-vagnavorur","7":"product_cat-kerrutengi","9":"first","10":"instock","11":"shipping-taxable","12":"product-type-simple"},"yoast_head":"<!-- This site is optimized with the Yoast SEO plugin v27.4 - https:\/\/yoast.com\/product\/yoast-seo-wordpress\/ -->\n<title>Kerrukapal framlenging h\u00fan\/hann 7pin - B&iacute;lasmi&eth;urinn<\/title>\n<meta name=\"robots\" content=\"index, follow, max-snippet:-1, max-image-preview:large, max-video-preview:-1\" \/>\n<link rel=\"canonical\" href=\"https:\/\/bilasmidurinn.is\/en\/vefverslun\/rafmagnsvorur\/kerrutengi\/kerrukapal-framlenging-hun-hann-7pin\/\" \/>\n<meta property=\"og:locale\" content=\"en_GB\" \/>\n<meta property=\"og:type\" content=\"article\" \/>\n<meta property=\"og:title\" content=\"Kerrukapal framlenging h\u00fan\/hann 7pin - B&iacute;lasmi&eth;urinn\" \/>\n<meta property=\"og:description\" content=\"Kerrukapal framlenging me\u00f0 kl\u00f3 annarsvegar og d\u00f3s hinsvegar 7pin 12V\u00a0 3m &nbsp;\" \/>\n<meta property=\"og:url\" content=\"https:\/\/bilasmidurinn.is\/en\/vefverslun\/rafmagnsvorur\/kerrutengi\/kerrukapal-framlenging-hun-hann-7pin\/\" \/>\n<meta property=\"og:site_name\" content=\"B&iacute;lasmi&eth;urinn\" \/>\n<meta property=\"article:modified_time\" content=\"2022-01-10T13:35:50+00:00\" \/>\n<meta property=\"og:image\" content=\"https:\/\/bilasmidurinn.is\/wp-content\/uploads\/2021\/08\/CA416.jpg\" \/>\n\t<meta property=\"og:image:width\" content=\"500\" \/>\n\t<meta property=\"og:image:height\" content=\"500\" \/>\n\t<meta property=\"og:image:type\" content=\"image\/jpeg\" \/>\n<meta name=\"twitter:card\" content=\"summary_large_image\" \/>\n<script type=\"application\/ld+json\" class=\"yoast-schema-graph\">{\"@context\":\"https:\\\/\\\/schema.org\",\"@graph\":[{\"@type\":\"WebPage\",\"@id\":\"https:\\\/\\\/bilasmidurinn.is\\\/pl\\\/vefverslun\\\/rafmagnsvorur\\\/kerrutengi\\\/kerrukapal-framlenging-hun-hann-7pin\\\/\",\"url\":\"https:\\\/\\\/bilasmidurinn.is\\\/pl\\\/vefverslun\\\/rafmagnsvorur\\\/kerrutengi\\\/kerrukapal-framlenging-hun-hann-7pin\\\/\",\"name\":\"Kerrukapal framlenging h\u00fan\\\/hann 7pin - B&iacute;lasmi&eth;urinn\",\"isPartOf\":{\"@id\":\"https:\\\/\\\/bilasmidurinn.is\\\/#website\"},\"primaryImageOfPage\":{\"@id\":\"https:\\\/\\\/bilasmidurinn.is\\\/pl\\\/vefverslun\\\/rafmagnsvorur\\\/kerrutengi\\\/kerrukapal-framlenging-hun-hann-7pin\\\/#primaryimage\"},\"image\":{\"@id\":\"https:\\\/\\\/bilasmidurinn.is\\\/pl\\\/vefverslun\\\/rafmagnsvorur\\\/kerrutengi\\\/kerrukapal-framlenging-hun-hann-7pin\\\/#primaryimage\"},\"thumbnailUrl\":\"https:\\\/\\\/bilasmidurinn.is\\\/wp-content\\\/uploads\\\/2021\\\/08\\\/CA416.jpg\",\"datePublished\":\"2021-08-09T20:26:03+00:00\",\"dateModified\":\"2022-01-10T13:35:50+00:00\",\"breadcrumb\":{\"@id\":\"https:\\\/\\\/bilasmidurinn.is\\\/pl\\\/vefverslun\\\/rafmagnsvorur\\\/kerrutengi\\\/kerrukapal-framlenging-hun-hann-7pin\\\/#breadcrumb\"},\"inLanguage\":\"en-GB\",\"potentialAction\":[{\"@type\":\"ReadAction\",\"target\":[\"https:\\\/\\\/bilasmidurinn.is\\\/pl\\\/vefverslun\\\/rafmagnsvorur\\\/kerrutengi\\\/kerrukapal-framlenging-hun-hann-7pin\\\/\"]}]},{\"@type\":\"ImageObject\",\"inLanguage\":\"en-GB\",\"@id\":\"https:\\\/\\\/bilasmidurinn.is\\\/pl\\\/vefverslun\\\/rafmagnsvorur\\\/kerrutengi\\\/kerrukapal-framlenging-hun-hann-7pin\\\/#primaryimage\",\"url\":\"https:\\\/\\\/bilasmidurinn.is\\\/wp-content\\\/uploads\\\/2021\\\/08\\\/CA416.jpg\",\"contentUrl\":\"https:\\\/\\\/bilasmidurinn.is\\\/wp-content\\\/uploads\\\/2021\\\/08\\\/CA416.jpg\",\"width\":500,\"height\":500},{\"@type\":\"BreadcrumbList\",\"@id\":\"https:\\\/\\\/bilasmidurinn.is\\\/pl\\\/vefverslun\\\/rafmagnsvorur\\\/kerrutengi\\\/kerrukapal-framlenging-hun-hann-7pin\\\/#breadcrumb\",\"itemListElement\":[{\"@type\":\"ListItem\",\"position\":1,\"name\":\"Home\",\"item\":\"https:\\\/\\\/bilasmidurinn.is\\\/\"},{\"@type\":\"ListItem\",\"position\":2,\"name\":\"V\u00f6rur \u00ed verslun\",\"item\":\"https:\\\/\\\/bilasmidurinn.is\\\/vefverslun\\\/\"},{\"@type\":\"ListItem\",\"position\":3,\"name\":\"Kerrukapal framlenging h\u00fan\\\/hann 7pin\"}]},{\"@type\":\"WebSite\",\"@id\":\"https:\\\/\\\/bilasmidurinn.is\\\/#website\",\"url\":\"https:\\\/\\\/bilasmidurinn.is\\\/\",\"name\":\"B&iacute;lasmi&eth;urinn\",\"description\":\"All sem &thorn;&uacute; &thorn;arft &iacute; t&aelig;ki&eth;\",\"potentialAction\":[{\"@type\":\"SearchAction\",\"target\":{\"@type\":\"EntryPoint\",\"urlTemplate\":\"https:\\\/\\\/bilasmidurinn.is\\\/?s={search_term_string}\"},\"query-input\":{\"@type\":\"PropertyValueSpecification\",\"valueRequired\":true,\"valueName\":\"search_term_string\"}}],\"inLanguage\":\"en-GB\"}]}<\/script>\n<!-- \/ Yoast SEO plugin. -->","yoast_head_json":{"title":"Kerrukapal framlenging h\u00fan\/hann 7pin - B&iacute;lasmi&eth;urinn","robots":{"index":"index","follow":"follow","max-snippet":"max-snippet:-1","max-image-preview":"max-image-preview:large","max-video-preview":"max-video-preview:-1"},"canonical":"https:\/\/bilasmidurinn.is\/en\/vefverslun\/rafmagnsvorur\/kerrutengi\/kerrukapal-framlenging-hun-hann-7pin\/","og_locale":"en_GB","og_type":"article","og_title":"Kerrukapal framlenging h\u00fan\/hann 7pin - B&iacute;lasmi&eth;urinn","og_description":"Kerrukapal framlenging me\u00f0 kl\u00f3 annarsvegar og d\u00f3s hinsvegar 7pin 12V\u00a0 3m &nbsp;","og_url":"https:\/\/bilasmidurinn.is\/en\/vefverslun\/rafmagnsvorur\/kerrutengi\/kerrukapal-framlenging-hun-hann-7pin\/","og_site_name":"B&iacute;lasmi&eth;urinn","article_modified_time":"2022-01-10T13:35:50+00:00","og_image":[{"width":500,"height":500,"url":"https:\/\/bilasmidurinn.is\/wp-content\/uploads\/2021\/08\/CA416.jpg","type":"image\/jpeg"}],"twitter_card":"summary_large_image","schema":{"@context":"https:\/\/schema.org","@graph":[{"@type":"WebPage","@id":"https:\/\/bilasmidurinn.is\/pl\/vefverslun\/rafmagnsvorur\/kerrutengi\/kerrukapal-framlenging-hun-hann-7pin\/","url":"https:\/\/bilasmidurinn.is\/pl\/vefverslun\/rafmagnsvorur\/kerrutengi\/kerrukapal-framlenging-hun-hann-7pin\/","name":"Kerrukapal framlenging h\u00fan\/hann 7pin - B&iacute;lasmi&eth;urinn","isPartOf":{"@id":"https:\/\/bilasmidurinn.is\/#website"},"primaryImageOfPage":{"@id":"https:\/\/bilasmidurinn.is\/pl\/vefverslun\/rafmagnsvorur\/kerrutengi\/kerrukapal-framlenging-hun-hann-7pin\/#primaryimage"},"image":{"@id":"https:\/\/bilasmidurinn.is\/pl\/vefverslun\/rafmagnsvorur\/kerrutengi\/kerrukapal-framlenging-hun-hann-7pin\/#primaryimage"},"thumbnailUrl":"https:\/\/bilasmidurinn.is\/wp-content\/uploads\/2021\/08\/CA416.jpg","datePublished":"2021-08-09T20:26:03+00:00","dateModified":"2022-01-10T13:35:50+00:00","breadcrumb":{"@id":"https:\/\/bilasmidurinn.is\/pl\/vefverslun\/rafmagnsvorur\/kerrutengi\/kerrukapal-framlenging-hun-hann-7pin\/#breadcrumb"},"inLanguage":"en-GB","potentialAction":[{"@type":"ReadAction","target":["https:\/\/bilasmidurinn.is\/pl\/vefverslun\/rafmagnsvorur\/kerrutengi\/kerrukapal-framlenging-hun-hann-7pin\/"]}]},{"@type":"ImageObject","inLanguage":"en-GB","@id":"https:\/\/bilasmidurinn.is\/pl\/vefverslun\/rafmagnsvorur\/kerrutengi\/kerrukapal-framlenging-hun-hann-7pin\/#primaryimage","url":"https:\/\/bilasmidurinn.is\/wp-content\/uploads\/2021\/08\/CA416.jpg","contentUrl":"https:\/\/bilasmidurinn.is\/wp-content\/uploads\/2021\/08\/CA416.jpg","width":500,"height":500},{"@type":"BreadcrumbList","@id":"https:\/\/bilasmidurinn.is\/pl\/vefverslun\/rafmagnsvorur\/kerrutengi\/kerrukapal-framlenging-hun-hann-7pin\/#breadcrumb","itemListElement":[{"@type":"ListItem","position":1,"name":"Home","item":"https:\/\/bilasmidurinn.is\/"},{"@type":"ListItem","position":2,"name":"V\u00f6rur \u00ed verslun","item":"https:\/\/bilasmidurinn.is\/vefverslun\/"},{"@type":"ListItem","position":3,"name":"Kerrukapal framlenging h\u00fan\/hann 7pin"}]},{"@type":"WebSite","@id":"https:\/\/bilasmidurinn.is\/#website","url":"https:\/\/bilasmidurinn.is\/","name":"B&iacute;lasmi&eth;urinn","description":"All sem &thorn;&uacute; &thorn;arft &iacute; t&aelig;ki&eth;","potentialAction":[{"@type":"SearchAction","target":{"@type":"EntryPoint","urlTemplate":"https:\/\/bilasmidurinn.is\/?s={search_term_string}"},"query-input":{"@type":"PropertyValueSpecification","valueRequired":true,"valueName":"search_term_string"}}],"inLanguage":"en-GB"}]}},"_links":{"self":[{"href":"https:\/\/bilasmidurinn.is\/en\/wp-json\/wp\/v2\/product\/12401","targetHints":{"allow":["GET"]}}],"collection":[{"href":"https:\/\/bilasmidurinn.is\/en\/wp-json\/wp\/v2\/product"}],"about":[{"href":"https:\/\/bilasmidurinn.is\/en\/wp-json\/wp\/v2\/types\/product"}],"wp:featuredmedia":[{"embeddable":true,"href":"https:\/\/bilasmidurinn.is\/en\/wp-json\/wp\/v2\/media\/12402"}],"wp:attachment":[{"href":"https:\/\/bilasmidurinn.is\/en\/wp-json\/wp\/v2\/media?parent=12401"}],"wp:term":[{"taxonomy":"product_brand","embeddable":true,"href":"https:\/\/bilasmidurinn.is\/en\/wp-json\/wp\/v2\/product_brand?post=12401"},{"taxonomy":"product_cat","embeddable":true,"href":"https:\/\/bilasmidurinn.is\/en\/wp-json\/wp\/v2\/product_cat?post=12401"},{"taxonomy":"product_tag","embeddable":true,"href":"https:\/\/bilasmidurinn.is\/en\/wp-json\/wp\/v2\/product_tag?post=12401"}],"curies":[{"name":"wp","href":"https:\/\/api.w.org\/{rel}","templated":true}]}}