{"id":12346,"date":"2021-08-05T21:01:18","date_gmt":"2021-08-05T21:01:18","guid":{"rendered":"https:\/\/bilasmidurinn.is\/?post_type=product&#038;p=12346"},"modified":"2022-02-24T18:04:23","modified_gmt":"2022-02-24T18:04:23","slug":"skor-gulur-95mm-oeinangradur","status":"publish","type":"product","link":"https:\/\/bilasmidurinn.is\/en\/vefverslun\/rafmagnsvorur\/rafmagnsvorur-rafmagnsvorur\/skor-og-tengi\/skor-gulur-95mm-oeinangradur\/","title":{"rendered":"Connector yellow 9.5mm non-insulated"},"content":{"rendered":"<p>Shoe yellow 9.5mm uninsulated<\/p>","protected":false},"excerpt":{"rendered":"<p>Shoe yellow 9.5mm<\/p>","protected":false},"featured_media":12347,"template":"","meta":[],"product_brand":[7927],"product_cat":[8009,7969,8022],"product_tag":[],"class_list":{"0":"post-12346","1":"product","2":"type-product","3":"status-publish","4":"has-post-thumbnail","6":"product_brand-www-247lighting-net","7":"product_cat-rafmagnsvorur-rafmagnsvorur","8":"product_cat-rafmagnsvorur","9":"product_cat-skor-og-tengi","11":"first","12":"instock","13":"shipping-taxable","14":"product-type-simple"},"yoast_head":"<!-- This site is optimized with the Yoast SEO plugin v27.3 - https:\/\/yoast.com\/product\/yoast-seo-wordpress\/ -->\n<title>Tengisk\u00f3r gulur 9,5mm \u00f3einangra\u00f0ur - B&iacute;lasmi&eth;urinn<\/title>\n<meta name=\"robots\" content=\"index, follow, max-snippet:-1, max-image-preview:large, max-video-preview:-1\" \/>\n<link rel=\"canonical\" href=\"https:\/\/bilasmidurinn.is\/en\/vefverslun\/rafmagnsvorur\/rafmagnsvorur-rafmagnsvorur\/skor-og-tengi\/skor-gulur-95mm-oeinangradur\/\" \/>\n<meta property=\"og:locale\" content=\"en_GB\" \/>\n<meta property=\"og:type\" content=\"article\" \/>\n<meta property=\"og:title\" content=\"Tengisk\u00f3r gulur 9,5mm \u00f3einangra\u00f0ur - B&iacute;lasmi&eth;urinn\" \/>\n<meta property=\"og:description\" content=\"Sk\u00f3r gulur 9,5mm\" \/>\n<meta property=\"og:url\" content=\"https:\/\/bilasmidurinn.is\/en\/vefverslun\/rafmagnsvorur\/rafmagnsvorur-rafmagnsvorur\/skor-og-tengi\/skor-gulur-95mm-oeinangradur\/\" \/>\n<meta property=\"og:site_name\" content=\"B&iacute;lasmi&eth;urinn\" \/>\n<meta property=\"article:modified_time\" content=\"2022-02-24T18:04:23+00:00\" \/>\n<meta property=\"og:image\" content=\"https:\/\/bilasmidurinn.is\/wp-content\/uploads\/2021\/08\/EP326.jpg\" \/>\n\t<meta property=\"og:image:width\" content=\"500\" \/>\n\t<meta property=\"og:image:height\" content=\"500\" \/>\n\t<meta property=\"og:image:type\" content=\"image\/jpeg\" \/>\n<meta name=\"twitter:card\" content=\"summary_large_image\" \/>\n<script type=\"application\/ld+json\" class=\"yoast-schema-graph\">{\"@context\":\"https:\\\/\\\/schema.org\",\"@graph\":[{\"@type\":\"WebPage\",\"@id\":\"https:\\\/\\\/bilasmidurinn.is\\\/vefverslun\\\/rafmagnsvorur\\\/rafmagnsvorur-rafmagnsvorur\\\/skor-og-tengi\\\/skor-gulur-95mm-oeinangradur\\\/\",\"url\":\"https:\\\/\\\/bilasmidurinn.is\\\/vefverslun\\\/rafmagnsvorur\\\/rafmagnsvorur-rafmagnsvorur\\\/skor-og-tengi\\\/skor-gulur-95mm-oeinangradur\\\/\",\"name\":\"Tengisk\u00f3r gulur 9,5mm \u00f3einangra\u00f0ur - B&iacute;lasmi&eth;urinn\",\"isPartOf\":{\"@id\":\"https:\\\/\\\/bilasmidurinn.is\\\/#website\"},\"primaryImageOfPage\":{\"@id\":\"https:\\\/\\\/bilasmidurinn.is\\\/vefverslun\\\/rafmagnsvorur\\\/rafmagnsvorur-rafmagnsvorur\\\/skor-og-tengi\\\/skor-gulur-95mm-oeinangradur\\\/#primaryimage\"},\"image\":{\"@id\":\"https:\\\/\\\/bilasmidurinn.is\\\/vefverslun\\\/rafmagnsvorur\\\/rafmagnsvorur-rafmagnsvorur\\\/skor-og-tengi\\\/skor-gulur-95mm-oeinangradur\\\/#primaryimage\"},\"thumbnailUrl\":\"https:\\\/\\\/bilasmidurinn.is\\\/wp-content\\\/uploads\\\/2021\\\/08\\\/EP326.jpg\",\"datePublished\":\"2021-08-05T21:01:18+00:00\",\"dateModified\":\"2022-02-24T18:04:23+00:00\",\"breadcrumb\":{\"@id\":\"https:\\\/\\\/bilasmidurinn.is\\\/vefverslun\\\/rafmagnsvorur\\\/rafmagnsvorur-rafmagnsvorur\\\/skor-og-tengi\\\/skor-gulur-95mm-oeinangradur\\\/#breadcrumb\"},\"inLanguage\":\"en-GB\",\"potentialAction\":[{\"@type\":\"ReadAction\",\"target\":[\"https:\\\/\\\/bilasmidurinn.is\\\/vefverslun\\\/rafmagnsvorur\\\/rafmagnsvorur-rafmagnsvorur\\\/skor-og-tengi\\\/skor-gulur-95mm-oeinangradur\\\/\"]}]},{\"@type\":\"ImageObject\",\"inLanguage\":\"en-GB\",\"@id\":\"https:\\\/\\\/bilasmidurinn.is\\\/vefverslun\\\/rafmagnsvorur\\\/rafmagnsvorur-rafmagnsvorur\\\/skor-og-tengi\\\/skor-gulur-95mm-oeinangradur\\\/#primaryimage\",\"url\":\"https:\\\/\\\/bilasmidurinn.is\\\/wp-content\\\/uploads\\\/2021\\\/08\\\/EP326.jpg\",\"contentUrl\":\"https:\\\/\\\/bilasmidurinn.is\\\/wp-content\\\/uploads\\\/2021\\\/08\\\/EP326.jpg\",\"width\":500,\"height\":500},{\"@type\":\"BreadcrumbList\",\"@id\":\"https:\\\/\\\/bilasmidurinn.is\\\/vefverslun\\\/rafmagnsvorur\\\/rafmagnsvorur-rafmagnsvorur\\\/skor-og-tengi\\\/skor-gulur-95mm-oeinangradur\\\/#breadcrumb\",\"itemListElement\":[{\"@type\":\"ListItem\",\"position\":1,\"name\":\"Home\",\"item\":\"https:\\\/\\\/bilasmidurinn.is\\\/\"},{\"@type\":\"ListItem\",\"position\":2,\"name\":\"V\u00f6rur \u00ed verslun\",\"item\":\"https:\\\/\\\/bilasmidurinn.is\\\/vefverslun\\\/\"},{\"@type\":\"ListItem\",\"position\":3,\"name\":\"Tengisk\u00f3r gulur 9,5mm \u00f3einangra\u00f0ur\"}]},{\"@type\":\"WebSite\",\"@id\":\"https:\\\/\\\/bilasmidurinn.is\\\/#website\",\"url\":\"https:\\\/\\\/bilasmidurinn.is\\\/\",\"name\":\"B&iacute;lasmi&eth;urinn\",\"description\":\"All sem &thorn;&uacute; &thorn;arft &iacute; t&aelig;ki&eth;\",\"potentialAction\":[{\"@type\":\"SearchAction\",\"target\":{\"@type\":\"EntryPoint\",\"urlTemplate\":\"https:\\\/\\\/bilasmidurinn.is\\\/?s={search_term_string}\"},\"query-input\":{\"@type\":\"PropertyValueSpecification\",\"valueRequired\":true,\"valueName\":\"search_term_string\"}}],\"inLanguage\":\"en-GB\"}]}<\/script>\n<!-- \/ Yoast SEO plugin. -->","yoast_head_json":{"title":"Tengisk\u00f3r gulur 9,5mm \u00f3einangra\u00f0ur - B&iacute;lasmi&eth;urinn","robots":{"index":"index","follow":"follow","max-snippet":"max-snippet:-1","max-image-preview":"max-image-preview:large","max-video-preview":"max-video-preview:-1"},"canonical":"https:\/\/bilasmidurinn.is\/en\/vefverslun\/rafmagnsvorur\/rafmagnsvorur-rafmagnsvorur\/skor-og-tengi\/skor-gulur-95mm-oeinangradur\/","og_locale":"en_GB","og_type":"article","og_title":"Tengisk\u00f3r gulur 9,5mm \u00f3einangra\u00f0ur - B&iacute;lasmi&eth;urinn","og_description":"Sk\u00f3r gulur 9,5mm","og_url":"https:\/\/bilasmidurinn.is\/en\/vefverslun\/rafmagnsvorur\/rafmagnsvorur-rafmagnsvorur\/skor-og-tengi\/skor-gulur-95mm-oeinangradur\/","og_site_name":"B&iacute;lasmi&eth;urinn","article_modified_time":"2022-02-24T18:04:23+00:00","og_image":[{"width":500,"height":500,"url":"https:\/\/bilasmidurinn.is\/wp-content\/uploads\/2021\/08\/EP326.jpg","type":"image\/jpeg"}],"twitter_card":"summary_large_image","schema":{"@context":"https:\/\/schema.org","@graph":[{"@type":"WebPage","@id":"https:\/\/bilasmidurinn.is\/vefverslun\/rafmagnsvorur\/rafmagnsvorur-rafmagnsvorur\/skor-og-tengi\/skor-gulur-95mm-oeinangradur\/","url":"https:\/\/bilasmidurinn.is\/vefverslun\/rafmagnsvorur\/rafmagnsvorur-rafmagnsvorur\/skor-og-tengi\/skor-gulur-95mm-oeinangradur\/","name":"Tengisk\u00f3r gulur 9,5mm \u00f3einangra\u00f0ur - B&iacute;lasmi&eth;urinn","isPartOf":{"@id":"https:\/\/bilasmidurinn.is\/#website"},"primaryImageOfPage":{"@id":"https:\/\/bilasmidurinn.is\/vefverslun\/rafmagnsvorur\/rafmagnsvorur-rafmagnsvorur\/skor-og-tengi\/skor-gulur-95mm-oeinangradur\/#primaryimage"},"image":{"@id":"https:\/\/bilasmidurinn.is\/vefverslun\/rafmagnsvorur\/rafmagnsvorur-rafmagnsvorur\/skor-og-tengi\/skor-gulur-95mm-oeinangradur\/#primaryimage"},"thumbnailUrl":"https:\/\/bilasmidurinn.is\/wp-content\/uploads\/2021\/08\/EP326.jpg","datePublished":"2021-08-05T21:01:18+00:00","dateModified":"2022-02-24T18:04:23+00:00","breadcrumb":{"@id":"https:\/\/bilasmidurinn.is\/vefverslun\/rafmagnsvorur\/rafmagnsvorur-rafmagnsvorur\/skor-og-tengi\/skor-gulur-95mm-oeinangradur\/#breadcrumb"},"inLanguage":"en-GB","potentialAction":[{"@type":"ReadAction","target":["https:\/\/bilasmidurinn.is\/vefverslun\/rafmagnsvorur\/rafmagnsvorur-rafmagnsvorur\/skor-og-tengi\/skor-gulur-95mm-oeinangradur\/"]}]},{"@type":"ImageObject","inLanguage":"en-GB","@id":"https:\/\/bilasmidurinn.is\/vefverslun\/rafmagnsvorur\/rafmagnsvorur-rafmagnsvorur\/skor-og-tengi\/skor-gulur-95mm-oeinangradur\/#primaryimage","url":"https:\/\/bilasmidurinn.is\/wp-content\/uploads\/2021\/08\/EP326.jpg","contentUrl":"https:\/\/bilasmidurinn.is\/wp-content\/uploads\/2021\/08\/EP326.jpg","width":500,"height":500},{"@type":"BreadcrumbList","@id":"https:\/\/bilasmidurinn.is\/vefverslun\/rafmagnsvorur\/rafmagnsvorur-rafmagnsvorur\/skor-og-tengi\/skor-gulur-95mm-oeinangradur\/#breadcrumb","itemListElement":[{"@type":"ListItem","position":1,"name":"Home","item":"https:\/\/bilasmidurinn.is\/"},{"@type":"ListItem","position":2,"name":"V\u00f6rur \u00ed verslun","item":"https:\/\/bilasmidurinn.is\/vefverslun\/"},{"@type":"ListItem","position":3,"name":"Tengisk\u00f3r gulur 9,5mm \u00f3einangra\u00f0ur"}]},{"@type":"WebSite","@id":"https:\/\/bilasmidurinn.is\/#website","url":"https:\/\/bilasmidurinn.is\/","name":"B&iacute;lasmi&eth;urinn","description":"All sem &thorn;&uacute; &thorn;arft &iacute; t&aelig;ki&eth;","potentialAction":[{"@type":"SearchAction","target":{"@type":"EntryPoint","urlTemplate":"https:\/\/bilasmidurinn.is\/?s={search_term_string}"},"query-input":{"@type":"PropertyValueSpecification","valueRequired":true,"valueName":"search_term_string"}}],"inLanguage":"en-GB"}]}},"_links":{"self":[{"href":"https:\/\/bilasmidurinn.is\/en\/wp-json\/wp\/v2\/product\/12346","targetHints":{"allow":["GET"]}}],"collection":[{"href":"https:\/\/bilasmidurinn.is\/en\/wp-json\/wp\/v2\/product"}],"about":[{"href":"https:\/\/bilasmidurinn.is\/en\/wp-json\/wp\/v2\/types\/product"}],"wp:featuredmedia":[{"embeddable":true,"href":"https:\/\/bilasmidurinn.is\/en\/wp-json\/wp\/v2\/media\/12347"}],"wp:attachment":[{"href":"https:\/\/bilasmidurinn.is\/en\/wp-json\/wp\/v2\/media?parent=12346"}],"wp:term":[{"taxonomy":"product_brand","embeddable":true,"href":"https:\/\/bilasmidurinn.is\/en\/wp-json\/wp\/v2\/product_brand?post=12346"},{"taxonomy":"product_cat","embeddable":true,"href":"https:\/\/bilasmidurinn.is\/en\/wp-json\/wp\/v2\/product_cat?post=12346"},{"taxonomy":"product_tag","embeddable":true,"href":"https:\/\/bilasmidurinn.is\/en\/wp-json\/wp\/v2\/product_tag?post=12346"}],"curies":[{"name":"wp","href":"https:\/\/api.w.org\/{rel}","templated":true}]}}