{"id":12228,"date":"2021-08-04T17:27:16","date_gmt":"2021-08-04T17:27:16","guid":{"rendered":"https:\/\/bilasmidurinn.is\/?post_type=product&#038;p=12228"},"modified":"2024-11-30T13:41:59","modified_gmt":"2024-11-30T13:41:59","slug":"breiddarljos-hvitt-med-festingu-15w","status":"publish","type":"product","link":"https:\/\/bilasmidurinn.is\/en\/vefverslun\/ljos\/breiddarljos\/breiddarljos-hvitt-med-festingu-15w\/","title":{"rendered":"Wide beam white with mount 1.5w"},"content":{"rendered":"<p>Wide beam white with mount 1.5w<\/p>\n<p>12\/24h<\/p>\n<p>ECE 3\/7\/10<\/p>","protected":false},"excerpt":{"rendered":"<p>Wide beam white with bracket 1.5w 12\/24v ECE 3\/7\/10<\/p>","protected":false},"featured_media":12229,"template":"","meta":[],"product_brand":[7927],"product_cat":[8019],"product_tag":[],"class_list":{"0":"post-12228","1":"product","2":"type-product","3":"status-publish","4":"has-post-thumbnail","6":"product_brand-www-247lighting-net","7":"product_cat-breiddarljos","9":"first","10":"instock","11":"shipping-taxable","12":"product-type-simple"},"yoast_head":"<!-- This site is optimized with the Yoast SEO plugin v27.4 - https:\/\/yoast.com\/product\/yoast-seo-wordpress\/ -->\n<title>Breiddarlj\u00f3s hv\u00edtt me\u00f0 festingu 1,5w - B&iacute;lasmi&eth;urinn<\/title>\n<meta name=\"robots\" content=\"index, follow, max-snippet:-1, max-image-preview:large, max-video-preview:-1\" \/>\n<link rel=\"canonical\" href=\"https:\/\/bilasmidurinn.is\/en\/vefverslun\/ljos\/breiddarljos\/breiddarljos-hvitt-med-festingu-15w\/\" \/>\n<meta property=\"og:locale\" content=\"en_GB\" \/>\n<meta property=\"og:type\" content=\"article\" \/>\n<meta property=\"og:title\" content=\"Breiddarlj\u00f3s hv\u00edtt me\u00f0 festingu 1,5w - B&iacute;lasmi&eth;urinn\" \/>\n<meta property=\"og:description\" content=\"Breiddarlj\u00f3s hv\u00edtt me\u00f0 festingu 1,5w 12\/24v ECE 3\/7\/10\" \/>\n<meta property=\"og:url\" content=\"https:\/\/bilasmidurinn.is\/en\/vefverslun\/ljos\/breiddarljos\/breiddarljos-hvitt-med-festingu-15w\/\" \/>\n<meta property=\"og:site_name\" content=\"B&iacute;lasmi&eth;urinn\" \/>\n<meta property=\"article:modified_time\" content=\"2024-11-30T13:41:59+00:00\" \/>\n<meta property=\"og:image\" content=\"https:\/\/bilasmidurinn.is\/wp-content\/uploads\/2021\/08\/CA9350W.jpg\" \/>\n\t<meta property=\"og:image:width\" content=\"400\" \/>\n\t<meta property=\"og:image:height\" content=\"400\" \/>\n\t<meta property=\"og:image:type\" content=\"image\/jpeg\" \/>\n<meta name=\"twitter:card\" content=\"summary_large_image\" \/>\n<script type=\"application\/ld+json\" class=\"yoast-schema-graph\">{\"@context\":\"https:\\\/\\\/schema.org\",\"@graph\":[{\"@type\":\"WebPage\",\"@id\":\"https:\\\/\\\/bilasmidurinn.is\\\/vefverslun\\\/ljos\\\/breiddarljos\\\/breiddarljos-hvitt-med-festingu-15w\\\/\",\"url\":\"https:\\\/\\\/bilasmidurinn.is\\\/vefverslun\\\/ljos\\\/breiddarljos\\\/breiddarljos-hvitt-med-festingu-15w\\\/\",\"name\":\"Breiddarlj\u00f3s hv\u00edtt me\u00f0 festingu 1,5w - B&iacute;lasmi&eth;urinn\",\"isPartOf\":{\"@id\":\"https:\\\/\\\/bilasmidurinn.is\\\/#website\"},\"primaryImageOfPage\":{\"@id\":\"https:\\\/\\\/bilasmidurinn.is\\\/vefverslun\\\/ljos\\\/breiddarljos\\\/breiddarljos-hvitt-med-festingu-15w\\\/#primaryimage\"},\"image\":{\"@id\":\"https:\\\/\\\/bilasmidurinn.is\\\/vefverslun\\\/ljos\\\/breiddarljos\\\/breiddarljos-hvitt-med-festingu-15w\\\/#primaryimage\"},\"thumbnailUrl\":\"https:\\\/\\\/bilasmidurinn.is\\\/wp-content\\\/uploads\\\/2021\\\/08\\\/CA9350W.jpg\",\"datePublished\":\"2021-08-04T17:27:16+00:00\",\"dateModified\":\"2024-11-30T13:41:59+00:00\",\"breadcrumb\":{\"@id\":\"https:\\\/\\\/bilasmidurinn.is\\\/vefverslun\\\/ljos\\\/breiddarljos\\\/breiddarljos-hvitt-med-festingu-15w\\\/#breadcrumb\"},\"inLanguage\":\"en-GB\",\"potentialAction\":[{\"@type\":\"ReadAction\",\"target\":[\"https:\\\/\\\/bilasmidurinn.is\\\/vefverslun\\\/ljos\\\/breiddarljos\\\/breiddarljos-hvitt-med-festingu-15w\\\/\"]}]},{\"@type\":\"ImageObject\",\"inLanguage\":\"en-GB\",\"@id\":\"https:\\\/\\\/bilasmidurinn.is\\\/vefverslun\\\/ljos\\\/breiddarljos\\\/breiddarljos-hvitt-med-festingu-15w\\\/#primaryimage\",\"url\":\"https:\\\/\\\/bilasmidurinn.is\\\/wp-content\\\/uploads\\\/2021\\\/08\\\/CA9350W.jpg\",\"contentUrl\":\"https:\\\/\\\/bilasmidurinn.is\\\/wp-content\\\/uploads\\\/2021\\\/08\\\/CA9350W.jpg\",\"width\":400,\"height\":400},{\"@type\":\"BreadcrumbList\",\"@id\":\"https:\\\/\\\/bilasmidurinn.is\\\/vefverslun\\\/ljos\\\/breiddarljos\\\/breiddarljos-hvitt-med-festingu-15w\\\/#breadcrumb\",\"itemListElement\":[{\"@type\":\"ListItem\",\"position\":1,\"name\":\"Home\",\"item\":\"https:\\\/\\\/bilasmidurinn.is\\\/\"},{\"@type\":\"ListItem\",\"position\":2,\"name\":\"V\u00f6rur \u00ed verslun\",\"item\":\"https:\\\/\\\/bilasmidurinn.is\\\/vefverslun\\\/\"},{\"@type\":\"ListItem\",\"position\":3,\"name\":\"Breiddarlj\u00f3s hv\u00edtt me\u00f0 festingu 1,5w\"}]},{\"@type\":\"WebSite\",\"@id\":\"https:\\\/\\\/bilasmidurinn.is\\\/#website\",\"url\":\"https:\\\/\\\/bilasmidurinn.is\\\/\",\"name\":\"B&iacute;lasmi&eth;urinn\",\"description\":\"All sem &thorn;&uacute; &thorn;arft &iacute; t&aelig;ki&eth;\",\"potentialAction\":[{\"@type\":\"SearchAction\",\"target\":{\"@type\":\"EntryPoint\",\"urlTemplate\":\"https:\\\/\\\/bilasmidurinn.is\\\/?s={search_term_string}\"},\"query-input\":{\"@type\":\"PropertyValueSpecification\",\"valueRequired\":true,\"valueName\":\"search_term_string\"}}],\"inLanguage\":\"en-GB\"}]}<\/script>\n<!-- \/ Yoast SEO plugin. -->","yoast_head_json":{"title":"Breiddarlj\u00f3s hv\u00edtt me\u00f0 festingu 1,5w - B&iacute;lasmi&eth;urinn","robots":{"index":"index","follow":"follow","max-snippet":"max-snippet:-1","max-image-preview":"max-image-preview:large","max-video-preview":"max-video-preview:-1"},"canonical":"https:\/\/bilasmidurinn.is\/en\/vefverslun\/ljos\/breiddarljos\/breiddarljos-hvitt-med-festingu-15w\/","og_locale":"en_GB","og_type":"article","og_title":"Breiddarlj\u00f3s hv\u00edtt me\u00f0 festingu 1,5w - B&iacute;lasmi&eth;urinn","og_description":"Breiddarlj\u00f3s hv\u00edtt me\u00f0 festingu 1,5w 12\/24v ECE 3\/7\/10","og_url":"https:\/\/bilasmidurinn.is\/en\/vefverslun\/ljos\/breiddarljos\/breiddarljos-hvitt-med-festingu-15w\/","og_site_name":"B&iacute;lasmi&eth;urinn","article_modified_time":"2024-11-30T13:41:59+00:00","og_image":[{"width":400,"height":400,"url":"https:\/\/bilasmidurinn.is\/wp-content\/uploads\/2021\/08\/CA9350W.jpg","type":"image\/jpeg"}],"twitter_card":"summary_large_image","schema":{"@context":"https:\/\/schema.org","@graph":[{"@type":"WebPage","@id":"https:\/\/bilasmidurinn.is\/vefverslun\/ljos\/breiddarljos\/breiddarljos-hvitt-med-festingu-15w\/","url":"https:\/\/bilasmidurinn.is\/vefverslun\/ljos\/breiddarljos\/breiddarljos-hvitt-med-festingu-15w\/","name":"Breiddarlj\u00f3s hv\u00edtt me\u00f0 festingu 1,5w - B&iacute;lasmi&eth;urinn","isPartOf":{"@id":"https:\/\/bilasmidurinn.is\/#website"},"primaryImageOfPage":{"@id":"https:\/\/bilasmidurinn.is\/vefverslun\/ljos\/breiddarljos\/breiddarljos-hvitt-med-festingu-15w\/#primaryimage"},"image":{"@id":"https:\/\/bilasmidurinn.is\/vefverslun\/ljos\/breiddarljos\/breiddarljos-hvitt-med-festingu-15w\/#primaryimage"},"thumbnailUrl":"https:\/\/bilasmidurinn.is\/wp-content\/uploads\/2021\/08\/CA9350W.jpg","datePublished":"2021-08-04T17:27:16+00:00","dateModified":"2024-11-30T13:41:59+00:00","breadcrumb":{"@id":"https:\/\/bilasmidurinn.is\/vefverslun\/ljos\/breiddarljos\/breiddarljos-hvitt-med-festingu-15w\/#breadcrumb"},"inLanguage":"en-GB","potentialAction":[{"@type":"ReadAction","target":["https:\/\/bilasmidurinn.is\/vefverslun\/ljos\/breiddarljos\/breiddarljos-hvitt-med-festingu-15w\/"]}]},{"@type":"ImageObject","inLanguage":"en-GB","@id":"https:\/\/bilasmidurinn.is\/vefverslun\/ljos\/breiddarljos\/breiddarljos-hvitt-med-festingu-15w\/#primaryimage","url":"https:\/\/bilasmidurinn.is\/wp-content\/uploads\/2021\/08\/CA9350W.jpg","contentUrl":"https:\/\/bilasmidurinn.is\/wp-content\/uploads\/2021\/08\/CA9350W.jpg","width":400,"height":400},{"@type":"BreadcrumbList","@id":"https:\/\/bilasmidurinn.is\/vefverslun\/ljos\/breiddarljos\/breiddarljos-hvitt-med-festingu-15w\/#breadcrumb","itemListElement":[{"@type":"ListItem","position":1,"name":"Home","item":"https:\/\/bilasmidurinn.is\/"},{"@type":"ListItem","position":2,"name":"V\u00f6rur \u00ed verslun","item":"https:\/\/bilasmidurinn.is\/vefverslun\/"},{"@type":"ListItem","position":3,"name":"Breiddarlj\u00f3s hv\u00edtt me\u00f0 festingu 1,5w"}]},{"@type":"WebSite","@id":"https:\/\/bilasmidurinn.is\/#website","url":"https:\/\/bilasmidurinn.is\/","name":"B&iacute;lasmi&eth;urinn","description":"All sem &thorn;&uacute; &thorn;arft &iacute; t&aelig;ki&eth;","potentialAction":[{"@type":"SearchAction","target":{"@type":"EntryPoint","urlTemplate":"https:\/\/bilasmidurinn.is\/?s={search_term_string}"},"query-input":{"@type":"PropertyValueSpecification","valueRequired":true,"valueName":"search_term_string"}}],"inLanguage":"en-GB"}]}},"_links":{"self":[{"href":"https:\/\/bilasmidurinn.is\/en\/wp-json\/wp\/v2\/product\/12228","targetHints":{"allow":["GET"]}}],"collection":[{"href":"https:\/\/bilasmidurinn.is\/en\/wp-json\/wp\/v2\/product"}],"about":[{"href":"https:\/\/bilasmidurinn.is\/en\/wp-json\/wp\/v2\/types\/product"}],"wp:featuredmedia":[{"embeddable":true,"href":"https:\/\/bilasmidurinn.is\/en\/wp-json\/wp\/v2\/media\/12229"}],"wp:attachment":[{"href":"https:\/\/bilasmidurinn.is\/en\/wp-json\/wp\/v2\/media?parent=12228"}],"wp:term":[{"taxonomy":"product_brand","embeddable":true,"href":"https:\/\/bilasmidurinn.is\/en\/wp-json\/wp\/v2\/product_brand?post=12228"},{"taxonomy":"product_cat","embeddable":true,"href":"https:\/\/bilasmidurinn.is\/en\/wp-json\/wp\/v2\/product_cat?post=12228"},{"taxonomy":"product_tag","embeddable":true,"href":"https:\/\/bilasmidurinn.is\/en\/wp-json\/wp\/v2\/product_tag?post=12228"}],"curies":[{"name":"wp","href":"https:\/\/api.w.org\/{rel}","templated":true}]}}