{"id":12173,"date":"2021-08-03T21:16:21","date_gmt":"2021-08-03T21:16:21","guid":{"rendered":"https:\/\/bilasmidurinn.is\/?post_type=product&#038;p=12173"},"modified":"2023-06-20T17:17:13","modified_gmt":"2023-06-20T17:17:13","slug":"led-afturljos-bremsustodustefnuthoka-og-bakkljos","status":"publish","type":"product","link":"https:\/\/bilasmidurinn.is\/en\/vefverslun\/ljos\/afturljos\/led-afturljos-bremsustodustefnuthoka-og-bakkljos\/","title":{"rendered":"LED rear light brake, position, direction, fog and reversing light"},"content":{"rendered":"<p>LED tail lights with everything!! Brake, position, direction, fog, and reverse light, 12-24V<\/p>\n<p>The turn signal runs out to the sides!<\/p>\n<p>IP67 Polycarbonate lens<\/p>\n<p>0.5m cable tail for connections<\/p>\n<p>ECE 3\/6\/7\/10\/23\/38<\/p>\n<p><iframe loading=\"lazy\" title=\"247 Lighting_ Multi-functional LED Tail Lamps\" src=\"https:\/\/player.vimeo.com\/video\/619761557?h=89dbacf04d&amp;dnt=1&amp;app_id=122963\" width=\"1020\" height=\"574\" frameborder=\"0\" allow=\"autoplay; fullscreen; picture-in-picture\" allowfullscreen><\/iframe><\/p>","protected":false},"excerpt":{"rendered":"<p>LED tail light with all lights<\/p>\n<p>&nbsp;<\/p>","protected":false},"featured_media":12174,"template":"","meta":[],"product_brand":[7927],"product_cat":[8016],"product_tag":[],"class_list":{"0":"post-12173","1":"product","2":"type-product","3":"status-publish","4":"has-post-thumbnail","6":"product_brand-www-247lighting-net","7":"product_cat-afturljos","9":"first","10":"instock","11":"shipping-taxable","12":"product-type-simple"},"yoast_head":"<!-- This site is optimized with the Yoast SEO plugin v27.4 - https:\/\/yoast.com\/product\/yoast-seo-wordpress\/ -->\n<title>LED afturlj\u00f3s bremsu,st\u00f6\u00f0u,stefnu,\u00feoka og bakklj\u00f3s - B&iacute;lasmi&eth;urinn<\/title>\n<meta name=\"robots\" content=\"index, follow, max-snippet:-1, max-image-preview:large, max-video-preview:-1\" \/>\n<link rel=\"canonical\" href=\"https:\/\/bilasmidurinn.is\/en\/vefverslun\/ljos\/afturljos\/led-afturljos-bremsustodustefnuthoka-og-bakkljos\/\" \/>\n<meta property=\"og:locale\" content=\"en_GB\" \/>\n<meta property=\"og:type\" content=\"article\" \/>\n<meta property=\"og:title\" content=\"LED afturlj\u00f3s bremsu,st\u00f6\u00f0u,stefnu,\u00feoka og bakklj\u00f3s - B&iacute;lasmi&eth;urinn\" \/>\n<meta property=\"og:description\" content=\"LED afturlj\u00f3s me\u00f0 \u00f6llum lj\u00f3sum  &nbsp;\" \/>\n<meta property=\"og:url\" content=\"https:\/\/bilasmidurinn.is\/en\/vefverslun\/ljos\/afturljos\/led-afturljos-bremsustodustefnuthoka-og-bakkljos\/\" \/>\n<meta property=\"og:site_name\" content=\"B&iacute;lasmi&eth;urinn\" \/>\n<meta property=\"article:modified_time\" content=\"2023-06-20T17:17:13+00:00\" \/>\n<meta property=\"og:image\" content=\"https:\/\/bilasmidurinn.is\/wp-content\/uploads\/2021\/08\/CA7048.jpg\" \/>\n\t<meta property=\"og:image:width\" content=\"500\" \/>\n\t<meta property=\"og:image:height\" content=\"500\" \/>\n\t<meta property=\"og:image:type\" content=\"image\/jpeg\" \/>\n<meta name=\"twitter:card\" content=\"summary_large_image\" \/>\n<script type=\"application\/ld+json\" class=\"yoast-schema-graph\">{\"@context\":\"https:\\\/\\\/schema.org\",\"@graph\":[{\"@type\":\"WebPage\",\"@id\":\"https:\\\/\\\/bilasmidurinn.is\\\/vefverslun\\\/ljos\\\/afturljos\\\/led-afturljos-bremsustodustefnuthoka-og-bakkljos\\\/\",\"url\":\"https:\\\/\\\/bilasmidurinn.is\\\/vefverslun\\\/ljos\\\/afturljos\\\/led-afturljos-bremsustodustefnuthoka-og-bakkljos\\\/\",\"name\":\"LED afturlj\u00f3s bremsu,st\u00f6\u00f0u,stefnu,\u00feoka og bakklj\u00f3s - B&iacute;lasmi&eth;urinn\",\"isPartOf\":{\"@id\":\"https:\\\/\\\/bilasmidurinn.is\\\/#website\"},\"primaryImageOfPage\":{\"@id\":\"https:\\\/\\\/bilasmidurinn.is\\\/vefverslun\\\/ljos\\\/afturljos\\\/led-afturljos-bremsustodustefnuthoka-og-bakkljos\\\/#primaryimage\"},\"image\":{\"@id\":\"https:\\\/\\\/bilasmidurinn.is\\\/vefverslun\\\/ljos\\\/afturljos\\\/led-afturljos-bremsustodustefnuthoka-og-bakkljos\\\/#primaryimage\"},\"thumbnailUrl\":\"https:\\\/\\\/bilasmidurinn.is\\\/wp-content\\\/uploads\\\/2021\\\/08\\\/CA7048.jpg\",\"datePublished\":\"2021-08-03T21:16:21+00:00\",\"dateModified\":\"2023-06-20T17:17:13+00:00\",\"breadcrumb\":{\"@id\":\"https:\\\/\\\/bilasmidurinn.is\\\/vefverslun\\\/ljos\\\/afturljos\\\/led-afturljos-bremsustodustefnuthoka-og-bakkljos\\\/#breadcrumb\"},\"inLanguage\":\"en-GB\",\"potentialAction\":[{\"@type\":\"ReadAction\",\"target\":[\"https:\\\/\\\/bilasmidurinn.is\\\/vefverslun\\\/ljos\\\/afturljos\\\/led-afturljos-bremsustodustefnuthoka-og-bakkljos\\\/\"]}]},{\"@type\":\"ImageObject\",\"inLanguage\":\"en-GB\",\"@id\":\"https:\\\/\\\/bilasmidurinn.is\\\/vefverslun\\\/ljos\\\/afturljos\\\/led-afturljos-bremsustodustefnuthoka-og-bakkljos\\\/#primaryimage\",\"url\":\"https:\\\/\\\/bilasmidurinn.is\\\/wp-content\\\/uploads\\\/2021\\\/08\\\/CA7048.jpg\",\"contentUrl\":\"https:\\\/\\\/bilasmidurinn.is\\\/wp-content\\\/uploads\\\/2021\\\/08\\\/CA7048.jpg\",\"width\":500,\"height\":500},{\"@type\":\"BreadcrumbList\",\"@id\":\"https:\\\/\\\/bilasmidurinn.is\\\/vefverslun\\\/ljos\\\/afturljos\\\/led-afturljos-bremsustodustefnuthoka-og-bakkljos\\\/#breadcrumb\",\"itemListElement\":[{\"@type\":\"ListItem\",\"position\":1,\"name\":\"Home\",\"item\":\"https:\\\/\\\/bilasmidurinn.is\\\/\"},{\"@type\":\"ListItem\",\"position\":2,\"name\":\"V\u00f6rur \u00ed verslun\",\"item\":\"https:\\\/\\\/bilasmidurinn.is\\\/vefverslun\\\/\"},{\"@type\":\"ListItem\",\"position\":3,\"name\":\"LED afturlj\u00f3s bremsu,st\u00f6\u00f0u,stefnu,\u00feoka og bakklj\u00f3s\"}]},{\"@type\":\"WebSite\",\"@id\":\"https:\\\/\\\/bilasmidurinn.is\\\/#website\",\"url\":\"https:\\\/\\\/bilasmidurinn.is\\\/\",\"name\":\"B&iacute;lasmi&eth;urinn\",\"description\":\"All sem &thorn;&uacute; &thorn;arft &iacute; t&aelig;ki&eth;\",\"potentialAction\":[{\"@type\":\"SearchAction\",\"target\":{\"@type\":\"EntryPoint\",\"urlTemplate\":\"https:\\\/\\\/bilasmidurinn.is\\\/?s={search_term_string}\"},\"query-input\":{\"@type\":\"PropertyValueSpecification\",\"valueRequired\":true,\"valueName\":\"search_term_string\"}}],\"inLanguage\":\"en-GB\"}]}<\/script>\n<!-- \/ Yoast SEO plugin. -->","yoast_head_json":{"title":"LED afturlj\u00f3s bremsu,st\u00f6\u00f0u,stefnu,\u00feoka og bakklj\u00f3s - B&iacute;lasmi&eth;urinn","robots":{"index":"index","follow":"follow","max-snippet":"max-snippet:-1","max-image-preview":"max-image-preview:large","max-video-preview":"max-video-preview:-1"},"canonical":"https:\/\/bilasmidurinn.is\/en\/vefverslun\/ljos\/afturljos\/led-afturljos-bremsustodustefnuthoka-og-bakkljos\/","og_locale":"en_GB","og_type":"article","og_title":"LED afturlj\u00f3s bremsu,st\u00f6\u00f0u,stefnu,\u00feoka og bakklj\u00f3s - B&iacute;lasmi&eth;urinn","og_description":"LED afturlj\u00f3s me\u00f0 \u00f6llum lj\u00f3sum  &nbsp;","og_url":"https:\/\/bilasmidurinn.is\/en\/vefverslun\/ljos\/afturljos\/led-afturljos-bremsustodustefnuthoka-og-bakkljos\/","og_site_name":"B&iacute;lasmi&eth;urinn","article_modified_time":"2023-06-20T17:17:13+00:00","og_image":[{"width":500,"height":500,"url":"https:\/\/bilasmidurinn.is\/wp-content\/uploads\/2021\/08\/CA7048.jpg","type":"image\/jpeg"}],"twitter_card":"summary_large_image","schema":{"@context":"https:\/\/schema.org","@graph":[{"@type":"WebPage","@id":"https:\/\/bilasmidurinn.is\/vefverslun\/ljos\/afturljos\/led-afturljos-bremsustodustefnuthoka-og-bakkljos\/","url":"https:\/\/bilasmidurinn.is\/vefverslun\/ljos\/afturljos\/led-afturljos-bremsustodustefnuthoka-og-bakkljos\/","name":"LED afturlj\u00f3s bremsu,st\u00f6\u00f0u,stefnu,\u00feoka og bakklj\u00f3s - B&iacute;lasmi&eth;urinn","isPartOf":{"@id":"https:\/\/bilasmidurinn.is\/#website"},"primaryImageOfPage":{"@id":"https:\/\/bilasmidurinn.is\/vefverslun\/ljos\/afturljos\/led-afturljos-bremsustodustefnuthoka-og-bakkljos\/#primaryimage"},"image":{"@id":"https:\/\/bilasmidurinn.is\/vefverslun\/ljos\/afturljos\/led-afturljos-bremsustodustefnuthoka-og-bakkljos\/#primaryimage"},"thumbnailUrl":"https:\/\/bilasmidurinn.is\/wp-content\/uploads\/2021\/08\/CA7048.jpg","datePublished":"2021-08-03T21:16:21+00:00","dateModified":"2023-06-20T17:17:13+00:00","breadcrumb":{"@id":"https:\/\/bilasmidurinn.is\/vefverslun\/ljos\/afturljos\/led-afturljos-bremsustodustefnuthoka-og-bakkljos\/#breadcrumb"},"inLanguage":"en-GB","potentialAction":[{"@type":"ReadAction","target":["https:\/\/bilasmidurinn.is\/vefverslun\/ljos\/afturljos\/led-afturljos-bremsustodustefnuthoka-og-bakkljos\/"]}]},{"@type":"ImageObject","inLanguage":"en-GB","@id":"https:\/\/bilasmidurinn.is\/vefverslun\/ljos\/afturljos\/led-afturljos-bremsustodustefnuthoka-og-bakkljos\/#primaryimage","url":"https:\/\/bilasmidurinn.is\/wp-content\/uploads\/2021\/08\/CA7048.jpg","contentUrl":"https:\/\/bilasmidurinn.is\/wp-content\/uploads\/2021\/08\/CA7048.jpg","width":500,"height":500},{"@type":"BreadcrumbList","@id":"https:\/\/bilasmidurinn.is\/vefverslun\/ljos\/afturljos\/led-afturljos-bremsustodustefnuthoka-og-bakkljos\/#breadcrumb","itemListElement":[{"@type":"ListItem","position":1,"name":"Home","item":"https:\/\/bilasmidurinn.is\/"},{"@type":"ListItem","position":2,"name":"V\u00f6rur \u00ed verslun","item":"https:\/\/bilasmidurinn.is\/vefverslun\/"},{"@type":"ListItem","position":3,"name":"LED afturlj\u00f3s bremsu,st\u00f6\u00f0u,stefnu,\u00feoka og bakklj\u00f3s"}]},{"@type":"WebSite","@id":"https:\/\/bilasmidurinn.is\/#website","url":"https:\/\/bilasmidurinn.is\/","name":"B&iacute;lasmi&eth;urinn","description":"All sem &thorn;&uacute; &thorn;arft &iacute; t&aelig;ki&eth;","potentialAction":[{"@type":"SearchAction","target":{"@type":"EntryPoint","urlTemplate":"https:\/\/bilasmidurinn.is\/?s={search_term_string}"},"query-input":{"@type":"PropertyValueSpecification","valueRequired":true,"valueName":"search_term_string"}}],"inLanguage":"en-GB"}]}},"_links":{"self":[{"href":"https:\/\/bilasmidurinn.is\/en\/wp-json\/wp\/v2\/product\/12173","targetHints":{"allow":["GET"]}}],"collection":[{"href":"https:\/\/bilasmidurinn.is\/en\/wp-json\/wp\/v2\/product"}],"about":[{"href":"https:\/\/bilasmidurinn.is\/en\/wp-json\/wp\/v2\/types\/product"}],"wp:featuredmedia":[{"embeddable":true,"href":"https:\/\/bilasmidurinn.is\/en\/wp-json\/wp\/v2\/media\/12174"}],"wp:attachment":[{"href":"https:\/\/bilasmidurinn.is\/en\/wp-json\/wp\/v2\/media?parent=12173"}],"wp:term":[{"taxonomy":"product_brand","embeddable":true,"href":"https:\/\/bilasmidurinn.is\/en\/wp-json\/wp\/v2\/product_brand?post=12173"},{"taxonomy":"product_cat","embeddable":true,"href":"https:\/\/bilasmidurinn.is\/en\/wp-json\/wp\/v2\/product_cat?post=12173"},{"taxonomy":"product_tag","embeddable":true,"href":"https:\/\/bilasmidurinn.is\/en\/wp-json\/wp\/v2\/product_tag?post=12173"}],"curies":[{"name":"wp","href":"https:\/\/api.w.org\/{rel}","templated":true}]}}