{"id":12105,"date":"2021-08-03T19:03:20","date_gmt":"2021-08-03T19:03:20","guid":{"rendered":"https:\/\/bilasmidurinn.is\/?post_type=product&#038;p=12105"},"modified":"2021-08-03T19:04:21","modified_gmt":"2021-08-03T19:04:21","slug":"hitaelement-i-saeti-12v","status":"publish","type":"product","link":"https:\/\/bilasmidurinn.is\/en\/vefverslun\/stolar\/stola-fylgihlutir\/hitaelement-i-saeti-12v\/","title":{"rendered":"Heating element in seat 12v"},"content":{"rendered":"<p>Heating element made of carbon fibers in the seat 12V 2-step switch Hi\/Lo round, fits most types of car seats, the set contains two mats, one for the back and the other for the seat.<\/p>\n<p>&nbsp;<\/p>","protected":false},"excerpt":{"rendered":"<p>Seat heater 12v<\/p>","protected":false},"featured_media":12106,"template":"","meta":[],"product_brand":[8014],"product_cat":[8015,7971],"product_tag":[],"class_list":{"0":"post-12105","1":"product","2":"type-product","3":"status-publish","4":"has-post-thumbnail","6":"product_brand-westtrading","7":"product_cat-stola-fylgihlutir","8":"product_cat-stolar","10":"first","11":"instock","12":"shipping-taxable","13":"product-type-simple"},"yoast_head":"<!-- This site is optimized with the Yoast SEO plugin v27.4 - https:\/\/yoast.com\/product\/yoast-seo-wordpress\/ -->\n<title>Hitaelement \u00ed s\u00e6ti 12v - B&iacute;lasmi&eth;urinn<\/title>\n<meta name=\"robots\" content=\"index, follow, max-snippet:-1, max-image-preview:large, max-video-preview:-1\" \/>\n<link rel=\"canonical\" href=\"http:\/\/bilasmidurinn.is\/en\/vefverslun\/stolar\/stola-fylgihlutir\/hitaelement-i-saeti-12v\/\" \/>\n<meta property=\"og:locale\" content=\"en_GB\" \/>\n<meta property=\"og:type\" content=\"article\" \/>\n<meta property=\"og:title\" content=\"Hitaelement \u00ed s\u00e6ti 12v - B&iacute;lasmi&eth;urinn\" \/>\n<meta property=\"og:description\" content=\"S\u00e6tis hitari 12v\" \/>\n<meta property=\"og:url\" content=\"http:\/\/bilasmidurinn.is\/en\/vefverslun\/stolar\/stola-fylgihlutir\/hitaelement-i-saeti-12v\/\" \/>\n<meta property=\"og:site_name\" content=\"B&iacute;lasmi&eth;urinn\" \/>\n<meta property=\"article:modified_time\" content=\"2021-08-03T19:04:21+00:00\" \/>\n<meta property=\"og:image\" content=\"https:\/\/bilasmidurinn.is\/wp-content\/uploads\/2021\/08\/ACCE0010.jpg\" \/>\n\t<meta property=\"og:image:width\" content=\"400\" \/>\n\t<meta property=\"og:image:height\" content=\"300\" \/>\n\t<meta property=\"og:image:type\" content=\"image\/jpeg\" \/>\n<meta name=\"twitter:card\" content=\"summary_large_image\" \/>\n<script type=\"application\/ld+json\" class=\"yoast-schema-graph\">{\"@context\":\"https:\\\/\\\/schema.org\",\"@graph\":[{\"@type\":\"WebPage\",\"@id\":\"http:\\\/\\\/bilasmidurinn.is\\\/en\\\/vefverslun\\\/stolar\\\/stola-fylgihlutir\\\/hitaelement-i-saeti-12v\\\/\",\"url\":\"http:\\\/\\\/bilasmidurinn.is\\\/en\\\/vefverslun\\\/stolar\\\/stola-fylgihlutir\\\/hitaelement-i-saeti-12v\\\/\",\"name\":\"Hitaelement \u00ed s\u00e6ti 12v - B&iacute;lasmi&eth;urinn\",\"isPartOf\":{\"@id\":\"https:\\\/\\\/bilasmidurinn.is\\\/#website\"},\"primaryImageOfPage\":{\"@id\":\"http:\\\/\\\/bilasmidurinn.is\\\/en\\\/vefverslun\\\/stolar\\\/stola-fylgihlutir\\\/hitaelement-i-saeti-12v\\\/#primaryimage\"},\"image\":{\"@id\":\"http:\\\/\\\/bilasmidurinn.is\\\/en\\\/vefverslun\\\/stolar\\\/stola-fylgihlutir\\\/hitaelement-i-saeti-12v\\\/#primaryimage\"},\"thumbnailUrl\":\"https:\\\/\\\/bilasmidurinn.is\\\/wp-content\\\/uploads\\\/2021\\\/08\\\/ACCE0010.jpg\",\"datePublished\":\"2021-08-03T19:03:20+00:00\",\"dateModified\":\"2021-08-03T19:04:21+00:00\",\"breadcrumb\":{\"@id\":\"http:\\\/\\\/bilasmidurinn.is\\\/en\\\/vefverslun\\\/stolar\\\/stola-fylgihlutir\\\/hitaelement-i-saeti-12v\\\/#breadcrumb\"},\"inLanguage\":\"en-GB\",\"potentialAction\":[{\"@type\":\"ReadAction\",\"target\":[\"http:\\\/\\\/bilasmidurinn.is\\\/en\\\/vefverslun\\\/stolar\\\/stola-fylgihlutir\\\/hitaelement-i-saeti-12v\\\/\"]}]},{\"@type\":\"ImageObject\",\"inLanguage\":\"en-GB\",\"@id\":\"http:\\\/\\\/bilasmidurinn.is\\\/en\\\/vefverslun\\\/stolar\\\/stola-fylgihlutir\\\/hitaelement-i-saeti-12v\\\/#primaryimage\",\"url\":\"https:\\\/\\\/bilasmidurinn.is\\\/wp-content\\\/uploads\\\/2021\\\/08\\\/ACCE0010.jpg\",\"contentUrl\":\"https:\\\/\\\/bilasmidurinn.is\\\/wp-content\\\/uploads\\\/2021\\\/08\\\/ACCE0010.jpg\",\"width\":400,\"height\":300},{\"@type\":\"BreadcrumbList\",\"@id\":\"http:\\\/\\\/bilasmidurinn.is\\\/en\\\/vefverslun\\\/stolar\\\/stola-fylgihlutir\\\/hitaelement-i-saeti-12v\\\/#breadcrumb\",\"itemListElement\":[{\"@type\":\"ListItem\",\"position\":1,\"name\":\"Home\",\"item\":\"https:\\\/\\\/bilasmidurinn.is\\\/\"},{\"@type\":\"ListItem\",\"position\":2,\"name\":\"V\u00f6rur \u00ed verslun\",\"item\":\"https:\\\/\\\/bilasmidurinn.is\\\/vefverslun\\\/\"},{\"@type\":\"ListItem\",\"position\":3,\"name\":\"Hitaelement \u00ed s\u00e6ti 12v\"}]},{\"@type\":\"WebSite\",\"@id\":\"https:\\\/\\\/bilasmidurinn.is\\\/#website\",\"url\":\"https:\\\/\\\/bilasmidurinn.is\\\/\",\"name\":\"B&iacute;lasmi&eth;urinn\",\"description\":\"All sem &thorn;&uacute; &thorn;arft &iacute; t&aelig;ki&eth;\",\"potentialAction\":[{\"@type\":\"SearchAction\",\"target\":{\"@type\":\"EntryPoint\",\"urlTemplate\":\"https:\\\/\\\/bilasmidurinn.is\\\/?s={search_term_string}\"},\"query-input\":{\"@type\":\"PropertyValueSpecification\",\"valueRequired\":true,\"valueName\":\"search_term_string\"}}],\"inLanguage\":\"en-GB\"}]}<\/script>\n<!-- \/ Yoast SEO plugin. -->","yoast_head_json":{"title":"Hitaelement \u00ed s\u00e6ti 12v - B&iacute;lasmi&eth;urinn","robots":{"index":"index","follow":"follow","max-snippet":"max-snippet:-1","max-image-preview":"max-image-preview:large","max-video-preview":"max-video-preview:-1"},"canonical":"http:\/\/bilasmidurinn.is\/en\/vefverslun\/stolar\/stola-fylgihlutir\/hitaelement-i-saeti-12v\/","og_locale":"en_GB","og_type":"article","og_title":"Hitaelement \u00ed s\u00e6ti 12v - B&iacute;lasmi&eth;urinn","og_description":"S\u00e6tis hitari 12v","og_url":"http:\/\/bilasmidurinn.is\/en\/vefverslun\/stolar\/stola-fylgihlutir\/hitaelement-i-saeti-12v\/","og_site_name":"B&iacute;lasmi&eth;urinn","article_modified_time":"2021-08-03T19:04:21+00:00","og_image":[{"width":400,"height":300,"url":"https:\/\/bilasmidurinn.is\/wp-content\/uploads\/2021\/08\/ACCE0010.jpg","type":"image\/jpeg"}],"twitter_card":"summary_large_image","schema":{"@context":"https:\/\/schema.org","@graph":[{"@type":"WebPage","@id":"http:\/\/bilasmidurinn.is\/en\/vefverslun\/stolar\/stola-fylgihlutir\/hitaelement-i-saeti-12v\/","url":"http:\/\/bilasmidurinn.is\/en\/vefverslun\/stolar\/stola-fylgihlutir\/hitaelement-i-saeti-12v\/","name":"Hitaelement \u00ed s\u00e6ti 12v - B&iacute;lasmi&eth;urinn","isPartOf":{"@id":"https:\/\/bilasmidurinn.is\/#website"},"primaryImageOfPage":{"@id":"http:\/\/bilasmidurinn.is\/en\/vefverslun\/stolar\/stola-fylgihlutir\/hitaelement-i-saeti-12v\/#primaryimage"},"image":{"@id":"http:\/\/bilasmidurinn.is\/en\/vefverslun\/stolar\/stola-fylgihlutir\/hitaelement-i-saeti-12v\/#primaryimage"},"thumbnailUrl":"https:\/\/bilasmidurinn.is\/wp-content\/uploads\/2021\/08\/ACCE0010.jpg","datePublished":"2021-08-03T19:03:20+00:00","dateModified":"2021-08-03T19:04:21+00:00","breadcrumb":{"@id":"http:\/\/bilasmidurinn.is\/en\/vefverslun\/stolar\/stola-fylgihlutir\/hitaelement-i-saeti-12v\/#breadcrumb"},"inLanguage":"en-GB","potentialAction":[{"@type":"ReadAction","target":["http:\/\/bilasmidurinn.is\/en\/vefverslun\/stolar\/stola-fylgihlutir\/hitaelement-i-saeti-12v\/"]}]},{"@type":"ImageObject","inLanguage":"en-GB","@id":"http:\/\/bilasmidurinn.is\/en\/vefverslun\/stolar\/stola-fylgihlutir\/hitaelement-i-saeti-12v\/#primaryimage","url":"https:\/\/bilasmidurinn.is\/wp-content\/uploads\/2021\/08\/ACCE0010.jpg","contentUrl":"https:\/\/bilasmidurinn.is\/wp-content\/uploads\/2021\/08\/ACCE0010.jpg","width":400,"height":300},{"@type":"BreadcrumbList","@id":"http:\/\/bilasmidurinn.is\/en\/vefverslun\/stolar\/stola-fylgihlutir\/hitaelement-i-saeti-12v\/#breadcrumb","itemListElement":[{"@type":"ListItem","position":1,"name":"Home","item":"https:\/\/bilasmidurinn.is\/"},{"@type":"ListItem","position":2,"name":"V\u00f6rur \u00ed verslun","item":"https:\/\/bilasmidurinn.is\/vefverslun\/"},{"@type":"ListItem","position":3,"name":"Hitaelement \u00ed s\u00e6ti 12v"}]},{"@type":"WebSite","@id":"https:\/\/bilasmidurinn.is\/#website","url":"https:\/\/bilasmidurinn.is\/","name":"B&iacute;lasmi&eth;urinn","description":"All sem &thorn;&uacute; &thorn;arft &iacute; t&aelig;ki&eth;","potentialAction":[{"@type":"SearchAction","target":{"@type":"EntryPoint","urlTemplate":"https:\/\/bilasmidurinn.is\/?s={search_term_string}"},"query-input":{"@type":"PropertyValueSpecification","valueRequired":true,"valueName":"search_term_string"}}],"inLanguage":"en-GB"}]}},"_links":{"self":[{"href":"https:\/\/bilasmidurinn.is\/en\/wp-json\/wp\/v2\/product\/12105","targetHints":{"allow":["GET"]}}],"collection":[{"href":"https:\/\/bilasmidurinn.is\/en\/wp-json\/wp\/v2\/product"}],"about":[{"href":"https:\/\/bilasmidurinn.is\/en\/wp-json\/wp\/v2\/types\/product"}],"wp:featuredmedia":[{"embeddable":true,"href":"https:\/\/bilasmidurinn.is\/en\/wp-json\/wp\/v2\/media\/12106"}],"wp:attachment":[{"href":"https:\/\/bilasmidurinn.is\/en\/wp-json\/wp\/v2\/media?parent=12105"}],"wp:term":[{"taxonomy":"product_brand","embeddable":true,"href":"https:\/\/bilasmidurinn.is\/en\/wp-json\/wp\/v2\/product_brand?post=12105"},{"taxonomy":"product_cat","embeddable":true,"href":"https:\/\/bilasmidurinn.is\/en\/wp-json\/wp\/v2\/product_cat?post=12105"},{"taxonomy":"product_tag","embeddable":true,"href":"https:\/\/bilasmidurinn.is\/en\/wp-json\/wp\/v2\/product_tag?post=12105"}],"curies":[{"name":"wp","href":"https:\/\/api.w.org\/{rel}","templated":true}]}}