{"id":12011,"date":"2021-07-21T19:37:12","date_gmt":"2021-07-21T19:37:12","guid":{"rendered":"https:\/\/bilasmidurinn.is\/?post_type=product&#038;p=12011"},"modified":"2022-10-04T08:28:01","modified_gmt":"2022-10-04T08:28:01","slug":"eclipse-46-varudar-ljosabar","status":"publish","type":"product","link":"https:\/\/bilasmidurinn.is\/en\/vefverslun\/ljos\/varudarljos\/eclipse-46-varudar-ljosabar\/","title":{"rendered":"Warning light Eclipse 46\u2033"},"content":{"rendered":"<p>Warning light 46\u2033 Eclipse 146 yellow SMD Led units 127W 12\/24V<\/p>\n<p>10 different flashes<\/p>\n<p>Polycarbonate lens, DCA base<\/p>\n<p>2.5m cable with switch included<\/p>\n<p>ECE10\/65 and EMC<\/p>\n<p>&nbsp;<\/p>","protected":false},"excerpt":{"rendered":"<p>46\u2033 Eclipse caution light arc<\/p>\n<p>&nbsp;<\/p>","protected":false},"featured_media":12012,"template":"","meta":[],"product_brand":[7927],"product_cat":[7893,8007],"product_tag":[],"class_list":{"0":"post-12011","1":"product","2":"type-product","3":"status-publish","4":"has-post-thumbnail","6":"product_brand-www-247lighting-net","7":"product_cat-ljos","8":"product_cat-varudarljos","10":"first","11":"instock","12":"shipping-taxable","13":"product-type-simple"},"yoast_head":"<!-- This site is optimized with the Yoast SEO plugin v27.4 - https:\/\/yoast.com\/product\/yoast-seo-wordpress\/ -->\n<title>Var\u00fa\u00f0arlj\u00f3s Eclipse 46&quot; - B&iacute;lasmi&eth;urinn<\/title>\n<meta name=\"robots\" content=\"index, follow, max-snippet:-1, max-image-preview:large, max-video-preview:-1\" \/>\n<link rel=\"canonical\" href=\"https:\/\/bilasmidurinn.is\/en\/vefverslun\/ljos\/varudarljos\/eclipse-46-varudar-ljosabar\/\" \/>\n<meta property=\"og:locale\" content=\"en_GB\" \/>\n<meta property=\"og:type\" content=\"article\" \/>\n<meta property=\"og:title\" content=\"Var\u00fa\u00f0arlj\u00f3s Eclipse 46&quot; - B&iacute;lasmi&eth;urinn\" \/>\n<meta property=\"og:description\" content=\"46&quot; Eclipse var\u00fa\u00f0ar lj\u00f3sabogi  &nbsp;\" \/>\n<meta property=\"og:url\" content=\"https:\/\/bilasmidurinn.is\/en\/vefverslun\/ljos\/varudarljos\/eclipse-46-varudar-ljosabar\/\" \/>\n<meta property=\"og:site_name\" content=\"B&iacute;lasmi&eth;urinn\" \/>\n<meta property=\"article:modified_time\" content=\"2022-10-04T08:28:01+00:00\" \/>\n<meta property=\"og:image\" content=\"https:\/\/bilasmidurinn.is\/wp-content\/uploads\/2021\/07\/Ca7628.jpg\" \/>\n\t<meta property=\"og:image:width\" content=\"500\" \/>\n\t<meta property=\"og:image:height\" content=\"500\" \/>\n\t<meta property=\"og:image:type\" content=\"image\/jpeg\" \/>\n<meta name=\"twitter:card\" content=\"summary_large_image\" \/>\n<script type=\"application\/ld+json\" class=\"yoast-schema-graph\">{\"@context\":\"https:\\\/\\\/schema.org\",\"@graph\":[{\"@type\":\"WebPage\",\"@id\":\"https:\\\/\\\/bilasmidurinn.is\\\/en\\\/vefverslun\\\/ljos\\\/varudarljos\\\/eclipse-46-varudar-ljosabar\\\/\",\"url\":\"https:\\\/\\\/bilasmidurinn.is\\\/en\\\/vefverslun\\\/ljos\\\/varudarljos\\\/eclipse-46-varudar-ljosabar\\\/\",\"name\":\"Var\u00fa\u00f0arlj\u00f3s Eclipse 46\\\" - B&iacute;lasmi&eth;urinn\",\"isPartOf\":{\"@id\":\"https:\\\/\\\/bilasmidurinn.is\\\/#website\"},\"primaryImageOfPage\":{\"@id\":\"https:\\\/\\\/bilasmidurinn.is\\\/en\\\/vefverslun\\\/ljos\\\/varudarljos\\\/eclipse-46-varudar-ljosabar\\\/#primaryimage\"},\"image\":{\"@id\":\"https:\\\/\\\/bilasmidurinn.is\\\/en\\\/vefverslun\\\/ljos\\\/varudarljos\\\/eclipse-46-varudar-ljosabar\\\/#primaryimage\"},\"thumbnailUrl\":\"https:\\\/\\\/bilasmidurinn.is\\\/wp-content\\\/uploads\\\/2021\\\/07\\\/Ca7628.jpg\",\"datePublished\":\"2021-07-21T19:37:12+00:00\",\"dateModified\":\"2022-10-04T08:28:01+00:00\",\"breadcrumb\":{\"@id\":\"https:\\\/\\\/bilasmidurinn.is\\\/en\\\/vefverslun\\\/ljos\\\/varudarljos\\\/eclipse-46-varudar-ljosabar\\\/#breadcrumb\"},\"inLanguage\":\"en-GB\",\"potentialAction\":[{\"@type\":\"ReadAction\",\"target\":[\"https:\\\/\\\/bilasmidurinn.is\\\/en\\\/vefverslun\\\/ljos\\\/varudarljos\\\/eclipse-46-varudar-ljosabar\\\/\"]}]},{\"@type\":\"ImageObject\",\"inLanguage\":\"en-GB\",\"@id\":\"https:\\\/\\\/bilasmidurinn.is\\\/en\\\/vefverslun\\\/ljos\\\/varudarljos\\\/eclipse-46-varudar-ljosabar\\\/#primaryimage\",\"url\":\"https:\\\/\\\/bilasmidurinn.is\\\/wp-content\\\/uploads\\\/2021\\\/07\\\/Ca7628.jpg\",\"contentUrl\":\"https:\\\/\\\/bilasmidurinn.is\\\/wp-content\\\/uploads\\\/2021\\\/07\\\/Ca7628.jpg\",\"width\":500,\"height\":500},{\"@type\":\"BreadcrumbList\",\"@id\":\"https:\\\/\\\/bilasmidurinn.is\\\/en\\\/vefverslun\\\/ljos\\\/varudarljos\\\/eclipse-46-varudar-ljosabar\\\/#breadcrumb\",\"itemListElement\":[{\"@type\":\"ListItem\",\"position\":1,\"name\":\"Home\",\"item\":\"https:\\\/\\\/bilasmidurinn.is\\\/\"},{\"@type\":\"ListItem\",\"position\":2,\"name\":\"V\u00f6rur \u00ed verslun\",\"item\":\"https:\\\/\\\/bilasmidurinn.is\\\/vefverslun\\\/\"},{\"@type\":\"ListItem\",\"position\":3,\"name\":\"Var\u00fa\u00f0arlj\u00f3s Eclipse 46&#8243;\"}]},{\"@type\":\"WebSite\",\"@id\":\"https:\\\/\\\/bilasmidurinn.is\\\/#website\",\"url\":\"https:\\\/\\\/bilasmidurinn.is\\\/\",\"name\":\"B&iacute;lasmi&eth;urinn\",\"description\":\"All sem &thorn;&uacute; &thorn;arft &iacute; t&aelig;ki&eth;\",\"potentialAction\":[{\"@type\":\"SearchAction\",\"target\":{\"@type\":\"EntryPoint\",\"urlTemplate\":\"https:\\\/\\\/bilasmidurinn.is\\\/?s={search_term_string}\"},\"query-input\":{\"@type\":\"PropertyValueSpecification\",\"valueRequired\":true,\"valueName\":\"search_term_string\"}}],\"inLanguage\":\"en-GB\"}]}<\/script>\n<!-- \/ Yoast SEO plugin. -->","yoast_head_json":{"title":"Var\u00fa\u00f0arlj\u00f3s Eclipse 46\" - B&iacute;lasmi&eth;urinn","robots":{"index":"index","follow":"follow","max-snippet":"max-snippet:-1","max-image-preview":"max-image-preview:large","max-video-preview":"max-video-preview:-1"},"canonical":"https:\/\/bilasmidurinn.is\/en\/vefverslun\/ljos\/varudarljos\/eclipse-46-varudar-ljosabar\/","og_locale":"en_GB","og_type":"article","og_title":"Var\u00fa\u00f0arlj\u00f3s Eclipse 46\" - B&iacute;lasmi&eth;urinn","og_description":"46\" Eclipse var\u00fa\u00f0ar lj\u00f3sabogi  &nbsp;","og_url":"https:\/\/bilasmidurinn.is\/en\/vefverslun\/ljos\/varudarljos\/eclipse-46-varudar-ljosabar\/","og_site_name":"B&iacute;lasmi&eth;urinn","article_modified_time":"2022-10-04T08:28:01+00:00","og_image":[{"width":500,"height":500,"url":"https:\/\/bilasmidurinn.is\/wp-content\/uploads\/2021\/07\/Ca7628.jpg","type":"image\/jpeg"}],"twitter_card":"summary_large_image","schema":{"@context":"https:\/\/schema.org","@graph":[{"@type":"WebPage","@id":"https:\/\/bilasmidurinn.is\/en\/vefverslun\/ljos\/varudarljos\/eclipse-46-varudar-ljosabar\/","url":"https:\/\/bilasmidurinn.is\/en\/vefverslun\/ljos\/varudarljos\/eclipse-46-varudar-ljosabar\/","name":"Var\u00fa\u00f0arlj\u00f3s Eclipse 46\" - B&iacute;lasmi&eth;urinn","isPartOf":{"@id":"https:\/\/bilasmidurinn.is\/#website"},"primaryImageOfPage":{"@id":"https:\/\/bilasmidurinn.is\/en\/vefverslun\/ljos\/varudarljos\/eclipse-46-varudar-ljosabar\/#primaryimage"},"image":{"@id":"https:\/\/bilasmidurinn.is\/en\/vefverslun\/ljos\/varudarljos\/eclipse-46-varudar-ljosabar\/#primaryimage"},"thumbnailUrl":"https:\/\/bilasmidurinn.is\/wp-content\/uploads\/2021\/07\/Ca7628.jpg","datePublished":"2021-07-21T19:37:12+00:00","dateModified":"2022-10-04T08:28:01+00:00","breadcrumb":{"@id":"https:\/\/bilasmidurinn.is\/en\/vefverslun\/ljos\/varudarljos\/eclipse-46-varudar-ljosabar\/#breadcrumb"},"inLanguage":"en-GB","potentialAction":[{"@type":"ReadAction","target":["https:\/\/bilasmidurinn.is\/en\/vefverslun\/ljos\/varudarljos\/eclipse-46-varudar-ljosabar\/"]}]},{"@type":"ImageObject","inLanguage":"en-GB","@id":"https:\/\/bilasmidurinn.is\/en\/vefverslun\/ljos\/varudarljos\/eclipse-46-varudar-ljosabar\/#primaryimage","url":"https:\/\/bilasmidurinn.is\/wp-content\/uploads\/2021\/07\/Ca7628.jpg","contentUrl":"https:\/\/bilasmidurinn.is\/wp-content\/uploads\/2021\/07\/Ca7628.jpg","width":500,"height":500},{"@type":"BreadcrumbList","@id":"https:\/\/bilasmidurinn.is\/en\/vefverslun\/ljos\/varudarljos\/eclipse-46-varudar-ljosabar\/#breadcrumb","itemListElement":[{"@type":"ListItem","position":1,"name":"Home","item":"https:\/\/bilasmidurinn.is\/"},{"@type":"ListItem","position":2,"name":"V\u00f6rur \u00ed verslun","item":"https:\/\/bilasmidurinn.is\/vefverslun\/"},{"@type":"ListItem","position":3,"name":"Var\u00fa\u00f0arlj\u00f3s Eclipse 46&#8243;"}]},{"@type":"WebSite","@id":"https:\/\/bilasmidurinn.is\/#website","url":"https:\/\/bilasmidurinn.is\/","name":"B&iacute;lasmi&eth;urinn","description":"All sem &thorn;&uacute; &thorn;arft &iacute; t&aelig;ki&eth;","potentialAction":[{"@type":"SearchAction","target":{"@type":"EntryPoint","urlTemplate":"https:\/\/bilasmidurinn.is\/?s={search_term_string}"},"query-input":{"@type":"PropertyValueSpecification","valueRequired":true,"valueName":"search_term_string"}}],"inLanguage":"en-GB"}]}},"_links":{"self":[{"href":"https:\/\/bilasmidurinn.is\/en\/wp-json\/wp\/v2\/product\/12011","targetHints":{"allow":["GET"]}}],"collection":[{"href":"https:\/\/bilasmidurinn.is\/en\/wp-json\/wp\/v2\/product"}],"about":[{"href":"https:\/\/bilasmidurinn.is\/en\/wp-json\/wp\/v2\/types\/product"}],"wp:featuredmedia":[{"embeddable":true,"href":"https:\/\/bilasmidurinn.is\/en\/wp-json\/wp\/v2\/media\/12012"}],"wp:attachment":[{"href":"https:\/\/bilasmidurinn.is\/en\/wp-json\/wp\/v2\/media?parent=12011"}],"wp:term":[{"taxonomy":"product_brand","embeddable":true,"href":"https:\/\/bilasmidurinn.is\/en\/wp-json\/wp\/v2\/product_brand?post=12011"},{"taxonomy":"product_cat","embeddable":true,"href":"https:\/\/bilasmidurinn.is\/en\/wp-json\/wp\/v2\/product_cat?post=12011"},{"taxonomy":"product_tag","embeddable":true,"href":"https:\/\/bilasmidurinn.is\/en\/wp-json\/wp\/v2\/product_tag?post=12011"}],"curies":[{"name":"wp","href":"https:\/\/api.w.org\/{rel}","templated":true}]}}