{"id":11973,"date":"2021-07-20T15:01:52","date_gmt":"2021-07-20T15:01:52","guid":{"rendered":"https:\/\/bilasmidurinn.is\/?post_type=product&#038;p=11973"},"modified":"2022-08-29T12:08:52","modified_gmt":"2022-08-29T12:08:52","slug":"varudarljos-med-segli-og-hledslubattery","status":"publish","type":"product","link":"https:\/\/bilasmidurinn.is\/en\/vefverslun\/ljos\/varudarljos\/varudarljos-med-segli-og-hledslubattery\/","title":{"rendered":"Warning light with magnet and rechargeable battery"},"content":{"rendered":"<p>Warning light with magnet and built-in rechargeable battery 123x123x85mm<\/p>\n<p>12\/24V. 54W<\/p>\n<p>ECE 10\/65<\/p>\n<p>Up to 8 a.m. ending<\/p>\n<p>Withstands up to 85km wind speed<\/p>\n<p>Ten different light frequencies<\/p>\n<p><iframe loading=\"lazy\" title=\"LED R65 RECHARGEABLE BEACON.mp4\" src=\"https:\/\/player.vimeo.com\/video\/596479200?h=2414445d26&amp;dnt=1&amp;app_id=122963\" width=\"1020\" height=\"578\" frameborder=\"0\" allow=\"autoplay; fullscreen; picture-in-picture\" allowfullscreen><\/iframe><\/p>","protected":false},"excerpt":{"rendered":"<p>Warning light with magnet and rechargeable battery<\/p>","protected":false},"featured_media":11974,"template":"","meta":[],"product_brand":[7927],"product_cat":[7893,8007],"product_tag":[],"class_list":{"0":"post-11973","1":"product","2":"type-product","3":"status-publish","4":"has-post-thumbnail","6":"product_brand-www-247lighting-net","7":"product_cat-ljos","8":"product_cat-varudarljos","10":"first","11":"instock","12":"shipping-taxable","13":"product-type-simple"},"yoast_head":"<!-- This site is optimized with the Yoast SEO plugin v27.4 - https:\/\/yoast.com\/product\/yoast-seo-wordpress\/ -->\n<title>Var\u00fa\u00f0arlj\u00f3s me\u00f0 segli og hle\u00f0slubattery - B&iacute;lasmi&eth;urinn<\/title>\n<meta name=\"robots\" content=\"index, follow, max-snippet:-1, max-image-preview:large, max-video-preview:-1\" \/>\n<link rel=\"canonical\" href=\"https:\/\/bilasmidurinn.is\/en\/vefverslun\/ljos\/varudarljos\/varudarljos-med-segli-og-hledslubattery\/\" \/>\n<meta property=\"og:locale\" content=\"en_GB\" \/>\n<meta property=\"og:type\" content=\"article\" \/>\n<meta property=\"og:title\" content=\"Var\u00fa\u00f0arlj\u00f3s me\u00f0 segli og hle\u00f0slubattery - B&iacute;lasmi&eth;urinn\" \/>\n<meta property=\"og:description\" content=\"Var\u00fa\u00f0alj\u00f3s me\u00f0 segli og endurhla\u00f0anlegri rafhl\u00f6\u00f0u\" \/>\n<meta property=\"og:url\" content=\"https:\/\/bilasmidurinn.is\/en\/vefverslun\/ljos\/varudarljos\/varudarljos-med-segli-og-hledslubattery\/\" \/>\n<meta property=\"og:site_name\" content=\"B&iacute;lasmi&eth;urinn\" \/>\n<meta property=\"article:modified_time\" content=\"2022-08-29T12:08:52+00:00\" \/>\n<meta property=\"og:image\" content=\"https:\/\/bilasmidurinn.is\/wp-content\/uploads\/2021\/07\/CA8190.jpg\" \/>\n\t<meta property=\"og:image:width\" content=\"500\" \/>\n\t<meta property=\"og:image:height\" content=\"500\" \/>\n\t<meta property=\"og:image:type\" content=\"image\/jpeg\" \/>\n<meta name=\"twitter:card\" content=\"summary_large_image\" \/>\n<script type=\"application\/ld+json\" class=\"yoast-schema-graph\">{\"@context\":\"https:\\\/\\\/schema.org\",\"@graph\":[{\"@type\":\"WebPage\",\"@id\":\"https:\\\/\\\/bilasmidurinn.is\\\/en\\\/vefverslun\\\/ljos\\\/varudarljos\\\/varudarljos-med-segli-og-hledslubattery\\\/\",\"url\":\"https:\\\/\\\/bilasmidurinn.is\\\/en\\\/vefverslun\\\/ljos\\\/varudarljos\\\/varudarljos-med-segli-og-hledslubattery\\\/\",\"name\":\"Var\u00fa\u00f0arlj\u00f3s me\u00f0 segli og hle\u00f0slubattery - B&iacute;lasmi&eth;urinn\",\"isPartOf\":{\"@id\":\"https:\\\/\\\/bilasmidurinn.is\\\/#website\"},\"primaryImageOfPage\":{\"@id\":\"https:\\\/\\\/bilasmidurinn.is\\\/en\\\/vefverslun\\\/ljos\\\/varudarljos\\\/varudarljos-med-segli-og-hledslubattery\\\/#primaryimage\"},\"image\":{\"@id\":\"https:\\\/\\\/bilasmidurinn.is\\\/en\\\/vefverslun\\\/ljos\\\/varudarljos\\\/varudarljos-med-segli-og-hledslubattery\\\/#primaryimage\"},\"thumbnailUrl\":\"https:\\\/\\\/bilasmidurinn.is\\\/wp-content\\\/uploads\\\/2021\\\/07\\\/CA8190.jpg\",\"datePublished\":\"2021-07-20T15:01:52+00:00\",\"dateModified\":\"2022-08-29T12:08:52+00:00\",\"breadcrumb\":{\"@id\":\"https:\\\/\\\/bilasmidurinn.is\\\/en\\\/vefverslun\\\/ljos\\\/varudarljos\\\/varudarljos-med-segli-og-hledslubattery\\\/#breadcrumb\"},\"inLanguage\":\"en-GB\",\"potentialAction\":[{\"@type\":\"ReadAction\",\"target\":[\"https:\\\/\\\/bilasmidurinn.is\\\/en\\\/vefverslun\\\/ljos\\\/varudarljos\\\/varudarljos-med-segli-og-hledslubattery\\\/\"]}]},{\"@type\":\"ImageObject\",\"inLanguage\":\"en-GB\",\"@id\":\"https:\\\/\\\/bilasmidurinn.is\\\/en\\\/vefverslun\\\/ljos\\\/varudarljos\\\/varudarljos-med-segli-og-hledslubattery\\\/#primaryimage\",\"url\":\"https:\\\/\\\/bilasmidurinn.is\\\/wp-content\\\/uploads\\\/2021\\\/07\\\/CA8190.jpg\",\"contentUrl\":\"https:\\\/\\\/bilasmidurinn.is\\\/wp-content\\\/uploads\\\/2021\\\/07\\\/CA8190.jpg\",\"width\":500,\"height\":500},{\"@type\":\"BreadcrumbList\",\"@id\":\"https:\\\/\\\/bilasmidurinn.is\\\/en\\\/vefverslun\\\/ljos\\\/varudarljos\\\/varudarljos-med-segli-og-hledslubattery\\\/#breadcrumb\",\"itemListElement\":[{\"@type\":\"ListItem\",\"position\":1,\"name\":\"Home\",\"item\":\"https:\\\/\\\/bilasmidurinn.is\\\/\"},{\"@type\":\"ListItem\",\"position\":2,\"name\":\"V\u00f6rur \u00ed verslun\",\"item\":\"https:\\\/\\\/bilasmidurinn.is\\\/vefverslun\\\/\"},{\"@type\":\"ListItem\",\"position\":3,\"name\":\"Var\u00fa\u00f0arlj\u00f3s me\u00f0 segli og hle\u00f0slubattery\"}]},{\"@type\":\"WebSite\",\"@id\":\"https:\\\/\\\/bilasmidurinn.is\\\/#website\",\"url\":\"https:\\\/\\\/bilasmidurinn.is\\\/\",\"name\":\"B&iacute;lasmi&eth;urinn\",\"description\":\"All sem &thorn;&uacute; &thorn;arft &iacute; t&aelig;ki&eth;\",\"potentialAction\":[{\"@type\":\"SearchAction\",\"target\":{\"@type\":\"EntryPoint\",\"urlTemplate\":\"https:\\\/\\\/bilasmidurinn.is\\\/?s={search_term_string}\"},\"query-input\":{\"@type\":\"PropertyValueSpecification\",\"valueRequired\":true,\"valueName\":\"search_term_string\"}}],\"inLanguage\":\"en-GB\"}]}<\/script>\n<!-- \/ Yoast SEO plugin. -->","yoast_head_json":{"title":"Var\u00fa\u00f0arlj\u00f3s me\u00f0 segli og hle\u00f0slubattery - B&iacute;lasmi&eth;urinn","robots":{"index":"index","follow":"follow","max-snippet":"max-snippet:-1","max-image-preview":"max-image-preview:large","max-video-preview":"max-video-preview:-1"},"canonical":"https:\/\/bilasmidurinn.is\/en\/vefverslun\/ljos\/varudarljos\/varudarljos-med-segli-og-hledslubattery\/","og_locale":"en_GB","og_type":"article","og_title":"Var\u00fa\u00f0arlj\u00f3s me\u00f0 segli og hle\u00f0slubattery - B&iacute;lasmi&eth;urinn","og_description":"Var\u00fa\u00f0alj\u00f3s me\u00f0 segli og endurhla\u00f0anlegri rafhl\u00f6\u00f0u","og_url":"https:\/\/bilasmidurinn.is\/en\/vefverslun\/ljos\/varudarljos\/varudarljos-med-segli-og-hledslubattery\/","og_site_name":"B&iacute;lasmi&eth;urinn","article_modified_time":"2022-08-29T12:08:52+00:00","og_image":[{"width":500,"height":500,"url":"https:\/\/bilasmidurinn.is\/wp-content\/uploads\/2021\/07\/CA8190.jpg","type":"image\/jpeg"}],"twitter_card":"summary_large_image","schema":{"@context":"https:\/\/schema.org","@graph":[{"@type":"WebPage","@id":"https:\/\/bilasmidurinn.is\/en\/vefverslun\/ljos\/varudarljos\/varudarljos-med-segli-og-hledslubattery\/","url":"https:\/\/bilasmidurinn.is\/en\/vefverslun\/ljos\/varudarljos\/varudarljos-med-segli-og-hledslubattery\/","name":"Var\u00fa\u00f0arlj\u00f3s me\u00f0 segli og hle\u00f0slubattery - B&iacute;lasmi&eth;urinn","isPartOf":{"@id":"https:\/\/bilasmidurinn.is\/#website"},"primaryImageOfPage":{"@id":"https:\/\/bilasmidurinn.is\/en\/vefverslun\/ljos\/varudarljos\/varudarljos-med-segli-og-hledslubattery\/#primaryimage"},"image":{"@id":"https:\/\/bilasmidurinn.is\/en\/vefverslun\/ljos\/varudarljos\/varudarljos-med-segli-og-hledslubattery\/#primaryimage"},"thumbnailUrl":"https:\/\/bilasmidurinn.is\/wp-content\/uploads\/2021\/07\/CA8190.jpg","datePublished":"2021-07-20T15:01:52+00:00","dateModified":"2022-08-29T12:08:52+00:00","breadcrumb":{"@id":"https:\/\/bilasmidurinn.is\/en\/vefverslun\/ljos\/varudarljos\/varudarljos-med-segli-og-hledslubattery\/#breadcrumb"},"inLanguage":"en-GB","potentialAction":[{"@type":"ReadAction","target":["https:\/\/bilasmidurinn.is\/en\/vefverslun\/ljos\/varudarljos\/varudarljos-med-segli-og-hledslubattery\/"]}]},{"@type":"ImageObject","inLanguage":"en-GB","@id":"https:\/\/bilasmidurinn.is\/en\/vefverslun\/ljos\/varudarljos\/varudarljos-med-segli-og-hledslubattery\/#primaryimage","url":"https:\/\/bilasmidurinn.is\/wp-content\/uploads\/2021\/07\/CA8190.jpg","contentUrl":"https:\/\/bilasmidurinn.is\/wp-content\/uploads\/2021\/07\/CA8190.jpg","width":500,"height":500},{"@type":"BreadcrumbList","@id":"https:\/\/bilasmidurinn.is\/en\/vefverslun\/ljos\/varudarljos\/varudarljos-med-segli-og-hledslubattery\/#breadcrumb","itemListElement":[{"@type":"ListItem","position":1,"name":"Home","item":"https:\/\/bilasmidurinn.is\/"},{"@type":"ListItem","position":2,"name":"V\u00f6rur \u00ed verslun","item":"https:\/\/bilasmidurinn.is\/vefverslun\/"},{"@type":"ListItem","position":3,"name":"Var\u00fa\u00f0arlj\u00f3s me\u00f0 segli og hle\u00f0slubattery"}]},{"@type":"WebSite","@id":"https:\/\/bilasmidurinn.is\/#website","url":"https:\/\/bilasmidurinn.is\/","name":"B&iacute;lasmi&eth;urinn","description":"All sem &thorn;&uacute; &thorn;arft &iacute; t&aelig;ki&eth;","potentialAction":[{"@type":"SearchAction","target":{"@type":"EntryPoint","urlTemplate":"https:\/\/bilasmidurinn.is\/?s={search_term_string}"},"query-input":{"@type":"PropertyValueSpecification","valueRequired":true,"valueName":"search_term_string"}}],"inLanguage":"en-GB"}]}},"_links":{"self":[{"href":"https:\/\/bilasmidurinn.is\/en\/wp-json\/wp\/v2\/product\/11973","targetHints":{"allow":["GET"]}}],"collection":[{"href":"https:\/\/bilasmidurinn.is\/en\/wp-json\/wp\/v2\/product"}],"about":[{"href":"https:\/\/bilasmidurinn.is\/en\/wp-json\/wp\/v2\/types\/product"}],"wp:featuredmedia":[{"embeddable":true,"href":"https:\/\/bilasmidurinn.is\/en\/wp-json\/wp\/v2\/media\/11974"}],"wp:attachment":[{"href":"https:\/\/bilasmidurinn.is\/en\/wp-json\/wp\/v2\/media?parent=11973"}],"wp:term":[{"taxonomy":"product_brand","embeddable":true,"href":"https:\/\/bilasmidurinn.is\/en\/wp-json\/wp\/v2\/product_brand?post=11973"},{"taxonomy":"product_cat","embeddable":true,"href":"https:\/\/bilasmidurinn.is\/en\/wp-json\/wp\/v2\/product_cat?post=11973"},{"taxonomy":"product_tag","embeddable":true,"href":"https:\/\/bilasmidurinn.is\/en\/wp-json\/wp\/v2\/product_tag?post=11973"}],"curies":[{"name":"wp","href":"https:\/\/api.w.org\/{rel}","templated":true}]}}