{"id":11937,"date":"2021-07-20T08:49:22","date_gmt":"2021-07-20T08:49:22","guid":{"rendered":"https:\/\/bilasmidurinn.is\/?post_type=product&#038;p=11937"},"modified":"2022-10-03T12:22:16","modified_gmt":"2022-10-03T12:22:16","slug":"afella-med-thettingu-ad-ofan-335mm","status":"publish","type":"product","link":"https:\/\/bilasmidurinn.is\/en\/vefverslun\/afellulistar\/afella-med-thettingu-ad-ofan-335mm\/","title":{"rendered":"Cover with sealing from above 33.5mm"},"content":{"rendered":"<p>Cover strip with soft sealing strip on top 33.5mm high<\/p>\n<p>For 2-4mm edge<\/p>\n<p>50m per roll<\/p>\n<p>price per meter<\/p>\n<p>&nbsp;<\/p>","protected":false},"excerpt":{"rendered":"<p>Insert strip with sealing strip above 33.5mm<\/p>","protected":false},"featured_media":11938,"template":"","meta":[],"product_brand":[7946],"product_cat":[7952,7974],"product_tag":[],"class_list":{"0":"post-11937","1":"product","2":"type-product","3":"status-publish","4":"has-post-thumbnail","6":"product_brand-happich-ghe","7":"product_cat-afellulistar","8":"product_cat-thettilistar","10":"first","11":"instock","12":"shipping-taxable","13":"product-type-simple"},"yoast_head":"<!-- This site is optimized with the Yoast SEO plugin v27.3 - https:\/\/yoast.com\/product\/yoast-seo-wordpress\/ -->\n<title>\u00c1fella me\u00f0 \u00fe\u00e9ttingu a\u00f0 ofan 33,5mm - B&iacute;lasmi&eth;urinn<\/title>\n<meta name=\"robots\" content=\"index, follow, max-snippet:-1, max-image-preview:large, max-video-preview:-1\" \/>\n<link rel=\"canonical\" href=\"https:\/\/bilasmidurinn.is\/en\/vefverslun\/afellulistar\/afella-med-thettingu-ad-ofan-335mm\/\" \/>\n<meta property=\"og:locale\" content=\"en_GB\" \/>\n<meta property=\"og:type\" content=\"article\" \/>\n<meta property=\"og:title\" content=\"\u00c1fella me\u00f0 \u00fe\u00e9ttingu a\u00f0 ofan 33,5mm - B&iacute;lasmi&eth;urinn\" \/>\n<meta property=\"og:description\" content=\"\u00c1fellulisti me\u00f0 \u00fe\u00e9ttilista a\u00f0 ofan 33,5mm\" \/>\n<meta property=\"og:url\" content=\"https:\/\/bilasmidurinn.is\/en\/vefverslun\/afellulistar\/afella-med-thettingu-ad-ofan-335mm\/\" \/>\n<meta property=\"og:site_name\" content=\"B&iacute;lasmi&eth;urinn\" \/>\n<meta property=\"article:modified_time\" content=\"2022-10-03T12:22:16+00:00\" \/>\n<meta property=\"og:image\" content=\"https:\/\/bilasmidurinn.is\/wp-content\/uploads\/2021\/07\/461M210.png\" \/>\n\t<meta property=\"og:image:width\" content=\"287\" \/>\n\t<meta property=\"og:image:height\" content=\"295\" \/>\n\t<meta property=\"og:image:type\" content=\"image\/png\" \/>\n<meta name=\"twitter:card\" content=\"summary_large_image\" \/>\n<script type=\"application\/ld+json\" class=\"yoast-schema-graph\">{\"@context\":\"https:\\\/\\\/schema.org\",\"@graph\":[{\"@type\":\"WebPage\",\"@id\":\"https:\\\/\\\/bilasmidurinn.is\\\/pl\\\/vefverslun\\\/afellulistar\\\/afella-med-thettingu-ad-ofan-335mm\\\/\",\"url\":\"https:\\\/\\\/bilasmidurinn.is\\\/pl\\\/vefverslun\\\/afellulistar\\\/afella-med-thettingu-ad-ofan-335mm\\\/\",\"name\":\"\u00c1fella me\u00f0 \u00fe\u00e9ttingu a\u00f0 ofan 33,5mm - B&iacute;lasmi&eth;urinn\",\"isPartOf\":{\"@id\":\"https:\\\/\\\/bilasmidurinn.is\\\/#website\"},\"primaryImageOfPage\":{\"@id\":\"https:\\\/\\\/bilasmidurinn.is\\\/pl\\\/vefverslun\\\/afellulistar\\\/afella-med-thettingu-ad-ofan-335mm\\\/#primaryimage\"},\"image\":{\"@id\":\"https:\\\/\\\/bilasmidurinn.is\\\/pl\\\/vefverslun\\\/afellulistar\\\/afella-med-thettingu-ad-ofan-335mm\\\/#primaryimage\"},\"thumbnailUrl\":\"https:\\\/\\\/bilasmidurinn.is\\\/wp-content\\\/uploads\\\/2021\\\/07\\\/461M210.png\",\"datePublished\":\"2021-07-20T08:49:22+00:00\",\"dateModified\":\"2022-10-03T12:22:16+00:00\",\"breadcrumb\":{\"@id\":\"https:\\\/\\\/bilasmidurinn.is\\\/pl\\\/vefverslun\\\/afellulistar\\\/afella-med-thettingu-ad-ofan-335mm\\\/#breadcrumb\"},\"inLanguage\":\"en-GB\",\"potentialAction\":[{\"@type\":\"ReadAction\",\"target\":[\"https:\\\/\\\/bilasmidurinn.is\\\/pl\\\/vefverslun\\\/afellulistar\\\/afella-med-thettingu-ad-ofan-335mm\\\/\"]}]},{\"@type\":\"ImageObject\",\"inLanguage\":\"en-GB\",\"@id\":\"https:\\\/\\\/bilasmidurinn.is\\\/pl\\\/vefverslun\\\/afellulistar\\\/afella-med-thettingu-ad-ofan-335mm\\\/#primaryimage\",\"url\":\"https:\\\/\\\/bilasmidurinn.is\\\/wp-content\\\/uploads\\\/2021\\\/07\\\/461M210.png\",\"contentUrl\":\"https:\\\/\\\/bilasmidurinn.is\\\/wp-content\\\/uploads\\\/2021\\\/07\\\/461M210.png\",\"width\":287,\"height\":295},{\"@type\":\"BreadcrumbList\",\"@id\":\"https:\\\/\\\/bilasmidurinn.is\\\/pl\\\/vefverslun\\\/afellulistar\\\/afella-med-thettingu-ad-ofan-335mm\\\/#breadcrumb\",\"itemListElement\":[{\"@type\":\"ListItem\",\"position\":1,\"name\":\"Home\",\"item\":\"https:\\\/\\\/bilasmidurinn.is\\\/\"},{\"@type\":\"ListItem\",\"position\":2,\"name\":\"V\u00f6rur \u00ed verslun\",\"item\":\"https:\\\/\\\/bilasmidurinn.is\\\/vefverslun\\\/\"},{\"@type\":\"ListItem\",\"position\":3,\"name\":\"\u00c1fella me\u00f0 \u00fe\u00e9ttingu a\u00f0 ofan 33,5mm\"}]},{\"@type\":\"WebSite\",\"@id\":\"https:\\\/\\\/bilasmidurinn.is\\\/#website\",\"url\":\"https:\\\/\\\/bilasmidurinn.is\\\/\",\"name\":\"B&iacute;lasmi&eth;urinn\",\"description\":\"All sem &thorn;&uacute; &thorn;arft &iacute; t&aelig;ki&eth;\",\"potentialAction\":[{\"@type\":\"SearchAction\",\"target\":{\"@type\":\"EntryPoint\",\"urlTemplate\":\"https:\\\/\\\/bilasmidurinn.is\\\/?s={search_term_string}\"},\"query-input\":{\"@type\":\"PropertyValueSpecification\",\"valueRequired\":true,\"valueName\":\"search_term_string\"}}],\"inLanguage\":\"en-GB\"}]}<\/script>\n<!-- \/ Yoast SEO plugin. -->","yoast_head_json":{"title":"\u00c1fella me\u00f0 \u00fe\u00e9ttingu a\u00f0 ofan 33,5mm - B&iacute;lasmi&eth;urinn","robots":{"index":"index","follow":"follow","max-snippet":"max-snippet:-1","max-image-preview":"max-image-preview:large","max-video-preview":"max-video-preview:-1"},"canonical":"https:\/\/bilasmidurinn.is\/en\/vefverslun\/afellulistar\/afella-med-thettingu-ad-ofan-335mm\/","og_locale":"en_GB","og_type":"article","og_title":"\u00c1fella me\u00f0 \u00fe\u00e9ttingu a\u00f0 ofan 33,5mm - B&iacute;lasmi&eth;urinn","og_description":"\u00c1fellulisti me\u00f0 \u00fe\u00e9ttilista a\u00f0 ofan 33,5mm","og_url":"https:\/\/bilasmidurinn.is\/en\/vefverslun\/afellulistar\/afella-med-thettingu-ad-ofan-335mm\/","og_site_name":"B&iacute;lasmi&eth;urinn","article_modified_time":"2022-10-03T12:22:16+00:00","og_image":[{"width":287,"height":295,"url":"https:\/\/bilasmidurinn.is\/wp-content\/uploads\/2021\/07\/461M210.png","type":"image\/png"}],"twitter_card":"summary_large_image","schema":{"@context":"https:\/\/schema.org","@graph":[{"@type":"WebPage","@id":"https:\/\/bilasmidurinn.is\/pl\/vefverslun\/afellulistar\/afella-med-thettingu-ad-ofan-335mm\/","url":"https:\/\/bilasmidurinn.is\/pl\/vefverslun\/afellulistar\/afella-med-thettingu-ad-ofan-335mm\/","name":"\u00c1fella me\u00f0 \u00fe\u00e9ttingu a\u00f0 ofan 33,5mm - B&iacute;lasmi&eth;urinn","isPartOf":{"@id":"https:\/\/bilasmidurinn.is\/#website"},"primaryImageOfPage":{"@id":"https:\/\/bilasmidurinn.is\/pl\/vefverslun\/afellulistar\/afella-med-thettingu-ad-ofan-335mm\/#primaryimage"},"image":{"@id":"https:\/\/bilasmidurinn.is\/pl\/vefverslun\/afellulistar\/afella-med-thettingu-ad-ofan-335mm\/#primaryimage"},"thumbnailUrl":"https:\/\/bilasmidurinn.is\/wp-content\/uploads\/2021\/07\/461M210.png","datePublished":"2021-07-20T08:49:22+00:00","dateModified":"2022-10-03T12:22:16+00:00","breadcrumb":{"@id":"https:\/\/bilasmidurinn.is\/pl\/vefverslun\/afellulistar\/afella-med-thettingu-ad-ofan-335mm\/#breadcrumb"},"inLanguage":"en-GB","potentialAction":[{"@type":"ReadAction","target":["https:\/\/bilasmidurinn.is\/pl\/vefverslun\/afellulistar\/afella-med-thettingu-ad-ofan-335mm\/"]}]},{"@type":"ImageObject","inLanguage":"en-GB","@id":"https:\/\/bilasmidurinn.is\/pl\/vefverslun\/afellulistar\/afella-med-thettingu-ad-ofan-335mm\/#primaryimage","url":"https:\/\/bilasmidurinn.is\/wp-content\/uploads\/2021\/07\/461M210.png","contentUrl":"https:\/\/bilasmidurinn.is\/wp-content\/uploads\/2021\/07\/461M210.png","width":287,"height":295},{"@type":"BreadcrumbList","@id":"https:\/\/bilasmidurinn.is\/pl\/vefverslun\/afellulistar\/afella-med-thettingu-ad-ofan-335mm\/#breadcrumb","itemListElement":[{"@type":"ListItem","position":1,"name":"Home","item":"https:\/\/bilasmidurinn.is\/"},{"@type":"ListItem","position":2,"name":"V\u00f6rur \u00ed verslun","item":"https:\/\/bilasmidurinn.is\/vefverslun\/"},{"@type":"ListItem","position":3,"name":"\u00c1fella me\u00f0 \u00fe\u00e9ttingu a\u00f0 ofan 33,5mm"}]},{"@type":"WebSite","@id":"https:\/\/bilasmidurinn.is\/#website","url":"https:\/\/bilasmidurinn.is\/","name":"B&iacute;lasmi&eth;urinn","description":"All sem &thorn;&uacute; &thorn;arft &iacute; t&aelig;ki&eth;","potentialAction":[{"@type":"SearchAction","target":{"@type":"EntryPoint","urlTemplate":"https:\/\/bilasmidurinn.is\/?s={search_term_string}"},"query-input":{"@type":"PropertyValueSpecification","valueRequired":true,"valueName":"search_term_string"}}],"inLanguage":"en-GB"}]}},"_links":{"self":[{"href":"https:\/\/bilasmidurinn.is\/en\/wp-json\/wp\/v2\/product\/11937","targetHints":{"allow":["GET"]}}],"collection":[{"href":"https:\/\/bilasmidurinn.is\/en\/wp-json\/wp\/v2\/product"}],"about":[{"href":"https:\/\/bilasmidurinn.is\/en\/wp-json\/wp\/v2\/types\/product"}],"wp:featuredmedia":[{"embeddable":true,"href":"https:\/\/bilasmidurinn.is\/en\/wp-json\/wp\/v2\/media\/11938"}],"wp:attachment":[{"href":"https:\/\/bilasmidurinn.is\/en\/wp-json\/wp\/v2\/media?parent=11937"}],"wp:term":[{"taxonomy":"product_brand","embeddable":true,"href":"https:\/\/bilasmidurinn.is\/en\/wp-json\/wp\/v2\/product_brand?post=11937"},{"taxonomy":"product_cat","embeddable":true,"href":"https:\/\/bilasmidurinn.is\/en\/wp-json\/wp\/v2\/product_cat?post=11937"},{"taxonomy":"product_tag","embeddable":true,"href":"https:\/\/bilasmidurinn.is\/en\/wp-json\/wp\/v2\/product_tag?post=11937"}],"curies":[{"name":"wp","href":"https:\/\/api.w.org\/{rel}","templated":true}]}}