{"id":11927,"date":"2021-07-19T21:50:46","date_gmt":"2021-07-19T21:50:46","guid":{"rendered":"https:\/\/bilasmidurinn.is\/?post_type=product&#038;p=11927"},"modified":"2025-11-18T16:15:20","modified_gmt":"2025-11-18T16:15:20","slug":"thettilisti-18x145-med-limi","status":"publish","type":"product","link":"https:\/\/bilasmidurinn.is\/en\/vefverslun\/gummilistar\/thettilisti-18x145-med-limi\/","title":{"rendered":"Gasket list 18\u00d714.5mm with glue"},"content":{"rendered":"<p>Soft sealing strip made of sponge rubber 18\u00d714.5mm<\/p>\n<p>Self-adhesive<\/p>\n<p>25m per roll<\/p>\n<p>price per meter<\/p>","protected":false},"excerpt":{"rendered":"<p>Muck self-adhesive sealing strip 18mm<\/p>","protected":false},"featured_media":11867,"template":"","meta":[],"product_brand":[7948],"product_cat":[7960],"product_tag":[],"class_list":{"0":"post-11927","1":"product","2":"type-product","3":"status-publish","4":"has-post-thumbnail","6":"product_brand-sand","7":"product_cat-gummilistar","9":"first","10":"instock","11":"shipping-taxable","12":"product-type-simple"},"yoast_head":"<!-- This site is optimized with the Yoast SEO plugin v27.3 - https:\/\/yoast.com\/product\/yoast-seo-wordpress\/ -->\n<title>\u00de\u00e9ttilisti 18x14,5mm me\u00f0 l\u00edmi - B&iacute;lasmi&eth;urinn<\/title>\n<meta name=\"robots\" content=\"index, follow, max-snippet:-1, max-image-preview:large, max-video-preview:-1\" \/>\n<link rel=\"canonical\" href=\"https:\/\/bilasmidurinn.is\/en\/vefverslun\/gummilistar\/thettilisti-18x145-med-limi\/\" \/>\n<meta property=\"og:locale\" content=\"en_GB\" \/>\n<meta property=\"og:type\" content=\"article\" \/>\n<meta property=\"og:title\" content=\"\u00de\u00e9ttilisti 18x14,5mm me\u00f0 l\u00edmi - B&iacute;lasmi&eth;urinn\" \/>\n<meta property=\"og:description\" content=\"M\u00fakur sj\u00e1lfl\u00edmandi \u00fe\u00e9ttilisti 18mm\" \/>\n<meta property=\"og:url\" content=\"https:\/\/bilasmidurinn.is\/en\/vefverslun\/gummilistar\/thettilisti-18x145-med-limi\/\" \/>\n<meta property=\"og:site_name\" content=\"B&iacute;lasmi&eth;urinn\" \/>\n<meta property=\"article:modified_time\" content=\"2025-11-18T16:15:20+00:00\" \/>\n<meta property=\"og:image\" content=\"https:\/\/bilasmidurinn.is\/wp-content\/uploads\/2021\/07\/D2-421-AFH.png\" \/>\n\t<meta property=\"og:image:width\" content=\"284\" \/>\n\t<meta property=\"og:image:height\" content=\"263\" \/>\n\t<meta property=\"og:image:type\" content=\"image\/png\" \/>\n<meta name=\"twitter:card\" content=\"summary_large_image\" \/>\n<script type=\"application\/ld+json\" class=\"yoast-schema-graph\">{\"@context\":\"https:\\\/\\\/schema.org\",\"@graph\":[{\"@type\":\"WebPage\",\"@id\":\"https:\\\/\\\/bilasmidurinn.is\\\/vefverslun\\\/gummilistar\\\/thettilisti-18x145-med-limi\\\/\",\"url\":\"https:\\\/\\\/bilasmidurinn.is\\\/vefverslun\\\/gummilistar\\\/thettilisti-18x145-med-limi\\\/\",\"name\":\"\u00de\u00e9ttilisti 18x14,5mm me\u00f0 l\u00edmi - B&iacute;lasmi&eth;urinn\",\"isPartOf\":{\"@id\":\"https:\\\/\\\/bilasmidurinn.is\\\/#website\"},\"primaryImageOfPage\":{\"@id\":\"https:\\\/\\\/bilasmidurinn.is\\\/vefverslun\\\/gummilistar\\\/thettilisti-18x145-med-limi\\\/#primaryimage\"},\"image\":{\"@id\":\"https:\\\/\\\/bilasmidurinn.is\\\/vefverslun\\\/gummilistar\\\/thettilisti-18x145-med-limi\\\/#primaryimage\"},\"thumbnailUrl\":\"https:\\\/\\\/bilasmidurinn.is\\\/wp-content\\\/uploads\\\/2021\\\/07\\\/D2-421-AFH.png\",\"datePublished\":\"2021-07-19T21:50:46+00:00\",\"dateModified\":\"2025-11-18T16:15:20+00:00\",\"breadcrumb\":{\"@id\":\"https:\\\/\\\/bilasmidurinn.is\\\/vefverslun\\\/gummilistar\\\/thettilisti-18x145-med-limi\\\/#breadcrumb\"},\"inLanguage\":\"en-GB\",\"potentialAction\":[{\"@type\":\"ReadAction\",\"target\":[\"https:\\\/\\\/bilasmidurinn.is\\\/vefverslun\\\/gummilistar\\\/thettilisti-18x145-med-limi\\\/\"]}]},{\"@type\":\"ImageObject\",\"inLanguage\":\"en-GB\",\"@id\":\"https:\\\/\\\/bilasmidurinn.is\\\/vefverslun\\\/gummilistar\\\/thettilisti-18x145-med-limi\\\/#primaryimage\",\"url\":\"https:\\\/\\\/bilasmidurinn.is\\\/wp-content\\\/uploads\\\/2021\\\/07\\\/D2-421-AFH.png\",\"contentUrl\":\"https:\\\/\\\/bilasmidurinn.is\\\/wp-content\\\/uploads\\\/2021\\\/07\\\/D2-421-AFH.png\",\"width\":284,\"height\":263},{\"@type\":\"BreadcrumbList\",\"@id\":\"https:\\\/\\\/bilasmidurinn.is\\\/vefverslun\\\/gummilistar\\\/thettilisti-18x145-med-limi\\\/#breadcrumb\",\"itemListElement\":[{\"@type\":\"ListItem\",\"position\":1,\"name\":\"Home\",\"item\":\"https:\\\/\\\/bilasmidurinn.is\\\/\"},{\"@type\":\"ListItem\",\"position\":2,\"name\":\"V\u00f6rur \u00ed verslun\",\"item\":\"https:\\\/\\\/bilasmidurinn.is\\\/vefverslun\\\/\"},{\"@type\":\"ListItem\",\"position\":3,\"name\":\"\u00de\u00e9ttilisti 18&#215;14,5mm me\u00f0 l\u00edmi\"}]},{\"@type\":\"WebSite\",\"@id\":\"https:\\\/\\\/bilasmidurinn.is\\\/#website\",\"url\":\"https:\\\/\\\/bilasmidurinn.is\\\/\",\"name\":\"B&iacute;lasmi&eth;urinn\",\"description\":\"All sem &thorn;&uacute; &thorn;arft &iacute; t&aelig;ki&eth;\",\"potentialAction\":[{\"@type\":\"SearchAction\",\"target\":{\"@type\":\"EntryPoint\",\"urlTemplate\":\"https:\\\/\\\/bilasmidurinn.is\\\/?s={search_term_string}\"},\"query-input\":{\"@type\":\"PropertyValueSpecification\",\"valueRequired\":true,\"valueName\":\"search_term_string\"}}],\"inLanguage\":\"en-GB\"}]}<\/script>\n<!-- \/ Yoast SEO plugin. -->","yoast_head_json":{"title":"\u00de\u00e9ttilisti 18x14,5mm me\u00f0 l\u00edmi - B&iacute;lasmi&eth;urinn","robots":{"index":"index","follow":"follow","max-snippet":"max-snippet:-1","max-image-preview":"max-image-preview:large","max-video-preview":"max-video-preview:-1"},"canonical":"https:\/\/bilasmidurinn.is\/en\/vefverslun\/gummilistar\/thettilisti-18x145-med-limi\/","og_locale":"en_GB","og_type":"article","og_title":"\u00de\u00e9ttilisti 18x14,5mm me\u00f0 l\u00edmi - B&iacute;lasmi&eth;urinn","og_description":"M\u00fakur sj\u00e1lfl\u00edmandi \u00fe\u00e9ttilisti 18mm","og_url":"https:\/\/bilasmidurinn.is\/en\/vefverslun\/gummilistar\/thettilisti-18x145-med-limi\/","og_site_name":"B&iacute;lasmi&eth;urinn","article_modified_time":"2025-11-18T16:15:20+00:00","og_image":[{"width":284,"height":263,"url":"https:\/\/bilasmidurinn.is\/wp-content\/uploads\/2021\/07\/D2-421-AFH.png","type":"image\/png"}],"twitter_card":"summary_large_image","schema":{"@context":"https:\/\/schema.org","@graph":[{"@type":"WebPage","@id":"https:\/\/bilasmidurinn.is\/vefverslun\/gummilistar\/thettilisti-18x145-med-limi\/","url":"https:\/\/bilasmidurinn.is\/vefverslun\/gummilistar\/thettilisti-18x145-med-limi\/","name":"\u00de\u00e9ttilisti 18x14,5mm me\u00f0 l\u00edmi - B&iacute;lasmi&eth;urinn","isPartOf":{"@id":"https:\/\/bilasmidurinn.is\/#website"},"primaryImageOfPage":{"@id":"https:\/\/bilasmidurinn.is\/vefverslun\/gummilistar\/thettilisti-18x145-med-limi\/#primaryimage"},"image":{"@id":"https:\/\/bilasmidurinn.is\/vefverslun\/gummilistar\/thettilisti-18x145-med-limi\/#primaryimage"},"thumbnailUrl":"https:\/\/bilasmidurinn.is\/wp-content\/uploads\/2021\/07\/D2-421-AFH.png","datePublished":"2021-07-19T21:50:46+00:00","dateModified":"2025-11-18T16:15:20+00:00","breadcrumb":{"@id":"https:\/\/bilasmidurinn.is\/vefverslun\/gummilistar\/thettilisti-18x145-med-limi\/#breadcrumb"},"inLanguage":"en-GB","potentialAction":[{"@type":"ReadAction","target":["https:\/\/bilasmidurinn.is\/vefverslun\/gummilistar\/thettilisti-18x145-med-limi\/"]}]},{"@type":"ImageObject","inLanguage":"en-GB","@id":"https:\/\/bilasmidurinn.is\/vefverslun\/gummilistar\/thettilisti-18x145-med-limi\/#primaryimage","url":"https:\/\/bilasmidurinn.is\/wp-content\/uploads\/2021\/07\/D2-421-AFH.png","contentUrl":"https:\/\/bilasmidurinn.is\/wp-content\/uploads\/2021\/07\/D2-421-AFH.png","width":284,"height":263},{"@type":"BreadcrumbList","@id":"https:\/\/bilasmidurinn.is\/vefverslun\/gummilistar\/thettilisti-18x145-med-limi\/#breadcrumb","itemListElement":[{"@type":"ListItem","position":1,"name":"Home","item":"https:\/\/bilasmidurinn.is\/"},{"@type":"ListItem","position":2,"name":"V\u00f6rur \u00ed verslun","item":"https:\/\/bilasmidurinn.is\/vefverslun\/"},{"@type":"ListItem","position":3,"name":"\u00de\u00e9ttilisti 18&#215;14,5mm me\u00f0 l\u00edmi"}]},{"@type":"WebSite","@id":"https:\/\/bilasmidurinn.is\/#website","url":"https:\/\/bilasmidurinn.is\/","name":"B&iacute;lasmi&eth;urinn","description":"All sem &thorn;&uacute; &thorn;arft &iacute; t&aelig;ki&eth;","potentialAction":[{"@type":"SearchAction","target":{"@type":"EntryPoint","urlTemplate":"https:\/\/bilasmidurinn.is\/?s={search_term_string}"},"query-input":{"@type":"PropertyValueSpecification","valueRequired":true,"valueName":"search_term_string"}}],"inLanguage":"en-GB"}]}},"_links":{"self":[{"href":"https:\/\/bilasmidurinn.is\/en\/wp-json\/wp\/v2\/product\/11927","targetHints":{"allow":["GET"]}}],"collection":[{"href":"https:\/\/bilasmidurinn.is\/en\/wp-json\/wp\/v2\/product"}],"about":[{"href":"https:\/\/bilasmidurinn.is\/en\/wp-json\/wp\/v2\/types\/product"}],"wp:featuredmedia":[{"embeddable":true,"href":"https:\/\/bilasmidurinn.is\/en\/wp-json\/wp\/v2\/media\/11867"}],"wp:attachment":[{"href":"https:\/\/bilasmidurinn.is\/en\/wp-json\/wp\/v2\/media?parent=11927"}],"wp:term":[{"taxonomy":"product_brand","embeddable":true,"href":"https:\/\/bilasmidurinn.is\/en\/wp-json\/wp\/v2\/product_brand?post=11927"},{"taxonomy":"product_cat","embeddable":true,"href":"https:\/\/bilasmidurinn.is\/en\/wp-json\/wp\/v2\/product_cat?post=11927"},{"taxonomy":"product_tag","embeddable":true,"href":"https:\/\/bilasmidurinn.is\/en\/wp-json\/wp\/v2\/product_tag?post=11927"}],"curies":[{"name":"wp","href":"https:\/\/api.w.org\/{rel}","templated":true}]}}