{"id":11800,"date":"2021-07-09T13:46:16","date_gmt":"2021-07-09T13:46:16","guid":{"rendered":"https:\/\/bilasmidurinn.is\/?post_type=product&#038;p=11800"},"modified":"2023-05-08T13:57:32","modified_gmt":"2023-05-08T13:57:32","slug":"innfelld-rydfri-skelliskra-120x92mm","status":"publish","type":"product","link":"https:\/\/bilasmidurinn.is\/en\/vefverslun\/laesingar\/innfelld-rydfri-skelliskra-120x92mm\/","title":{"rendered":"Built-in stainless steel file 120x92mm"},"content":{"rendered":"<p>Recessed rustless shell file 120x92mm with cyllneder lock<\/p>","protected":false},"excerpt":{"rendered":"<p>Built-in rust-free shell file 120x92mm<\/p>","protected":false},"featured_media":11794,"template":"","meta":[],"product_brand":[7944],"product_cat":[7965],"product_tag":[],"class_list":{"0":"post-11800","1":"product","2":"type-product","3":"status-publish","4":"has-post-thumbnail","6":"product_brand-pommier","7":"product_cat-laesingar","9":"first","10":"instock","11":"shipping-taxable","12":"product-type-simple"},"yoast_head":"<!-- This site is optimized with the Yoast SEO plugin v27.3 - https:\/\/yoast.com\/product\/yoast-seo-wordpress\/ -->\n<title>Innfelld ry\u00f0fr\u00ed skelliskr\u00e1 120x92mm - B&iacute;lasmi&eth;urinn<\/title>\n<meta name=\"robots\" content=\"index, follow, max-snippet:-1, max-image-preview:large, max-video-preview:-1\" \/>\n<link rel=\"canonical\" href=\"https:\/\/bilasmidurinn.is\/en\/vefverslun\/laesingar\/innfelld-rydfri-skelliskra-120x92mm\/\" \/>\n<meta property=\"og:locale\" content=\"en_GB\" \/>\n<meta property=\"og:type\" content=\"article\" \/>\n<meta property=\"og:title\" content=\"Innfelld ry\u00f0fr\u00ed skelliskr\u00e1 120x92mm - B&iacute;lasmi&eth;urinn\" \/>\n<meta property=\"og:description\" content=\"Innfelld ryfr\u00ed skelliskr\u00e1 120x92mm\" \/>\n<meta property=\"og:url\" content=\"https:\/\/bilasmidurinn.is\/en\/vefverslun\/laesingar\/innfelld-rydfri-skelliskra-120x92mm\/\" \/>\n<meta property=\"og:site_name\" content=\"B&iacute;lasmi&eth;urinn\" \/>\n<meta property=\"article:modified_time\" content=\"2023-05-08T13:57:32+00:00\" \/>\n<meta property=\"og:image\" content=\"https:\/\/bilasmidurinn.is\/wp-content\/uploads\/2021\/07\/027503830.png\" \/>\n\t<meta property=\"og:image:width\" content=\"392\" \/>\n\t<meta property=\"og:image:height\" content=\"269\" \/>\n\t<meta property=\"og:image:type\" content=\"image\/png\" \/>\n<meta name=\"twitter:card\" content=\"summary_large_image\" \/>\n<script type=\"application\/ld+json\" class=\"yoast-schema-graph\">{\"@context\":\"https:\\\/\\\/schema.org\",\"@graph\":[{\"@type\":\"WebPage\",\"@id\":\"https:\\\/\\\/bilasmidurinn.is\\\/vefverslun\\\/laesingar\\\/innfelld-rydfri-skelliskra-120x92mm\\\/\",\"url\":\"https:\\\/\\\/bilasmidurinn.is\\\/vefverslun\\\/laesingar\\\/innfelld-rydfri-skelliskra-120x92mm\\\/\",\"name\":\"Innfelld ry\u00f0fr\u00ed skelliskr\u00e1 120x92mm - B&iacute;lasmi&eth;urinn\",\"isPartOf\":{\"@id\":\"https:\\\/\\\/bilasmidurinn.is\\\/#website\"},\"primaryImageOfPage\":{\"@id\":\"https:\\\/\\\/bilasmidurinn.is\\\/vefverslun\\\/laesingar\\\/innfelld-rydfri-skelliskra-120x92mm\\\/#primaryimage\"},\"image\":{\"@id\":\"https:\\\/\\\/bilasmidurinn.is\\\/vefverslun\\\/laesingar\\\/innfelld-rydfri-skelliskra-120x92mm\\\/#primaryimage\"},\"thumbnailUrl\":\"https:\\\/\\\/bilasmidurinn.is\\\/wp-content\\\/uploads\\\/2021\\\/07\\\/027503830.png\",\"datePublished\":\"2021-07-09T13:46:16+00:00\",\"dateModified\":\"2023-05-08T13:57:32+00:00\",\"breadcrumb\":{\"@id\":\"https:\\\/\\\/bilasmidurinn.is\\\/vefverslun\\\/laesingar\\\/innfelld-rydfri-skelliskra-120x92mm\\\/#breadcrumb\"},\"inLanguage\":\"en-GB\",\"potentialAction\":[{\"@type\":\"ReadAction\",\"target\":[\"https:\\\/\\\/bilasmidurinn.is\\\/vefverslun\\\/laesingar\\\/innfelld-rydfri-skelliskra-120x92mm\\\/\"]}]},{\"@type\":\"ImageObject\",\"inLanguage\":\"en-GB\",\"@id\":\"https:\\\/\\\/bilasmidurinn.is\\\/vefverslun\\\/laesingar\\\/innfelld-rydfri-skelliskra-120x92mm\\\/#primaryimage\",\"url\":\"https:\\\/\\\/bilasmidurinn.is\\\/wp-content\\\/uploads\\\/2021\\\/07\\\/027503830.png\",\"contentUrl\":\"https:\\\/\\\/bilasmidurinn.is\\\/wp-content\\\/uploads\\\/2021\\\/07\\\/027503830.png\",\"width\":392,\"height\":269},{\"@type\":\"BreadcrumbList\",\"@id\":\"https:\\\/\\\/bilasmidurinn.is\\\/vefverslun\\\/laesingar\\\/innfelld-rydfri-skelliskra-120x92mm\\\/#breadcrumb\",\"itemListElement\":[{\"@type\":\"ListItem\",\"position\":1,\"name\":\"Home\",\"item\":\"https:\\\/\\\/bilasmidurinn.is\\\/\"},{\"@type\":\"ListItem\",\"position\":2,\"name\":\"V\u00f6rur \u00ed verslun\",\"item\":\"https:\\\/\\\/bilasmidurinn.is\\\/vefverslun\\\/\"},{\"@type\":\"ListItem\",\"position\":3,\"name\":\"Innfelld ry\u00f0fr\u00ed skelliskr\u00e1 120x92mm\"}]},{\"@type\":\"WebSite\",\"@id\":\"https:\\\/\\\/bilasmidurinn.is\\\/#website\",\"url\":\"https:\\\/\\\/bilasmidurinn.is\\\/\",\"name\":\"B&iacute;lasmi&eth;urinn\",\"description\":\"All sem &thorn;&uacute; &thorn;arft &iacute; t&aelig;ki&eth;\",\"potentialAction\":[{\"@type\":\"SearchAction\",\"target\":{\"@type\":\"EntryPoint\",\"urlTemplate\":\"https:\\\/\\\/bilasmidurinn.is\\\/?s={search_term_string}\"},\"query-input\":{\"@type\":\"PropertyValueSpecification\",\"valueRequired\":true,\"valueName\":\"search_term_string\"}}],\"inLanguage\":\"en-GB\"}]}<\/script>\n<!-- \/ Yoast SEO plugin. -->","yoast_head_json":{"title":"Innfelld ry\u00f0fr\u00ed skelliskr\u00e1 120x92mm - B&iacute;lasmi&eth;urinn","robots":{"index":"index","follow":"follow","max-snippet":"max-snippet:-1","max-image-preview":"max-image-preview:large","max-video-preview":"max-video-preview:-1"},"canonical":"https:\/\/bilasmidurinn.is\/en\/vefverslun\/laesingar\/innfelld-rydfri-skelliskra-120x92mm\/","og_locale":"en_GB","og_type":"article","og_title":"Innfelld ry\u00f0fr\u00ed skelliskr\u00e1 120x92mm - B&iacute;lasmi&eth;urinn","og_description":"Innfelld ryfr\u00ed skelliskr\u00e1 120x92mm","og_url":"https:\/\/bilasmidurinn.is\/en\/vefverslun\/laesingar\/innfelld-rydfri-skelliskra-120x92mm\/","og_site_name":"B&iacute;lasmi&eth;urinn","article_modified_time":"2023-05-08T13:57:32+00:00","og_image":[{"width":392,"height":269,"url":"https:\/\/bilasmidurinn.is\/wp-content\/uploads\/2021\/07\/027503830.png","type":"image\/png"}],"twitter_card":"summary_large_image","schema":{"@context":"https:\/\/schema.org","@graph":[{"@type":"WebPage","@id":"https:\/\/bilasmidurinn.is\/vefverslun\/laesingar\/innfelld-rydfri-skelliskra-120x92mm\/","url":"https:\/\/bilasmidurinn.is\/vefverslun\/laesingar\/innfelld-rydfri-skelliskra-120x92mm\/","name":"Innfelld ry\u00f0fr\u00ed skelliskr\u00e1 120x92mm - B&iacute;lasmi&eth;urinn","isPartOf":{"@id":"https:\/\/bilasmidurinn.is\/#website"},"primaryImageOfPage":{"@id":"https:\/\/bilasmidurinn.is\/vefverslun\/laesingar\/innfelld-rydfri-skelliskra-120x92mm\/#primaryimage"},"image":{"@id":"https:\/\/bilasmidurinn.is\/vefverslun\/laesingar\/innfelld-rydfri-skelliskra-120x92mm\/#primaryimage"},"thumbnailUrl":"https:\/\/bilasmidurinn.is\/wp-content\/uploads\/2021\/07\/027503830.png","datePublished":"2021-07-09T13:46:16+00:00","dateModified":"2023-05-08T13:57:32+00:00","breadcrumb":{"@id":"https:\/\/bilasmidurinn.is\/vefverslun\/laesingar\/innfelld-rydfri-skelliskra-120x92mm\/#breadcrumb"},"inLanguage":"en-GB","potentialAction":[{"@type":"ReadAction","target":["https:\/\/bilasmidurinn.is\/vefverslun\/laesingar\/innfelld-rydfri-skelliskra-120x92mm\/"]}]},{"@type":"ImageObject","inLanguage":"en-GB","@id":"https:\/\/bilasmidurinn.is\/vefverslun\/laesingar\/innfelld-rydfri-skelliskra-120x92mm\/#primaryimage","url":"https:\/\/bilasmidurinn.is\/wp-content\/uploads\/2021\/07\/027503830.png","contentUrl":"https:\/\/bilasmidurinn.is\/wp-content\/uploads\/2021\/07\/027503830.png","width":392,"height":269},{"@type":"BreadcrumbList","@id":"https:\/\/bilasmidurinn.is\/vefverslun\/laesingar\/innfelld-rydfri-skelliskra-120x92mm\/#breadcrumb","itemListElement":[{"@type":"ListItem","position":1,"name":"Home","item":"https:\/\/bilasmidurinn.is\/"},{"@type":"ListItem","position":2,"name":"V\u00f6rur \u00ed verslun","item":"https:\/\/bilasmidurinn.is\/vefverslun\/"},{"@type":"ListItem","position":3,"name":"Innfelld ry\u00f0fr\u00ed skelliskr\u00e1 120x92mm"}]},{"@type":"WebSite","@id":"https:\/\/bilasmidurinn.is\/#website","url":"https:\/\/bilasmidurinn.is\/","name":"B&iacute;lasmi&eth;urinn","description":"All sem &thorn;&uacute; &thorn;arft &iacute; t&aelig;ki&eth;","potentialAction":[{"@type":"SearchAction","target":{"@type":"EntryPoint","urlTemplate":"https:\/\/bilasmidurinn.is\/?s={search_term_string}"},"query-input":{"@type":"PropertyValueSpecification","valueRequired":true,"valueName":"search_term_string"}}],"inLanguage":"en-GB"}]}},"_links":{"self":[{"href":"https:\/\/bilasmidurinn.is\/en\/wp-json\/wp\/v2\/product\/11800","targetHints":{"allow":["GET"]}}],"collection":[{"href":"https:\/\/bilasmidurinn.is\/en\/wp-json\/wp\/v2\/product"}],"about":[{"href":"https:\/\/bilasmidurinn.is\/en\/wp-json\/wp\/v2\/types\/product"}],"wp:featuredmedia":[{"embeddable":true,"href":"https:\/\/bilasmidurinn.is\/en\/wp-json\/wp\/v2\/media\/11794"}],"wp:attachment":[{"href":"https:\/\/bilasmidurinn.is\/en\/wp-json\/wp\/v2\/media?parent=11800"}],"wp:term":[{"taxonomy":"product_brand","embeddable":true,"href":"https:\/\/bilasmidurinn.is\/en\/wp-json\/wp\/v2\/product_brand?post=11800"},{"taxonomy":"product_cat","embeddable":true,"href":"https:\/\/bilasmidurinn.is\/en\/wp-json\/wp\/v2\/product_cat?post=11800"},{"taxonomy":"product_tag","embeddable":true,"href":"https:\/\/bilasmidurinn.is\/en\/wp-json\/wp\/v2\/product_tag?post=11800"}],"curies":[{"name":"wp","href":"https:\/\/api.w.org\/{rel}","templated":true}]}}