{"id":11598,"date":"2021-07-05T21:28:47","date_gmt":"2021-07-05T21:28:47","guid":{"rendered":"https:\/\/bilasmidurinn.is\/?post_type=product&#038;p=11598"},"modified":"2023-05-08T14:01:37","modified_gmt":"2023-05-08T14:01:37","slug":"gormabolti-rydfrir-i-plasthusi","status":"publish","type":"product","link":"https:\/\/bilasmidurinn.is\/en\/vefverslun\/laesingar\/gormabolti-rydfrir-i-plasthusi\/","title":{"rendered":"Stainless spring bolt in a plastic housing"},"content":{"rendered":"<p>Strong stainless spring ball in a plastic housing<\/p>","protected":false},"excerpt":{"rendered":"<p>Powerful spring bolt in a plastic housing<\/p>","protected":false},"featured_media":11599,"template":"","meta":[],"product_brand":[7944],"product_cat":[7965],"product_tag":[],"class_list":{"0":"post-11598","1":"product","2":"type-product","3":"status-publish","4":"has-post-thumbnail","6":"product_brand-pommier","7":"product_cat-laesingar","9":"first","10":"instock","11":"shipping-taxable","12":"product-type-simple"},"yoast_head":"<!-- This site is optimized with the Yoast SEO plugin v27.4 - https:\/\/yoast.com\/product\/yoast-seo-wordpress\/ -->\n<title>Gormabolti ry\u00f0fr\u00edr \u00ed plasth\u00fasi - B&iacute;lasmi&eth;urinn<\/title>\n<meta name=\"robots\" content=\"index, follow, max-snippet:-1, max-image-preview:large, max-video-preview:-1\" \/>\n<link rel=\"canonical\" href=\"https:\/\/bilasmidurinn.is\/en\/vefverslun\/laesingar\/gormabolti-rydfrir-i-plasthusi\/\" \/>\n<meta property=\"og:locale\" content=\"en_GB\" \/>\n<meta property=\"og:type\" content=\"article\" \/>\n<meta property=\"og:title\" content=\"Gormabolti ry\u00f0fr\u00edr \u00ed plasth\u00fasi - B&iacute;lasmi&eth;urinn\" \/>\n<meta property=\"og:description\" content=\"\u00d6flugur gormabolti \u00ed plasth\u00fasi\" \/>\n<meta property=\"og:url\" content=\"https:\/\/bilasmidurinn.is\/en\/vefverslun\/laesingar\/gormabolti-rydfrir-i-plasthusi\/\" \/>\n<meta property=\"og:site_name\" content=\"B&iacute;lasmi&eth;urinn\" \/>\n<meta property=\"article:modified_time\" content=\"2023-05-08T14:01:37+00:00\" \/>\n<meta property=\"og:image\" content=\"https:\/\/bilasmidurinn.is\/wp-content\/uploads\/2021\/07\/741211058.png\" \/>\n\t<meta property=\"og:image:width\" content=\"468\" \/>\n\t<meta property=\"og:image:height\" content=\"320\" \/>\n\t<meta property=\"og:image:type\" content=\"image\/png\" \/>\n<meta name=\"twitter:card\" content=\"summary_large_image\" \/>\n<script type=\"application\/ld+json\" class=\"yoast-schema-graph\">{\"@context\":\"https:\\\/\\\/schema.org\",\"@graph\":[{\"@type\":\"WebPage\",\"@id\":\"https:\\\/\\\/bilasmidurinn.is\\\/vefverslun\\\/laesingar\\\/gormabolti-rydfrir-i-plasthusi\\\/\",\"url\":\"https:\\\/\\\/bilasmidurinn.is\\\/vefverslun\\\/laesingar\\\/gormabolti-rydfrir-i-plasthusi\\\/\",\"name\":\"Gormabolti ry\u00f0fr\u00edr \u00ed plasth\u00fasi - B&iacute;lasmi&eth;urinn\",\"isPartOf\":{\"@id\":\"https:\\\/\\\/bilasmidurinn.is\\\/#website\"},\"primaryImageOfPage\":{\"@id\":\"https:\\\/\\\/bilasmidurinn.is\\\/vefverslun\\\/laesingar\\\/gormabolti-rydfrir-i-plasthusi\\\/#primaryimage\"},\"image\":{\"@id\":\"https:\\\/\\\/bilasmidurinn.is\\\/vefverslun\\\/laesingar\\\/gormabolti-rydfrir-i-plasthusi\\\/#primaryimage\"},\"thumbnailUrl\":\"https:\\\/\\\/bilasmidurinn.is\\\/wp-content\\\/uploads\\\/2021\\\/07\\\/741211058.png\",\"datePublished\":\"2021-07-05T21:28:47+00:00\",\"dateModified\":\"2023-05-08T14:01:37+00:00\",\"breadcrumb\":{\"@id\":\"https:\\\/\\\/bilasmidurinn.is\\\/vefverslun\\\/laesingar\\\/gormabolti-rydfrir-i-plasthusi\\\/#breadcrumb\"},\"inLanguage\":\"en-GB\",\"potentialAction\":[{\"@type\":\"ReadAction\",\"target\":[\"https:\\\/\\\/bilasmidurinn.is\\\/vefverslun\\\/laesingar\\\/gormabolti-rydfrir-i-plasthusi\\\/\"]}]},{\"@type\":\"ImageObject\",\"inLanguage\":\"en-GB\",\"@id\":\"https:\\\/\\\/bilasmidurinn.is\\\/vefverslun\\\/laesingar\\\/gormabolti-rydfrir-i-plasthusi\\\/#primaryimage\",\"url\":\"https:\\\/\\\/bilasmidurinn.is\\\/wp-content\\\/uploads\\\/2021\\\/07\\\/741211058.png\",\"contentUrl\":\"https:\\\/\\\/bilasmidurinn.is\\\/wp-content\\\/uploads\\\/2021\\\/07\\\/741211058.png\",\"width\":468,\"height\":320},{\"@type\":\"BreadcrumbList\",\"@id\":\"https:\\\/\\\/bilasmidurinn.is\\\/vefverslun\\\/laesingar\\\/gormabolti-rydfrir-i-plasthusi\\\/#breadcrumb\",\"itemListElement\":[{\"@type\":\"ListItem\",\"position\":1,\"name\":\"Home\",\"item\":\"https:\\\/\\\/bilasmidurinn.is\\\/\"},{\"@type\":\"ListItem\",\"position\":2,\"name\":\"V\u00f6rur \u00ed verslun\",\"item\":\"https:\\\/\\\/bilasmidurinn.is\\\/vefverslun\\\/\"},{\"@type\":\"ListItem\",\"position\":3,\"name\":\"Gormabolti ry\u00f0fr\u00edr \u00ed plasth\u00fasi\"}]},{\"@type\":\"WebSite\",\"@id\":\"https:\\\/\\\/bilasmidurinn.is\\\/#website\",\"url\":\"https:\\\/\\\/bilasmidurinn.is\\\/\",\"name\":\"B&iacute;lasmi&eth;urinn\",\"description\":\"All sem &thorn;&uacute; &thorn;arft &iacute; t&aelig;ki&eth;\",\"potentialAction\":[{\"@type\":\"SearchAction\",\"target\":{\"@type\":\"EntryPoint\",\"urlTemplate\":\"https:\\\/\\\/bilasmidurinn.is\\\/?s={search_term_string}\"},\"query-input\":{\"@type\":\"PropertyValueSpecification\",\"valueRequired\":true,\"valueName\":\"search_term_string\"}}],\"inLanguage\":\"en-GB\"}]}<\/script>\n<!-- \/ Yoast SEO plugin. -->","yoast_head_json":{"title":"Gormabolti ry\u00f0fr\u00edr \u00ed plasth\u00fasi - B&iacute;lasmi&eth;urinn","robots":{"index":"index","follow":"follow","max-snippet":"max-snippet:-1","max-image-preview":"max-image-preview:large","max-video-preview":"max-video-preview:-1"},"canonical":"https:\/\/bilasmidurinn.is\/en\/vefverslun\/laesingar\/gormabolti-rydfrir-i-plasthusi\/","og_locale":"en_GB","og_type":"article","og_title":"Gormabolti ry\u00f0fr\u00edr \u00ed plasth\u00fasi - B&iacute;lasmi&eth;urinn","og_description":"\u00d6flugur gormabolti \u00ed plasth\u00fasi","og_url":"https:\/\/bilasmidurinn.is\/en\/vefverslun\/laesingar\/gormabolti-rydfrir-i-plasthusi\/","og_site_name":"B&iacute;lasmi&eth;urinn","article_modified_time":"2023-05-08T14:01:37+00:00","og_image":[{"width":468,"height":320,"url":"https:\/\/bilasmidurinn.is\/wp-content\/uploads\/2021\/07\/741211058.png","type":"image\/png"}],"twitter_card":"summary_large_image","schema":{"@context":"https:\/\/schema.org","@graph":[{"@type":"WebPage","@id":"https:\/\/bilasmidurinn.is\/vefverslun\/laesingar\/gormabolti-rydfrir-i-plasthusi\/","url":"https:\/\/bilasmidurinn.is\/vefverslun\/laesingar\/gormabolti-rydfrir-i-plasthusi\/","name":"Gormabolti ry\u00f0fr\u00edr \u00ed plasth\u00fasi - B&iacute;lasmi&eth;urinn","isPartOf":{"@id":"https:\/\/bilasmidurinn.is\/#website"},"primaryImageOfPage":{"@id":"https:\/\/bilasmidurinn.is\/vefverslun\/laesingar\/gormabolti-rydfrir-i-plasthusi\/#primaryimage"},"image":{"@id":"https:\/\/bilasmidurinn.is\/vefverslun\/laesingar\/gormabolti-rydfrir-i-plasthusi\/#primaryimage"},"thumbnailUrl":"https:\/\/bilasmidurinn.is\/wp-content\/uploads\/2021\/07\/741211058.png","datePublished":"2021-07-05T21:28:47+00:00","dateModified":"2023-05-08T14:01:37+00:00","breadcrumb":{"@id":"https:\/\/bilasmidurinn.is\/vefverslun\/laesingar\/gormabolti-rydfrir-i-plasthusi\/#breadcrumb"},"inLanguage":"en-GB","potentialAction":[{"@type":"ReadAction","target":["https:\/\/bilasmidurinn.is\/vefverslun\/laesingar\/gormabolti-rydfrir-i-plasthusi\/"]}]},{"@type":"ImageObject","inLanguage":"en-GB","@id":"https:\/\/bilasmidurinn.is\/vefverslun\/laesingar\/gormabolti-rydfrir-i-plasthusi\/#primaryimage","url":"https:\/\/bilasmidurinn.is\/wp-content\/uploads\/2021\/07\/741211058.png","contentUrl":"https:\/\/bilasmidurinn.is\/wp-content\/uploads\/2021\/07\/741211058.png","width":468,"height":320},{"@type":"BreadcrumbList","@id":"https:\/\/bilasmidurinn.is\/vefverslun\/laesingar\/gormabolti-rydfrir-i-plasthusi\/#breadcrumb","itemListElement":[{"@type":"ListItem","position":1,"name":"Home","item":"https:\/\/bilasmidurinn.is\/"},{"@type":"ListItem","position":2,"name":"V\u00f6rur \u00ed verslun","item":"https:\/\/bilasmidurinn.is\/vefverslun\/"},{"@type":"ListItem","position":3,"name":"Gormabolti ry\u00f0fr\u00edr \u00ed plasth\u00fasi"}]},{"@type":"WebSite","@id":"https:\/\/bilasmidurinn.is\/#website","url":"https:\/\/bilasmidurinn.is\/","name":"B&iacute;lasmi&eth;urinn","description":"All sem &thorn;&uacute; &thorn;arft &iacute; t&aelig;ki&eth;","potentialAction":[{"@type":"SearchAction","target":{"@type":"EntryPoint","urlTemplate":"https:\/\/bilasmidurinn.is\/?s={search_term_string}"},"query-input":{"@type":"PropertyValueSpecification","valueRequired":true,"valueName":"search_term_string"}}],"inLanguage":"en-GB"}]}},"_links":{"self":[{"href":"https:\/\/bilasmidurinn.is\/en\/wp-json\/wp\/v2\/product\/11598","targetHints":{"allow":["GET"]}}],"collection":[{"href":"https:\/\/bilasmidurinn.is\/en\/wp-json\/wp\/v2\/product"}],"about":[{"href":"https:\/\/bilasmidurinn.is\/en\/wp-json\/wp\/v2\/types\/product"}],"wp:featuredmedia":[{"embeddable":true,"href":"https:\/\/bilasmidurinn.is\/en\/wp-json\/wp\/v2\/media\/11599"}],"wp:attachment":[{"href":"https:\/\/bilasmidurinn.is\/en\/wp-json\/wp\/v2\/media?parent=11598"}],"wp:term":[{"taxonomy":"product_brand","embeddable":true,"href":"https:\/\/bilasmidurinn.is\/en\/wp-json\/wp\/v2\/product_brand?post=11598"},{"taxonomy":"product_cat","embeddable":true,"href":"https:\/\/bilasmidurinn.is\/en\/wp-json\/wp\/v2\/product_cat?post=11598"},{"taxonomy":"product_tag","embeddable":true,"href":"https:\/\/bilasmidurinn.is\/en\/wp-json\/wp\/v2\/product_tag?post=11598"}],"curies":[{"name":"wp","href":"https:\/\/api.w.org\/{rel}","templated":true}]}}