{"id":10442,"date":"2021-06-07T13:40:18","date_gmt":"2021-06-07T13:40:18","guid":{"rendered":"https:\/\/bilasmidurinn.is\/?page_id=10442"},"modified":"2026-01-26T17:30:36","modified_gmt":"2026-01-26T17:30:36","slug":"um-okkur","status":"publish","type":"page","link":"https:\/\/bilasmidurinn.is\/en\/um-okkur\/","title":{"rendered":"About us"},"content":{"rendered":"<div id=\"page-header-125504737\" class=\"page-header-wrapper\">\n  <div class=\"page-title dark featured-title\">\n\n        <div class=\"page-title-bg\">\n      <div class=\"title-bg fill bg-fill\"\n        data-parallax-container=\".page-title\"\n        data-parallax-background\n data-parallax=\"-\">\n      <\/div>\n      <div class=\"title-overlay fill\"><\/div>\n    <\/div>\n    \n    <div class=\"page-title-inner container align-center text-center flex-row-col medium-flex-wrap\" >\n              <div class=\"title-wrapper uppercase is-larger flex-col\">\n          <h1 class=\"entry-title mb-0\">\n            The car maker          <\/h1>\n        <\/div>\n                    <div class=\"title-content flex-col\">\n        <ul class=\"nav sm-touch-scroll nav-line nav-uppercase text-center nav-center\"><li class=\"nav-single-page hidden\"><\/li><\/ul>      <\/div>\n    <\/div>\n\n     \n<style>\n#page-header-125504737 .page-title-inner {\n  min-height: 300px;\n}\n#page-header-125504737 .title-bg {\n  background-image: url(https:\/\/bilasmidurinn.is\/wp-content\/uploads\/2021\/06\/jonathan-gallegos-nyK5gEbLnMg-unsplash-scaled.jpg);\n  background-position: 59% 0%;\n}\n<\/style>\n  <\/div>\n    <\/div>\n  \n\n\n\t<section class=\"section\" id=\"section_248291556\">\n\t\t<div class=\"section-bg fill\" >\n\t\t\t\t\t\t\t\t\t\n\t\t\t\n\n\t\t<\/div>\n\n\t\t\n\n\t\t<div class=\"section-content relative\">\n\t\t\t\n\n<div class=\"row\"  id=\"row-1229547776\">\n\n\n\t<div id=\"col-1565598598\" class=\"col small-12 large-12\"  >\n\t\t\t\t<div class=\"col-inner\" style=\"background-color:rgb(255,255,255);\" >\n\t\t\t\n\t\t\t\n\n<div class=\"text-center\"><div class=\"is-divider divider clearfix\" style=\"margin-top:10px;margin-bottom:10px;background-color:rgba(1, 80, 212, 0.16);\"><\/div><\/div>\n\n<div class=\"row align-center\"  id=\"row-153667664\">\n\n\n\t<div id=\"col-1648385589\" class=\"col medium-9 small-10 large-8\"  >\n\t\t\t\t<div class=\"col-inner text-center\"  >\n\t\t\t\n\t\t\t\n\n<h2 style=\"text-align: center;\">About us<\/h2>\n<p style=\"text-align: left;\">The company B\u00edlasmi\u00f0urinn hf was founded in 1980 by Leif \u00deorleifsson, a master carmaker, and his family, the company is still owned by the family. Its main activity is wholesaling and retailing with products related to various industries, various parts for commercial vehicles and equipment as well as industrial products for sea and land. In our store at B\u00edldsh\u00f6f\u00f0i 16 we have a wide selection of products for sale, you can find hinges, locks, rubber gaskets, aluminum profiles, gas pumps, insulation, hatches, lights, car seats, child car seats, carpets, hubs, refrigerators, charging stations for electric cars, boards, bulbs, etc.<\/p>\n<p style=\"text-align: left;\">\u00a0 The company also has a service and workshop for Webasto secondary centers at Eldsh\u00f6f\u00f0i 19.<\/p>\n<p style=\"text-align: left;\">The company&#039;s employees have extensive product and technical knowledge, and we provide a variety of advice when purchasing the products that the company has for sale. Great emphasis is placed on offering only quality products at reasonable prices.<\/p>\n\n\t\t<\/div>\n\t\t\t\t\n<style>\n#col-1648385589 > .col-inner {\n  margin: 20px 0px 20px 0px;\n}\n<\/style>\n\t<\/div>\n\n\t\n\n<\/div>\n<div class=\"row align-center\"  id=\"row-50276831\">\n\n\n\t<div id=\"col-979223886\" class=\"col medium-11 small-12 large-10\"  >\n\t\t\t\t<div class=\"col-inner\"  >\n\t\t\t\n\t\t\t\n\n<h1 style=\"text-align: center;\">Store opening hours<\/h1>\n<p style=\"text-align: center;\">Open 1\/9-31\/5 every weekday from 08:00 - 18:00<\/p>\n<p style=\"text-align: center;\">And 1\/6-31\/8 from 08:17:00.<\/p>\n<p style=\"text-align: center;\">Closed on weekends.<\/p>\n\n\t\t<\/div>\n\t\t\t\t\n<style>\n#col-979223886 > .col-inner {\n  margin: 0px 0px -160px 0px;\n}\n<\/style>\n\t<\/div>\n\n\t\n\n<\/div>\n\n\t\t<\/div>\n\t\t\t\t\n<style>\n#col-1565598598 > .col-inner {\n  padding: 50px 0px 0px 0px;\n  margin: -70px 0px 0px 0px;\n}\n<\/style>\n\t<\/div>\n\n\t\n\n<\/div>\n\n\t\t<\/div>\n\n\t\t\n<style>\n#section_248291556 {\n  padding-top: 30px;\n  padding-bottom: 30px;\n}\n<\/style>\n\t<\/section>\n\t\n\t<div id=\"gap-1793802725\" class=\"gap-element clearfix\" style=\"display:block; height:auto;\">\n\t\t\n<style>\n#gap-1793802725 {\n  padding-top: 100px;\n}\n<\/style>\n\t<\/div>","protected":false},"excerpt":{"rendered":"","protected":false},"author":2,"featured_media":0,"parent":0,"menu_order":0,"comment_status":"closed","ping_status":"closed","template":"page-blank.php","meta":{"footnotes":""},"class_list":["post-10442","page","type-page","status-publish","hentry"],"yoast_head":"<!-- This site is optimized with the Yoast SEO plugin v27.4 - https:\/\/yoast.com\/product\/yoast-seo-wordpress\/ -->\n<title>Um okkur - B&iacute;lasmi&eth;urinn<\/title>\n<meta name=\"robots\" content=\"index, follow, max-snippet:-1, max-image-preview:large, max-video-preview:-1\" \/>\n<link rel=\"canonical\" href=\"https:\/\/bilasmidurinn.is\/en\/um-okkur\/\" \/>\n<meta property=\"og:locale\" content=\"en_GB\" \/>\n<meta property=\"og:type\" content=\"article\" \/>\n<meta property=\"og:title\" content=\"Um okkur - B&iacute;lasmi&eth;urinn\" \/>\n<meta property=\"og:url\" content=\"https:\/\/bilasmidurinn.is\/en\/um-okkur\/\" \/>\n<meta property=\"og:site_name\" content=\"B&iacute;lasmi&eth;urinn\" \/>\n<meta property=\"article:modified_time\" content=\"2026-01-26T17:30:36+00:00\" \/>\n<meta name=\"twitter:card\" content=\"summary_large_image\" \/>\n<meta name=\"twitter:label1\" content=\"Estimated reading time\" \/>\n\t<meta name=\"twitter:data1\" content=\"2 minutes\" \/>\n<script type=\"application\/ld+json\" class=\"yoast-schema-graph\">{\"@context\":\"https:\\\/\\\/schema.org\",\"@graph\":[{\"@type\":\"WebPage\",\"@id\":\"https:\\\/\\\/bilasmidurinn.is\\\/um-okkur\\\/\",\"url\":\"https:\\\/\\\/bilasmidurinn.is\\\/um-okkur\\\/\",\"name\":\"Um okkur - B&iacute;lasmi&eth;urinn\",\"isPartOf\":{\"@id\":\"https:\\\/\\\/bilasmidurinn.is\\\/#website\"},\"datePublished\":\"2021-06-07T13:40:18+00:00\",\"dateModified\":\"2026-01-26T17:30:36+00:00\",\"breadcrumb\":{\"@id\":\"https:\\\/\\\/bilasmidurinn.is\\\/um-okkur\\\/#breadcrumb\"},\"inLanguage\":\"en-GB\",\"potentialAction\":[{\"@type\":\"ReadAction\",\"target\":[\"https:\\\/\\\/bilasmidurinn.is\\\/um-okkur\\\/\"]}]},{\"@type\":\"BreadcrumbList\",\"@id\":\"https:\\\/\\\/bilasmidurinn.is\\\/um-okkur\\\/#breadcrumb\",\"itemListElement\":[{\"@type\":\"ListItem\",\"position\":1,\"name\":\"Home\",\"item\":\"https:\\\/\\\/bilasmidurinn.is\\\/\"},{\"@type\":\"ListItem\",\"position\":2,\"name\":\"Um okkur\"}]},{\"@type\":\"WebSite\",\"@id\":\"https:\\\/\\\/bilasmidurinn.is\\\/#website\",\"url\":\"https:\\\/\\\/bilasmidurinn.is\\\/\",\"name\":\"B&iacute;lasmi&eth;urinn\",\"description\":\"All sem &thorn;&uacute; &thorn;arft &iacute; t&aelig;ki&eth;\",\"potentialAction\":[{\"@type\":\"SearchAction\",\"target\":{\"@type\":\"EntryPoint\",\"urlTemplate\":\"https:\\\/\\\/bilasmidurinn.is\\\/?s={search_term_string}\"},\"query-input\":{\"@type\":\"PropertyValueSpecification\",\"valueRequired\":true,\"valueName\":\"search_term_string\"}}],\"inLanguage\":\"en-GB\"}]}<\/script>\n<!-- \/ Yoast SEO plugin. -->","yoast_head_json":{"title":"Um okkur - B&iacute;lasmi&eth;urinn","robots":{"index":"index","follow":"follow","max-snippet":"max-snippet:-1","max-image-preview":"max-image-preview:large","max-video-preview":"max-video-preview:-1"},"canonical":"https:\/\/bilasmidurinn.is\/en\/um-okkur\/","og_locale":"en_GB","og_type":"article","og_title":"Um okkur - B&iacute;lasmi&eth;urinn","og_url":"https:\/\/bilasmidurinn.is\/en\/um-okkur\/","og_site_name":"B&iacute;lasmi&eth;urinn","article_modified_time":"2026-01-26T17:30:36+00:00","twitter_card":"summary_large_image","twitter_misc":{"Estimated reading time":"2 minutes"},"schema":{"@context":"https:\/\/schema.org","@graph":[{"@type":"WebPage","@id":"https:\/\/bilasmidurinn.is\/um-okkur\/","url":"https:\/\/bilasmidurinn.is\/um-okkur\/","name":"Um okkur - B&iacute;lasmi&eth;urinn","isPartOf":{"@id":"https:\/\/bilasmidurinn.is\/#website"},"datePublished":"2021-06-07T13:40:18+00:00","dateModified":"2026-01-26T17:30:36+00:00","breadcrumb":{"@id":"https:\/\/bilasmidurinn.is\/um-okkur\/#breadcrumb"},"inLanguage":"en-GB","potentialAction":[{"@type":"ReadAction","target":["https:\/\/bilasmidurinn.is\/um-okkur\/"]}]},{"@type":"BreadcrumbList","@id":"https:\/\/bilasmidurinn.is\/um-okkur\/#breadcrumb","itemListElement":[{"@type":"ListItem","position":1,"name":"Home","item":"https:\/\/bilasmidurinn.is\/"},{"@type":"ListItem","position":2,"name":"Um okkur"}]},{"@type":"WebSite","@id":"https:\/\/bilasmidurinn.is\/#website","url":"https:\/\/bilasmidurinn.is\/","name":"B&iacute;lasmi&eth;urinn","description":"All sem &thorn;&uacute; &thorn;arft &iacute; t&aelig;ki&eth;","potentialAction":[{"@type":"SearchAction","target":{"@type":"EntryPoint","urlTemplate":"https:\/\/bilasmidurinn.is\/?s={search_term_string}"},"query-input":{"@type":"PropertyValueSpecification","valueRequired":true,"valueName":"search_term_string"}}],"inLanguage":"en-GB"}]}},"_links":{"self":[{"href":"https:\/\/bilasmidurinn.is\/en\/wp-json\/wp\/v2\/pages\/10442","targetHints":{"allow":["GET"]}}],"collection":[{"href":"https:\/\/bilasmidurinn.is\/en\/wp-json\/wp\/v2\/pages"}],"about":[{"href":"https:\/\/bilasmidurinn.is\/en\/wp-json\/wp\/v2\/types\/page"}],"author":[{"embeddable":true,"href":"https:\/\/bilasmidurinn.is\/en\/wp-json\/wp\/v2\/users\/2"}],"replies":[{"embeddable":true,"href":"https:\/\/bilasmidurinn.is\/en\/wp-json\/wp\/v2\/comments?post=10442"}],"version-history":[{"count":4,"href":"https:\/\/bilasmidurinn.is\/en\/wp-json\/wp\/v2\/pages\/10442\/revisions"}],"predecessor-version":[{"id":10565,"href":"https:\/\/bilasmidurinn.is\/en\/wp-json\/wp\/v2\/pages\/10442\/revisions\/10565"}],"wp:attachment":[{"href":"https:\/\/bilasmidurinn.is\/en\/wp-json\/wp\/v2\/media?parent=10442"}],"curies":[{"name":"wp","href":"https:\/\/api.w.org\/{rel}","templated":true}]}}