{"id":14459,"date":"2022-01-26T18:05:31","date_gmt":"2022-01-26T18:05:31","guid":{"rendered":"https:\/\/bilasmidurinn.is\/?post_type=product&#038;p=14459"},"modified":"2022-01-26T18:05:31","modified_gmt":"2022-01-26T18:05:31","slug":"led-varudarljos-r65-ultra-slim-gult","status":"publish","type":"product","link":"http:\/\/bilasmidurinn.is\/pl\/vefverslun\/ljos\/varudarljos\/led-varudarljos-r65-ultra-slim-gult\/","title":{"rendered":"Lampka ostrzegawcza LED R65 Ultra Slim \u017c\u00f3\u0142ta"},"content":{"rendered":"<p>Lampa ostrzegawcza R65 Class1 Ultra Slim 18W 6x diodowe lampy b\u0142yskowe z wbudowanym migaczem 27 r\u00f3\u017cnych wzor\u00f3w z trybem nocnym (ciemny) i opcj\u0105 synchronizacji Cruise plus.<\/p>\n<p>Rozmiar 124 x 30 x 10 mm patrz dokument PDF.<\/p>\n<p>10-40 V pr\u0105du sta\u0142ego. R10. 5 lat gwarancji.<\/p>","protected":false},"excerpt":{"rendered":"<p>Lampka ostrzegawcza LED 4-10016-EA \u017c\u00f3\u0142ta<\/p>","protected":false},"featured_media":14460,"template":"","meta":[],"product_brand":[7981],"product_cat":[8007],"product_tag":[],"class_list":{"0":"post-14459","1":"product","2":"type-product","3":"status-publish","4":"has-post-thumbnail","6":"product_brand-haztec","7":"product_cat-varudarljos","9":"first","10":"instock","11":"shipping-taxable","12":"product-type-simple"},"yoast_head":"<!-- This site is optimized with the Yoast SEO plugin v27.4 - https:\/\/yoast.com\/product\/yoast-seo-wordpress\/ -->\n<title>Led var\u00fa\u00f0arlj\u00f3s R65 Ultra Slim Gult - B&iacute;lasmi&eth;urinn<\/title>\n<meta name=\"robots\" content=\"index, follow, max-snippet:-1, max-image-preview:large, max-video-preview:-1\" \/>\n<link rel=\"canonical\" href=\"http:\/\/bilasmidurinn.is\/pl\/vefverslun\/ljos\/varudarljos\/led-varudarljos-r65-ultra-slim-gult\/\" \/>\n<meta property=\"og:locale\" content=\"pl_PL\" \/>\n<meta property=\"og:type\" content=\"article\" \/>\n<meta property=\"og:title\" content=\"Led var\u00fa\u00f0arlj\u00f3s R65 Ultra Slim Gult - B&iacute;lasmi&eth;urinn\" \/>\n<meta property=\"og:description\" content=\"Led var\u00fa\u00f0arlj\u00f3s 4-10016-EA gult\" \/>\n<meta property=\"og:url\" content=\"http:\/\/bilasmidurinn.is\/pl\/vefverslun\/ljos\/varudarljos\/led-varudarljos-r65-ultra-slim-gult\/\" \/>\n<meta property=\"og:site_name\" content=\"B&iacute;lasmi&eth;urinn\" \/>\n<meta property=\"og:image\" content=\"https:\/\/bilasmidurinn.is\/wp-content\/uploads\/2022\/01\/4-10016-A.png\" \/>\n\t<meta property=\"og:image:width\" content=\"385\" \/>\n\t<meta property=\"og:image:height\" content=\"385\" \/>\n\t<meta property=\"og:image:type\" content=\"image\/png\" \/>\n<meta name=\"twitter:card\" content=\"summary_large_image\" \/>\n<meta name=\"twitter:label1\" content=\"Szacowany czas czytania\" \/>\n\t<meta name=\"twitter:data1\" content=\"1 minuta\" \/>\n<script type=\"application\/ld+json\" class=\"yoast-schema-graph\">{\"@context\":\"https:\\\/\\\/schema.org\",\"@graph\":[{\"@type\":\"WebPage\",\"@id\":\"http:\\\/\\\/bilasmidurinn.is\\\/en\\\/vefverslun\\\/ljos\\\/varudarljos\\\/led-varudarljos-r65-ultra-slim-gult\\\/\",\"url\":\"http:\\\/\\\/bilasmidurinn.is\\\/en\\\/vefverslun\\\/ljos\\\/varudarljos\\\/led-varudarljos-r65-ultra-slim-gult\\\/\",\"name\":\"Led var\u00fa\u00f0arlj\u00f3s R65 Ultra Slim Gult - B&iacute;lasmi&eth;urinn\",\"isPartOf\":{\"@id\":\"https:\\\/\\\/bilasmidurinn.is\\\/#website\"},\"primaryImageOfPage\":{\"@id\":\"http:\\\/\\\/bilasmidurinn.is\\\/en\\\/vefverslun\\\/ljos\\\/varudarljos\\\/led-varudarljos-r65-ultra-slim-gult\\\/#primaryimage\"},\"image\":{\"@id\":\"http:\\\/\\\/bilasmidurinn.is\\\/en\\\/vefverslun\\\/ljos\\\/varudarljos\\\/led-varudarljos-r65-ultra-slim-gult\\\/#primaryimage\"},\"thumbnailUrl\":\"https:\\\/\\\/bilasmidurinn.is\\\/wp-content\\\/uploads\\\/2022\\\/01\\\/4-10016-A.png\",\"datePublished\":\"2022-01-26T18:05:31+00:00\",\"breadcrumb\":{\"@id\":\"http:\\\/\\\/bilasmidurinn.is\\\/en\\\/vefverslun\\\/ljos\\\/varudarljos\\\/led-varudarljos-r65-ultra-slim-gult\\\/#breadcrumb\"},\"inLanguage\":\"pl-PL\",\"potentialAction\":[{\"@type\":\"ReadAction\",\"target\":[\"http:\\\/\\\/bilasmidurinn.is\\\/en\\\/vefverslun\\\/ljos\\\/varudarljos\\\/led-varudarljos-r65-ultra-slim-gult\\\/\"]}]},{\"@type\":\"ImageObject\",\"inLanguage\":\"pl-PL\",\"@id\":\"http:\\\/\\\/bilasmidurinn.is\\\/en\\\/vefverslun\\\/ljos\\\/varudarljos\\\/led-varudarljos-r65-ultra-slim-gult\\\/#primaryimage\",\"url\":\"https:\\\/\\\/bilasmidurinn.is\\\/wp-content\\\/uploads\\\/2022\\\/01\\\/4-10016-A.png\",\"contentUrl\":\"https:\\\/\\\/bilasmidurinn.is\\\/wp-content\\\/uploads\\\/2022\\\/01\\\/4-10016-A.png\",\"width\":385,\"height\":385},{\"@type\":\"BreadcrumbList\",\"@id\":\"http:\\\/\\\/bilasmidurinn.is\\\/en\\\/vefverslun\\\/ljos\\\/varudarljos\\\/led-varudarljos-r65-ultra-slim-gult\\\/#breadcrumb\",\"itemListElement\":[{\"@type\":\"ListItem\",\"position\":1,\"name\":\"Home\",\"item\":\"https:\\\/\\\/bilasmidurinn.is\\\/\"},{\"@type\":\"ListItem\",\"position\":2,\"name\":\"V\u00f6rur \u00ed verslun\",\"item\":\"https:\\\/\\\/bilasmidurinn.is\\\/vefverslun\\\/\"},{\"@type\":\"ListItem\",\"position\":3,\"name\":\"Led var\u00fa\u00f0arlj\u00f3s R65 Ultra Slim Gult\"}]},{\"@type\":\"WebSite\",\"@id\":\"https:\\\/\\\/bilasmidurinn.is\\\/#website\",\"url\":\"https:\\\/\\\/bilasmidurinn.is\\\/\",\"name\":\"B&iacute;lasmi&eth;urinn\",\"description\":\"All sem &thorn;&uacute; &thorn;arft &iacute; t&aelig;ki&eth;\",\"potentialAction\":[{\"@type\":\"SearchAction\",\"target\":{\"@type\":\"EntryPoint\",\"urlTemplate\":\"https:\\\/\\\/bilasmidurinn.is\\\/?s={search_term_string}\"},\"query-input\":{\"@type\":\"PropertyValueSpecification\",\"valueRequired\":true,\"valueName\":\"search_term_string\"}}],\"inLanguage\":\"pl-PL\"}]}<\/script>\n<!-- \/ Yoast SEO plugin. -->","yoast_head_json":{"title":"Led var\u00fa\u00f0arlj\u00f3s R65 Ultra Slim Gult - B&iacute;lasmi&eth;urinn","robots":{"index":"index","follow":"follow","max-snippet":"max-snippet:-1","max-image-preview":"max-image-preview:large","max-video-preview":"max-video-preview:-1"},"canonical":"http:\/\/bilasmidurinn.is\/pl\/vefverslun\/ljos\/varudarljos\/led-varudarljos-r65-ultra-slim-gult\/","og_locale":"pl_PL","og_type":"article","og_title":"Led var\u00fa\u00f0arlj\u00f3s R65 Ultra Slim Gult - B&iacute;lasmi&eth;urinn","og_description":"Led var\u00fa\u00f0arlj\u00f3s 4-10016-EA gult","og_url":"http:\/\/bilasmidurinn.is\/pl\/vefverslun\/ljos\/varudarljos\/led-varudarljos-r65-ultra-slim-gult\/","og_site_name":"B&iacute;lasmi&eth;urinn","og_image":[{"width":385,"height":385,"url":"https:\/\/bilasmidurinn.is\/wp-content\/uploads\/2022\/01\/4-10016-A.png","type":"image\/png"}],"twitter_card":"summary_large_image","twitter_misc":{"Szacowany czas czytania":"1 minuta"},"schema":{"@context":"https:\/\/schema.org","@graph":[{"@type":"WebPage","@id":"http:\/\/bilasmidurinn.is\/en\/vefverslun\/ljos\/varudarljos\/led-varudarljos-r65-ultra-slim-gult\/","url":"http:\/\/bilasmidurinn.is\/en\/vefverslun\/ljos\/varudarljos\/led-varudarljos-r65-ultra-slim-gult\/","name":"Led var\u00fa\u00f0arlj\u00f3s R65 Ultra Slim Gult - B&iacute;lasmi&eth;urinn","isPartOf":{"@id":"https:\/\/bilasmidurinn.is\/#website"},"primaryImageOfPage":{"@id":"http:\/\/bilasmidurinn.is\/en\/vefverslun\/ljos\/varudarljos\/led-varudarljos-r65-ultra-slim-gult\/#primaryimage"},"image":{"@id":"http:\/\/bilasmidurinn.is\/en\/vefverslun\/ljos\/varudarljos\/led-varudarljos-r65-ultra-slim-gult\/#primaryimage"},"thumbnailUrl":"https:\/\/bilasmidurinn.is\/wp-content\/uploads\/2022\/01\/4-10016-A.png","datePublished":"2022-01-26T18:05:31+00:00","breadcrumb":{"@id":"http:\/\/bilasmidurinn.is\/en\/vefverslun\/ljos\/varudarljos\/led-varudarljos-r65-ultra-slim-gult\/#breadcrumb"},"inLanguage":"pl-PL","potentialAction":[{"@type":"ReadAction","target":["http:\/\/bilasmidurinn.is\/en\/vefverslun\/ljos\/varudarljos\/led-varudarljos-r65-ultra-slim-gult\/"]}]},{"@type":"ImageObject","inLanguage":"pl-PL","@id":"http:\/\/bilasmidurinn.is\/en\/vefverslun\/ljos\/varudarljos\/led-varudarljos-r65-ultra-slim-gult\/#primaryimage","url":"https:\/\/bilasmidurinn.is\/wp-content\/uploads\/2022\/01\/4-10016-A.png","contentUrl":"https:\/\/bilasmidurinn.is\/wp-content\/uploads\/2022\/01\/4-10016-A.png","width":385,"height":385},{"@type":"BreadcrumbList","@id":"http:\/\/bilasmidurinn.is\/en\/vefverslun\/ljos\/varudarljos\/led-varudarljos-r65-ultra-slim-gult\/#breadcrumb","itemListElement":[{"@type":"ListItem","position":1,"name":"Home","item":"https:\/\/bilasmidurinn.is\/"},{"@type":"ListItem","position":2,"name":"V\u00f6rur \u00ed verslun","item":"https:\/\/bilasmidurinn.is\/vefverslun\/"},{"@type":"ListItem","position":3,"name":"Led var\u00fa\u00f0arlj\u00f3s R65 Ultra Slim Gult"}]},{"@type":"WebSite","@id":"https:\/\/bilasmidurinn.is\/#website","url":"https:\/\/bilasmidurinn.is\/","name":"B&iacute;lasmi&eth;urinn","description":"All sem &thorn;&uacute; &thorn;arft &iacute; t&aelig;ki&eth;","potentialAction":[{"@type":"SearchAction","target":{"@type":"EntryPoint","urlTemplate":"https:\/\/bilasmidurinn.is\/?s={search_term_string}"},"query-input":{"@type":"PropertyValueSpecification","valueRequired":true,"valueName":"search_term_string"}}],"inLanguage":"pl-PL"}]}},"_links":{"self":[{"href":"http:\/\/bilasmidurinn.is\/pl\/wp-json\/wp\/v2\/product\/14459","targetHints":{"allow":["GET"]}}],"collection":[{"href":"http:\/\/bilasmidurinn.is\/pl\/wp-json\/wp\/v2\/product"}],"about":[{"href":"http:\/\/bilasmidurinn.is\/pl\/wp-json\/wp\/v2\/types\/product"}],"wp:featuredmedia":[{"embeddable":true,"href":"http:\/\/bilasmidurinn.is\/pl\/wp-json\/wp\/v2\/media\/14460"}],"wp:attachment":[{"href":"http:\/\/bilasmidurinn.is\/pl\/wp-json\/wp\/v2\/media?parent=14459"}],"wp:term":[{"taxonomy":"product_brand","embeddable":true,"href":"http:\/\/bilasmidurinn.is\/pl\/wp-json\/wp\/v2\/product_brand?post=14459"},{"taxonomy":"product_cat","embeddable":true,"href":"http:\/\/bilasmidurinn.is\/pl\/wp-json\/wp\/v2\/product_cat?post=14459"},{"taxonomy":"product_tag","embeddable":true,"href":"http:\/\/bilasmidurinn.is\/pl\/wp-json\/wp\/v2\/product_tag?post=14459"}],"curies":[{"name":"wp","href":"https:\/\/api.w.org\/{rel}","templated":true}]}}